{"id":5941,"date":"2022-06-30T15:10:09","date_gmt":"2022-06-30T13:10:09","guid":{"rendered":"https:\/\/www.camminodonbosco.eu\/von-der-abtei-vezzolano-zum-colle-don-bosco\/"},"modified":"2024-02-21T21:59:24","modified_gmt":"2024-02-21T20:59:24","slug":"von-der-abtei-vezzolano-zum-colle-don-bosco","status":"publish","type":"page","link":"https:\/\/www.camminodonbosco.eu\/de\/von-der-abtei-vezzolano-zum-colle-don-bosco\/","title":{"rendered":"Von der Abtei Vezzolano zum Colle Don Bosco"},"content":{"rendered":"\n<p><em>Ein Spaziergang durch Weinberge und W\u00e4lder in den Terre dei Santi (die St\u00e4tten der Heiligen), durch das St\u00e4dtchen Castelnuovo Don Bosco und schlie\u00dflich auf dem Pfad von San Domenico Savio zum Colle. Diese Etappe ist eine der sch\u00f6nsten des Weges<\/em><\/p>\n\n<div style=\"height:20px\" aria-hidden=\"true\" class=\"wp-block-spacer\"><\/div>\n\n<h2 class=\"wp-block-heading\">Technische Hinweise<\/h2>\n\n<p><strong>Start<\/strong>: Abtei Vezzolano (426 m)<br\/><strong>Ziel<\/strong>: Colle Don Bosco (245 m)<br\/><strong>L\u00e4nge<\/strong>: km 16,2<br\/><strong>H\u00f6henunterschied<\/strong>: 310 m<br\/><strong>Schwierigkeitsgrad<\/strong>: Wanderung mit anf\u00e4nglichem Abstieg und darauf folgender leicht h\u00fcgeliger Strecke<br\/><strong>Verpflegung<\/strong>: M\u00f6glichkeit zur Verpflegung auf dem Platz Abtei von Vezzolano, in Castelnuovo Don Bosco und in Albugnano<br\/><strong>Wasser<\/strong>: in Castelnuovo Don Bosco (H2O Hauschen auf der Piazza Italia, Brunnen in der Via Monsignor Bertagna und in der Via Valdocco), in Mondonio (Piazza San Sebastiano), in Morialdo (Oase der Spiritualit\u00e4t vor der Kirche San Pietro) und 3 Brunnen am Colle Don Bosco.<\/p>\n\n<div style=\"height:20px\" aria-hidden=\"true\" class=\"wp-block-spacer\"><\/div>\n\n<h2 class=\"wp-block-heading\">Beschreibung<\/h2>\n\n<p>Nach dem Besuch der Abtei zur\u00fcck zum Colle della Crocetta gehen, und links den Pfad Nr. 101 nehmen, der ziemlich steil nach Castelnuovo Don Bosco f\u00fchrt, von hier etwas mehr als 5,5 km entfernt. Weiter durch die W\u00e4lder auf dem schmalen Pfades absteigen, den Rio di Nevissano \u00fcberqueren, an einem Votivpfeiler vorbei nach Ca di Liso im Nevissano-Tal: Hier die asphaltierte Stra\u00dfe rechts ignorieren, die zum Ortsteil Bardella f\u00fchrt, und den Abstieg zur h\u00fcbschen Kirche San Michele Arcangelo (XVIII. Jahrhundert) auf einem kleinen H\u00fcgel fortsetzen. An einem Jahrhunderte alten Wei\u00dfdornbaum vorbei, der wegen seiner ungew\u00f6hnlichen Gr\u00f6\u00dfe einzigartig ist, und dann an den Tarantino-H\u00e4usern vorbei, gelangt man zur Kirche Santa Maria in Cornareto (aus dem 12. Jahrhundert, mit sp\u00e4teren Umbauten und vollst\u00e4ndigem Wiederaufbau im Jahr 1984), die auf einem H\u00fcgel gegen\u00fcber San Michele steht und wo man ein au\u00dfergew\u00f6hnliches Panorama hat. Zwischen herrlichen Weinbergen, in denen Malvasia dominiert, weiter ins Tal gehen, um schnell, mit einem letzten etwas kompromittierten Abschnitt, der besonders bei feuchtem Boden Aufmerksamkeit und Vorsicht erfordert, zur Kirche Sant&#8217;Eusebio (12.-17. Jahrhundert) an der SP16 nach Berzano zu gelangen    <em>(bei schlechtem Wetter ist m\u00f6glicherweise eine alternative Route f\u00fcr den ersten Teil der Etappe vorzuziehen: Vom Colle della Crocetta nach rechts absteigen, nach 300 Metern links halten und zun\u00e4chst dem Pfad und dann der Stra\u00dfe f\u00fcr 1300 Meter folgen. An der Kreuzung in Pogliano weiter geradeaus gehen und dann links abbiegen, etwa 400 Meter von der Kreuzung entfernt. Den Pfad f\u00fcr ca. 500 Meter entlang gehen, bis er die asphaltierte Stra\u00dfe Lis erreicht, und auf dem Hauptweg weitergehen, der bald zu Ca di Liso und der Kirche San Michele Arcangelo f\u00fchrt).   <\/em>Anschlie\u00dfend links abbiegen und durch Castelnuovo auf der Via Vittorio Emanuele gehen bis zum Piazza Don Bosco. Von hier beginnt ein Serpentinenanstieg, der \u00fcber die Via Mercadillo zur Kirche Sant&#8217;Andrea f\u00fchrt, die wir echts liegen lassen, und dann \u00fcber die Via Madonna del Castello (neben der gleichnamigen barocken Kapelle neben dem umgebauten Turm des alten Schlosses) bis zur Kirche San Sebastiano f\u00fchrt, wo man rechts auf die alte Stra\u00dfe nach Albugnano abbiegt. Geradeaus weitergehen und die Kapellen Madonna del R\u00f2ch, San Barnaba und San Pietro in Zucca (wei\u00dfes Geb\u00e4ude) passieren, dann in der N\u00e4he der Cascina Miretti rechts abbiegen und auf einem Weg durch die Weinberge mit Panoramablick auf Pino d&#8217;Asti weitergehen. Bei einer Gruppe von Geh\u00f6ften in der N\u00e4he der Ortschaft Ranello (links eine sch\u00f6ne Aussicht auf Mondonio), geradeaus weitergehen, bis die asphaltierte Stra\u00dfe nach rechts abbiegt: An dieser Stelle muss jedoch der Weg nach links genommen werden, der in den Wald f\u00fchrt und weiter zu einigen H\u00e4usern f\u00fchrt; von hier aus weiter links hinunter am Wald entlang und an H\u00e4usern mit Garten bis zum Tal. \u00dcber die Felder gehen, bis man auf die SP81 trifft, und dann nach Mondonio San Domenico Savio hinauf, bis zur Kirche San Giacomo. Hinunter gehen durch die Via San Rocco, an dem Haus vorbei, in dem San Domenico starb, bis zur SP17 (Platz in der N\u00e4he des Friedhofs, wo der Heilige begraben wurde, bis die Salesianer ihn in die Basilika Maria Ausiliatrice neben Don Bosco wollten), nachdem etwa 5,5 km von Castelnuovo zur\u00fcckgelegt wurden. Kurz nach dem \u00dcberqueren der Provinzstra\u00dfe rechts auf die Br\u00fccke biegen und den Pfad von San Domenico Savio nehmen, der nach Morialdo f\u00fchrt und 3 km flach durch Felder, Wiesen und W\u00e4lder mit einem letzten kleinen Anstieg.In Morialdo links auf die SP130 (Strada del Papa genannt) abbiegen, schlie\u00dflich nach weiteren 1,5 km erreicht man den Colle Don Bosco (<strong>H<\/strong>).       <\/p>\n\n<div style=\"height:20px\" aria-hidden=\"true\" class=\"wp-block-spacer\"><\/div>\n\n<div class=\"wp-block-cover is-light\"><span aria-hidden=\"true\" class=\"wp-block-cover__background has-cyan-bluish-gray-background-color has-background-dim\"><\/span><div class=\"wp-block-cover__inner-container is-layout-flow wp-block-cover-is-layout-flow\">\n<div class=\"wp-block-group is-layout-flow wp-block-group-is-layout-flow\">\n<h2 class=\"wp-block-heading\">Auf den Spuren von Don Bosco<\/h2>\n\n\n\n<p><strong>Colle Don Bosco <\/strong><\/p>\n\n\n\n<p>Auf diesem H\u00fcgel in der Siedlung Becchi in Castelnuovo d&#8217;Asti wurde Giovanni Bosco am 16. August 1815 in einer bescheidenen H\u00fctte geboren, wo heute der Tempel von Don Bosco steht. Als Sohn der Bauern Francesco Bosco und Margherita Occhiena verlor er seinen Vater im Alter von nur zwei Jahren und hatte eine sehr harte Kindheit. Im Alter von neun Jahren, nach einem Traum, der ihm ein Leben der geistlichen Unterst\u00fctzung von Jugendlichen vorhersagte, beschloss er, Priester zu werden.   <\/p>\n\n\n\n<div style=\"height:30px\" aria-hidden=\"true\" class=\"wp-block-spacer\"><\/div>\n\n\n\n<figure class=\"wp-block-gallery has-nested-images columns-default is-cropped wp-block-gallery-1 is-layout-flex wp-block-gallery-is-layout-flex\">\n<figure class=\"wp-block-image size-full\"><img fetchpriority=\"high\" decoding=\"async\" width=\"660\" height=\"495\" data-id=\"1975\" src=\"https:\/\/www.camminodonbosco.eu\/wp-content\/uploads\/2022\/07\/La-casa-di-Giovanni-Bosco.jpg\" alt=\"\" class=\"wp-image-1975\" srcset=\"https:\/\/www.camminodonbosco.eu\/wp-content\/uploads\/2022\/07\/La-casa-di-Giovanni-Bosco.jpg 660w, https:\/\/www.camminodonbosco.eu\/wp-content\/uploads\/2022\/07\/La-casa-di-Giovanni-Bosco-300x225.jpg 300w\" sizes=\"(max-width: 660px) 100vw, 660px\" \/><\/figure>\n<\/figure>\n\n\n\n<div style=\"height:30px\" aria-hidden=\"true\" class=\"wp-block-spacer\"><\/div>\n\n\n\n<p><strong>Capriglio <\/strong><\/p>\n\n\n\n<p>Der Geburtsort von <strong>Margherita Occhiena<\/strong> (1. April 1788 &#8211; Turin, 25. November 1856), der Mutter von Giovanni Bosco. In diesem Dorf, 2 km von Becchi entfernt, besuchte Giovanni die erste Grundschule in den Wintern von 1824 und 1825 und lernte lesen, schreiben und rechnen. Seit 1988, dem hundertsten Todestag des Heiligen und dem zweihundertsten Geburtstag von Margherita Occhiena, haben Treffen der Occhienas &#8211; direkte und indirekte Nachkommen von Mama Margherita aus ganz Italien &#8211; stattgefunden.    <strong>Das Mama Margherita gewidmete Museum<\/strong> pr\u00e4sentiert neben genealogischen Aufzeichnungen und historischen Fotos des Geburtshauses auch Erinnerungsst\u00fccke aus der Schule von Capriglio sowie Informationen \u00fcber die geologischen (Erde mit Fossilien und jahrtausendealten Schichten), pedologischen (Gips- und Tuffb\u00f6den) und botanischen Eigenschaften des Gebiets (www.museomammamargherita.com. Tel. 0039 347 7699296).<\/p>\n\n\n\n<p><strong>Castelnuovo d&#8217;Asti (jetzt Castelnuovo Don Bosco) <\/strong><\/p>\n\n\n\n<p>In der Pfarrkirche Sant&#8217;Andrea wurde Giovanni Bosco getauft, empfing 1826 die Erstkommunion, nahm am Katechismusunterricht teil und feierte als junger Priester am 10. Juni 1841 seine erste feierliche Messe. Auch in Castelnuovo absolvierte er 1831, nachdem er Morialdo nach dem Tod von Don Calosso verlassen hatte, einen Lateinkurs und wohnte bei Giovanni Roberto, einem Schneider und Musiker des Dorfes, der ihm sein Handwerk beibrachte, \u00e4hnlich wie der Schmied Evasio Savio. Nach einem Sommer in der Cascina Sussambrino zog er nach Chieri.   <\/p>\n\n\n\n<p><strong>Morialdo <\/strong><\/p>\n\n\n\n<p>Im Jahr 1829 zog Giovanni Bosco in das Pfarrhaus neben der Kirche San Pietro in Morialdo (einem Ortsteil von Castelnuovo), wo er bei Don Calosso, der die Messe las, lebte, wo er sich dem Studium von Italienisch und Latein widmete. Er blieb dort bis zum Tod des Priesters im November 1830. Auf der Wiese vor der Kirche traf der f\u00fcnfzehnj\u00e4hrige Giovanni Bosco zum ersten Mal Giuseppe Cafasso, der damals Kleriker war. Wenig weiter entfernt befindet sich das Haus, in dem die Familie von Domenico Savio von 1843 bis 1853 lebte und das zu einem salesianischen Zentrum f\u00fcr junge Menschen wurde: Sein Vater war der Kantor der Kirche, und sein Sohn half ihm beim Singen. So wuchsen in wenigen Quadratmetern dieser Ecke des Monferrato drei zuk\u00fcnftige Heilige heran.    <\/p>\n\n\n\n<div style=\"height:30px\" aria-hidden=\"true\" class=\"wp-block-spacer\"><\/div>\n\n\n\n<figure class=\"wp-block-gallery has-nested-images columns-default is-cropped wp-block-gallery-2 is-layout-flex wp-block-gallery-is-layout-flex\">\n<figure class=\"wp-block-image size-full\"><img decoding=\"async\" width=\"1344\" height=\"565\" data-id=\"1974\" src=\"https:\/\/www.camminodonbosco.eu\/wp-content\/uploads\/2022\/07\/La-casa-di-Domenico-Savio-a-Morialdo.jpg\" alt=\"\" class=\"wp-image-1974\" srcset=\"https:\/\/www.camminodonbosco.eu\/wp-content\/uploads\/2022\/07\/La-casa-di-Domenico-Savio-a-Morialdo.jpg 1344w, https:\/\/www.camminodonbosco.eu\/wp-content\/uploads\/2022\/07\/La-casa-di-Domenico-Savio-a-Morialdo-300x126.jpg 300w, https:\/\/www.camminodonbosco.eu\/wp-content\/uploads\/2022\/07\/La-casa-di-Domenico-Savio-a-Morialdo-1024x430.jpg 1024w, https:\/\/www.camminodonbosco.eu\/wp-content\/uploads\/2022\/07\/La-casa-di-Domenico-Savio-a-Morialdo-768x323.jpg 768w\" sizes=\"(max-width: 1344px) 100vw, 1344px\" \/><\/figure>\n<\/figure>\n\n\n\n<div style=\"height:30px\" aria-hidden=\"true\" class=\"wp-block-spacer\"><\/div>\n\n\n\n<p><strong>Terre dei Santi <\/strong><\/p>\n\n\n\n<p>Castelnuovo d&#8217;Asti war die Geburtsstadt von <strong>San Giovanni Bosco<\/strong>, dem Gr\u00fcnder der Salesianischen Kongregation und der Figlie di Maria Ausiliatrice (T\u00f6chter Maria Hilfs). Auch <strong>San Giuseppe Cafasso<\/strong> (15. Januar 1811), Beichtvater und Helfer der Gefangenen, und der <strong>selige Giuseppe Allamano <\/strong>(21. Januar 1851), Gr\u00fcnder des Instituts der Missionare und der Missionsschwestern der Consolata, wurden hier geboren.<strong>San Domenico Savio<\/strong>, das &#8222;heilige Kind&#8220;, wurde am 2. April 1842 in San Giovanni, einem Ortsteil von Riva bei Chieri, geboren. Die <strong>selige Maddalena Caterina Morano<\/strong>, eine Pionierin der weiblichen Bildung, wurde am 15. November 1847 in Chieri geboren.  <\/p>\n<\/div>\n<\/div><\/div>\n\n<div style=\"height:20px\" aria-hidden=\"true\" class=\"wp-block-spacer\"><\/div>\n\n<h2 class=\"wp-block-heading\">Map<\/h2>\n\n<figure data-wp-context=\"{&quot;imageId&quot;:&quot;69f19cf2ed353&quot;}\" data-wp-interactive=\"core\/image\" data-wp-key=\"69f19cf2ed353\" class=\"wp-block-image size-full is-resized wp-lightbox-container\"><img decoding=\"async\" width=\"1197\" height=\"2560\" data-wp-class--hide=\"state.isContentHidden\" data-wp-class--show=\"state.isContentVisible\" data-wp-init=\"callbacks.setButtonStyles\" data-wp-on--click=\"actions.showLightbox\" data-wp-on--load=\"callbacks.setButtonStyles\" data-wp-on-window--resize=\"callbacks.setButtonStyles\" src=\"https:\/\/www.camminodonbosco.eu\/wp-content\/uploads\/2024\/01\/Tappa-3-3Var-Alto-scaled.jpg\" alt=\"\" class=\"wp-image-4992\" srcset=\"https:\/\/www.camminodonbosco.eu\/wp-content\/uploads\/2024\/01\/Tappa-3-3Var-Alto-scaled.jpg 1197w, https:\/\/www.camminodonbosco.eu\/wp-content\/uploads\/2024\/01\/Tappa-3-3Var-Alto-140x300.jpg 140w, https:\/\/www.camminodonbosco.eu\/wp-content\/uploads\/2024\/01\/Tappa-3-3Var-Alto-479x1024.jpg 479w, https:\/\/www.camminodonbosco.eu\/wp-content\/uploads\/2024\/01\/Tappa-3-3Var-Alto-768x1642.jpg 768w, https:\/\/www.camminodonbosco.eu\/wp-content\/uploads\/2024\/01\/Tappa-3-3Var-Alto-718x1536.jpg 718w, https:\/\/www.camminodonbosco.eu\/wp-content\/uploads\/2024\/01\/Tappa-3-3Var-Alto-958x2048.jpg 958w\" sizes=\"(max-width: 1197px) 100vw, 1197px\" \/><button\n\t\t\tclass=\"lightbox-trigger\"\n\t\t\ttype=\"button\"\n\t\t\taria-haspopup=\"dialog\"\n\t\t\taria-label=\"Vergr\u00f6\u00dfern\"\n\t\t\tdata-wp-init=\"callbacks.initTriggerButton\"\n\t\t\tdata-wp-on--click=\"actions.showLightbox\"\n\t\t\tdata-wp-style--right=\"state.imageButtonRight\"\n\t\t\tdata-wp-style--top=\"state.imageButtonTop\"\n\t\t>\n\t\t\t<svg xmlns=\"http:\/\/www.w3.org\/2000\/svg\" width=\"12\" height=\"12\" fill=\"none\" viewBox=\"0 0 12 12\">\n\t\t\t\t<path fill=\"#fff\" d=\"M2 0a2 2 0 0 0-2 2v2h1.5V2a.5.5 0 0 1 .5-.5h2V0H2Zm2 10.5H2a.5.5 0 0 1-.5-.5V8H0v2a2 2 0 0 0 2 2h2v-1.5ZM8 12v-1.5h2a.5.5 0 0 0 .5-.5V8H12v2a2 2 0 0 1-2 2H8Zm2-12a2 2 0 0 1 2 2v2h-1.5V2a.5.5 0 0 0-.5-.5H8V0h2Z\" \/>\n\t\t\t<\/svg>\n\t\t<\/button><\/figure>\n","protected":false},"excerpt":{"rendered":"<p>Ein Spaziergang durch Weinberge und W\u00e4lder in den Terre dei Santi (die St\u00e4tten der Heiligen), durch das St\u00e4dtchen Castelnuovo Don Bosco und schlie\u00dflich auf dem Pfad von San Domenico Savio zum Colle. Diese Etappe ist eine der sch\u00f6nsten des Weges Technische Hinweise Start: Abtei Vezzolano (426 m)Ziel: Colle Don Bosco (245 m)L\u00e4nge: km 16,2H\u00f6henunterschied: 310 [&hellip;]<\/p>\n","protected":false},"author":1,"featured_media":0,"parent":0,"menu_order":0,"comment_status":"closed","ping_status":"closed","template":"","meta":{"footnotes":""},"class_list":["post-5941","page","type-page","status-publish","hentry"],"_links":{"self":[{"href":"https:\/\/www.camminodonbosco.eu\/de\/wp-json\/wp\/v2\/pages\/5941","targetHints":{"allow":["GET"]}}],"collection":[{"href":"https:\/\/www.camminodonbosco.eu\/de\/wp-json\/wp\/v2\/pages"}],"about":[{"href":"https:\/\/www.camminodonbosco.eu\/de\/wp-json\/wp\/v2\/types\/page"}],"author":[{"embeddable":true,"href":"https:\/\/www.camminodonbosco.eu\/de\/wp-json\/wp\/v2\/users\/1"}],"replies":[{"embeddable":true,"href":"https:\/\/www.camminodonbosco.eu\/de\/wp-json\/wp\/v2\/comments?post=5941"}],"version-history":[{"count":0,"href":"https:\/\/www.camminodonbosco.eu\/de\/wp-json\/wp\/v2\/pages\/5941\/revisions"}],"wp:attachment":[{"href":"https:\/\/www.camminodonbosco.eu\/de\/wp-json\/wp\/v2\/media?parent=5941"}],"curies":[{"name":"wp","href":"https:\/\/api.w.org\/{rel}","templated":true}]}}