{"id":5945,"date":"2022-06-30T15:11:20","date_gmt":"2022-06-30T13:11:20","guid":{"rendered":"https:\/\/www.camminodonbosco.eu\/von-castelnuovo-don-bosco-zum-colle-don-bosco\/"},"modified":"2024-02-21T22:02:14","modified_gmt":"2024-02-21T21:02:14","slug":"von-castelnuovo-don-bosco-zum-colle-don-bosco","status":"publish","type":"page","link":"https:\/\/www.camminodonbosco.eu\/de\/von-castelnuovo-don-bosco-zum-colle-don-bosco\/","title":{"rendered":"Von Castelnuovo Don Bosco zum Colle Don Bosco"},"content":{"rendered":"\n<p><em>Diese Variante bietet eine Alternative f\u00fcr den zweiten Teil der Etappe 3 und verk\u00fcrzt sie erheblich.<\/em><\/p>\n\n<div style=\"height:20px\" aria-hidden=\"true\" class=\"wp-block-spacer\"><\/div>\n\n<h2 class=\"wp-block-heading\">Technische Details<\/h2>\n\n<p><strong>Startpunkt<\/strong>: Castelnuovo Don Bosco, Piazza Dante (245 m)<br\/><strong>Zielpunkt<\/strong>: Colle Don Bosco (245 m)<br\/><strong>L\u00e4nge<\/strong>: 7,0 km<br\/><strong>H\u00f6henunterschied<\/strong>: 80 m<br\/><strong>Schwierigkeit<\/strong>: Wanderung, anfangs durch den Ort, dann leichter Anstieg und abschlie\u00dfend ebenes St\u00fcck.<br\/><strong>Verpflegung<\/strong>: Nach Verlassen von Castelnuovo keine Verpflegungsm\u00f6glichkeiten vorhanden<br\/><strong>Wasser<\/strong>: In Castelnuovo Don Bosco (H2O-Stand in der Piazza Italia, Brunnen in der Via Monsignor Bertagna und in der Via Valdocco), Morialdo (Oase der Spiritualit\u00e4t vor der Kirche San Pietro) und 3 Brunnen am Colle Don Bosco<\/p>\n\n<div style=\"height:20px\" aria-hidden=\"true\" class=\"wp-block-spacer\"><\/div>\n\n<h2 class=\"wp-block-heading\">Beschreibung<\/h2>\n\n<p>Diese Variante ist der k\u00fcrzeste Weg zum Colle Don Bosco, jedoch nicht der sch\u00f6nste. Verlassen Sie Piazza Dante (<strong>G<\/strong>) in Richtung Colle Don Bosco und folgen Sie weiter der Via San Giovanni. Lassen Sie die Cantina Sociale Winzergenossenschaft Terre dei Santi (auf der rechten Seite und die Carabinieri-Station auf der linken Seite hinter sich. Ein gesch\u00fctzter Fu\u00dfweg f\u00fchrt zu einem gro\u00dfen Kreisverkehr. Kurz bevor Sie die Schulen erreichen, m\u00fcssen Sie den Kreisverkehr \u00fcberqueren und nach links abbiegen, um die Richtung zu \u00e4ndern. Sie gehen einen kurzen asphaltierten Abschnitt entlang, der dem Weg Nr. 101 gemeinsam ist. Hier ist besondere Vorsicht wegen des starken Verkehrs geboten. Nach etwa 1 km ab dem Start biegen Sie rechts auf einen Feldweg ab. Kurz danach, an der ersten Kreuzung, verlassen Sie den Weg Nr. 101 und biegen links auf einen anfangs etwas schlechten und dann verbesserten Weg, der zwischen herrlichen Weinbergen an den Cascine Genevratto, Becci und Gavotto vorbeif\u00fchrt. Nach etwa 1,8 km gelangen Sie schlie\u00dflich auf die sogenannte Strada del Papa, die 1988 f\u00fcr den Besuch von Papst Johannes Paul II. ausgebaut wurde. Biegen Sie hier nach rechts und folgen Sie dem asphaltierten Weg f\u00fcr 2,6 km bis nach Morialdo (Kirche San Pietro mit Oase der Spiritualit\u00e4t, Casa di San Domenico Savio). Von dort aus erreichen Sie schlie\u00dflich nach weiteren 1,5 km den Colle (<strong>H<\/strong>).        <\/p>\n\n<div style=\"height:20px\" aria-hidden=\"true\" class=\"wp-block-spacer\"><\/div>\n\n<h2 class=\"wp-block-heading\">Map<\/h2>\n\n<figure data-wp-context=\"{&quot;imageId&quot;:&quot;69f1a0cdc42c1&quot;}\" data-wp-interactive=\"core\/image\" data-wp-key=\"69f1a0cdc42c1\" class=\"wp-block-image size-full wp-lightbox-container\"><img fetchpriority=\"high\" decoding=\"async\" width=\"1197\" height=\"2560\" data-wp-class--hide=\"state.isContentHidden\" data-wp-class--show=\"state.isContentVisible\" data-wp-init=\"callbacks.setButtonStyles\" data-wp-on--click=\"actions.showLightbox\" data-wp-on--load=\"callbacks.setButtonStyles\" data-wp-on-window--resize=\"callbacks.setButtonStyles\" src=\"https:\/\/www.camminodonbosco.eu\/wp-content\/uploads\/2024\/01\/Tappa-3-3Var-Alto-1-scaled.jpg\" alt=\"\" class=\"wp-image-4998\" style=\"object-fit:cover\" srcset=\"https:\/\/www.camminodonbosco.eu\/wp-content\/uploads\/2024\/01\/Tappa-3-3Var-Alto-1-scaled.jpg 1197w, https:\/\/www.camminodonbosco.eu\/wp-content\/uploads\/2024\/01\/Tappa-3-3Var-Alto-1-140x300.jpg 140w, https:\/\/www.camminodonbosco.eu\/wp-content\/uploads\/2024\/01\/Tappa-3-3Var-Alto-1-479x1024.jpg 479w, https:\/\/www.camminodonbosco.eu\/wp-content\/uploads\/2024\/01\/Tappa-3-3Var-Alto-1-768x1642.jpg 768w, https:\/\/www.camminodonbosco.eu\/wp-content\/uploads\/2024\/01\/Tappa-3-3Var-Alto-1-718x1536.jpg 718w, https:\/\/www.camminodonbosco.eu\/wp-content\/uploads\/2024\/01\/Tappa-3-3Var-Alto-1-958x2048.jpg 958w\" sizes=\"(max-width: 1197px) 100vw, 1197px\" \/><button\n\t\t\tclass=\"lightbox-trigger\"\n\t\t\ttype=\"button\"\n\t\t\taria-haspopup=\"dialog\"\n\t\t\taria-label=\"Vergr\u00f6\u00dfern\"\n\t\t\tdata-wp-init=\"callbacks.initTriggerButton\"\n\t\t\tdata-wp-on--click=\"actions.showLightbox\"\n\t\t\tdata-wp-style--right=\"state.imageButtonRight\"\n\t\t\tdata-wp-style--top=\"state.imageButtonTop\"\n\t\t>\n\t\t\t<svg xmlns=\"http:\/\/www.w3.org\/2000\/svg\" width=\"12\" height=\"12\" fill=\"none\" viewBox=\"0 0 12 12\">\n\t\t\t\t<path fill=\"#fff\" d=\"M2 0a2 2 0 0 0-2 2v2h1.5V2a.5.5 0 0 1 .5-.5h2V0H2Zm2 10.5H2a.5.5 0 0 1-.5-.5V8H0v2a2 2 0 0 0 2 2h2v-1.5ZM8 12v-1.5h2a.5.5 0 0 0 .5-.5V8H12v2a2 2 0 0 1-2 2H8Zm2-12a2 2 0 0 1 2 2v2h-1.5V2a.5.5 0 0 0-.5-.5H8V0h2Z\" \/>\n\t\t\t<\/svg>\n\t\t<\/button><\/figure>\n","protected":false},"excerpt":{"rendered":"<p>Diese Variante bietet eine Alternative f\u00fcr den zweiten Teil der Etappe 3 und verk\u00fcrzt sie erheblich. Technische Details Startpunkt: Castelnuovo Don Bosco, Piazza Dante (245 m)Zielpunkt: Colle Don Bosco (245 m)L\u00e4nge: 7,0 kmH\u00f6henunterschied: 80 mSchwierigkeit: Wanderung, anfangs durch den Ort, dann leichter Anstieg und abschlie\u00dfend ebenes St\u00fcck.Verpflegung: Nach Verlassen von Castelnuovo keine Verpflegungsm\u00f6glichkeiten vorhandenWasser: In [&hellip;]<\/p>\n","protected":false},"author":1,"featured_media":0,"parent":0,"menu_order":0,"comment_status":"closed","ping_status":"closed","template":"","meta":{"footnotes":""},"class_list":["post-5945","page","type-page","status-publish","hentry"],"_links":{"self":[{"href":"https:\/\/www.camminodonbosco.eu\/de\/wp-json\/wp\/v2\/pages\/5945","targetHints":{"allow":["GET"]}}],"collection":[{"href":"https:\/\/www.camminodonbosco.eu\/de\/wp-json\/wp\/v2\/pages"}],"about":[{"href":"https:\/\/www.camminodonbosco.eu\/de\/wp-json\/wp\/v2\/types\/page"}],"author":[{"embeddable":true,"href":"https:\/\/www.camminodonbosco.eu\/de\/wp-json\/wp\/v2\/users\/1"}],"replies":[{"embeddable":true,"href":"https:\/\/www.camminodonbosco.eu\/de\/wp-json\/wp\/v2\/comments?post=5945"}],"version-history":[{"count":0,"href":"https:\/\/www.camminodonbosco.eu\/de\/wp-json\/wp\/v2\/pages\/5945\/revisions"}],"wp:attachment":[{"href":"https:\/\/www.camminodonbosco.eu\/de\/wp-json\/wp\/v2\/media?parent=5945"}],"curies":[{"name":"wp","href":"https:\/\/api.w.org\/{rel}","templated":true}]}}