{"id":5950,"date":"2022-06-30T15:15:06","date_gmt":"2022-06-30T13:15:06","guid":{"rendered":"https:\/\/www.camminodonbosco.eu\/von-der-basilika-superga-zur-ortschaft-tetti-chiaffredo-di-arignano\/"},"modified":"2024-02-21T22:10:56","modified_gmt":"2024-02-21T21:10:56","slug":"von-der-basilika-superga-zur-ortschaft-tetti-chiaffredo-di-arignano","status":"publish","type":"page","link":"https:\/\/www.camminodonbosco.eu\/de\/von-der-basilika-superga-zur-ortschaft-tetti-chiaffredo-di-arignano\/","title":{"rendered":"Von der Basilika Superga zur Ortschaft Tetti Chiaffredo di Arignano"},"content":{"rendered":"\n<p><em>Von Schloss zu Schloss, entlang des Arignano-Sees.<\/em><\/p>\n\n<div style=\"height:20px\" aria-hidden=\"true\" class=\"wp-block-spacer\"><\/div>\n\n<h2 class=\"wp-block-heading\">Technische Hinweise<\/h2>\n\n<p><strong>Startpunkt<\/strong>: Basilika Superga (669 m)<br\/><strong>Zielpunkt<\/strong>: Arignano, Ortschaft Tetti Chiaffredo (345 m)<br\/><strong>L\u00e4nge<\/strong>: 20,2 km<br\/><strong>H\u00f6henunterschied<\/strong>: 317 m<br\/><strong>Schwierigkeitsgrad<\/strong>: Wanderweg mit welligem Verlauf<br\/><strong>Verpflegung<\/strong>: M\u00f6glichkeit zur Verpflegung in Baldissero, Pavarolo und Marentino<br\/><strong>Wasser<\/strong>: Brunnen bei Superga und vor dem Bric Paluc, dann in Baldissero (Giardino San Giuliano), Pavarolo (Casetta H2O in der Via Maestra, Brunnen auf Piazza San Defendente), Montaldo (Casetta H2O auf Piazza Superga, Brunnen auf dem Piazza Fornace) und Marentino (H2O Haeuschen auf dem Piazza Giardino und Brunnen auf dem Piazza ad Avuglione)<\/p>\n\n<div style=\"height:20px\" aria-hidden=\"true\" class=\"wp-block-spacer\"><\/div>\n\n<h2 class=\"wp-block-heading\">Beschreibung<\/h2>\n\n<p>Folgen Sie der Beschreibung von Etappe 2 des Hochwegs, um zur Abzweigung unterhalb des Bric Croce (Punkt <strong>D<\/strong>) zu gelangen. Biegen Sie hier rechts ab und folgen Sie dem Weg Nr. 51, der durch ein waldreiches Gebiet mit Eichen und Eichenb\u00e4umchen f\u00fchrt, auf einem stellenweise anspruchsvollen Pfad, der bei Regen besonders rutschig wird. Nach etwa 300 m geht der d Pfad weiter auf einem breiten Weg, durch Felder, Obstg\u00e4rten und Weinberge. Ignorieren Sie alle Abzweigungen und setzen Sie den Abstieg fort, bis Sie eine kleine Furth in der N\u00e4he einiger Bauernh\u00f6fe \u00fcberqueren. Folgen Sie dem Fahrweg, der nun flach verl\u00e4uft und an einem Bach entlang f\u00fchrt, neben einem sch\u00f6nen Hang auf der linken Seite, auf dem die sch\u00f6ne Kirche San Giuliano steht. Gehen Sie weiter bis zur Einfahrtsstra\u00dfe zu den Sportanlagen von Baldissero Torinese, biegen Sie dann nach links und erreichen Sie den Parkplatz; biegen Sie hier nach rechts auf die asphaltierte Stra\u00dfe, die nach 300 m an einem \u00f6ffentlichen Garten mit Brunnen vorbeif\u00fchrt und die SP4 nach Pavarolo kreuzt (ungef\u00e4hr 1,8 km von Punkt <strong>D<\/strong> entfernt). Biegen Sie links ab (rechts f\u00fchrt Sie ins Zentrum von Baldissero) und gehen Sie 1,3 km auf der asphaltierten Stra\u00dfe in Richtung Pavarolo weiter: \u00dcberqueren Sie die Kapelle del Toetto und ignorieren Sie alle Abzweigungen, um schlie\u00dflich links in eine Stra\u00dfe unterhalb der Siedlung von Pavarolo zu biegen, die zu einem Wegekreuz f\u00fchrt. Biegen Sie hier rechts ab, um in das Dorf zu gelangen, wo Sie auf einen sch\u00f6nen Fu\u00dfweg kommen, der nach 600 m ins Zentrum f\u00fchrt; wenn Sie vor dem Turm angekommen sind, gehen Sie rechts weiter, biegen an der ersten Kreuzung links ab und dann (nach 300 m vom Turm aus) gehen rechts die Via Generale Zavattaro hinunter. Wenn Sie die SP122 erreichen, biegen Sie links ab und achten auf den Verkehr, \u00fcberqueren Sie sie dann nach etwa 50 m in der N\u00e4he eines Handwerksbereichs und folgen Sie der Stra\u00dfe (Via Bardassano), die sie \u00fcberquert. Folgen Sie ihr f\u00fcr etwa 150 m und biegen Sie dann links ab in der N\u00e4he des letzten Geb\u00e4udes, in einem sehr vernachl\u00e4ssigten Umgebung. Lassen Sie die Struktur auf der linken Seite und folgen Sie ungef\u00e4hr 700 m einem Feldweg, der allm\u00e4hlich in einem Halbkreis hinauf nach Montaldo Torinese geht. Wenn Sie auf die Asphaltstra\u00dfe gelangen, biegen Sie rechts ab in Richtung Piazza Superga, gehen Sie geradeaus f\u00fcr etwa 300 m weiter und gehen Sie dann links in Richtung Marentino. Gehen Sie f\u00fcr 2,4 km geradeaus und ignorieren Sie alle Abzweigungen auf dieser Panorama Stra\u00dfe, die, wenn Sie den Sportplatz rechts lassen, auf der Stra\u00dfe del Pozzetto nach Marentino f\u00fchrt und am Casa Zuccala vorbeif\u00fchrt. Biegen Sie hier links ab und gehen Sie f\u00fcr 400 m geradeaus, \u00fcber das Experimentelle Bienenhaus hinweg und gehen Sie dann nach rechts in Richtung Avuglione, kurz nach der Kirche Santa Maria dei Morti. \u00dcberqueren Sie die Siedlung (Platz mit dem letzten Brunnen, bevor Sie nach Castelnuovo Don Bosco gelangen) und gehen Sie dann hinunter zum Arignano-See entlang der Via Maddalena, in der N\u00e4he des Friedhofs von Avuglione (Kirche Santa Maria Maddalena, romanischen Ursprungs). Wenn Sie die Via Cascina Gambiana erreichen, gehen Sie auf dieser weiter, ignorieren Sie einige Abzweigungen, bis Sie zu einer Gabelung gelangen. Nehmen Sie den rechten Schotterweg (links f\u00fchrt zum Bauernhof) leicht bergab und biegen Sie dann wieder rechts ab, bevor Sie den Rio del Lago erreichen; folgen Sie dem flachen Schotterweg entlang des gr\u00f6\u00dftenteils angebauten Sees bis zum Damm (ungef\u00e4hr 3,5 km von Avuglione entfernt). Biegen Sie links ab, um das Ufer des Arignano-Sees zu erreichen, wo Sie erneut links abbiegen, um den Cascina Calcinera zu passieren und dann rechts zu steigen. Ignorieren Sie eine weitere Abzweigung nach rechts, um weiter aufzusteigen, zuerst durch W\u00e4lder und dann zwischen ordentlichen Weinbergen und Wiesen mit einer sch\u00f6nen Panoramasicht auf ein wundersch\u00f6nes Tal, in Richtung Cascina Rivolasso. Kreuzen Sie nach 2 km vom Damm des Sees die SP Moncucco-Arignano an der Stelle                      <strong>V2<\/strong> <em>(wo die Verbindung <strong>V1-V2<\/strong> mit Etappe 2 des Hochwegs beginnt).<\/em>. Wenn Sie rechts abbiegen, gelangen Sie zur Ortschaft Tetti Chiaffredo von Arignano.<\/p>\n\n<div style=\"height:20px\" aria-hidden=\"true\" class=\"wp-block-spacer\"><\/div>\n\n<div class=\"wp-block-cover is-light\" style=\"min-height:100px;aspect-ratio:unset;\"><span aria-hidden=\"true\" class=\"wp-block-cover__background has-cyan-bluish-gray-background-color has-background-dim\"><\/span><div class=\"wp-block-cover__inner-container is-layout-flow wp-block-cover-is-layout-flow\">\n<h2 class=\"wp-block-heading\">Auf den Spuren von Don Bosco<\/h2>\n\n\n\n<p><strong>Don Bosco in Montaldo T.se<\/strong><\/p>\n\n\n\n<p>Als Don Bosco noch ein junger Kleriker war, hielt er sich w\u00e4hrend der Ferien des Jahres 1836 drei Monate im Jesuitenkolleg von Montaldo Torinese (damals im Schloss gelegen) auf und arbeitete auf Anweisung von Don Cafasso als Klassenassistent und Griechischlehrer. Dort hatte er die Gelegenheit, viele junge Menschen aus angesehenen und adligen Familien kennenzulernen, war jedoch davon \u00fcberzeugt, dass er nicht dazu bestimmt war, sich mit Personen solcher Herkunft zu besch\u00e4ftigen, obwohl er ab 1872 unter dem starken Druck des damaligen Erzbischofs Monsignor Lorenzo Gastaldi das Kolleg von Valsalice \u00fcbernehmen musste. <\/p>\n<\/div><\/div>\n\n<div style=\"height:20px\" aria-hidden=\"true\" class=\"wp-block-spacer\"><\/div>\n\n<h2 class=\"wp-block-heading\">Map<\/h2>\n\n<figure class=\"wp-block-image size-large is-style-default\"><img fetchpriority=\"high\" decoding=\"async\" width=\"1024\" height=\"460\" src=\"https:\/\/www.camminodonbosco.eu\/wp-content\/uploads\/2024\/01\/Tappa-2-Medio-1024x460.jpg\" alt=\"\" class=\"wp-image-5004\" srcset=\"https:\/\/www.camminodonbosco.eu\/wp-content\/uploads\/2024\/01\/Tappa-2-Medio-1024x460.jpg 1024w, https:\/\/www.camminodonbosco.eu\/wp-content\/uploads\/2024\/01\/Tappa-2-Medio-300x135.jpg 300w, https:\/\/www.camminodonbosco.eu\/wp-content\/uploads\/2024\/01\/Tappa-2-Medio-768x345.jpg 768w, https:\/\/www.camminodonbosco.eu\/wp-content\/uploads\/2024\/01\/Tappa-2-Medio-1536x690.jpg 1536w, https:\/\/www.camminodonbosco.eu\/wp-content\/uploads\/2024\/01\/Tappa-2-Medio-2048x920.jpg 2048w\" sizes=\"(max-width: 1024px) 100vw, 1024px\" \/><\/figure>\n","protected":false},"excerpt":{"rendered":"<p>Von Schloss zu Schloss, entlang des Arignano-Sees. Technische Hinweise Startpunkt: Basilika Superga (669 m)Zielpunkt: Arignano, Ortschaft Tetti Chiaffredo (345 m)L\u00e4nge: 20,2 kmH\u00f6henunterschied: 317 mSchwierigkeitsgrad: Wanderweg mit welligem VerlaufVerpflegung: M\u00f6glichkeit zur Verpflegung in Baldissero, Pavarolo und MarentinoWasser: Brunnen bei Superga und vor dem Bric Paluc, dann in Baldissero (Giardino San Giuliano), Pavarolo (Casetta H2O in der [&hellip;]<\/p>\n","protected":false},"author":1,"featured_media":0,"parent":0,"menu_order":0,"comment_status":"closed","ping_status":"closed","template":"","meta":{"footnotes":""},"class_list":["post-5950","page","type-page","status-publish","hentry"],"_links":{"self":[{"href":"https:\/\/www.camminodonbosco.eu\/de\/wp-json\/wp\/v2\/pages\/5950","targetHints":{"allow":["GET"]}}],"collection":[{"href":"https:\/\/www.camminodonbosco.eu\/de\/wp-json\/wp\/v2\/pages"}],"about":[{"href":"https:\/\/www.camminodonbosco.eu\/de\/wp-json\/wp\/v2\/types\/page"}],"author":[{"embeddable":true,"href":"https:\/\/www.camminodonbosco.eu\/de\/wp-json\/wp\/v2\/users\/1"}],"replies":[{"embeddable":true,"href":"https:\/\/www.camminodonbosco.eu\/de\/wp-json\/wp\/v2\/comments?post=5950"}],"version-history":[{"count":0,"href":"https:\/\/www.camminodonbosco.eu\/de\/wp-json\/wp\/v2\/pages\/5950\/revisions"}],"wp:attachment":[{"href":"https:\/\/www.camminodonbosco.eu\/de\/wp-json\/wp\/v2\/media?parent=5950"}],"curies":[{"name":"wp","href":"https:\/\/api.w.org\/{rel}","templated":true}]}}