{"id":5952,"date":"2022-06-30T15:16:08","date_gmt":"2022-06-30T13:16:08","guid":{"rendered":"https:\/\/www.camminodonbosco.eu\/von-der-ortschaft-tetti-chiaffredo-di-arignano-zum-colle-don-bosco\/"},"modified":"2024-02-21T22:20:22","modified_gmt":"2024-02-21T21:20:22","slug":"von-der-ortschaft-tetti-chiaffredo-di-arignano-zum-colle-don-bosco","status":"publish","type":"page","link":"https:\/\/www.camminodonbosco.eu\/de\/von-der-ortschaft-tetti-chiaffredo-di-arignano-zum-colle-don-bosco\/","title":{"rendered":"Von der Ortschaft Tetti Chiaffredo di Arignano zum Colle Don Bosco"},"content":{"rendered":"\n<p><em>Durch herrliche Weinberge und T\u00e4ler zum Colle Don Bosco, vorbei an der Cascina Moglia und dem Ortsteil Serra di Buttigliera d\u2019Asti.<\/em><\/p>\n\n<div style=\"height:20px\" aria-hidden=\"true\" class=\"wp-block-spacer\"><\/div>\n\n<h2 class=\"wp-block-heading\">Technische Hinweise<\/h2>\n\n<p><strong>Startpunkt<\/strong>: Arignano, Ortsteilt Tetti Chiaffredo (345 m)<br\/><strong>Zielpunkt<\/strong>: Colle Don Bosco (245 m)<br\/><strong>L\u00e4nge<\/strong>: 16,6 km<br\/><strong>H\u00f6henunterschied<\/strong>: 247 m<br\/><strong>Schwierigkeitsgrad<\/strong>: Wanderweg mit leicht welligem Verlauf<br\/><strong>Verpflegung<\/strong>: Keine Verpflegungsm\u00f6glichkeiten vorhanden<br\/><strong>Wasser<\/strong>: 3 Brunnen am Colle Don Bosco<\/p>\n\n<div style=\"height:20px\" aria-hidden=\"true\" class=\"wp-block-spacer\"><\/div>\n\n<h2 class=\"wp-block-heading\">Beschreibung<\/h2>\n\n<p>In der N\u00e4he der Cascina Rivolasso \u00fcberqueren Sie am Punkt <strong>V2<\/strong> die SP Moncucco-Arignano und nehmen Sie nach wenigen Metern in der N\u00e4he eines herrlichen Weinbergs einen leicht abfallenden Fahrweg, der zu einem kleinen Bach f\u00fchrt; von dort geht es stetig bergauf, bis auf den Gratweg, wo man auf einen Fahrweg st\u00f6\u00dft, der von der Ortschaft Barbaso nach Mombello di Torino f\u00fchrt (<em>nach rechts abbiegen, um nach einer 200 m langen Umleitung die h\u00fcbsche romanische Kapelle San Lorenzo zu erreichen, deren Besuch der einzigartigen Aussicht wegen wert ist).<\/em>). \u00dcberqueren Sie den Weg und gehen Sie im Tal weiter einen Bach entlang; ignorieren Sie eine erste Abzweigung nach rechts und nehmen Sie die n\u00e4chste, die zwischen Feldern zzum Ortsteil Moglia f\u00fchrt. Der Fahrweg ist asphaltiert und nach kurzer Zeit gelangen Sie zur Cascina Moglia, nach 3,3 km von der Cascina Rivolasso aus. Nach weiteren 400 m und einer weiteren Rechtskurve treffen Sie am Punkt <strong>N<\/strong> auf den Weg des Don-Bosco-Weges, der von Moncucco T.se kommt (<em>Verbindung <strong>E-N<\/strong><\/em>) Folgen Sie der Asphaltstra\u00dfe geradeaus bis zu einem Platz in der N\u00e4he einer Kreuzung: Gehen Sie immer geradeaus auf dem Weg, der dann zu einem Pfad zwischen den Weinbergen wird. Dieser m\u00fcndet in eine Stra\u00dfe, die bergab f\u00fchrt, um die SP32 zu \u00fcberqueren. Folgen Sie dem Asphaltweg bergauf und biegen Sie dann links ab, um sofort danach &#8211; in der N\u00e4he eines Bauernhofs &#8211; einen sch\u00f6nen Fahrweg zu nehmen, der Sie bald zwischen herrlichen Weinbergen mit spektakul\u00e4ren Panoramablicken f\u00fchrt. Gehen Sie geradeaus, bis Sie auf einen weiteren Fahrweg treffen (biegen Sie nach rechts und folgen Sie einem weiten Uhrzeigersinn), der zur Feldkirche San Rocco und dann zum Dorf Lovencito di Moriondo T.se f\u00fchrt (Friedhofskirche romanischen Ursprungs). Von hier aus folgen Sie der Hauptstra\u00dfe (oder einem ziemlich steilen Weg, der gleich am Eingang des Dorfs nach rechts biegt) bis zur SP119, die von Moriondo Torinese nach Castelnuovo Don Bosco f\u00fchrt, nach 4,4 km von der Cascina Moglia. Folgen Sie dem bequemen Fahrweg, der nach einigen hundert Metern nach links zur Siedlung von Castelnuovo und in der N\u00e4he des Sitzes des Roten Kreuzes f\u00fchrt, bevor er zur\u00fcck in Richtung Buttigliera geht. Nach etwas mehr als 2 km erreichen Sie die Provinzstra\u00dfe von Castelnuovo nach Buttigliera d\u2019Asti. Biegen Sie nach rechts und \u00fcberqueren Sie nach etwa hundert Metern auf dem Asphalt die Landstra\u00dfe und nehmen Sie dann einen leicht abfallenden Fahrweg, der dem Verlauf des Rio della Valle folgt. Nach etwa 1,4 km von der Landstra\u00dfe aus biegen Sie auf einen Feldweg zwischen den Feldern ab und steigen zum Ortsteil Serra di Buttigliera d\u2019Asti auf, wo Sie die asphaltierte Stra\u00dfe am Abzweig zur Cascina di Serragrossa erreichen. Biegen Sie hier links ab, folgen Sie dem Asphalt und durchqueren Sie das Dorf bis zu den letzten H\u00e4usern, wo Sie erneut links abbiegen und zwischen weiten Wiesen zu einer Gabelung in der N\u00e4he einer Br\u00fccke hinabsteigen (<em>hier treffen Sie auf das Ende von Etappe 3 des Niedrigwegs, das aus Chieri kommt<\/em>). Folgen Sie dem Schotterweg links, um, nachdem Sie einen kurzen Anstieg bew\u00e4ltigt haben, zur Cascina Mainito zu gelangen, die jetzt in einen Reitstall (Circolo Ippico il Gelso) umgewandelt wurde, nach etwas mehr als 2 km von Serra aus. Folgen Sie etwa 500 m einer zuerst geschotterten und dann asphaltierten Stra\u00dfe und erreichen Sie die SP33 nach Capriglio. Biegen Sie links ab und folgen Sie der Stra\u00dfe f\u00fcr einen kurzen Abschnitt, halten Sie sich auf der linken Seite, um auf den Verkehr zu achten, und \u00fcberqueren Sie sie in der N\u00e4he eines Votivpfeilers, um ein Tor zu erreichen; gehen Sie rechts an einem kleinen Feldweg entlang, der an den Feldern entlangf\u00fchrt und auf einen Fahrweg m\u00fcndet, der schnell zum Colle(<strong>H<\/strong>) ansteigt.<\/p>\n\n<div style=\"height:20px\" aria-hidden=\"true\" class=\"wp-block-spacer\"><\/div>\n\n<div class=\"wp-block-cover is-light\" style=\"min-height:100px;aspect-ratio:unset;\"><span aria-hidden=\"true\" class=\"wp-block-cover__background has-cyan-bluish-gray-background-color has-background-dim\"><\/span><div class=\"wp-block-cover__inner-container is-layout-flow wp-block-cover-is-layout-flow\">\n<div class=\"wp-block-group is-layout-flow wp-block-group-is-layout-flow\">\n<h2 class=\"wp-block-heading\">Auf den Spuren von Don Bosco<\/h2>\n\n\n\n<p><strong>Cascina Moglia (Moncucco Torinese)<\/strong><br\/>Ein charakteristisches Landhaus, das von Februar 1827 bis November 1829 den jungen Giovanni Bosco beherbergte, der von der Familie Moglia als Landarbeiter eingestellt wurde. K\u00fcrzlich von den Salesianern des ersten Oratoriums Don Boscos in Turin (Valdocco) restauriert, empfing es h\u00e4ufig Don Bosco und die Jungen, die ihn auf den ber\u00fchmten Spazierg\u00e4ngen begleiteten, im Schatten einer hundertj\u00e4hrigen Maulbeere. <\/p>\n\n\n\n<div style=\"height:30px\" aria-hidden=\"true\" class=\"wp-block-spacer\"><\/div>\n<\/div>\n\n\n\n<figure class=\"wp-block-gallery has-nested-images columns-default is-cropped wp-block-gallery-1 is-layout-flex wp-block-gallery-is-layout-flex\">\n<figure class=\"wp-block-image size-full\"><img fetchpriority=\"high\" decoding=\"async\" width=\"1920\" height=\"1525\" data-id=\"1991\" src=\"https:\/\/www.camminodonbosco.eu\/wp-content\/uploads\/2022\/07\/Cascina-Moglia.jpg\" alt=\"\" class=\"wp-image-1991\" srcset=\"https:\/\/www.camminodonbosco.eu\/wp-content\/uploads\/2022\/07\/Cascina-Moglia.jpg 1920w, https:\/\/www.camminodonbosco.eu\/wp-content\/uploads\/2022\/07\/Cascina-Moglia-300x238.jpg 300w, https:\/\/www.camminodonbosco.eu\/wp-content\/uploads\/2022\/07\/Cascina-Moglia-1024x813.jpg 1024w, https:\/\/www.camminodonbosco.eu\/wp-content\/uploads\/2022\/07\/Cascina-Moglia-768x610.jpg 768w, https:\/\/www.camminodonbosco.eu\/wp-content\/uploads\/2022\/07\/Cascina-Moglia-1536x1220.jpg 1536w\" sizes=\"(max-width: 1920px) 100vw, 1920px\" \/><\/figure>\n<\/figure>\n<\/div><\/div>\n\n<div style=\"height:20px\" aria-hidden=\"true\" class=\"wp-block-spacer\"><\/div>\n\n<h2 class=\"wp-block-heading\">Map<\/h2>\n\n<figure data-wp-context=\"{&quot;imageId&quot;:&quot;69f2c849e2ff4&quot;}\" data-wp-interactive=\"core\/image\" data-wp-key=\"69f2c849e2ff4\" class=\"wp-block-image size-full wp-lightbox-container\"><img decoding=\"async\" width=\"2537\" height=\"2211\" data-wp-class--hide=\"state.isContentHidden\" data-wp-class--show=\"state.isContentVisible\" data-wp-init=\"callbacks.setButtonStyles\" data-wp-on--click=\"actions.showLightbox\" data-wp-on--load=\"callbacks.setButtonStyles\" data-wp-on-window--resize=\"callbacks.setButtonStyles\" src=\"https:\/\/www.camminodonbosco.eu\/wp-content\/uploads\/2024\/01\/Tappa-3-Medio.jpg\" alt=\"\" class=\"wp-image-5010\" style=\"object-fit:cover\" srcset=\"https:\/\/www.camminodonbosco.eu\/wp-content\/uploads\/2024\/01\/Tappa-3-Medio.jpg 2537w, https:\/\/www.camminodonbosco.eu\/wp-content\/uploads\/2024\/01\/Tappa-3-Medio-300x261.jpg 300w, https:\/\/www.camminodonbosco.eu\/wp-content\/uploads\/2024\/01\/Tappa-3-Medio-1024x892.jpg 1024w, https:\/\/www.camminodonbosco.eu\/wp-content\/uploads\/2024\/01\/Tappa-3-Medio-768x669.jpg 768w, https:\/\/www.camminodonbosco.eu\/wp-content\/uploads\/2024\/01\/Tappa-3-Medio-1536x1339.jpg 1536w, https:\/\/www.camminodonbosco.eu\/wp-content\/uploads\/2024\/01\/Tappa-3-Medio-2048x1785.jpg 2048w\" sizes=\"(max-width: 2537px) 100vw, 2537px\" \/><button\n\t\t\tclass=\"lightbox-trigger\"\n\t\t\ttype=\"button\"\n\t\t\taria-haspopup=\"dialog\"\n\t\t\taria-label=\"Vergr\u00f6\u00dfern\"\n\t\t\tdata-wp-init=\"callbacks.initTriggerButton\"\n\t\t\tdata-wp-on--click=\"actions.showLightbox\"\n\t\t\tdata-wp-style--right=\"state.imageButtonRight\"\n\t\t\tdata-wp-style--top=\"state.imageButtonTop\"\n\t\t>\n\t\t\t<svg xmlns=\"http:\/\/www.w3.org\/2000\/svg\" width=\"12\" height=\"12\" fill=\"none\" viewBox=\"0 0 12 12\">\n\t\t\t\t<path fill=\"#fff\" d=\"M2 0a2 2 0 0 0-2 2v2h1.5V2a.5.5 0 0 1 .5-.5h2V0H2Zm2 10.5H2a.5.5 0 0 1-.5-.5V8H0v2a2 2 0 0 0 2 2h2v-1.5ZM8 12v-1.5h2a.5.5 0 0 0 .5-.5V8H12v2a2 2 0 0 1-2 2H8Zm2-12a2 2 0 0 1 2 2v2h-1.5V2a.5.5 0 0 0-.5-.5H8V0h2Z\" \/>\n\t\t\t<\/svg>\n\t\t<\/button><\/figure>\n","protected":false},"excerpt":{"rendered":"<p>Durch herrliche Weinberge und T\u00e4ler zum Colle Don Bosco, vorbei an der Cascina Moglia und dem Ortsteil Serra di Buttigliera d\u2019Asti. Technische Hinweise Startpunkt: Arignano, Ortsteilt Tetti Chiaffredo (345 m)Zielpunkt: Colle Don Bosco (245 m)L\u00e4nge: 16,6 kmH\u00f6henunterschied: 247 mSchwierigkeitsgrad: Wanderweg mit leicht welligem VerlaufVerpflegung: Keine Verpflegungsm\u00f6glichkeiten vorhandenWasser: 3 Brunnen am Colle Don Bosco Beschreibung In [&hellip;]<\/p>\n","protected":false},"author":1,"featured_media":0,"parent":0,"menu_order":0,"comment_status":"closed","ping_status":"closed","template":"","meta":{"footnotes":""},"class_list":["post-5952","page","type-page","status-publish","hentry"],"_links":{"self":[{"href":"https:\/\/www.camminodonbosco.eu\/de\/wp-json\/wp\/v2\/pages\/5952","targetHints":{"allow":["GET"]}}],"collection":[{"href":"https:\/\/www.camminodonbosco.eu\/de\/wp-json\/wp\/v2\/pages"}],"about":[{"href":"https:\/\/www.camminodonbosco.eu\/de\/wp-json\/wp\/v2\/types\/page"}],"author":[{"embeddable":true,"href":"https:\/\/www.camminodonbosco.eu\/de\/wp-json\/wp\/v2\/users\/1"}],"replies":[{"embeddable":true,"href":"https:\/\/www.camminodonbosco.eu\/de\/wp-json\/wp\/v2\/comments?post=5952"}],"version-history":[{"count":0,"href":"https:\/\/www.camminodonbosco.eu\/de\/wp-json\/wp\/v2\/pages\/5952\/revisions"}],"wp:attachment":[{"href":"https:\/\/www.camminodonbosco.eu\/de\/wp-json\/wp\/v2\/media?parent=5952"}],"curies":[{"name":"wp","href":"https:\/\/api.w.org\/{rel}","templated":true}]}}