{"id":5959,"date":"2022-06-30T15:18:33","date_gmt":"2022-06-30T13:18:33","guid":{"rendered":"https:\/\/www.camminodonbosco.eu\/von-turin-zum-ehemaligen-kloster-der-camaldolesi\/"},"modified":"2024-02-21T22:47:11","modified_gmt":"2024-02-21T21:47:11","slug":"von-turin-zum-ehemaligen-kloster-der-camaldolesi","status":"publish","type":"page","link":"https:\/\/www.camminodonbosco.eu\/de\/von-turin-zum-ehemaligen-kloster-der-camaldolesi\/","title":{"rendered":"Von Turin zum ehemaligen Kloster der Camaldolesi"},"content":{"rendered":"\n<p><em>Es geht den Fluss entlang und dann durch die Parks der Turiner H\u00fcgel.<\/em><\/p>\n\n<div style=\"height:20px\" aria-hidden=\"true\" class=\"wp-block-spacer\"><\/div>\n\n<h2 class=\"wp-block-heading\">Technische Hinweise<\/h2>\n\n<p>Start: Turin, Piazza Maria Ausiliatrice (230 m)<br\/>Ziel: Ehemaliges Kloster der Camaldolesi (614 m)<br\/>L\u00e4nge: 12,1 km<br\/>H\u00f6henunterschied: 423 m<br\/>Schwierigkeit: Wanderung mit Anstiegen, unterbrochen von kurzen ebenen Abschnitten<br\/>Verpflegung: Die Stadtroute bietet zahlreiche M\u00f6glichkeiten zum Essen und Einkaufen (besonders auf dem gro\u00dfen Markt von Porta Palazzo) bis zur Isabella-Br\u00fccke. Danach &#8211; mit einem kurzen Abstecher &#8211; zum Colle della Maddalena. <br\/>Wasser: Es gibt zahlreiche Trinkbrunnen in der ganzen Stadt, am Ufer des Po und in den Parks.<\/p>\n\n<div style=\"height:20px\" aria-hidden=\"true\" class=\"wp-block-spacer\"><\/div>\n\n<h2 class=\"wp-block-heading\">Beschreibung<\/h2>\n\n<p>F\u00fcr die Beschreibung der Strecke von Maria Ausiliatrice (<strong>A<\/strong>) bis zur Vittorio Emanuele I-Br\u00fccke (<strong>B<\/strong>) wird auf die Karte der Etappe 1 des Hochwegs verwiesen. Nach \u00dcberqueren der Br\u00fccke biegen Sie rechts in die Corso Moncalieri ein und folgen dem Lungo Po mit einer sch\u00f6nen Panoramaaussicht auf den Monte dei Cappuccini. Nachdem Sie die Umberto I-Br\u00fccke rechts passiert haben, gehen Sie flussabw\u00e4rts und \u00fcberqueren den Park, der den Opfern der nationalsozialistischen Lager gewidmet ist (eine sch\u00f6ne Allee mit Platanen), dann etwa hundert Meter weiter den Corso hinauf, nachdem Sie das mittelalterliche Dorf auf der gegen\u00fcberliegenden Seite des Flusses gesehen haben   <em>(alternativ, folgen Sie einem Weg ohne Markierung, \u00fcberqueren Sie die Umberto I-Br\u00fccke, biegen Sie links ab, wenn Sie am Bogen vorbei sind, und gehen Sie durch den Parco del Valentino, vorbei am Botanischen Garten, dem Castello del Valentino, dem mittelalterlichen Dorf und dem Brunnen der dodici mesi, dann biegen Sie links auf die Isabella-Br\u00fccke ab und erneut links in den Corso Moncalieri).<\/em>. \u00dcberqueren Sie die Stra\u00dfe an der Ampel, biegen Sie links ab und betreten Sie das Tor zum Parco Giacomo Leopardi. Folgen Sie einer Allee, die von majest\u00e4tischen Platanen ges\u00e4umt ist. Dann erreicht man eine Ebene mit Kinderspielpl\u00e4tzen. Auf der rechten Seite f\u00fchrt ein Pfad zu einer weiteren Rasenebene, von der aus ein Weg am Zaun entlang zur antiken Stra\u00dfe nach San Vito f\u00fchrt. Die Stra\u00dfe wird bald zu einem Pfad, der einem Bach folgt und zur Stra\u00dfe San Vito-Revigliasco f\u00fchrt. Biegen Sie links ab auf den B\u00fcrgersteig, der am Parco di San Vito entlangf\u00fchrt, bis Sie nach etwa 1,4 km vom Tor des Leopardi-Parks einen Weg erreichen, der zum Eingang geht. Kurz danach gelangen Sie auf eine Allee, die zu einer weiten Ebene f\u00fchrt, von der aus Sie einen Blick auf Turin haben. Nehmen Sie schlie\u00dflich den Pfad durch die Wiesen bis zum Viale Seneca, biegen Sie dann links ab und gehen Sie nach wenigen Metern rechts auf die asphaltierte Stra\u00dfe, bis Sie auf der linken Seite eine Freifl\u00e4che mit einem Fu\u00dfg\u00e4ngertor erreichen   <em>(alternative Route: Ignorieren Sie den aufsteigenden Pfad und folgen Sie der asphaltierten Stra\u00dfe, die mit einer Treppe zur Stra\u00dfe San Vito &#8211; Revigliasco f\u00fchrt, um dann zum Aussichtspunkt vor der Kirche SS. Vito, Modesto und Crecenza zu gelangen und biegen Sie kurz danach links ab, folgen Sie dann der asphaltierten Stra\u00dfe bis zum Fu\u00dfg\u00e4ngertor). \u00dcberqueren Sie das Tor und folgen Sie dem Pfad zu einer Ebene, von der aus Sie auf dem Gemeindeweg der W\u00e4lder weiter auf halber H\u00f6he gehen (ignorieren Sie den rechten Pfad, der zur Cascina Bert hinunterf\u00fchrt), bis Sie zum Quadrivio Raby am Eingang zum Parco della Maddalena kommen. \u00dcberqueren Sie die zwei Fu\u00dfg\u00e4nger\u00fcberwege und folgen Sie dem Weg im Park, der an einem Brunnen vorbeif\u00fchrt (letzte M\u00f6glichkeit, Wasser nachzuf\u00fcllen), und erreichen Sie kurz nach Fontana Fredda eine Gabelung (ungef\u00e4hr 2,8 km Fu\u00dfweg vom Parco di San Vito entfernt). Biegen Sie hier links ab und steigen Sie auf, bis Sie den Weg Nr. 12 der Turiner H\u00fcgel kreuzen. Biegen Sie rechts ab und ignorieren Sie zun\u00e4chst die Abzweigung nach rechts zum Colle della Maddalena und zum Faro della Vittoria beim Informationspanel<\/em>).\nSuperato il cancello, percorrere il sentiero che porta a un pianoro, da dove si prosegue a mezzacosta sulla strada vicinale dei Boschi (ignorando il sentiero a destra che scende alla Cascina Bert) fino al Quadrivio Raby, all\u2019ingresso del Parco della Maddalena.\nAttraversate le due strisce pedonali, inoltrarsi nel parco lungo il sentiero che passa accanto a una fontanella (ultima possibilit\u00e0 per rifornirsi di acqua) e raggiunge un bivio poco dopo la localit\u00e0 Fontana Fredda (circa 2,8 km di cammino dal Parco di San Vito).\nQui si svolta a sinistra, salendo fino a incrociare il Sentiero n.\n12 della Collina Torinese.\nProseguire a destra, salendo gradualmente e ignorando prima il bivio a destra verso il Colle della Maddalena e il Faro della Vittoria in corrispondenza del pannello informativo (     <strong>(M)<\/strong>zum Gr\u00fcnen Ring<em> (GTC-Weg und Weg Nr. 31, m\u00f6glicher Umweg zur Rast am Colle della Maddalena),<\/em>dann folgen Sie dem Pfad, der links hinunter zur Cascina Mainero f\u00fchrt. Der letzte Teil der Strecke, flach bis leicht wellig, kann bei Regen sehr matschig sein und f\u00fchrt zur Stra\u00dfe zum Colle; biegen Sie hier links und nach 100 m rechts ab, und Sie gelangen bald zur Torre <strong>(L)<\/strong>und zum Eremo dei Camaldolesi (ungef\u00e4hr 2,2 km vom Parco della Maddalena).<\/p>\n\n<div style=\"height:20px\" aria-hidden=\"true\" class=\"wp-block-spacer\"><\/div>\n\n<div class=\"wp-block-cover is-light\"><span aria-hidden=\"true\" class=\"wp-block-cover__background has-cyan-bluish-gray-background-color has-background-dim\"><\/span><div class=\"wp-block-cover__inner-container is-layout-flow wp-block-cover-is-layout-flow\">\n<div class=\"wp-block-group is-layout-flow wp-block-group-is-layout-flow\">\n<h2 class=\"wp-block-heading\">Durch die Geschichte Turins spazieren<\/h2>\n\n\n\n<p><strong>Monte dei Cappuccini<\/strong>: H\u00fcgel (284 m \u00fcber dem Meeresspiegel) \u00fcber der Gran Madre mit herrlicher Panoramaaussicht, auf dem die Kirche S. Maria del Monte steht, mit dem Hauptaltar des Castellamonte. Das angrenzende ehemalige Kloster beherbergt das <strong>Nationale Bergmuseum<\/strong> mit einem Beobachtungspunkt und einem beweglichen Fernrohr. <\/p>\n\n\n\n<p><strong>Parco del Valentino<\/strong>: Die Urspr\u00fcnge gehen auf das Jahr 1630 zur\u00fcck, als ein kleiner Park neben dem k\u00f6niglichen Schloss allm\u00e4hlich in eine \u00f6ffentliche Gr\u00fcnfl\u00e4che umgewandelt wurde und eine Fl\u00e4che von \u00fcber 46 Hektar erreichte.<\/p>\n\n\n\n<p><strong>Botanischer Garten<\/strong>: Neben dem Castello del Valentino im 18. Jahrhundert gegr\u00fcndet, ein aktives Forschungszentrum mit einem sch\u00f6nen Geb\u00e4ude mit Gew\u00e4chsh\u00e4usern und Orangerie.<\/p>\n\n\n\n<p><strong>Castello del Valentino<\/strong>: Errichtet von Castellamonte in den Jahren 1630-1660 f\u00fcr die K\u00f6nigin Maria Cristina von Frankreich als Freizeitvilla. Es besteht aus vier T\u00fcrmen in Hufeisenform. Die pr\u00e4chtigen M\u00f6bel wurden in napoleonischer Zeit gepl\u00fcndert. Heute beherbergt es die Fakult\u00e4t der Architektur.  <\/p>\n\n\n\n<p><strong>Mittelalterliches Dorf<\/strong>: Eine treue Rekonstruktion eines Dorfes aus dem 15. Jahrhundert, 1884 am Po erbaut. Es hat eine Zugbr\u00fccke, die zum von Mauern umgebenen Schloss f\u00fchrt, mit Gesch\u00e4ften, einem sch\u00f6nen schmiedeeisernen Brunnen und einem kleinen botanischen Garten.<\/p>\n\n\n\n<div style=\"height:30px\" aria-hidden=\"true\" class=\"wp-block-spacer\"><\/div>\n\n\n\n<figure class=\"wp-block-gallery has-nested-images columns-default is-cropped wp-block-gallery-1 is-layout-flex wp-block-gallery-is-layout-flex\">\n<figure class=\"wp-block-image size-large\"><img fetchpriority=\"high\" decoding=\"async\" width=\"653\" height=\"396\" data-id=\"1998\" src=\"https:\/\/www.camminodonbosco.eu\/wp-content\/uploads\/2022\/07\/Borgo-medievale.jpg\" alt=\"\" class=\"wp-image-1998\" srcset=\"https:\/\/www.camminodonbosco.eu\/wp-content\/uploads\/2022\/07\/Borgo-medievale.jpg 653w, https:\/\/www.camminodonbosco.eu\/wp-content\/uploads\/2022\/07\/Borgo-medievale-300x182.jpg 300w\" sizes=\"(max-width: 653px) 100vw, 653px\" \/><\/figure>\n<\/figure>\n\n\n\n<div style=\"height:30px\" aria-hidden=\"true\" class=\"wp-block-spacer\"><\/div>\n\n\n\n<p><strong>Fontana dei 12 mesi<\/strong> (Brunnen der 12 Monate): Ein runder Brunnen &#8211; eine allegorische Darstellung der vier Fl\u00fcsse von Turin (Po, Sangone, Dora Riparia und Stura) mit zw\u00f6lf weiblichen Statuen, die die Monate symbolisieren. Er wurde f\u00fcr die Italienische National- Ausstellung von 1898 gebaut.<\/p>\n\n\n\n<p><strong>Parco Giacomo Leopardi<\/strong>: Majest\u00e4tische B\u00e4ume s\u00e4umen die Alleen, einst das Anwesen einer der zahlreichen Villen mit Weinberg, die von den gro\u00dfen Adelsfamilien als Sommerresidenz und landwirtschaftlicher Besitz erbaut wurden. Kurz nach dem Parkeingang sind die Eing\u00e4nge zu den Luftschutzbunkern aus dem Zweiten Weltkrieg zu sehen. <\/p>\n\n\n\n<p><strong>Parco di S. Vito<\/strong>: Ein Gr\u00fcnbereich mit weiten Wiesen und herrlichem Blick auf die Stadt und die Alpen.<\/p>\n\n\n\n<p><strong>Parco della Maddalena:<\/strong> Mit seinen 715 Metern ist dieser Park der h\u00f6chste Punkt des Turiner H\u00fcgels, auf dem die gro\u00dfe Bronzestatue des <strong>Siegesleuchtturms thront<\/strong>. In einem Teil davon (Parco della Rimembranza) wurden Tausende von Exemplaren von 400 verschiedenen Pflanzenarten gepflanzt, zum Gedenken an die in Torino gefallenen Soldaten des Ersten Weltkriegs. Neben jedem Baum ist eine Tafel mit dem Namen eines Gefallenen des Ersten Weltkriegs.  <\/p>\n\n\n\n<p><strong>Eremo dei Camaldolesi<\/strong>: In der ersten H\u00e4lfte des 17. Jahrhunderts wurde eine gro\u00dfe Abtei des Ordens der Camaldoleser M\u00f6nche errichtet, die eine bl\u00fchende Zeit erlebte, jedoch von Napoleon aufgel\u00f6st wurde. Es folgten Jahrhunderte mit verschiedenen Eigent\u00fcmern und einem allm\u00e4hlichen Verfall. Heute beherbergt diese sch\u00f6ne Ebene ein Seniorenzentrum, w\u00e4hrend der sogenannte Turm der M\u00fchle im Besitz des SERMIG ist.  <\/p>\n<\/div>\n<\/div><\/div>\n\n<div style=\"height:20px\" aria-hidden=\"true\" class=\"wp-block-spacer\"><\/div>\n\n<h2 class=\"wp-block-heading\">Map<\/h2>\n\n<figure data-wp-context=\"{&quot;imageId&quot;:&quot;69f2b5bfe2d3e&quot;}\" data-wp-interactive=\"core\/image\" data-wp-key=\"69f2b5bfe2d3e\" class=\"wp-block-image size-full wp-lightbox-container\"><img decoding=\"async\" width=\"1729\" height=\"1814\" data-wp-class--hide=\"state.isContentHidden\" data-wp-class--show=\"state.isContentVisible\" data-wp-init=\"callbacks.setButtonStyles\" data-wp-on--click=\"actions.showLightbox\" data-wp-on--load=\"callbacks.setButtonStyles\" data-wp-on-window--resize=\"callbacks.setButtonStyles\" src=\"https:\/\/www.camminodonbosco.eu\/wp-content\/uploads\/2024\/01\/Tappa-1-Basso.jpg\" alt=\"\" class=\"wp-image-5016\" srcset=\"https:\/\/www.camminodonbosco.eu\/wp-content\/uploads\/2024\/01\/Tappa-1-Basso.jpg 1729w, https:\/\/www.camminodonbosco.eu\/wp-content\/uploads\/2024\/01\/Tappa-1-Basso-286x300.jpg 286w, https:\/\/www.camminodonbosco.eu\/wp-content\/uploads\/2024\/01\/Tappa-1-Basso-976x1024.jpg 976w, https:\/\/www.camminodonbosco.eu\/wp-content\/uploads\/2024\/01\/Tappa-1-Basso-768x806.jpg 768w, https:\/\/www.camminodonbosco.eu\/wp-content\/uploads\/2024\/01\/Tappa-1-Basso-1464x1536.jpg 1464w\" sizes=\"(max-width: 1729px) 100vw, 1729px\" \/><button\n\t\t\tclass=\"lightbox-trigger\"\n\t\t\ttype=\"button\"\n\t\t\taria-haspopup=\"dialog\"\n\t\t\taria-label=\"Vergr\u00f6\u00dfern\"\n\t\t\tdata-wp-init=\"callbacks.initTriggerButton\"\n\t\t\tdata-wp-on--click=\"actions.showLightbox\"\n\t\t\tdata-wp-style--right=\"state.imageButtonRight\"\n\t\t\tdata-wp-style--top=\"state.imageButtonTop\"\n\t\t>\n\t\t\t<svg xmlns=\"http:\/\/www.w3.org\/2000\/svg\" width=\"12\" height=\"12\" fill=\"none\" viewBox=\"0 0 12 12\">\n\t\t\t\t<path fill=\"#fff\" d=\"M2 0a2 2 0 0 0-2 2v2h1.5V2a.5.5 0 0 1 .5-.5h2V0H2Zm2 10.5H2a.5.5 0 0 1-.5-.5V8H0v2a2 2 0 0 0 2 2h2v-1.5ZM8 12v-1.5h2a.5.5 0 0 0 .5-.5V8H12v2a2 2 0 0 1-2 2H8Zm2-12a2 2 0 0 1 2 2v2h-1.5V2a.5.5 0 0 0-.5-.5H8V0h2Z\" \/>\n\t\t\t<\/svg>\n\t\t<\/button><\/figure>\n","protected":false},"excerpt":{"rendered":"<p>Es geht den Fluss entlang und dann durch die Parks der Turiner H\u00fcgel. Technische Hinweise Start: Turin, Piazza Maria Ausiliatrice (230 m)Ziel: Ehemaliges Kloster der Camaldolesi (614 m)L\u00e4nge: 12,1 kmH\u00f6henunterschied: 423 mSchwierigkeit: Wanderung mit Anstiegen, unterbrochen von kurzen ebenen AbschnittenVerpflegung: Die Stadtroute bietet zahlreiche M\u00f6glichkeiten zum Essen und Einkaufen (besonders auf dem gro\u00dfen Markt von [&hellip;]<\/p>\n","protected":false},"author":1,"featured_media":0,"parent":0,"menu_order":0,"comment_status":"closed","ping_status":"closed","template":"","meta":{"footnotes":""},"class_list":["post-5959","page","type-page","status-publish","hentry"],"_links":{"self":[{"href":"https:\/\/www.camminodonbosco.eu\/de\/wp-json\/wp\/v2\/pages\/5959","targetHints":{"allow":["GET"]}}],"collection":[{"href":"https:\/\/www.camminodonbosco.eu\/de\/wp-json\/wp\/v2\/pages"}],"about":[{"href":"https:\/\/www.camminodonbosco.eu\/de\/wp-json\/wp\/v2\/types\/page"}],"author":[{"embeddable":true,"href":"https:\/\/www.camminodonbosco.eu\/de\/wp-json\/wp\/v2\/users\/1"}],"replies":[{"embeddable":true,"href":"https:\/\/www.camminodonbosco.eu\/de\/wp-json\/wp\/v2\/comments?post=5959"}],"version-history":[{"count":0,"href":"https:\/\/www.camminodonbosco.eu\/de\/wp-json\/wp\/v2\/pages\/5959\/revisions"}],"wp:attachment":[{"href":"https:\/\/www.camminodonbosco.eu\/de\/wp-json\/wp\/v2\/media?parent=5959"}],"curies":[{"name":"wp","href":"https:\/\/api.w.org\/{rel}","templated":true}]}}