{"id":5961,"date":"2022-06-30T15:19:21","date_gmt":"2022-06-30T13:19:21","guid":{"rendered":"https:\/\/www.camminodonbosco.eu\/von-turin-nach-pecetto-t-se\/"},"modified":"2024-02-21T22:51:41","modified_gmt":"2024-02-21T21:51:41","slug":"von-turin-nach-pecetto-t-se","status":"publish","type":"page","link":"https:\/\/www.camminodonbosco.eu\/de\/von-turin-nach-pecetto-t-se\/","title":{"rendered":"Von Turin nach Pecetto T.se"},"content":{"rendered":"\n<p><em>Man geht am Fluss entlang und gelangt dann \u00fcber die H\u00fcgel von Turin zum sogenannten Dorf der Kirschen.<\/em><\/p>\n\n<div style=\"height:20px\" aria-hidden=\"true\" class=\"wp-block-spacer\"><\/div>\n\n<h2 class=\"wp-block-heading\">Technische Hinweise<\/h2>\n\n<p><strong>Start<\/strong>: Turin, Piazza Maria Ausiliatrice (230 m)<br\/><strong>Ziel<\/strong>: Pecetto T.se, piazza Roma (409 m)<br\/><strong>L\u00e4nge<\/strong>: 14,8 km<br\/><strong>H\u00f6henunterschied<\/strong>: 492 m<br\/><strong>Schwierigkeit<\/strong>: Wanderung mit Anstiegen, unterbrochen von kurzen ebenen Abschnitten und einem abschlie\u00dfenden Abstieg<br\/><strong>Verpflegung<\/strong>: Die Strecke in Turin bietet viele M\u00f6glichkeiten zum Essen und Einkaufen (besonders auf dem Markt von Porta Palazzo) bis zur Isabella-Br\u00fccke. Danach, mit einem kurzen Abstecher zum Colle della Maddalena und nach Pecetto T.se<br\/><strong>Wasser<\/strong>: Es gibt zahlreiche Trinkbrunnen in der ganzen Stadt, am Po und in den Parks. In Pecetto T.se gibt es Brunnen auf der Piazza Roma und der Piazza S. Pietro sowie ein H2O-H\u00e4uschen in der N\u00e4he des Friedhofs.<\/p>\n\n<div style=\"height:20px\" aria-hidden=\"true\" class=\"wp-block-spacer\"><\/div>\n\n<h2 class=\"wp-block-heading\">Beschreibung<\/h2>\n\n<p>F\u00fcr die Beschreibung des Anfangs der Route wird auf die Karte der Etappe 1 des Cammino Basso verwiesen. Erreichen Sie die Abzweigung kurz nach der Fontana Fredda (ungef\u00e4hr 2,8 km vom Parco di San Vito). Hier biegen Sie links ab und steigen, bis Sie auf den Weg Nr. 12 der Turiner H\u00fcgel treffen. Biegen Sie rechts ab, steigen Sie allm\u00e4hlich auf und ignorieren Sie die Abzweigung rechts zum Colle della Maddalena und zum Faro della Vittoria (GTC-Weg und Weg Nr. 31), folgen Sie geradeaus dem Informationsschild des Gr\u00fcnen Rings, in Richtung Eremo dei Camaldolesi (siehe Etappe 1 des Cammino Basso), biegen dann rechts ab und folgen einigen Serpentinen, bis Sie auf den Weg des GTC-Sentiero Nr. 31 treffen. Biegen Sie links ab und folgen Sie diesem breiten Weg, bis Sie auf die Stra\u00dfe des Colle sto\u00dfen. Biegen Sie rechts ab und gehen Sie etwa hundert Meter, dann biegen Sie links in den Wald ab, wo eine Laterne den sogenannten Bric della Croce markiert (alternativ: Biegen Sie rechts auf den Weg ab und folgen Sie einigen Serpentinen, bis Sie den Weg zum Colle della Maddalena und zum Faro della Vittoria entlang des Viale Col di Lana, Via Piave, Piazzale Gorizia, Viale Bainsizza und Piazzale Timavo erreichen, mit M\u00f6glichkeit f\u00fcr eine Rast. Vom Faro aus folgen Sie der Stra\u00dfe des Colle f\u00fcr 500 m nach links und biegen dann rechts in die Stra\u00dfe des Bric della Croce ein. Dies verl\u00e4ngert die Strecke um 2 km und 215 m H\u00f6henunterschied). Diese f\u00fchrt allm\u00e4hlich abw\u00e4rts und trifft in der N\u00e4he einiger H\u00e4user auf der Stra\u00dfe della Vetta. Biegen Sie rechts ab, ignorieren Sie verschiedene Abzweigungen (links neben einer Villa, Weg zur Pera del Tesor, zum Bric San Viter und zum arch\u00e4ologischen Ort Monspherratus) und gehen Sie 1,8 km hinunter zur Stra\u00dfe des Eremo, kurz nach einer Kurve, von der aus man einen sch\u00f6nen Panoramablick auf Pecetto genie\u00dft. Gehen Sie rechts weiter (achten Sie auf den Verkehr, es gibt keinen Gehweg) und gehen Sie bis zu einer kleinen Kirche auf der linken Stra\u00dfenseite. Folgen Sie weiter der Via Umberto I bis ins Zentrum von Pecetto, dort erreichen Sie Piazza Roma.           <\/p>\n\n<div style=\"height:20px\" aria-hidden=\"true\" class=\"wp-block-spacer\"><\/div>\n\n<div class=\"wp-block-cover is-light\"><span aria-hidden=\"true\" class=\"wp-block-cover__background has-cyan-bluish-gray-background-color has-background-dim\"><\/span><div class=\"wp-block-cover__inner-container is-layout-flow wp-block-cover-is-layout-flow\">\n<div class=\"wp-block-group is-layout-flow wp-block-group-is-layout-flow\">\n<h2 class=\"wp-block-heading\"><strong>Auf den Spuren von Don Bosco<\/strong><\/h2>\n\n\n\n<p><strong>Don Bosco in Pecetto T.se.<\/strong><\/p>\n\n\n\n<p>Don Bosco hatte enge und konstante Beziehungen zum Theologen Michele Antonio Cinzano, geb\u00fcrtig aus Pecetto, Pfarrer von Castelnuovo d\u2019Asti von 1834 bis 1870. Um das Jahr 1838 hielt der damalige Seminarist Giovanni Bosco eine improvisierte Predigt in Pecetto Torinese, wie von Don Cinzano beschrieben: <\/p>\n\n\n\n<p>\u201c<em>All&#8217;ora del vespro, non era ancora comparso il panegirista colto da improvvisa malattia. Nessuno de&#8216; sacerdoti presenti volle sostituirlo, dicendo mancar loro il tempo necessario a prepararsi e non osare parlare al pubblico cos\u00ec all&#8217;improvviso. Il parroco disse allora al chierico Bosco: &#8211; Andate voi! Giovanni chiese allora un breviario, lesse le lezioni del giorno, sal\u00ec in pulpito e soddisfece cos\u00ec pienamente la popolazione, che alcuni degli uditori, parlando all&#8217;indomani col parroco di Castelnuovo, decantavano la bellezza del discorso e l&#8217;abilit\u00e0 del predicatore   <\/em>&#8222;.<\/p>\n<\/div>\n<\/div><\/div>\n\n<div style=\"height:20px\" aria-hidden=\"true\" class=\"wp-block-spacer\"><\/div>\n\n<h2 class=\"wp-block-heading\">Map<\/h2>\n\n<figure data-wp-context=\"{&quot;imageId&quot;:&quot;69f2b8efc32dc&quot;}\" data-wp-interactive=\"core\/image\" data-wp-key=\"69f2b8efc32dc\" class=\"wp-block-image size-full wp-lightbox-container\"><img fetchpriority=\"high\" decoding=\"async\" width=\"2522\" height=\"2310\" data-wp-class--hide=\"state.isContentHidden\" data-wp-class--show=\"state.isContentVisible\" data-wp-init=\"callbacks.setButtonStyles\" data-wp-on--click=\"actions.showLightbox\" data-wp-on--load=\"callbacks.setButtonStyles\" data-wp-on-window--resize=\"callbacks.setButtonStyles\" src=\"https:\/\/www.camminodonbosco.eu\/wp-content\/uploads\/2024\/01\/Tappa-1Var-Basso.jpg\" alt=\"\" class=\"wp-image-5022\" style=\"object-fit:cover\" srcset=\"https:\/\/www.camminodonbosco.eu\/wp-content\/uploads\/2024\/01\/Tappa-1Var-Basso.jpg 2522w, https:\/\/www.camminodonbosco.eu\/wp-content\/uploads\/2024\/01\/Tappa-1Var-Basso-300x275.jpg 300w, https:\/\/www.camminodonbosco.eu\/wp-content\/uploads\/2024\/01\/Tappa-1Var-Basso-1024x938.jpg 1024w, https:\/\/www.camminodonbosco.eu\/wp-content\/uploads\/2024\/01\/Tappa-1Var-Basso-768x703.jpg 768w, https:\/\/www.camminodonbosco.eu\/wp-content\/uploads\/2024\/01\/Tappa-1Var-Basso-1536x1407.jpg 1536w, https:\/\/www.camminodonbosco.eu\/wp-content\/uploads\/2024\/01\/Tappa-1Var-Basso-2048x1876.jpg 2048w\" sizes=\"(max-width: 2522px) 100vw, 2522px\" \/><button\n\t\t\tclass=\"lightbox-trigger\"\n\t\t\ttype=\"button\"\n\t\t\taria-haspopup=\"dialog\"\n\t\t\taria-label=\"Vergr\u00f6\u00dfern\"\n\t\t\tdata-wp-init=\"callbacks.initTriggerButton\"\n\t\t\tdata-wp-on--click=\"actions.showLightbox\"\n\t\t\tdata-wp-style--right=\"state.imageButtonRight\"\n\t\t\tdata-wp-style--top=\"state.imageButtonTop\"\n\t\t>\n\t\t\t<svg xmlns=\"http:\/\/www.w3.org\/2000\/svg\" width=\"12\" height=\"12\" fill=\"none\" viewBox=\"0 0 12 12\">\n\t\t\t\t<path fill=\"#fff\" d=\"M2 0a2 2 0 0 0-2 2v2h1.5V2a.5.5 0 0 1 .5-.5h2V0H2Zm2 10.5H2a.5.5 0 0 1-.5-.5V8H0v2a2 2 0 0 0 2 2h2v-1.5ZM8 12v-1.5h2a.5.5 0 0 0 .5-.5V8H12v2a2 2 0 0 1-2 2H8Zm2-12a2 2 0 0 1 2 2v2h-1.5V2a.5.5 0 0 0-.5-.5H8V0h2Z\" \/>\n\t\t\t<\/svg>\n\t\t<\/button><\/figure>\n","protected":false},"excerpt":{"rendered":"<p>Man geht am Fluss entlang und gelangt dann \u00fcber die H\u00fcgel von Turin zum sogenannten Dorf der Kirschen. Technische Hinweise Start: Turin, Piazza Maria Ausiliatrice (230 m)Ziel: Pecetto T.se, piazza Roma (409 m)L\u00e4nge: 14,8 kmH\u00f6henunterschied: 492 mSchwierigkeit: Wanderung mit Anstiegen, unterbrochen von kurzen ebenen Abschnitten und einem abschlie\u00dfenden AbstiegVerpflegung: Die Strecke in Turin bietet viele [&hellip;]<\/p>\n","protected":false},"author":1,"featured_media":0,"parent":0,"menu_order":0,"comment_status":"closed","ping_status":"closed","template":"","meta":{"footnotes":""},"class_list":["post-5961","page","type-page","status-publish","hentry"],"_links":{"self":[{"href":"https:\/\/www.camminodonbosco.eu\/de\/wp-json\/wp\/v2\/pages\/5961","targetHints":{"allow":["GET"]}}],"collection":[{"href":"https:\/\/www.camminodonbosco.eu\/de\/wp-json\/wp\/v2\/pages"}],"about":[{"href":"https:\/\/www.camminodonbosco.eu\/de\/wp-json\/wp\/v2\/types\/page"}],"author":[{"embeddable":true,"href":"https:\/\/www.camminodonbosco.eu\/de\/wp-json\/wp\/v2\/users\/1"}],"replies":[{"embeddable":true,"href":"https:\/\/www.camminodonbosco.eu\/de\/wp-json\/wp\/v2\/comments?post=5961"}],"version-history":[{"count":0,"href":"https:\/\/www.camminodonbosco.eu\/de\/wp-json\/wp\/v2\/pages\/5961\/revisions"}],"wp:attachment":[{"href":"https:\/\/www.camminodonbosco.eu\/de\/wp-json\/wp\/v2\/media?parent=5961"}],"curies":[{"name":"wp","href":"https:\/\/api.w.org\/{rel}","templated":true}]}}