{"id":5963,"date":"2022-06-30T15:20:40","date_gmt":"2022-06-30T13:20:40","guid":{"rendered":"https:\/\/www.camminodonbosco.eu\/vom-eremo-dei-camaldolesi-nach-chieri\/"},"modified":"2024-02-22T21:29:47","modified_gmt":"2024-02-22T20:29:47","slug":"vom-eremo-dei-camaldolesi-nach-chieri","status":"publish","type":"page","link":"https:\/\/www.camminodonbosco.eu\/de\/vom-eremo-dei-camaldolesi-nach-chieri\/","title":{"rendered":"Vom Eremo dei Camaldolesi nach Chieri"},"content":{"rendered":"\n<p><em>Vom Eremo dei Camaldolesi zum Dom von Chieri \u00fcber die Stra\u00dfe der alten Villen.<\/em><\/p>\n\n\n\n<div style=\"height:20px\" aria-hidden=\"true\" class=\"wp-block-spacer\"><\/div>\n\n\n\n<h2 class=\"wp-block-heading\">Technische Hinweise<\/h2>\n\n\n\n<p><strong>Start<\/strong>: Eremo dei Camaldolesi (621 m)<br><strong>Ziel<\/strong>: Chieri, Piazza del Duomo (283 m)<br><strong>L\u00e4nge<\/strong>: 12,2 km<br><strong>H\u00f6henunterschied<\/strong>: 135 m<br><strong>Schwierigkeit<\/strong>: Wanderung, leicht h\u00fcgeliges Gel\u00e4nde<br><strong>Verpflegung<\/strong>: Es gibt keine Verpflegungsm\u00f6glichkeiten bis Pino T.se und dann in Chieri<br><strong>Wasser<\/strong>: In Pino T.se gibt es Brunnen auf der Piazza del Municipio und in der Via dei Colli (Picknickbereich), in Chieri Brunnen in der Via Tana, Piazza Duomo und bei der Kirche S. Domenico<\/p>\n\n\n\n<div style=\"height:20px\" aria-hidden=\"true\" class=\"wp-block-spacer\"><\/div>\n\n\n\n<h2 class=\"wp-block-heading\">Beschreibung<\/h2>\n\n\n\n<p>Wir lassen den Turm (<strong>L<\/strong>) hinter uns und biegen rechts in Richtung Pino T.se ab auf die Stra\u00dfe neben dem Parkplatz des Eremo dei Camaldolesi, dann entlang der alten Stadtmauer hinunter und immer geradeaus weitergehen, die Abzweigung rechts auf Weg Nr. 32-GTC ignorieren.  Die Cascina Margheria mit ihren sch\u00f6nen Weiden rechts liegen lassen und nach etwa 800 m auf die Stra\u00dfe des Eremo kommen. Hier rechts abbiegen und der Stra\u00dfe f\u00fcr etwas mehr als 400 m folgen, auf die Autos achten; die erste Abzweigung nach links (Vicinale del Rosero) ignorieren und stattdessen links in die Stra\u00dfe Rio Martello biegen. Die Stra\u00dfe f\u00fchrt leicht bergab zur Siedlung Tetti Rosero. Die Kapelle von San Michele links liegen lassen, die Abzweigung rechts auf die Stra\u00dfe Rosero ignorieren und bis zum Wegweiser f\u00fcr Via Rosero geradeaus gehen, dann links biegen. Am ersten Abzweig rechts auf einen Feldweg weitergehen, der zu einer gro\u00dfen Wiese (Pian Mongino, Aussichtspunkt) f\u00fchrt, dann die SP Eremo-Pino T.se erreichen. Hier nach rechts biegen und der Landstra\u00dfe f\u00fcr 200 m folgen, dann (nach etwa 2,1 km vom Abzweig der Cascina Margheria) rechts auf die andere Seite der gleichen Wiese abbiegen und zum isolierten Baum gehen, dann links in den Wald auf dem sogenannten Sentiero del Gallo gehen (     <em>Alternative Route: Nicht auf den Sentiero del Gallo hinuntergehen, sondern links dem Weg Nr. 40 folgen, der nach Pino T.se f\u00fchrt, die Abzweigung rechts zum Observatorium ignorieren und dann die Stra\u00dfe S. Felice erreichen, dann rechts abbiegen bis zur Kreuzung mit der Via Podio). <\/em>Leicht bergab zu den ersten H\u00e4usern von Pino gehen und auf der Stra\u00dfe S. Felice ankommen. Links abbiegen und 200 m weitergehen, dann rechts in die Via Podio abbiegen. Auf dieser Stra\u00dfe geradeaus weitergehen, die H\u00fcgelkette entlang, leicht abw\u00e4rts, mit wundersch\u00f6nen Panoramablicken auf beiden Seiten: Pecetto T.se rechts, Pavarolo, Montaldo T.se und Marentino links. Nach der Kapelle des Podio weitergehen, bis ins Tal und vorbei an einem sch\u00f6nen Weinberg und alle Abzweigungen ignorieren (etwa 450 m unterhalb der Kapelle geht rechts der Weg der Variante dieser Etappe).<br>An dieser Stelle, an einem kleinen Teich, links abbiegen auf den unbefestigten Weg der Stra\u00dfe Moglia, die Zufahrtsstra\u00dfe zur Villa Moglia \u00fcberqueren und nach 200 m links in die obere Vallero-Stra\u00dfe biegen. Die Stra\u00dfe f\u00fchrt bergauf und erm\u00f6glicht einen Blick von oben auf das Anwesen der Villa Moglia. Villa Bruno passieren (ca. 2,5 km von der Kapelle des Podio entfernt) und auf einem asphaltierten Abschnitt an einer Abzweigung hinter dem Institut Bonafous ankommen (800 m von Villa Bruno entfernt). Hier geradeaus auf dem unbefestigten Weg weitergehen (sch\u00f6ne Aussicht auf Chieri links), die Abfahrt links ignorieren und auf der Stra\u00dfe della Luigina bleiben. Nach der Villa Luigina und Villa Brea \u00fcberquert man die SP124 Pecetto T.se-Chieri (ca. 1,5 km vom Institut Bonafous entfernt). Links abbiegen und, auf den Verkehr achten (einige Abschnitte haben keinen Gehweg), \u00fcber den Viale Cappuccini und dann die Via Tana nach Chieri gehen, bis zur Piazza del Duomo (I) (1,5 km von der Kreuzung mit der Landstra\u00dfe).<\/p>\n\n\n\n<div class=\"wp-block-cover is-light\"><span aria-hidden=\"true\" class=\"wp-block-cover__background has-cyan-bluish-gray-background-color has-background-dim\"><\/span><div class=\"wp-block-cover__inner-container is-layout-flow wp-block-cover-is-layout-flow\">\n<div class=\"wp-block-group is-layout-flow wp-block-group-is-layout-flow\">\n<h2 class=\"wp-block-heading\">Auf den Spuren von Don Bosco<\/h2>\n\n\n\n<p><strong>Don Bosco in Chieri <\/strong><\/p>\n\n\n\n<p>Im November 1831 zog Giovanni Bosco nach Chieri, um die \u00f6ffentlichen Schulen und sp\u00e4ter das Seminar zu besuchen. Er wohnte als Pensionsgast im Haus von Lucia Matta und arbeitete als Knecht, Kellner und Stallbursche. Es waren Jahre des Opfers, aber auch entscheidend f\u00fcr seine Bildung: Als junger Mann vom Land, verlie\u00df er die Stadt im Alter von 26 Jahren als geistig gefestigter und gut ausgebildeter Priester. Hier gr\u00fcndete er mit anderen jungen Menschen die Gesellschaft der Freude, um Gleichaltrige zum Gebet und zum H\u00f6ren der Messe zu bringen, wobei er auch Zauberspiele und Akrobatik einsetzte. In Chieri setzte er seine Studien bis Oktober 1835 fort, legte dann in Turin die Pr\u00fcfung ab, um das Diplom zu erhalten, trat ins Seminar von Chieri ein, wo er sein Studium zum Priester abschloss. In der Kirche San Domenico feierte Don Bosco seine dritte Messe nach seiner Ordination.     <\/p>\n\n\n\n<div style=\"height:30px\" aria-hidden=\"true\" class=\"wp-block-spacer\"><\/div>\n\n\n\n<p><strong>Besucherzentrum Don Bosco <\/strong><\/p>\n\n\n\n<p>(Via Vittorio Emanuele II 63, Chieri, Tel. 011\/9428342-9428440, <a href=\"mailto:info@turismochieri.it\" target=\"_blank\" rel=\"noreferrer noopener\">info@turismochieri.it<\/a>) Das Besucherzentrum Don Bosco ist ganz dem Leben des Heiligen gewidmet, insbesondere den Jahren seiner Jugend in Chieri, die als entscheidender Schritt f\u00fcr seine religi\u00f6se und kulturelle Bildung angesehen werden. Die Museumsf\u00fchrung ist im ersten Stock des ehemaligen Seminars San Filippo in der &#8222;Stanza del Sogno&#8220; eingerichtet, dem Schlafsaal, in dem Luigi Comollo, der fr\u00fch verstarb, Giovanni Bosco mitteilte, dass er gerettet worden sei, und f\u00fchrt den Besucher dann durch vier verschiedene thematische R\u00e4ume. Der erste Raum widmet sich Chieri des 19. Jahrhunderts und beschreibt den st\u00e4dtischen Kontext, in dem der junge Bosco unter historischen, kulturellen, religi\u00f6sen und sozialen Gesichtspunkten lebte, w\u00e4hrend der zweite Raum die schulische und berufliche Umgebung behandelt, in der der Heilige seine Ausbildung erhielt. Der dritte Bereich betrifft das Thema der Freundschaft und der von ihm gegr\u00fcndeten Gesellschaft der Freude. Die letzte Station ist den Jahren gewidmet, die Don Bosco im Seminar verbrachte.    <\/p>\n\n\n\n<div style=\"height:30px\" aria-hidden=\"true\" class=\"wp-block-spacer\"><\/div>\n\n\n\n<p><strong>Don Bosco-Route in Chieri <\/strong><\/p>\n\n\n\n<p>(<a href=\"http:\/\/www.turismochieri.it\" data-type=\"URL\" data-id=\"www.turismochieri.it\">www.turismochieri.it<\/a>, Dauer 2 Stunden und 30 Minuten) Die Route umfasst alle Orte, die mit Giovanni Bosco verbunden sind (Viale Fiume-Vicolo Valimberti-Piazza Cavour-Via Palazzo di Citt\u00e0-Via Vittorio Emanuele II Nr. 47-Piazza Mazzini-Ex-Seminar der Erzdi\u00f6zese-Dom-Via della Pace-Kirche San Domenico-Casa Morano).<\/p>\n\n\n\n<div style=\"height:30px\" aria-hidden=\"true\" class=\"wp-block-spacer\"><\/div>\n<\/div>\n\n\n\n<figure class=\"wp-block-gallery has-nested-images columns-default is-cropped wp-block-gallery-1 is-layout-flex wp-block-gallery-is-layout-flex\">\n<figure class=\"wp-block-image size-full\"><img fetchpriority=\"high\" decoding=\"async\" width=\"1966\" height=\"1075\" data-id=\"2052\" src=\"https:\/\/www.camminodonbosco.eu\/wp-content\/uploads\/2022\/07\/LOratorio-San-Luigi-a-Chieri.jpg\" alt=\"\" class=\"wp-image-2052\" srcset=\"https:\/\/www.camminodonbosco.eu\/wp-content\/uploads\/2022\/07\/LOratorio-San-Luigi-a-Chieri.jpg 1966w, https:\/\/www.camminodonbosco.eu\/wp-content\/uploads\/2022\/07\/LOratorio-San-Luigi-a-Chieri-300x164.jpg 300w, https:\/\/www.camminodonbosco.eu\/wp-content\/uploads\/2022\/07\/LOratorio-San-Luigi-a-Chieri-1024x560.jpg 1024w, https:\/\/www.camminodonbosco.eu\/wp-content\/uploads\/2022\/07\/LOratorio-San-Luigi-a-Chieri-768x420.jpg 768w, https:\/\/www.camminodonbosco.eu\/wp-content\/uploads\/2022\/07\/LOratorio-San-Luigi-a-Chieri-1536x840.jpg 1536w\" sizes=\"(max-width: 1966px) 100vw, 1966px\" \/><\/figure>\n<\/figure>\n\n\n\n<div style=\"height:30px\" aria-hidden=\"true\" class=\"wp-block-spacer\"><\/div>\n\n\n\n<p><strong>Don Bosco in Pino T.se<\/strong><\/p>\n\n\n\n<p>Ausser Don Bosco durchquerte auch der Heilige Giuseppe Agostino Benedetto Cottolengo, der Gr\u00fcnder des Kleinen Hauses der g\u00f6ttlichen Vorsehung, das Dorf Pino T.se im April 1842 auf dem Weg zu seinem Onkel, dem Kanoniker in Chieri, wo er starb. Zwischen 1856 und 1857 waren au\u00dferdem zwei Bewohner von Pino &#8211; Carlo Ghivarello und Giuseppe Lazzero &#8211; unter den ersten Sch\u00fclern des zuk\u00fcnftigen Heiligen in Turin und spielten sp\u00e4ter eine Rolle bei der Gr\u00fcndung der Pia Societ\u00e0 Salesiana. Zwischen 1857 und 1870 auf dem Weg von Pino nach Chieri w\u00e4hrend der Herbstspazierg\u00e4nge mit Don Bosco und wurden die Gruppen von der Familie Ghivarello empfangen. Weniger klar und ausreichend dokumentiert waren jedoch die Predigten von Don Bosco in der Pfarrkirche von Pino, mit Ausnahme derjenigen vom 11. Juni 1865, dem Fest der Heiligsten Dreifaltigkeit.   <\/p>\n<\/div><\/div>\n\n\n\n<div style=\"height:20px\" aria-hidden=\"true\" class=\"wp-block-spacer\"><\/div>\n\n\n\n<h2 class=\"wp-block-heading\">Map<\/h2>\n\n\n\n<figure class=\"wp-block-image size-full\"><img decoding=\"async\" width=\"2560\" height=\"629\" src=\"https:\/\/www.camminodonbosco.eu\/wp-content\/uploads\/2024\/01\/Tappa-3-Basso-scaled.jpg\" alt=\"\" class=\"wp-image-5034\" srcset=\"https:\/\/www.camminodonbosco.eu\/wp-content\/uploads\/2024\/01\/Tappa-3-Basso-scaled.jpg 2560w, https:\/\/www.camminodonbosco.eu\/wp-content\/uploads\/2024\/01\/Tappa-3-Basso-300x74.jpg 300w, https:\/\/www.camminodonbosco.eu\/wp-content\/uploads\/2024\/01\/Tappa-3-Basso-1024x252.jpg 1024w, https:\/\/www.camminodonbosco.eu\/wp-content\/uploads\/2024\/01\/Tappa-3-Basso-768x189.jpg 768w, https:\/\/www.camminodonbosco.eu\/wp-content\/uploads\/2024\/01\/Tappa-3-Basso-1536x377.jpg 1536w, https:\/\/www.camminodonbosco.eu\/wp-content\/uploads\/2024\/01\/Tappa-3-Basso-2048x503.jpg 2048w\" sizes=\"(max-width: 2560px) 100vw, 2560px\" \/><\/figure>\n","protected":false},"excerpt":{"rendered":"<p>Vom Eremo dei Camaldolesi zum Dom von Chieri \u00fcber die Stra\u00dfe der alten Villen. Technische Hinweise Start: Eremo dei Camaldolesi (621 m)Ziel: Chieri, Piazza del Duomo (283 m)L\u00e4nge: 12,2 kmH\u00f6henunterschied: 135 mSchwierigkeit: Wanderung, leicht h\u00fcgeliges Gel\u00e4ndeVerpflegung: Es gibt keine Verpflegungsm\u00f6glichkeiten bis Pino T.se und dann in ChieriWasser: In Pino T.se gibt es Brunnen auf der [&hellip;]<\/p>\n","protected":false},"author":1,"featured_media":0,"parent":0,"menu_order":0,"comment_status":"closed","ping_status":"closed","template":"","meta":{"footnotes":""},"class_list":["post-5963","page","type-page","status-publish","hentry"],"_links":{"self":[{"href":"https:\/\/www.camminodonbosco.eu\/de\/wp-json\/wp\/v2\/pages\/5963","targetHints":{"allow":["GET"]}}],"collection":[{"href":"https:\/\/www.camminodonbosco.eu\/de\/wp-json\/wp\/v2\/pages"}],"about":[{"href":"https:\/\/www.camminodonbosco.eu\/de\/wp-json\/wp\/v2\/types\/page"}],"author":[{"embeddable":true,"href":"https:\/\/www.camminodonbosco.eu\/de\/wp-json\/wp\/v2\/users\/1"}],"replies":[{"embeddable":true,"href":"https:\/\/www.camminodonbosco.eu\/de\/wp-json\/wp\/v2\/comments?post=5963"}],"version-history":[{"count":0,"href":"https:\/\/www.camminodonbosco.eu\/de\/wp-json\/wp\/v2\/pages\/5963\/revisions"}],"wp:attachment":[{"href":"https:\/\/www.camminodonbosco.eu\/de\/wp-json\/wp\/v2\/media?parent=5963"}],"curies":[{"name":"wp","href":"https:\/\/api.w.org\/{rel}","templated":true}]}}