{"id":5967,"date":"2022-06-30T15:21:28","date_gmt":"2022-06-30T13:21:28","guid":{"rendered":"https:\/\/www.camminodonbosco.eu\/von-pecetto-t-se-nach-chieri\/"},"modified":"2024-02-21T23:06:53","modified_gmt":"2024-02-21T22:06:53","slug":"von-pecetto-t-se-nach-chieri","status":"publish","type":"page","link":"https:\/\/www.camminodonbosco.eu\/de\/von-pecetto-t-se-nach-chieri\/","title":{"rendered":"Von Pecetto T.se nach Chieri"},"content":{"rendered":"\n<p><em>Von Pecetto T.se zum Dom von Chieri, \u00fcber die Stra\u00dfe der alten Villen<\/em><\/p>\n\n<h2 class=\"wp-block-heading\">Technische Hinweise<\/h2>\n\n<p><strong>Startpunkt<\/strong>: Pecetto T.se, piazza Roma (409 m)<br\/><strong>Zielpunkt<\/strong>: Chieri, Piazza del Duomo (283 m)<br\/><strong>L\u00e4nge<\/strong>: 9,2 km<br\/><strong>H\u00f6henunterschied<\/strong>: 153 m<br\/><strong>Schwierigkeitsgrad<\/strong>: Wanderweg mit flachen oder absteigenden Abschnitten, unterbrochen von kurzen Anstiegen<br\/><strong>Verpflegung<\/strong>: in Pecetto T.se und in Chieri<br\/><strong>Wasser<\/strong>: In Pecetto T.se gibt es Brunnen auf der Piazza Roma und Piazza S. Pietro sowie eine Wasserstelle in der N\u00e4he des Friedhofs. In Chieri gibt es Brunnen in der Via Tana, auf der Piazza Duomo und in der Kirche S. Domenico.<\/p>\n\n<div style=\"height:20px\" aria-hidden=\"true\" class=\"wp-block-spacer\"><\/div>\n\n<h2 class=\"wp-block-heading\">Beschreibung<\/h2>\n\n<p>Von der Piazza Roma in die Via Pinto biegen und dann rechts in die Via Circonvallazione , auf der man so lange geht, bis man links in die Strada Chieri einbiegt. Auf dieser Stra\u00dfe geht es aus der Ortschaft in Richtung Chieri, dann biegt man an der Kapelle links in die Strada Tetti Canap\u00e8. Man geht auf dieser Stra\u00dfe 700 Meter durch sch\u00f6ne Obstg\u00e4rten, dann talw\u00e4rts und \u00fcberquert eine kleine Br\u00fccke. Rechts bleiben bis zur Kreuzung mit der Strada Ciattalina. Man biegt rechts ab und geht 300 Meter auf dem Schotterweg leicht abw\u00e4rts, bis an eine Kreuzung in der N\u00e4he einer weiteren kleinen Br\u00fccke. Vor dieser links abbiegen und dann weitere 300 Meter, bis man auf eine sch\u00f6ne Fahrstra\u00dfe (Via del Turco) st\u00f6\u00dft. Links abbiegen, dann nach 100 Metern nach rechts gehen und der Stra\u00dfe folgen, die dann asphaltiert ist und schlie\u00dflich auf die Via San Felice f\u00fchrt. Links abbiegen, 250 Meter weitergehen und dann rechts in die Via Solairano einbiegen. 500 Meter auf dieser Stra\u00dfe geht es leicht bergauf, bis man die Via del Podio kreuzt (<em>ungef\u00e4hr 450 Meter unterhalb der Kapelle del Podio<\/em>), wo es nach rechts geht. Von hier aus verl\u00e4uft die Strecke parallel zu Etappe 2 des Cammino Basso, auf die zur Beschreibung verwiesen wird.       <\/p>\n\n<div style=\"height:20px\" aria-hidden=\"true\" class=\"wp-block-spacer\"><\/div>\n\n<h2 class=\"wp-block-heading\">Map<\/h2>\n\n<figure data-wp-context=\"{&quot;imageId&quot;:&quot;69f2b43220649&quot;}\" data-wp-interactive=\"core\/image\" data-wp-key=\"69f2b43220649\" class=\"wp-block-image size-full wp-lightbox-container\"><img fetchpriority=\"high\" decoding=\"async\" width=\"1280\" height=\"667\" data-wp-class--hide=\"state.isContentHidden\" data-wp-class--show=\"state.isContentVisible\" data-wp-init=\"callbacks.setButtonStyles\" data-wp-on--click=\"actions.showLightbox\" data-wp-on--load=\"callbacks.setButtonStyles\" data-wp-on-window--resize=\"callbacks.setButtonStyles\" src=\"https:\/\/www.camminodonbosco.eu\/wp-content\/uploads\/2022\/06\/Tappa2-CamminoBasso-Eremo-Chieri-e-Varianti.jpg\" alt=\"\" class=\"wp-image-974\" style=\"object-fit:cover\" srcset=\"https:\/\/www.camminodonbosco.eu\/wp-content\/uploads\/2022\/06\/Tappa2-CamminoBasso-Eremo-Chieri-e-Varianti.jpg 1280w, https:\/\/www.camminodonbosco.eu\/wp-content\/uploads\/2022\/06\/Tappa2-CamminoBasso-Eremo-Chieri-e-Varianti-300x156.jpg 300w, https:\/\/www.camminodonbosco.eu\/wp-content\/uploads\/2022\/06\/Tappa2-CamminoBasso-Eremo-Chieri-e-Varianti-1024x534.jpg 1024w, https:\/\/www.camminodonbosco.eu\/wp-content\/uploads\/2022\/06\/Tappa2-CamminoBasso-Eremo-Chieri-e-Varianti-768x400.jpg 768w\" sizes=\"(max-width: 1280px) 100vw, 1280px\" \/><button\n\t\t\tclass=\"lightbox-trigger\"\n\t\t\ttype=\"button\"\n\t\t\taria-haspopup=\"dialog\"\n\t\t\taria-label=\"Vergr\u00f6\u00dfern\"\n\t\t\tdata-wp-init=\"callbacks.initTriggerButton\"\n\t\t\tdata-wp-on--click=\"actions.showLightbox\"\n\t\t\tdata-wp-style--right=\"state.imageButtonRight\"\n\t\t\tdata-wp-style--top=\"state.imageButtonTop\"\n\t\t>\n\t\t\t<svg xmlns=\"http:\/\/www.w3.org\/2000\/svg\" width=\"12\" height=\"12\" fill=\"none\" viewBox=\"0 0 12 12\">\n\t\t\t\t<path fill=\"#fff\" d=\"M2 0a2 2 0 0 0-2 2v2h1.5V2a.5.5 0 0 1 .5-.5h2V0H2Zm2 10.5H2a.5.5 0 0 1-.5-.5V8H0v2a2 2 0 0 0 2 2h2v-1.5ZM8 12v-1.5h2a.5.5 0 0 0 .5-.5V8H12v2a2 2 0 0 1-2 2H8Zm2-12a2 2 0 0 1 2 2v2h-1.5V2a.5.5 0 0 0-.5-.5H8V0h2Z\" \/>\n\t\t\t<\/svg>\n\t\t<\/button><\/figure>\n","protected":false},"excerpt":{"rendered":"<p>Von Pecetto T.se zum Dom von Chieri, \u00fcber die Stra\u00dfe der alten Villen Technische Hinweise Startpunkt: Pecetto T.se, piazza Roma (409 m)Zielpunkt: Chieri, Piazza del Duomo (283 m)L\u00e4nge: 9,2 kmH\u00f6henunterschied: 153 mSchwierigkeitsgrad: Wanderweg mit flachen oder absteigenden Abschnitten, unterbrochen von kurzen AnstiegenVerpflegung: in Pecetto T.se und in ChieriWasser: In Pecetto T.se gibt es Brunnen auf [&hellip;]<\/p>\n","protected":false},"author":1,"featured_media":0,"parent":0,"menu_order":0,"comment_status":"closed","ping_status":"closed","template":"","meta":{"footnotes":""},"class_list":["post-5967","page","type-page","status-publish","hentry"],"_links":{"self":[{"href":"https:\/\/www.camminodonbosco.eu\/de\/wp-json\/wp\/v2\/pages\/5967","targetHints":{"allow":["GET"]}}],"collection":[{"href":"https:\/\/www.camminodonbosco.eu\/de\/wp-json\/wp\/v2\/pages"}],"about":[{"href":"https:\/\/www.camminodonbosco.eu\/de\/wp-json\/wp\/v2\/types\/page"}],"author":[{"embeddable":true,"href":"https:\/\/www.camminodonbosco.eu\/de\/wp-json\/wp\/v2\/users\/1"}],"replies":[{"embeddable":true,"href":"https:\/\/www.camminodonbosco.eu\/de\/wp-json\/wp\/v2\/comments?post=5967"}],"version-history":[{"count":0,"href":"https:\/\/www.camminodonbosco.eu\/de\/wp-json\/wp\/v2\/pages\/5967\/revisions"}],"wp:attachment":[{"href":"https:\/\/www.camminodonbosco.eu\/de\/wp-json\/wp\/v2\/media?parent=5967"}],"curies":[{"name":"wp","href":"https:\/\/api.w.org\/{rel}","templated":true}]}}