{"id":5971,"date":"2022-06-30T15:22:04","date_gmt":"2022-06-30T13:22:04","guid":{"rendered":"https:\/\/www.camminodonbosco.eu\/von-chieri-zum-colle-don-bosco\/"},"modified":"2024-02-21T23:10:04","modified_gmt":"2024-02-21T22:10:04","slug":"von-chieri-zum-colle-don-bosco","status":"publish","type":"page","link":"https:\/\/www.camminodonbosco.eu\/de\/von-chieri-zum-colle-don-bosco\/","title":{"rendered":"Von Chieri zum Colle Don Bosco"},"content":{"rendered":"\n<p><em>Wanderung zum Colle, zum Geburtshaus von S. Domenico Savio und durch das Land zwischen Chieri, Riva bei Chieri und Buttigliera d&#8217;Asti.<\/em><\/p>\n\n<p><strong>Startpunkt<\/strong>: Chieri, piazza Duomo (283 m)<br\/><strong>Zielpunkt<\/strong>: Basilika Colle Don Bosco (260 m)<br\/><strong>L\u00e4nge<\/strong>: 19,0 km<br\/><strong>H\u00f6henunterschied<\/strong>: 146 m<br\/><strong>Schwierigkeitsgrad<\/strong>: Wanderroute, flaches Gel\u00e4nde<br\/><strong>Verpflegung<\/strong>: Nach Verlassen von Chieri gibt es keine Verpflegungsm\u00f6glichkeiten bis zum Colle Don Bosco<br\/><strong>Wasser<\/strong>: In Chieri gibt es Brunnen in der Via Tana, auf der Piazza Duomo, in der Kirche San Domenico und zwei in der Via Buttigliera zwischen dem Friedhof und den Schulen. Sp\u00e4ter gibt es noch einen Brunnen in San Giovanni di Riva (Haus von San Domenico Savio) und 3 Brunnen am Colle Don Bosco. <\/p>\n\n<div style=\"height:20px\" aria-hidden=\"true\" class=\"wp-block-spacer\"><\/div>\n\n<h2 class=\"wp-block-heading\">Beschreibung<\/h2>\n\n<p>Von Piazza Duomo (<strong>I<\/strong>) aus gehen Sie die Via Vittorio Emanuele entlang und biegen rechts unter dem Bogen nach San Filippo (Besucherzentrum Don Bosco) ab und weiter Zur Kirche San Domenico. Dann geht es die Via delle Rosine hinauf. Biegen Sie links in Via Avezzana, dann sofort rechts in die Via Albussano, \u00fcberqueren Sie den Corso Matteotti und gehen Sie geradeaus weiter auf die Via Buttigliera. Nach ungef\u00e4hr 1 km, wenn Sie zum Friedhof gelangen, gehen Sie auf der linken Seite des Friedhofs entlang der Mauer von Via Pirandello, bis zu einem gro\u00dfen Parkplatz; hier gehen Sie nach links , in die Vecchia Buttigliera-Stra\u00dfe, der Sie dann nach rechts folgen \u2013 entlang dem Radweg &#8211; bis zum Kreisverkehr, den Sie nach etwa 1,8 km erreichen. \u00dcberqueren Sie die Stra\u00dfe, und bleiben sie auf der asphaltierten Stra\u00dfe links neben der Cascina Robbio (vorbei an gro\u00dfen Tiergehegen), \u00fcberqueren Sie den Rio di Cesole und den Rio Moano; folgen Sie der Stra\u00dfe, die nach rechts abbiegt (lassen Sie die Abzweigung zur Cascina Riviera links liegen), neben gro\u00dfen Gehegen weitergehen, biegen Sie nach etwa 400 m erneut rechts ab und gehen Sie dann geradeaus weiter, bis Sie die SP121 Riva bei Chieri-Arignano in dem Ortsteil San Giovanni nach etwa 4,2 km von der Cascina Robbio erreichen. Nachdem Sie die Hauptstra\u00dfe und den Ort (Via Don Bosco) \u00fcberquert haben, gehen Sie fast 1 km weiter, zuerst zum Geburtshaus von San Domenico Savio und dann zur Kreuzung mit der SP32 Riva bei Chieri-Buttigliera d&#8217;Asti. \u00dcberqueren Sie vorsichtig auf der gegen\u00fcberliegenden Seite der Hauptstra\u00dfe etwa zwanzig Meter nach links und biegen Sie dann rechts in einen unbefestigten Weg neben dem Industriegebiet (ehemalige Embraco). Nach einem gro\u00dfen Bogen nach links erreichen Sie eine Stra\u00dfe mit sch\u00f6nen Eichenb\u00e4umen, die rechts an der Cascina Martina vorbeif\u00fchrt und nach 1,5 km auf einen Feldweg trifft. Biegen Sie rechts ab und folgen Sie dem Feldweg, lassen Sie die Cascine Corna und Serramena rechts liegen und folgen Sie dann einer asphaltierten Stra\u00dfe. Kurz danach bietet sich Ihnen links ein sch\u00f6ner Panoramablick, der vom Glockenturm von Buttigliera bis zur Alpenkette reicht, w\u00e4hrend er nach links einen interessanten Blick auf den Colle Don Bosco bietet. Ignorieren Sie eine weitere Abzweigung rechts, die zu einem Hof f\u00fchrt. Nach \u00fcber 3,5 km erreichen Sie den Ort Croce Grande in der Ortschaft Crivelle, wo Sie die SP16 \u00fcberqueren. Gehen Sie 100 m geradeaus weiter, biegen Sie dann nach rechts ab und folgen Sie dem Weg zwischen den Wiesen hinunter (mit Blick auf den H\u00fcgel im Hintergrund). Ignorieren Sie die erste Stra\u00dfe rechts, und gehen am n\u00e4chsten Kreuzungspunkt weiter nach rechts. Ignorieren Sie die folgenden Abzweigungen nach links, dann erreichen Sie eine Kreuzung (ungef\u00e4hr 2,4 km von der Kreuzung Croce Grande entfernt) in der N\u00e4he einer Br\u00fccke.             <em>Hier verbindet sich der Weg mit Etappe 3 des Cammino Medio, auf die in der Beschreibung des Endabschnitts des Weges verwiesen wird.<\/em><\/p>\n\n<div style=\"height:20px\" aria-hidden=\"true\" class=\"wp-block-spacer\"><\/div>\n\n<div class=\"wp-block-cover is-light\"><span aria-hidden=\"true\" class=\"wp-block-cover__background has-cyan-bluish-gray-background-color has-background-dim\"><\/span><div class=\"wp-block-cover__inner-container is-layout-flow wp-block-cover-is-layout-flow\">\n<div class=\"wp-block-group is-layout-flow wp-block-group-is-layout-flow\">\n<h2 class=\"wp-block-heading\">Auf den Spuren von Don Bosco<\/h2>\n\n\n\n<p><strong>San Domenico Savio und San Giovanni Bosco<\/strong><\/p>\n\n\n\n<figure class=\"wp-block-image alignright size-large is-resized\"><img decoding=\"async\" src=\"https:\/\/www.camminodonbosco.eu\/wp-content\/uploads\/2022\/07\/La-casa-di-San-Domenico-Savio-a-San-Giovanni-di-Riva-presso-Chieri-110x300.jpg\" alt=\"\" style=\"width:166px;height:auto\"\/><\/figure>\n\n\n\n<p>Domenico Savio wurde am 2. April 1842 in einem Bauernhof in San Giovanni di Riva als zweites von zehn Kindern des Schmieds Carlo und der Schneiderin Brigida Gaiato geboren. Er wurde am Tag seiner Geburt in der Pfarrkirche von Riva getauft. Heute ist das gesamte Anwesen zu einem Zentrum f\u00fcr Spiritualit\u00e4t und Gastfreundschaft umgewandelt worden, aber das Geburtshaus ist immer noch f\u00fcr Besucher ge\u00f6ffnet: Die Kapelle, die aus dem alten K\u00fcchenraum entstand, ein kleines Museum, das die Werkstatt des Vaters nachbildet, das Zimmer, in dem Domenico geboren wurde, mit den originalen Ziegelfu\u00dfb\u00f6den, und das Kinderzimmer. Der zuk\u00fcnftige Heilige lebte bis November 1843 an seinem Geburtsort, als die Familie Savio nach Morialdo, einem Ortsteil von Castelnuovo d&#8217;Asti, zog, wo sie bis Februar 1853 blieb, bevor sie nach Mondonio umzog. Am 2. Oktober 1854, am Fest der Madonna des Rosenkranzes, traf der zw\u00f6lfj\u00e4hrige Domenico Don Bosco in dem Ort Becchi: Es war ein entscheidender Schritt auf seinem Weg zur Heiligkeit, denn Domenico bat an diesem Tag darum, im Oratorium aufgenommen zu werden, und bekundete seinen Wunsch, Priester zu werden. Der Junge wurde daraufhin aufgrund seiner au\u00dfergew\u00f6hnlichen geistigen und intellektuellen Gaben unter der geistigen F\u00fchrung von Don Bosco in Turin aufgenommen. Er blieb dort bis M\u00e4rz 1857, als er aufgrund einer schweren Krankheit nach Mondonio zur\u00fcckkehren musste, wo er am 9. M\u00e4rz 1857 starb. Seine sterblichen \u00dcberreste ruhen in der Basilika Maria Ausiliatrice in Turin. Am 12. Juni 1954 wurde er von Papst Pius XII. in der Basilika San Pietro in Rom heiliggesprochen. Sein Festtag wird am 6. Mai gefeiert, und er gilt als \u201eSchutzpatron werdender M\u00fctter\u201c. An seinem Geburtshaus wurde zum Gedenken an seinen hundertsten Todestag ein Denkmal errichtet.          <\/p>\n<\/div>\n<\/div><\/div>\n\n<div style=\"height:20px\" aria-hidden=\"true\" class=\"wp-block-spacer\"><\/div>\n\n<h2 class=\"wp-block-heading\">Map<\/h2>\n\n<figure data-wp-context=\"{&quot;imageId&quot;:&quot;69f2b6eb87063&quot;}\" data-wp-interactive=\"core\/image\" data-wp-key=\"69f2b6eb87063\" class=\"wp-block-image size-full wp-lightbox-container\"><img fetchpriority=\"high\" decoding=\"async\" width=\"2560\" height=\"535\" data-wp-class--hide=\"state.isContentHidden\" data-wp-class--show=\"state.isContentVisible\" data-wp-init=\"callbacks.setButtonStyles\" data-wp-on--click=\"actions.showLightbox\" data-wp-on--load=\"callbacks.setButtonStyles\" data-wp-on-window--resize=\"callbacks.setButtonStyles\" src=\"https:\/\/www.camminodonbosco.eu\/wp-content\/uploads\/2022\/07\/Tappa-3-CDB-Basso-CHIERI-COLLE-DON-BOSCO-scaled.jpg\" alt=\"\" class=\"wp-image-1374\" style=\"object-fit:cover\" srcset=\"https:\/\/www.camminodonbosco.eu\/wp-content\/uploads\/2022\/07\/Tappa-3-CDB-Basso-CHIERI-COLLE-DON-BOSCO-scaled.jpg 2560w, https:\/\/www.camminodonbosco.eu\/wp-content\/uploads\/2022\/07\/Tappa-3-CDB-Basso-CHIERI-COLLE-DON-BOSCO-300x63.jpg 300w, https:\/\/www.camminodonbosco.eu\/wp-content\/uploads\/2022\/07\/Tappa-3-CDB-Basso-CHIERI-COLLE-DON-BOSCO-1024x214.jpg 1024w, https:\/\/www.camminodonbosco.eu\/wp-content\/uploads\/2022\/07\/Tappa-3-CDB-Basso-CHIERI-COLLE-DON-BOSCO-768x161.jpg 768w, https:\/\/www.camminodonbosco.eu\/wp-content\/uploads\/2022\/07\/Tappa-3-CDB-Basso-CHIERI-COLLE-DON-BOSCO-1536x321.jpg 1536w, https:\/\/www.camminodonbosco.eu\/wp-content\/uploads\/2022\/07\/Tappa-3-CDB-Basso-CHIERI-COLLE-DON-BOSCO-2048x428.jpg 2048w\" sizes=\"(max-width: 2560px) 100vw, 2560px\" \/><button\n\t\t\tclass=\"lightbox-trigger\"\n\t\t\ttype=\"button\"\n\t\t\taria-haspopup=\"dialog\"\n\t\t\taria-label=\"Vergr\u00f6\u00dfern\"\n\t\t\tdata-wp-init=\"callbacks.initTriggerButton\"\n\t\t\tdata-wp-on--click=\"actions.showLightbox\"\n\t\t\tdata-wp-style--right=\"state.imageButtonRight\"\n\t\t\tdata-wp-style--top=\"state.imageButtonTop\"\n\t\t>\n\t\t\t<svg xmlns=\"http:\/\/www.w3.org\/2000\/svg\" width=\"12\" height=\"12\" fill=\"none\" viewBox=\"0 0 12 12\">\n\t\t\t\t<path fill=\"#fff\" d=\"M2 0a2 2 0 0 0-2 2v2h1.5V2a.5.5 0 0 1 .5-.5h2V0H2Zm2 10.5H2a.5.5 0 0 1-.5-.5V8H0v2a2 2 0 0 0 2 2h2v-1.5ZM8 12v-1.5h2a.5.5 0 0 0 .5-.5V8H12v2a2 2 0 0 1-2 2H8Zm2-12a2 2 0 0 1 2 2v2h-1.5V2a.5.5 0 0 0-.5-.5H8V0h2Z\" \/>\n\t\t\t<\/svg>\n\t\t<\/button><\/figure>\n","protected":false},"excerpt":{"rendered":"<p>Wanderung zum Colle, zum Geburtshaus von S. Domenico Savio und durch das Land zwischen Chieri, Riva bei Chieri und Buttigliera d&#8217;Asti. Startpunkt: Chieri, piazza Duomo (283 m)Zielpunkt: Basilika Colle Don Bosco (260 m)L\u00e4nge: 19,0 kmH\u00f6henunterschied: 146 mSchwierigkeitsgrad: Wanderroute, flaches Gel\u00e4ndeVerpflegung: Nach Verlassen von Chieri gibt es keine Verpflegungsm\u00f6glichkeiten bis zum Colle Don BoscoWasser: In Chieri [&hellip;]<\/p>\n","protected":false},"author":1,"featured_media":0,"parent":0,"menu_order":0,"comment_status":"closed","ping_status":"closed","template":"","meta":{"footnotes":""},"class_list":["post-5971","page","type-page","status-publish","hentry"],"_links":{"self":[{"href":"https:\/\/www.camminodonbosco.eu\/de\/wp-json\/wp\/v2\/pages\/5971","targetHints":{"allow":["GET"]}}],"collection":[{"href":"https:\/\/www.camminodonbosco.eu\/de\/wp-json\/wp\/v2\/pages"}],"about":[{"href":"https:\/\/www.camminodonbosco.eu\/de\/wp-json\/wp\/v2\/types\/page"}],"author":[{"embeddable":true,"href":"https:\/\/www.camminodonbosco.eu\/de\/wp-json\/wp\/v2\/users\/1"}],"replies":[{"embeddable":true,"href":"https:\/\/www.camminodonbosco.eu\/de\/wp-json\/wp\/v2\/comments?post=5971"}],"version-history":[{"count":0,"href":"https:\/\/www.camminodonbosco.eu\/de\/wp-json\/wp\/v2\/pages\/5971\/revisions"}],"wp:attachment":[{"href":"https:\/\/www.camminodonbosco.eu\/de\/wp-json\/wp\/v2\/media?parent=5971"}],"curies":[{"name":"wp","href":"https:\/\/api.w.org\/{rel}","templated":true}]}}