{"id":5977,"date":"2022-06-24T17:43:11","date_gmt":"2022-06-24T15:43:11","guid":{"rendered":"https:\/\/www.camminodonbosco.eu\/alternative-routen\/"},"modified":"2024-02-25T17:10:58","modified_gmt":"2024-02-25T16:10:58","slug":"alternative-routen","status":"publish","type":"page","link":"https:\/\/www.camminodonbosco.eu\/de\/alternative-routen\/","title":{"rendered":"Weitere Routen"},"content":{"rendered":"\n<h1 class=\"wp-block-heading\">Verbindungen oberer und mittlerer Weg <\/h1>\n\n<h2 class=\"wp-block-heading\"><a rel=\"noreferrer noopener\" href=\"https:\/\/www.camminodonbosco.eu\/de\/cinzano-arignano-tetti-chiaffredo-v1-v2\/\" data-type=\"URL\" data-id=\"https:\/\/www.camminodonbosco.eu\/cinzano-arignano-tetti-chiaffredo-v1-v2\/\" target=\"_blank\">Cinzano-Arignano, Tetti Chiaffredo (V1-V2)<\/a> [<a href=\"https:\/\/www.camminodonbosco.eu\/wp-content\/tracce_gpx\/Collegamento_C1.gpx\">lade die GPX-Datei f\u00fcr Verbindung C1 herunter<\/a>]<\/h2>\n\n<h2 class=\"wp-block-heading\"><a rel=\"noreferrer noopener\" href=\"https:\/\/www.camminodonbosco.eu\/de\/cinzano-moncucco-t-se-cascina-moglia-e-n\/\" data-type=\"URL\" data-id=\"https:\/\/www.camminodonbosco.eu\/cinzano-moncucco-t-se-cascina-moglia-e-n\/\" target=\"_blank\">Cinzano-Moncucco T.se-Cascina Moglia (E-N)<\/a> [<a href=\"https:\/\/www.camminodonbosco.eu\/wp-content\/tracce_gpx\/Collegamento_C2.gpx\">lade die GPX-Datei f\u00fcr Verbindung C2 herunter<\/a>]<\/h2>\n\n<div style=\"height:30px\" aria-hidden=\"true\" class=\"wp-block-spacer\"><\/div>\n\n<h1 class=\"wp-block-heading\">Route 1 [<a href=\"https:\/\/www.camminodonbosco.eu\/wp-content\/tracce_gpx\/Altri_Itinerari_IT1.gpx\">lade die GPX-Datei f\u00fcr IT1 herunter<\/a>]<\/h1>\n\n<h2 class=\"wp-block-heading\"><a href=\"https:\/\/www.camminodonbosco.eu\/de\/trofarello-rundweg\/\" target=\"_blank\" rel=\"noreferrer noopener\">Trofarello-Rundweg<\/a><\/h2>\n\n<p><em>Durch die H\u00fcgel zwischen Trofarello und Pecetto T.se zum Santuario Maria Vergine di Celle.<\/em><\/p>\n\n<div style=\"height:30px\" aria-hidden=\"true\" class=\"wp-block-spacer\"><\/div>\n\n<h1 class=\"wp-block-heading\">Route 2 [<a href=\"https:\/\/www.camminodonbosco.eu\/wp-content\/tracce_gpx\/Altri_Itinerari_IT2.gpx\">lade die GPX-Datei f\u00fcr IT2 herunter<\/a>]<\/h1>\n\n<h2 class=\"wp-block-heading\"><a rel=\"noreferrer noopener\" href=\"https:\/\/www.camminodonbosco.eu\/de\/von-villanova-dasti-zum-colle-don-bosco\/\" data-type=\"URL\" data-id=\"https:\/\/www.camminodonbosco.eu\/da-villanova-dasti-al-colle-don-bosco\/\" target=\"_blank\">Von Villanova d\u2019Asti zum Colle Don Bosco<\/a><\/h2>\n\n<p><em>Wanderung vom Fontanino zum Colle Don Bosco durch den Wald der Schwarzerlen.<\/em><\/p>\n\n<div style=\"height:30px\" aria-hidden=\"true\" class=\"wp-block-spacer\"><\/div>\n\n<h1 class=\"wp-block-heading\">Route 3 [<a href=\"https:\/\/www.camminodonbosco.eu\/wp-content\/tracce_gpx\/Altri_Itinerari_IT3.gpx\">lade die GPX-Datei f\u00fcr IT3 herunter<\/a>]<\/h1>\n\n<h2 class=\"wp-block-heading\"><a rel=\"noreferrer noopener\" href=\"https:\/\/www.camminodonbosco.eu\/de\/von-buttigliera-dasti-zum-colle-don-bosco\/\" data-type=\"URL\" data-id=\"https:\/\/www.camminodonbosco.eu\/da-buttigliera-dasti-al-colle-don-bosco\/\" target=\"_blank\">Von Buttigliera d\u2019Asti zum Colle Don Bosco<\/a><\/h2>\n\n<p><em>Von Buttigliera zum Colle, zur Kirche San Martino.<\/em><\/p>\n\n<div style=\"height:20px\" aria-hidden=\"true\" class=\"wp-block-spacer\"><\/div>\n\n<h1 class=\"wp-block-heading\">Route 4 [<a href=\"https:\/\/www.camminodonbosco.eu\/wp-content\/tracce_gpx\/Anello_di_Capriglio.gpx\">lade die GPX-Datei herunter<\/a>]<\/h1>\n\n<h2 class=\"wp-block-heading\"><a href=\"https:\/\/www.camminodonbosco.eu\/de\/capriglio-rundweg\/\" data-type=\"URL\" data-id=\"https:\/\/www.camminodonbosco.eu\/da-buttigliera-dasti-al-colle-don-bosco\/\" target=\"_blank\" rel=\"noreferrer noopener\">Capriglio-Rundweg<\/a><\/h2>\n\n<p><em>Vom Platz der Basilika in Capriglio<\/em>.<\/p>\n","protected":false},"excerpt":{"rendered":"<p>Verbindungen oberer und mittlerer Weg Cinzano-Arignano, Tetti Chiaffredo (V1-V2) [lade die GPX-Datei f\u00fcr Verbindung C1 herunter] Cinzano-Moncucco T.se-Cascina Moglia (E-N) [lade die GPX-Datei f\u00fcr Verbindung C2 herunter] Route 1 [lade die GPX-Datei f\u00fcr IT1 herunter] Trofarello-Rundweg Durch die H\u00fcgel zwischen Trofarello und Pecetto T.se zum Santuario Maria Vergine di Celle. Route 2 [lade die GPX-Datei [&hellip;]<\/p>\n","protected":false},"author":1,"featured_media":0,"parent":0,"menu_order":0,"comment_status":"closed","ping_status":"closed","template":"","meta":{"footnotes":""},"class_list":["post-5977","page","type-page","status-publish","hentry"],"_links":{"self":[{"href":"https:\/\/www.camminodonbosco.eu\/de\/wp-json\/wp\/v2\/pages\/5977","targetHints":{"allow":["GET"]}}],"collection":[{"href":"https:\/\/www.camminodonbosco.eu\/de\/wp-json\/wp\/v2\/pages"}],"about":[{"href":"https:\/\/www.camminodonbosco.eu\/de\/wp-json\/wp\/v2\/types\/page"}],"author":[{"embeddable":true,"href":"https:\/\/www.camminodonbosco.eu\/de\/wp-json\/wp\/v2\/users\/1"}],"replies":[{"embeddable":true,"href":"https:\/\/www.camminodonbosco.eu\/de\/wp-json\/wp\/v2\/comments?post=5977"}],"version-history":[{"count":0,"href":"https:\/\/www.camminodonbosco.eu\/de\/wp-json\/wp\/v2\/pages\/5977\/revisions"}],"wp:attachment":[{"href":"https:\/\/www.camminodonbosco.eu\/de\/wp-json\/wp\/v2\/media?parent=5977"}],"curies":[{"name":"wp","href":"https:\/\/api.w.org\/{rel}","templated":true}]}}