{"id":5981,"date":"2022-06-30T17:48:39","date_gmt":"2022-06-30T15:48:39","guid":{"rendered":"https:\/\/www.camminodonbosco.eu\/cinzano-arignano-tetti-chiaffredo-v1-v2\/"},"modified":"2024-02-22T21:42:50","modified_gmt":"2024-02-22T20:42:50","slug":"cinzano-arignano-tetti-chiaffredo-v1-v2","status":"publish","type":"page","link":"https:\/\/www.camminodonbosco.eu\/de\/cinzano-arignano-tetti-chiaffredo-v1-v2\/","title":{"rendered":"Cinzano-Arignano, Tetti Chiaffredo (V1-V2)"},"content":{"rendered":"\n<h2 class=\"wp-block-heading\">Technische Hinweise<\/h2>\n\n<p><strong>L\u00e4nge<\/strong>: 4,2 km<br\/><strong>H\u00f6henunterschied<\/strong>: 19 m<\/p>\n\n<div style=\"height:20px\" aria-hidden=\"true\" class=\"wp-block-spacer\"><\/div>\n\n<h2 class=\"wp-block-heading\">Beschreibung<\/h2>\n\n<p>Vom Abzweig (<strong>V1<\/strong>) rechts weitergehen, zuerst auf Schotter und dann auf Asphalt abw\u00e4rts gehen, an der sch\u00f6nen Kirche San Giorgio di Vergnano vorbei und dann geradeaus am Abzweig zur Stra\u00dfe, die nach Vernone und Sciolze f\u00fchrt, weitergehen, bis man die SP32a nach etwa 2,7 km erreicht. Rechts abbiegen und der Landstra\u00dfe f\u00fcr 1,5 km folgen, links an der Cascina le Roasine vorbei und durch den Ortsteil von Tetti Chiaffredo gehen, bis zur Kreuzung (<strong>V2<\/strong>) mit dem Weg der Etappe 2 des Mittleren Pfades auf H\u00f6he eines gro\u00dfen Bauernhofs auf der rechten Seite der Landstra\u00dfe. <\/p>\n\n<div style=\"height:20px\" aria-hidden=\"true\" class=\"wp-block-spacer\"><\/div>\n\n<h2 class=\"wp-block-heading\">Map<\/h2>\n\n<figure data-wp-context=\"{&quot;imageId&quot;:&quot;69f2cceca8c9f&quot;}\" data-wp-interactive=\"core\/image\" data-wp-key=\"69f2cceca8c9f\" class=\"wp-block-image size-full wp-lightbox-container\"><img fetchpriority=\"high\" decoding=\"async\" width=\"737\" height=\"1403\" data-wp-class--hide=\"state.isContentHidden\" data-wp-class--show=\"state.isContentVisible\" data-wp-init=\"callbacks.setButtonStyles\" data-wp-on--click=\"actions.showLightbox\" data-wp-on--load=\"callbacks.setButtonStyles\" data-wp-on-window--resize=\"callbacks.setButtonStyles\" src=\"https:\/\/www.camminodonbosco.eu\/wp-content\/uploads\/2024\/01\/Collegamento-V1-V2.jpg\" alt=\"\" class=\"wp-image-5040\" srcset=\"https:\/\/www.camminodonbosco.eu\/wp-content\/uploads\/2024\/01\/Collegamento-V1-V2.jpg 737w, https:\/\/www.camminodonbosco.eu\/wp-content\/uploads\/2024\/01\/Collegamento-V1-V2-158x300.jpg 158w, https:\/\/www.camminodonbosco.eu\/wp-content\/uploads\/2024\/01\/Collegamento-V1-V2-538x1024.jpg 538w\" sizes=\"(max-width: 737px) 100vw, 737px\" \/><button\n\t\t\tclass=\"lightbox-trigger\"\n\t\t\ttype=\"button\"\n\t\t\taria-haspopup=\"dialog\"\n\t\t\taria-label=\"Vergr\u00f6\u00dfern\"\n\t\t\tdata-wp-init=\"callbacks.initTriggerButton\"\n\t\t\tdata-wp-on--click=\"actions.showLightbox\"\n\t\t\tdata-wp-style--right=\"state.imageButtonRight\"\n\t\t\tdata-wp-style--top=\"state.imageButtonTop\"\n\t\t>\n\t\t\t<svg xmlns=\"http:\/\/www.w3.org\/2000\/svg\" width=\"12\" height=\"12\" fill=\"none\" viewBox=\"0 0 12 12\">\n\t\t\t\t<path fill=\"#fff\" d=\"M2 0a2 2 0 0 0-2 2v2h1.5V2a.5.5 0 0 1 .5-.5h2V0H2Zm2 10.5H2a.5.5 0 0 1-.5-.5V8H0v2a2 2 0 0 0 2 2h2v-1.5ZM8 12v-1.5h2a.5.5 0 0 0 .5-.5V8H12v2a2 2 0 0 1-2 2H8Zm2-12a2 2 0 0 1 2 2v2h-1.5V2a.5.5 0 0 0-.5-.5H8V0h2Z\" \/>\n\t\t\t<\/svg>\n\t\t<\/button><\/figure>\n","protected":false},"excerpt":{"rendered":"<p>Technische Hinweise L\u00e4nge: 4,2 kmH\u00f6henunterschied: 19 m Beschreibung Vom Abzweig (V1) rechts weitergehen, zuerst auf Schotter und dann auf Asphalt abw\u00e4rts gehen, an der sch\u00f6nen Kirche San Giorgio di Vergnano vorbei und dann geradeaus am Abzweig zur Stra\u00dfe, die nach Vernone und Sciolze f\u00fchrt, weitergehen, bis man die SP32a nach etwa 2,7 km erreicht. Rechts [&hellip;]<\/p>\n","protected":false},"author":1,"featured_media":0,"parent":0,"menu_order":0,"comment_status":"closed","ping_status":"closed","template":"","meta":{"footnotes":""},"class_list":["post-5981","page","type-page","status-publish","hentry"],"_links":{"self":[{"href":"https:\/\/www.camminodonbosco.eu\/de\/wp-json\/wp\/v2\/pages\/5981","targetHints":{"allow":["GET"]}}],"collection":[{"href":"https:\/\/www.camminodonbosco.eu\/de\/wp-json\/wp\/v2\/pages"}],"about":[{"href":"https:\/\/www.camminodonbosco.eu\/de\/wp-json\/wp\/v2\/types\/page"}],"author":[{"embeddable":true,"href":"https:\/\/www.camminodonbosco.eu\/de\/wp-json\/wp\/v2\/users\/1"}],"replies":[{"embeddable":true,"href":"https:\/\/www.camminodonbosco.eu\/de\/wp-json\/wp\/v2\/comments?post=5981"}],"version-history":[{"count":0,"href":"https:\/\/www.camminodonbosco.eu\/de\/wp-json\/wp\/v2\/pages\/5981\/revisions"}],"wp:attachment":[{"href":"https:\/\/www.camminodonbosco.eu\/de\/wp-json\/wp\/v2\/media?parent=5981"}],"curies":[{"name":"wp","href":"https:\/\/api.w.org\/{rel}","templated":true}]}}