{"id":5985,"date":"2022-06-30T17:49:46","date_gmt":"2022-06-30T15:49:46","guid":{"rendered":"https:\/\/www.camminodonbosco.eu\/cinzano-moncucco-t-se-cascina-moglia-e-n\/"},"modified":"2024-02-22T21:44:11","modified_gmt":"2024-02-22T20:44:11","slug":"cinzano-moncucco-t-se-cascina-moglia-e-n","status":"publish","type":"page","link":"https:\/\/www.camminodonbosco.eu\/de\/cinzano-moncucco-t-se-cascina-moglia-e-n\/","title":{"rendered":"Cinzano-Moncucco T.se-Cascina Moglia (E-N)"},"content":{"rendered":"\n<h2 class=\"wp-block-heading\">Technische Hinweise<\/h2>\n\n<p><strong>L\u00e4nge<\/strong>: 4,2 km<br\/><strong>H\u00f6henunterschied<\/strong>: 147 m<br\/><strong>Rastst\u00e4tte<\/strong>: in Moncucco T.se<br\/><strong>Wasser<\/strong>: in Moncucco T.se (3 Brunnen in der N\u00e4he des Vittorio-Platzes und des Schlosses)<\/p>\n\n<div style=\"height:20px\" aria-hidden=\"true\" class=\"wp-block-spacer\"><\/div>\n\n<h2 class=\"wp-block-heading\">Beschreibung<\/h2>\n\n<p>An Punkt E rechts auf die Provinzstra\u00dfe Berzano-Moncucco T.se biegen, etwa 100 m gehen und dann erneut rechts auf einen Weg abbiegen, der an einem l\u00e4ndlichen Geb\u00e4ude entlangf\u00fchrt, dann allm\u00e4hlich in den Wald aufsteigen und einen weiten Halbkreis gehen, der zur Siedlung San Giuseppe f\u00fchrt. Hier rechts abbiegen und weitergehen bis zum Rand des Ortsteils an der Kreuzung an der SP32 Cinzano-Moncucco, nachdem 1,2 km ab Punkt E zur\u00fcckgelegt wurden. Links abbiegen und der Asphaltstra\u00dfe bis Moncucco Torinese etwa 1,3 km folgen, links auf den Platz des Schlosses abbiegen. Nach dem Schloss von Moncucco, den Ort in s\u00fcdlicher Richtung verlassen und auf der Hauptstra\u00dfe geradeaus gehen, bis man eine Gruppe von H\u00e4usern auf der rechten Seite erreicht. In der N\u00e4he einer breiten 90-Grad-Kurve rechts abbiegen auf die Via Roma, die kurz nach den letzten H\u00e4usern zu einem bequemen Feldweg wird. Den ersten links liegenden Pfad ignorieren und geradeaus bis zur n\u00e4chsten linken Abzweigung gehen, man erreicht den Ortsteils Moglia (<strong>N<\/strong>) und geht etwas mehr als 1,5 km weiter. Von hier aus kann man mit einem kurzen Abstecher nach rechts (400 m) zur Cascina Moglia gehen, wo der junge Don Bosco beherbergt wurde.    <\/p>\n\n<div style=\"height:20px\" aria-hidden=\"true\" class=\"wp-block-spacer\"><\/div>\n\n<h2 class=\"wp-block-heading\">Map<\/h2>\n\n<figure data-wp-context=\"{&quot;imageId&quot;:&quot;6a07ac961ea55&quot;}\" data-wp-interactive=\"core\/image\" data-wp-key=\"6a07ac961ea55\" class=\"wp-block-image size-full wp-lightbox-container\"><img fetchpriority=\"high\" decoding=\"async\" width=\"737\" height=\"1190\" data-wp-class--hide=\"state.isContentHidden\" data-wp-class--show=\"state.isContentVisible\" data-wp-init=\"callbacks.setButtonStyles\" data-wp-on--click=\"actions.showLightbox\" data-wp-on--load=\"callbacks.setButtonStyles\" data-wp-on-window--resize=\"callbacks.setButtonStyles\" src=\"https:\/\/www.camminodonbosco.eu\/wp-content\/uploads\/2024\/01\/Collegamento-E-N.jpg\" alt=\"\" class=\"wp-image-5047\" style=\"object-fit:cover\" srcset=\"https:\/\/www.camminodonbosco.eu\/wp-content\/uploads\/2024\/01\/Collegamento-E-N.jpg 737w, https:\/\/www.camminodonbosco.eu\/wp-content\/uploads\/2024\/01\/Collegamento-E-N-186x300.jpg 186w, https:\/\/www.camminodonbosco.eu\/wp-content\/uploads\/2024\/01\/Collegamento-E-N-634x1024.jpg 634w\" sizes=\"(max-width: 737px) 100vw, 737px\" \/><button\n\t\t\tclass=\"lightbox-trigger\"\n\t\t\ttype=\"button\"\n\t\t\taria-haspopup=\"dialog\"\n\t\t\taria-label=\"Vergr\u00f6\u00dfern\"\n\t\t\tdata-wp-init=\"callbacks.initTriggerButton\"\n\t\t\tdata-wp-on--click=\"actions.showLightbox\"\n\t\t\tdata-wp-style--right=\"state.imageButtonRight\"\n\t\t\tdata-wp-style--top=\"state.imageButtonTop\"\n\t\t>\n\t\t\t<svg xmlns=\"http:\/\/www.w3.org\/2000\/svg\" width=\"12\" height=\"12\" fill=\"none\" viewBox=\"0 0 12 12\">\n\t\t\t\t<path fill=\"#fff\" d=\"M2 0a2 2 0 0 0-2 2v2h1.5V2a.5.5 0 0 1 .5-.5h2V0H2Zm2 10.5H2a.5.5 0 0 1-.5-.5V8H0v2a2 2 0 0 0 2 2h2v-1.5ZM8 12v-1.5h2a.5.5 0 0 0 .5-.5V8H12v2a2 2 0 0 1-2 2H8Zm2-12a2 2 0 0 1 2 2v2h-1.5V2a.5.5 0 0 0-.5-.5H8V0h2Z\" \/>\n\t\t\t<\/svg>\n\t\t<\/button><\/figure>\n","protected":false},"excerpt":{"rendered":"<p>Technische Hinweise L\u00e4nge: 4,2 kmH\u00f6henunterschied: 147 mRastst\u00e4tte: in Moncucco T.seWasser: in Moncucco T.se (3 Brunnen in der N\u00e4he des Vittorio-Platzes und des Schlosses) Beschreibung An Punkt E rechts auf die Provinzstra\u00dfe Berzano-Moncucco T.se biegen, etwa 100 m gehen und dann erneut rechts auf einen Weg abbiegen, der an einem l\u00e4ndlichen Geb\u00e4ude entlangf\u00fchrt, dann allm\u00e4hlich in [&hellip;]<\/p>\n","protected":false},"author":1,"featured_media":0,"parent":0,"menu_order":0,"comment_status":"closed","ping_status":"closed","template":"","meta":{"footnotes":""},"class_list":["post-5985","page","type-page","status-publish","hentry"],"_links":{"self":[{"href":"https:\/\/www.camminodonbosco.eu\/de\/wp-json\/wp\/v2\/pages\/5985","targetHints":{"allow":["GET"]}}],"collection":[{"href":"https:\/\/www.camminodonbosco.eu\/de\/wp-json\/wp\/v2\/pages"}],"about":[{"href":"https:\/\/www.camminodonbosco.eu\/de\/wp-json\/wp\/v2\/types\/page"}],"author":[{"embeddable":true,"href":"https:\/\/www.camminodonbosco.eu\/de\/wp-json\/wp\/v2\/users\/1"}],"replies":[{"embeddable":true,"href":"https:\/\/www.camminodonbosco.eu\/de\/wp-json\/wp\/v2\/comments?post=5985"}],"version-history":[{"count":0,"href":"https:\/\/www.camminodonbosco.eu\/de\/wp-json\/wp\/v2\/pages\/5985\/revisions"}],"wp:attachment":[{"href":"https:\/\/www.camminodonbosco.eu\/de\/wp-json\/wp\/v2\/media?parent=5985"}],"curies":[{"name":"wp","href":"https:\/\/api.w.org\/{rel}","templated":true}]}}