{"id":5989,"date":"2023-08-28T18:52:32","date_gmt":"2023-08-28T16:52:32","guid":{"rendered":"https:\/\/www.camminodonbosco.eu\/trofarello-rundweg\/"},"modified":"2024-02-22T21:48:05","modified_gmt":"2024-02-22T20:48:05","slug":"trofarello-rundweg","status":"publish","type":"page","link":"https:\/\/www.camminodonbosco.eu\/de\/trofarello-rundweg\/","title":{"rendered":"Trofarello-Rundweg"},"content":{"rendered":"\n<p><em>Durch die H\u00fcgel zwischen Trofarello und Pecetto T.se zum Santuario Maria Vergine di Celle.<\/em><\/p>\n\n<div style=\"height:20px\" aria-hidden=\"true\" class=\"wp-block-spacer\"><\/div>\n\n<h2 class=\"wp-block-heading\">Technische Hinweise<\/h2>\n\n<p><strong>Start<\/strong>: Piazza Primo Maggio, gegen\u00fcber dem Rathaus<br\/><strong>Ziel<\/strong>: Piazza Primo Maggio, gegen\u00fcber dem Rathaus<br\/><strong>L\u00e4nge<\/strong>: 10,1 km <br\/><strong>H\u00f6henunterschied<\/strong>: 190 m<br\/><strong>Schwierigkeitsgrad<\/strong>: Wanderung, leicht h\u00fcgeliges Gel\u00e4nde<br\/><strong>Rastst\u00e4tte<\/strong>: Nach Verlassen von Trofarello gibt es keine Verpflegungsm\u00f6glichkeiten bis Pecetto (INFOpoint Angelo Blu)<br\/><strong>Wasser<\/strong>: Brunnen in Trofarello und Wasserstelle am Santuario Maria Vergine di Celle<\/p>\n\n<div style=\"height:20px\" aria-hidden=\"true\" class=\"wp-block-spacer\"><\/div>\n\n<h2 class=\"wp-block-heading\">Beschreibung<\/h2>\n\n<p>Der vollst\u00e4ndig ausgeschilderte Weg beginnt auf dem Rathausplatz und f\u00fchrt durch die Altstadt von Trofarello. Er folgt dem Salesianerweg (mit 7 Darstellungen, die das Leben von Sankt Giovanni Bosco nachzeichnen) und erreicht das Heiligtum der Maria Vergine di Celle. Dann f\u00fchrt er entlang eines wundersch\u00f6nen Pfades durch die gr\u00fcnen H\u00fcgel und gelangt zur Kirche San Sebastiano in Pecetto T.se. Von dort aus geht es zun\u00e4chst bergab auf der Stra\u00dfe Valle Sauglio, dann auf der Stra\u00dfe Serravecchia und schlie\u00dflich auf der Via Serra bis Valle Sauglio, und dann zur\u00fcck zum Ausgangspunkt und an der Cascina La Quara vorbei. <\/p>\n\n<div style=\"height:30px\" aria-hidden=\"true\" class=\"wp-block-spacer\"><\/div>\n\n<div class=\"wp-block-cover is-light\" style=\"min-height:100px;aspect-ratio:unset;\"><span aria-hidden=\"true\" class=\"wp-block-cover__background has-cyan-bluish-gray-background-color has-background-dim\"><\/span><div class=\"wp-block-cover__inner-container is-layout-flow wp-block-cover-is-layout-flow\">\n<div class=\"wp-block-group is-layout-flow wp-block-group-is-layout-flow\">\n<h2 class=\"wp-block-heading\">Auf den Spuren von Don Bosco<\/h2>\n\n\n\n<p><\/p>\n\n\n\n<div style=\"height:30px\" aria-hidden=\"true\" class=\"wp-block-spacer\"><\/div>\n\n\n\n<h2 class=\"wp-block-heading\">Don Bosco in Trofarello<\/h2>\n\n\n\n<p>Die ersten spirituellen \u00dcbungen, die ausschlie\u00dflich an die Salesianer gerichtet waren, fanden 1866 in Trofarello statt, in der sogenannten \u201e<strong>La Quara<\/strong>\u201c, einem Bauernhof zwischen Via IV Novembre und Via XXV Aprile. Diese ersten \u00dcbungen dauerten f\u00fcnf Tage und fanden in zwei Schichten statt, um die Teilnahme zu erleichtern. Die Meditationen wurden vom Kanoniker Lorenzo Gastaldi gehalten, w\u00e4hrend Don Bosco selbst die Anweisungen gab. Das Haus in Trofarello wurde der Salesianischen Kongregation von Don Antonio Franco (einem verstorbenen Priester aus Trofarello im Jahr 1864) gespendet und von Anfang an f\u00fcr spirituelle \u00dcbungen sowie zur Erholung von genesenden Mitbr\u00fcdern genutzt; es war das dritte Werk der Salesianer au\u00dferhalb von Turin. 1863 hatte Don Bosco au\u00dferhalb von Turin bereits das erste Salesianerhaus er\u00f6ffnet: das &#8222;Kleine Seminar&#8220; von Mirabello Monferrato, dessen Leitung er an Don Michele Rua \u00fcbergab. 1864 begann dagegen die T\u00e4tigkeit des Kollegs von Lanzo Torinese. 1866 war dann Trofarello an der Reihe.      <\/p>\n\n\n\n<p>Don Bosco schreibt in einer historischen Notiz: <em>\u201eDas Haus in Trofarello, Di\u00f6zese Turin, ist speziell f\u00fcr die spirituellen \u00dcbungen vorgesehen, die jedes Jahr in den Ferien f\u00fcr alle Mitglieder der Gesellschaft stattfinden.\u201c<\/em><\/p>\n\n\n\n<div style=\"height:30px\" aria-hidden=\"true\" class=\"wp-block-spacer\"><\/div>\n\n\n\n<h2 class=\"wp-block-heading\">Salesianische Wege in Trofarello<\/h2>\n\n\n\n<p>Anl\u00e4sslich des 120. Todestages von San Giovanni Bosco realisierte die Gemeinde Trofarello &#8211; in Zusammenarbeit mit der Pfarrei &#8211; die \u201eSalesianischen Wege\u201c: ein historisch-religi\u00f6ser Weg, der von der Kirche Santa Croce in die l\u00e4ndlichen Gebiete von Trofarello f\u00fchrt und schlie\u00dflich zum Heiligtum Santa Maria di Celle f\u00fchrt. Dieser Weg besteht aus sieben Darstellungen, die die wichtigsten Ereignisse im Leben des Heiligen nachzeichnen:<\/p>\n\n\n\n<ol class=\"wp-block-list\">\n<li>Die Geburt von Don Bosco<\/li>\n\n\n\n<li>Der Traum im Alter von neun Jahren<\/li>\n\n\n\n<li>Das erste Oratorium<\/li>\n\n\n\n<li>Der Bau der Basilika Maria Ausiliatrice in Turin<\/li>\n\n\n\n<li>Die ersten spirituellen \u00dcbungen in Trofarello<\/li>\n\n\n\n<li>Die ersten Salesianer Missionare<\/li>\n\n\n\n<li>Der Tod von Don Bosco und die ersten Nachfolger<\/li>\n<\/ol>\n\n\n\n<p><\/p>\n<\/div>\n<\/div><\/div>\n\n<div style=\"height:20px\" aria-hidden=\"true\" class=\"wp-block-spacer\"><\/div>\n\n<h2 class=\"wp-block-heading\">Map<\/h2>\n\n<figure class=\"wp-block-image size-large\"><img fetchpriority=\"high\" decoding=\"async\" width=\"634\" height=\"1024\" src=\"https:\/\/www.camminodonbosco.eu\/wp-content\/uploads\/2024\/01\/IT1-634x1024.jpg\" alt=\"\" class=\"wp-image-5053\" srcset=\"https:\/\/www.camminodonbosco.eu\/wp-content\/uploads\/2024\/01\/IT1-634x1024.jpg 634w, https:\/\/www.camminodonbosco.eu\/wp-content\/uploads\/2024\/01\/IT1-186x300.jpg 186w, https:\/\/www.camminodonbosco.eu\/wp-content\/uploads\/2024\/01\/IT1.jpg 737w\" sizes=\"(max-width: 634px) 100vw, 634px\" \/><\/figure>\n","protected":false},"excerpt":{"rendered":"<p>Durch die H\u00fcgel zwischen Trofarello und Pecetto T.se zum Santuario Maria Vergine di Celle. Technische Hinweise Start: Piazza Primo Maggio, gegen\u00fcber dem RathausZiel: Piazza Primo Maggio, gegen\u00fcber dem RathausL\u00e4nge: 10,1 km H\u00f6henunterschied: 190 mSchwierigkeitsgrad: Wanderung, leicht h\u00fcgeliges Gel\u00e4ndeRastst\u00e4tte: Nach Verlassen von Trofarello gibt es keine Verpflegungsm\u00f6glichkeiten bis Pecetto (INFOpoint Angelo Blu)Wasser: Brunnen in Trofarello und [&hellip;]<\/p>\n","protected":false},"author":1,"featured_media":0,"parent":0,"menu_order":0,"comment_status":"closed","ping_status":"closed","template":"","meta":{"footnotes":""},"class_list":["post-5989","page","type-page","status-publish","hentry"],"_links":{"self":[{"href":"https:\/\/www.camminodonbosco.eu\/de\/wp-json\/wp\/v2\/pages\/5989","targetHints":{"allow":["GET"]}}],"collection":[{"href":"https:\/\/www.camminodonbosco.eu\/de\/wp-json\/wp\/v2\/pages"}],"about":[{"href":"https:\/\/www.camminodonbosco.eu\/de\/wp-json\/wp\/v2\/types\/page"}],"author":[{"embeddable":true,"href":"https:\/\/www.camminodonbosco.eu\/de\/wp-json\/wp\/v2\/users\/1"}],"replies":[{"embeddable":true,"href":"https:\/\/www.camminodonbosco.eu\/de\/wp-json\/wp\/v2\/comments?post=5989"}],"version-history":[{"count":0,"href":"https:\/\/www.camminodonbosco.eu\/de\/wp-json\/wp\/v2\/pages\/5989\/revisions"}],"wp:attachment":[{"href":"https:\/\/www.camminodonbosco.eu\/de\/wp-json\/wp\/v2\/media?parent=5989"}],"curies":[{"name":"wp","href":"https:\/\/api.w.org\/{rel}","templated":true}]}}