{"id":5991,"date":"2022-06-30T17:52:46","date_gmt":"2022-06-30T15:52:46","guid":{"rendered":"https:\/\/www.camminodonbosco.eu\/von-villanova-dasti-zum-colle-don-bosco\/"},"modified":"2024-02-22T21:52:32","modified_gmt":"2024-02-22T20:52:32","slug":"von-villanova-dasti-zum-colle-don-bosco","status":"publish","type":"page","link":"https:\/\/www.camminodonbosco.eu\/de\/von-villanova-dasti-zum-colle-don-bosco\/","title":{"rendered":"Von Villanova d\u2019Asti zum Colle Don Bosco"},"content":{"rendered":"\n<p><em>Wanderung vom Fontanino zum Colle Don Bosco durch den Wald der Schwarzerlen.<\/em><\/p>\n\n<div style=\"height:20px\" aria-hidden=\"true\" class=\"wp-block-spacer\"><\/div>\n\n<h2 class=\"wp-block-heading\">Technische Hinweise<\/h2>\n\n<p><strong>Startpunkt<\/strong>: Villanova d\u2019Asti, Wallfahrtsort &#8211; Santuario della Madonna delle Grazie, in der Viale Maria Baj (260 m)<br\/><strong>Zielpunkt<\/strong>: Basilika Colle Don Bosco (269 m)<br\/><strong>L\u00e4nge<\/strong>: 12,6 km<br\/><strong>H\u00f6henunterschied<\/strong>: 119 m<br\/><strong>Schwierigkeitsgrad<\/strong>: Wanderweg, anfangs flach, dann leicht h\u00fcgelig<br\/><strong>Rastst\u00e4tte<\/strong>: Nach Verlassen des Zentrums von Villanova d\u2019Asti gibt es bis zum Colle Don Bosco keine Verpflegungsm\u00f6glichkeiten<br\/><strong>Wasser<\/strong>: Brunnen im Garten des Walfahrtsortes, H2O-H\u00e4uschen 100 m von der Mulino del Casale entfernt, Brunnen in der Siedlung Savi in der N\u00e4he der Kirche San Marco (Abweichung), 3 Brunnen am Colle Don Bosco<\/p>\n\n<div style=\"height:20px\" aria-hidden=\"true\" class=\"wp-block-spacer\"><\/div>\n\n<h2 class=\"wp-block-heading\">Beschreibung<\/h2>\n\n<p>Die Route beginnt am Santuario della Madonna delle Grazie<strong>(P),<\/strong>folgt den Stra\u00dfen Francesco I, Tommaso Villa, Adolfo Villa und \u00fcberquert nach 400 m die SP nach Buttigliera. Dann f\u00fchrt sie eine kurze Strecke auf der alten Stra\u00dfe nach Chieri, der alten Stra\u00dfe von Brassicarda und dem Radweg entlang und \u00fcberquert schlie\u00dflich die Br\u00fccke \u00fcber die A21. Nach einer Kurve geht es rechts in die erste Stra\u00dfe und etwa 500 m entlang eines Kanals, und dann erneut die SP nach Buttigliera. Diese wird in der N\u00e4he einer weiteren Br\u00fccke \u00fcber die A21 \u00fcberquert, dann biegt man rechts ab und sofort danach links auf eine Feldweg ein, dem man f\u00fcr 2 km folgt. Nach Erreichen der SP, die von der Station Villanova nach San Paolo Solbrito f\u00fchrt, \u00fcberquert man die Eisenbahnbr\u00fccke und biegt dann nach wenigen Metern rechts auf eine asphaltierte Stra\u00dfe ab und erreicht bald das Santuario Madonna di Serra. Etwa zehn Meter sp\u00e4ter biegt man an der Gabelung links ab in die Stra\u00dfe Cormaglione (zun\u00e4chst asphaltiert) f\u00fcr etwa 1 km, dann rechts in der N\u00e4he einiger H\u00e4user, erreicht man eine Villa und biegt dann links ab. Die Stra\u00dfe wird zu einem Pfad entlang einer umz\u00e4unten Wiese, dann f\u00fchrt sie auf einen Feldweg, der nach links abbiegt. Nach weniger als 1 km \u00fcberquert man die SP2 nach Montafia und erreicht die Mulino del Casale (Trattoria). Vom Parkplatz des M\u00fchlenwegs f\u00fchrt ein Pfad durch einen Pappelwald, dann biegt man links ab auf den schmalen Weg entlang des kleinen Bew\u00e4sserungskanals, der seit 1400 die M\u00fchle versorgt.       <em>(Alternativer Weg: am Mulino del Casale vorbeigehen, auf der Provinzstra\u00dfe weitergehen, an der ersten Abzweigung links abbiegen und den Feldweg zur Siedlung Savi hinaufgehen. Dann rechts abbiegen und vorbei am Ortsteil entlang der Via Circonvallazione Savi, dann rechts abbiegen in der N\u00e4he der Pfarrkirche San Marco und dann links in der N\u00e4he der Kapelle San Giuseppe. Ins Tal hinuntergehen und den Hauptweg kreuzen).<\/em> Nicht ganz einfach, weil es schmal ist, geht es auf diesem Pfad f\u00fcr etwa 1.500 m weiter, umgeben von einem wundersch\u00f6nen Wald aus Schwarzerlen (<em>Alnus glutinosa<\/em>), dem einzigen in ganz Asti, der im Fr\u00fchling von der herrlichen gelben Bl\u00fcte des <em>Sumpfdotterblumen<\/em> erhellt wird. Der Weg endet an einem Feldweg, der nach links zum Ortsteil Savi in Villanova f\u00fchrt. Stattdessen biegt man rechts ab und erreicht nach etwa 400 m leicht bergab eine kleine Eisenbr\u00fccke \u00fcber den Rio della Valle. Wenige Meter danach biegt man links ab und folgt einem Weg, der entlang des Baches verl\u00e4uft und sich in einen dichten Eichen- und Robinienwald hineinzieht, dann \u00fcber mehr als 1 km weitergeht und dabei die verschiedenen Abzweigungen ignoriert. Weiterhin f\u00fcr eine l\u00e4ngere Strecke entlang des Baches (in der Ferne auf der linken Seite sieht man die Ortsteil Crivelle in Buttigliera), bis man zu einer Kreuzung kommt, wo man zuerst links und sofort danach rechts auf einen unbefestigten Weg abbiegt, der dann zu einem Landhaus und nach einem kurzen Anstieg zur Cascina Mainito f\u00fchrt, heute ein Reitstall (Reitklub Il Gelso). F\u00fcr weitere 500 m auf einem zuerst kiesigen und dann asphaltierten Weg gehen und die SP33 nach Capriglio erreichen, ein kurzes St\u00fcck nach links gehen und auf der linken Seite bleiben, um auf den Verkehr zu achten. Sie wird bei einer Votivs\u00e4ule \u00fcberquert, erreicht ein Tor, daran rechts vorbei auf einem kleinen Pfad, der auf den Feldweg f\u00fchrt, der schnell zum Colle Don Bosco ansteigt (<strong>H<\/strong>).     <\/p>\n\n<div style=\"height:30px\" aria-hidden=\"true\" class=\"wp-block-spacer\"><\/div>\n\n<div class=\"wp-block-cover is-light\" style=\"min-height:100px;aspect-ratio:unset;\"><span aria-hidden=\"true\" class=\"wp-block-cover__background has-cyan-bluish-gray-background-color has-background-dim\"><\/span><div class=\"wp-block-cover__inner-container is-layout-flow wp-block-cover-is-layout-flow\">\n<div class=\"wp-block-group is-layout-flow wp-block-group-is-layout-flow\">\n<h2 class=\"wp-block-heading\">Auf den Spuren von Don Bosco<\/h2>\n\n\n\n<p>Don Bosco und die <strong>Madonna delle Grazie<\/strong>: Im Jahr 1823 ging Giovanni Bosco mit seiner Mutter Margherita von Ortsteil Becchi nach Villanova, um das Wunderwasser einer kleinen Quelle zu trinken und von der \u201e<em>Ruffa<\/em>\u201c (Milchschorf), einer damals weit verbreiteten Hautkrankheit wegen Vitaminmangels, geheilt zu werden. Don Bosco kehrte 1871 anl\u00e4sslich der Einweihungsfeier des ersten Jahrestags der Kirche dorthin zur\u00fcck. <\/p>\n<\/div>\n<\/div><\/div>\n\n<div style=\"height:30px\" aria-hidden=\"true\" class=\"wp-block-spacer\"><\/div>\n\n<h2 class=\"wp-block-heading\">Map<\/h2>\n\n<figure data-wp-context=\"{&quot;imageId&quot;:&quot;69f2cd4107125&quot;}\" data-wp-interactive=\"core\/image\" data-wp-key=\"69f2cd4107125\" class=\"wp-block-image size-full wp-lightbox-container\"><img fetchpriority=\"high\" decoding=\"async\" width=\"1190\" height=\"949\" data-wp-class--hide=\"state.isContentHidden\" data-wp-class--show=\"state.isContentVisible\" data-wp-init=\"callbacks.setButtonStyles\" data-wp-on--click=\"actions.showLightbox\" data-wp-on--load=\"callbacks.setButtonStyles\" data-wp-on-window--resize=\"callbacks.setButtonStyles\" src=\"https:\/\/www.camminodonbosco.eu\/wp-content\/uploads\/2024\/01\/IT2.jpg\" alt=\"\" class=\"wp-image-5060\" style=\"object-fit:cover\" srcset=\"https:\/\/www.camminodonbosco.eu\/wp-content\/uploads\/2024\/01\/IT2.jpg 1190w, https:\/\/www.camminodonbosco.eu\/wp-content\/uploads\/2024\/01\/IT2-300x239.jpg 300w, https:\/\/www.camminodonbosco.eu\/wp-content\/uploads\/2024\/01\/IT2-1024x817.jpg 1024w, https:\/\/www.camminodonbosco.eu\/wp-content\/uploads\/2024\/01\/IT2-768x612.jpg 768w\" sizes=\"(max-width: 1190px) 100vw, 1190px\" \/><button\n\t\t\tclass=\"lightbox-trigger\"\n\t\t\ttype=\"button\"\n\t\t\taria-haspopup=\"dialog\"\n\t\t\taria-label=\"Vergr\u00f6\u00dfern\"\n\t\t\tdata-wp-init=\"callbacks.initTriggerButton\"\n\t\t\tdata-wp-on--click=\"actions.showLightbox\"\n\t\t\tdata-wp-style--right=\"state.imageButtonRight\"\n\t\t\tdata-wp-style--top=\"state.imageButtonTop\"\n\t\t>\n\t\t\t<svg xmlns=\"http:\/\/www.w3.org\/2000\/svg\" width=\"12\" height=\"12\" fill=\"none\" viewBox=\"0 0 12 12\">\n\t\t\t\t<path fill=\"#fff\" d=\"M2 0a2 2 0 0 0-2 2v2h1.5V2a.5.5 0 0 1 .5-.5h2V0H2Zm2 10.5H2a.5.5 0 0 1-.5-.5V8H0v2a2 2 0 0 0 2 2h2v-1.5ZM8 12v-1.5h2a.5.5 0 0 0 .5-.5V8H12v2a2 2 0 0 1-2 2H8Zm2-12a2 2 0 0 1 2 2v2h-1.5V2a.5.5 0 0 0-.5-.5H8V0h2Z\" \/>\n\t\t\t<\/svg>\n\t\t<\/button><\/figure>\n","protected":false},"excerpt":{"rendered":"<p>Wanderung vom Fontanino zum Colle Don Bosco durch den Wald der Schwarzerlen. Technische Hinweise Startpunkt: Villanova d\u2019Asti, Wallfahrtsort &#8211; Santuario della Madonna delle Grazie, in der Viale Maria Baj (260 m)Zielpunkt: Basilika Colle Don Bosco (269 m)L\u00e4nge: 12,6 kmH\u00f6henunterschied: 119 mSchwierigkeitsgrad: Wanderweg, anfangs flach, dann leicht h\u00fcgeligRastst\u00e4tte: Nach Verlassen des Zentrums von Villanova d\u2019Asti gibt [&hellip;]<\/p>\n","protected":false},"author":1,"featured_media":0,"parent":0,"menu_order":0,"comment_status":"closed","ping_status":"closed","template":"","meta":{"footnotes":""},"class_list":["post-5991","page","type-page","status-publish","hentry"],"_links":{"self":[{"href":"https:\/\/www.camminodonbosco.eu\/de\/wp-json\/wp\/v2\/pages\/5991","targetHints":{"allow":["GET"]}}],"collection":[{"href":"https:\/\/www.camminodonbosco.eu\/de\/wp-json\/wp\/v2\/pages"}],"about":[{"href":"https:\/\/www.camminodonbosco.eu\/de\/wp-json\/wp\/v2\/types\/page"}],"author":[{"embeddable":true,"href":"https:\/\/www.camminodonbosco.eu\/de\/wp-json\/wp\/v2\/users\/1"}],"replies":[{"embeddable":true,"href":"https:\/\/www.camminodonbosco.eu\/de\/wp-json\/wp\/v2\/comments?post=5991"}],"version-history":[{"count":0,"href":"https:\/\/www.camminodonbosco.eu\/de\/wp-json\/wp\/v2\/pages\/5991\/revisions"}],"wp:attachment":[{"href":"https:\/\/www.camminodonbosco.eu\/de\/wp-json\/wp\/v2\/media?parent=5991"}],"curies":[{"name":"wp","href":"https:\/\/api.w.org\/{rel}","templated":true}]}}