{"id":5993,"date":"2022-06-30T17:51:15","date_gmt":"2022-06-30T15:51:15","guid":{"rendered":"https:\/\/www.camminodonbosco.eu\/von-buttigliera-dasti-zum-colle-don-bosco\/"},"modified":"2024-02-22T21:54:30","modified_gmt":"2024-02-22T20:54:30","slug":"von-buttigliera-dasti-zum-colle-don-bosco","status":"publish","type":"page","link":"https:\/\/www.camminodonbosco.eu\/de\/von-buttigliera-dasti-zum-colle-don-bosco\/","title":{"rendered":"Von Buttigliera d\u2019Asti zum Colle Don Bosco"},"content":{"rendered":"\n<p><em>Von Buttigliera zum Colle, zur Kirche San Martino.<\/em><\/p>\n\n<div style=\"height:20px\" aria-hidden=\"true\" class=\"wp-block-spacer\"><\/div>\n\n<h2 class=\"wp-block-heading\">Technische Hinweise<\/h2>\n\n<p><strong>Startpunkt<\/strong>: Buttigliera d\u2019Asti, piazza Umberto I (291 m)<br\/><strong>Zielpunkt<\/strong>: Basilika Colle Don Bosco (260 m)<br\/><strong>L\u00e4nge<\/strong>: 7,3 km<br\/><strong>H\u00f6henunterschied<\/strong>: 113 m<br\/><strong>Schwierigkeitsgrad<\/strong>: Wanderung, leicht h\u00fcgeliges Gel\u00e4nde<br\/><strong>Rastst\u00e4tte<\/strong>: Nach Verlassen von Buttigliera gibt es bis zum Colle Don Bosco keine Verpflegungsm\u00f6glichkeiten<br\/><strong>Wasser<\/strong>: Brunnen neben der Kirche S. Biagio in Buttigliera und 3 Brunnen am Colle Don Bosco<\/p>\n\n<div style=\"height:20px\" aria-hidden=\"true\" class=\"wp-block-spacer\"><\/div>\n\n<h2 class=\"wp-block-heading\">Beschreibung<\/h2>\n\n<p>Von der Piazza Umberto I (<strong>O<\/strong>) (vor der Kirche San Biagio) aus f\u00fchrt der Weg \u00fcber die Via Don Bosco, dann biegt man nach 100 m rechts in die Via IV Novembre ein. Nach weiteren 100 m biegt man links zum Ortsteil Serra ab. Nach Erreichen einer kleinen Kirche geht man rechts an ihr vorbei und folgt dem Weg geradeaus, bis man nach 700 m zur Kirche San Martino im Friedhof gelangt. Man geht an der Kirche vorbei und geht immer geradeaus auf dem Weg weiter, der leicht zwischen Feldern, Wiesen und kleinen W\u00e4ldern abf\u00e4llt und bei Niederschl\u00e4gen sehr matschig sein kann. Drei aufeinanderfolgende Abzweigungen ignorierend (zwei nach rechts, die letzte nach links), biegt man nach etwa 1 km links auf einen leicht ansteigenden Weg ab, der am Agriturismo Cascina Campora vorbeif\u00fchrt. Nach Erreichen einer asphaltierten Stra\u00dfe biegt man rechts ab, dann kurz darauf links und gelangt zur Hauptstra\u00dfe, die durch den Ortsteil Serra di Buttigliera d\u2019Asti geht, wo man auf Etappe 3 des Cammino medio trifft, auf den f\u00fcr die Beschreibung des Endteils der Route verwiesen wird.     <\/p>\n\n<div style=\"height:20px\" aria-hidden=\"true\" class=\"wp-block-spacer\"><\/div>\n\n<div class=\"wp-block-cover is-light\" style=\"min-height:100px;aspect-ratio:unset;\"><span aria-hidden=\"true\" class=\"wp-block-cover__background has-cyan-bluish-gray-background-color has-background-dim\"><\/span><div class=\"wp-block-cover__inner-container is-layout-flow wp-block-cover-is-layout-flow\">\n<div class=\"wp-block-group is-layout-flow wp-block-group-is-layout-flow\">\n<h2 class=\"wp-block-heading\">Auf den Spuren von Don Bosco<\/h2>\n\n\n\n<p>Don Bosco in Buttigliera d\u2019Asti: Im Jahr 1829, als Giovanni die Kirche San Biagio verlie\u00df, wurde er vom alten Kaplan Don Calosso angesprochen, der ihn scherzhaft bat, mindestens vier Worte aus der Predigt zu wiederholen, die er geh\u00f6rt hatte. Ruhe bewahrend, rezitierte Giovanni die ganze Predigt von Anfang bis Ende. Erstaunt \u00fcber das Ged\u00e4chtnis des jungen Mannes, lud Don Calosso Mutter Margherita in die Kirche von Morialdo ein, wo der Junge dann in der Pfarrkanzlei wohnte. Im Jahr 1833 erhielt Giovanni Bosco in der Kirche San Biagio das Sakrament der Firmung.   <\/p>\n<\/div>\n<\/div><\/div>\n\n<div style=\"height:20px\" aria-hidden=\"true\" class=\"wp-block-spacer\"><\/div>\n\n<h2 class=\"wp-block-heading\">Map<\/h2>\n\n<figure data-wp-context=\"{&quot;imageId&quot;:&quot;69f2cb62e79dd&quot;}\" data-wp-interactive=\"core\/image\" data-wp-key=\"69f2cb62e79dd\" class=\"wp-block-image size-full wp-lightbox-container\"><img fetchpriority=\"high\" decoding=\"async\" width=\"1488\" height=\"2324\" data-wp-class--hide=\"state.isContentHidden\" data-wp-class--show=\"state.isContentVisible\" data-wp-init=\"callbacks.setButtonStyles\" data-wp-on--click=\"actions.showLightbox\" data-wp-on--load=\"callbacks.setButtonStyles\" data-wp-on-window--resize=\"callbacks.setButtonStyles\" src=\"https:\/\/www.camminodonbosco.eu\/wp-content\/uploads\/2024\/01\/IT3.jpg\" alt=\"\" class=\"wp-image-5066\" style=\"object-fit:cover\" srcset=\"https:\/\/www.camminodonbosco.eu\/wp-content\/uploads\/2024\/01\/IT3.jpg 1488w, https:\/\/www.camminodonbosco.eu\/wp-content\/uploads\/2024\/01\/IT3-192x300.jpg 192w, https:\/\/www.camminodonbosco.eu\/wp-content\/uploads\/2024\/01\/IT3-656x1024.jpg 656w, https:\/\/www.camminodonbosco.eu\/wp-content\/uploads\/2024\/01\/IT3-768x1199.jpg 768w, https:\/\/www.camminodonbosco.eu\/wp-content\/uploads\/2024\/01\/IT3-983x1536.jpg 983w, https:\/\/www.camminodonbosco.eu\/wp-content\/uploads\/2024\/01\/IT3-1311x2048.jpg 1311w\" sizes=\"(max-width: 1488px) 100vw, 1488px\" \/><button\n\t\t\tclass=\"lightbox-trigger\"\n\t\t\ttype=\"button\"\n\t\t\taria-haspopup=\"dialog\"\n\t\t\taria-label=\"Vergr\u00f6\u00dfern\"\n\t\t\tdata-wp-init=\"callbacks.initTriggerButton\"\n\t\t\tdata-wp-on--click=\"actions.showLightbox\"\n\t\t\tdata-wp-style--right=\"state.imageButtonRight\"\n\t\t\tdata-wp-style--top=\"state.imageButtonTop\"\n\t\t>\n\t\t\t<svg xmlns=\"http:\/\/www.w3.org\/2000\/svg\" width=\"12\" height=\"12\" fill=\"none\" viewBox=\"0 0 12 12\">\n\t\t\t\t<path fill=\"#fff\" d=\"M2 0a2 2 0 0 0-2 2v2h1.5V2a.5.5 0 0 1 .5-.5h2V0H2Zm2 10.5H2a.5.5 0 0 1-.5-.5V8H0v2a2 2 0 0 0 2 2h2v-1.5ZM8 12v-1.5h2a.5.5 0 0 0 .5-.5V8H12v2a2 2 0 0 1-2 2H8Zm2-12a2 2 0 0 1 2 2v2h-1.5V2a.5.5 0 0 0-.5-.5H8V0h2Z\" \/>\n\t\t\t<\/svg>\n\t\t<\/button><\/figure>\n","protected":false},"excerpt":{"rendered":"<p>Von Buttigliera zum Colle, zur Kirche San Martino. Technische Hinweise Startpunkt: Buttigliera d\u2019Asti, piazza Umberto I (291 m)Zielpunkt: Basilika Colle Don Bosco (260 m)L\u00e4nge: 7,3 kmH\u00f6henunterschied: 113 mSchwierigkeitsgrad: Wanderung, leicht h\u00fcgeliges Gel\u00e4ndeRastst\u00e4tte: Nach Verlassen von Buttigliera gibt es bis zum Colle Don Bosco keine Verpflegungsm\u00f6glichkeitenWasser: Brunnen neben der Kirche S. Biagio in Buttigliera und 3 [&hellip;]<\/p>\n","protected":false},"author":1,"featured_media":0,"parent":0,"menu_order":0,"comment_status":"closed","ping_status":"closed","template":"","meta":{"footnotes":""},"class_list":["post-5993","page","type-page","status-publish","hentry"],"_links":{"self":[{"href":"https:\/\/www.camminodonbosco.eu\/de\/wp-json\/wp\/v2\/pages\/5993","targetHints":{"allow":["GET"]}}],"collection":[{"href":"https:\/\/www.camminodonbosco.eu\/de\/wp-json\/wp\/v2\/pages"}],"about":[{"href":"https:\/\/www.camminodonbosco.eu\/de\/wp-json\/wp\/v2\/types\/page"}],"author":[{"embeddable":true,"href":"https:\/\/www.camminodonbosco.eu\/de\/wp-json\/wp\/v2\/users\/1"}],"replies":[{"embeddable":true,"href":"https:\/\/www.camminodonbosco.eu\/de\/wp-json\/wp\/v2\/comments?post=5993"}],"version-history":[{"count":0,"href":"https:\/\/www.camminodonbosco.eu\/de\/wp-json\/wp\/v2\/pages\/5993\/revisions"}],"wp:attachment":[{"href":"https:\/\/www.camminodonbosco.eu\/de\/wp-json\/wp\/v2\/media?parent=5993"}],"curies":[{"name":"wp","href":"https:\/\/api.w.org\/{rel}","templated":true}]}}