{"id":5997,"date":"2023-11-12T22:17:57","date_gmt":"2023-11-12T21:17:57","guid":{"rendered":"https:\/\/www.camminodonbosco.eu\/capriglio-rundweg\/"},"modified":"2024-02-22T22:10:07","modified_gmt":"2024-02-22T21:10:07","slug":"capriglio-rundweg","status":"publish","type":"page","link":"https:\/\/www.camminodonbosco.eu\/de\/capriglio-rundweg\/","title":{"rendered":"Capriglio-Rundweg"},"content":{"rendered":"\n<p><strong>Start und Ziel<\/strong> Piazzale Basilica Colle Don Bosco<br\/><strong>L\u00e4nge<\/strong> ca. 9,80 km, H\u00f6henunterschied + 205 m <br\/><strong>Schwierigkeitsgrad<\/strong>: Leichter Weg mit Wegmarkierungen, leicht h\u00fcgelig<\/p>\n\n<div style=\"height:30px\" aria-hidden=\"true\" class=\"wp-block-spacer\"><\/div>\n\n<p>Vom <strong>Platz der Basilika<\/strong> aus erreicht man das <strong>Museum f\u00fcr das b\u00e4uerliche Leben des 19<\/strong>. Jahrhunderts, geht dann die Treppe hinunter und folgt dem Cammino Don Bosco nach rechts bis zur SP33. Links abbiegen auf die Provinzstra\u00dfe und nach etwa 120 m rechts abbiegen, etwa 1 km weiter an der Cascina Mainito vorbei und die Gabelung in der N\u00e4he der Br\u00fccke \u00fcber den Rio della Valle erreichen. An der Gabelung weiter links f\u00fcr weitere 200 m, dann am n\u00e4chsten Abzweig erneut links f\u00fcr weitere 100 m. Von hier folgt man dem Hauptweg im Wald, ignoriert die verschiedenen Abzweigungen, bis man an eine Votiv-S\u00e4ule gelangt (ungef\u00e4hr 3,2 km von Anfang an). Weiter geradeaus ohne den links abgehenden Pfad f\u00fcr etwa 300 m, dann kreuzt man die Via Gianoli. Rechts abbiegen und die n\u00e4chsten beiden Abzweigungen ignorieren, auf der Via Cecca weitergehen bis zur SP33. Diese \u00fcberqueren, um zum Friedhof zu gelangen, und auf der Via Boschignolo etwa 800 m bis zur Votiv-S\u00e4ule am Eingang von Capriglio gehen. Weiter auf der Via San Giovanni nach links, bis man zum Platz Mamma Margherita (<strong>Gemeinde, Museum Mamma Margherita und Kirche S. Martino<\/strong>) gelangt. Dann ins Tal hinabgehen auf dem sch\u00f6nen Weg entlang der Via San Giovanni, bis man die Kreuzung mit der Via Bacolla erreicht. An der Kreuzung geradeaus gehen, dann nach etwa 10 m rechts abbiegen und dem Pfad Nr. 111 folgen. 111. Nach etwa 300 m, nachdem man einen Teich rechts passiert hat, weiter geradeaus ohne der ersten Abzweigung nach rechts und den folgenden Abzweigungen zu folgen, auf dem Pfad f\u00fcr etwa 1,9 km weitergehen und &#8211; nachdem man die Gehege einer Reitschule passiert hat \u2013 die Strada del Papa in Morialdo erreichen. Hier links abbiegen und nach kurzer Strecke (ca. 900 m) zum Ausgangspunkt auf dem gro\u00dfen Platz der Basilica del Colle gelangen.<\/p>\n\n<div style=\"height:30px\" aria-hidden=\"true\" class=\"wp-block-spacer\"><\/div>\n\n<div style=\"height:20px\" aria-hidden=\"true\" class=\"wp-block-spacer\"><\/div>\n\n<h2 class=\"wp-block-heading\">Map<\/h2>\n\n<figure data-wp-context=\"{&quot;imageId&quot;:&quot;69f2cceccfdc9&quot;}\" data-wp-interactive=\"core\/image\" data-wp-key=\"69f2cceccfdc9\" class=\"wp-block-image size-full wp-lightbox-container\"><img fetchpriority=\"high\" decoding=\"async\" width=\"779\" height=\"765\" data-wp-class--hide=\"state.isContentHidden\" data-wp-class--show=\"state.isContentVisible\" data-wp-init=\"callbacks.setButtonStyles\" data-wp-on--click=\"actions.showLightbox\" data-wp-on--load=\"callbacks.setButtonStyles\" data-wp-on-window--resize=\"callbacks.setButtonStyles\" src=\"https:\/\/www.camminodonbosco.eu\/wp-content\/uploads\/2024\/01\/IT4.jpg\" alt=\"\" class=\"wp-image-5072\" srcset=\"https:\/\/www.camminodonbosco.eu\/wp-content\/uploads\/2024\/01\/IT4.jpg 779w, https:\/\/www.camminodonbosco.eu\/wp-content\/uploads\/2024\/01\/IT4-300x295.jpg 300w, https:\/\/www.camminodonbosco.eu\/wp-content\/uploads\/2024\/01\/IT4-768x754.jpg 768w\" sizes=\"(max-width: 779px) 100vw, 779px\" \/><button\n\t\t\tclass=\"lightbox-trigger\"\n\t\t\ttype=\"button\"\n\t\t\taria-haspopup=\"dialog\"\n\t\t\taria-label=\"Vergr\u00f6\u00dfern\"\n\t\t\tdata-wp-init=\"callbacks.initTriggerButton\"\n\t\t\tdata-wp-on--click=\"actions.showLightbox\"\n\t\t\tdata-wp-style--right=\"state.imageButtonRight\"\n\t\t\tdata-wp-style--top=\"state.imageButtonTop\"\n\t\t>\n\t\t\t<svg xmlns=\"http:\/\/www.w3.org\/2000\/svg\" width=\"12\" height=\"12\" fill=\"none\" viewBox=\"0 0 12 12\">\n\t\t\t\t<path fill=\"#fff\" d=\"M2 0a2 2 0 0 0-2 2v2h1.5V2a.5.5 0 0 1 .5-.5h2V0H2Zm2 10.5H2a.5.5 0 0 1-.5-.5V8H0v2a2 2 0 0 0 2 2h2v-1.5ZM8 12v-1.5h2a.5.5 0 0 0 .5-.5V8H12v2a2 2 0 0 1-2 2H8Zm2-12a2 2 0 0 1 2 2v2h-1.5V2a.5.5 0 0 0-.5-.5H8V0h2Z\" \/>\n\t\t\t<\/svg>\n\t\t<\/button><\/figure>\n","protected":false},"excerpt":{"rendered":"<p>Start und Ziel Piazzale Basilica Colle Don BoscoL\u00e4nge ca. 9,80 km, H\u00f6henunterschied + 205 m Schwierigkeitsgrad: Leichter Weg mit Wegmarkierungen, leicht h\u00fcgelig Vom Platz der Basilika aus erreicht man das Museum f\u00fcr das b\u00e4uerliche Leben des 19. Jahrhunderts, geht dann die Treppe hinunter und folgt dem Cammino Don Bosco nach rechts bis zur SP33. Links [&hellip;]<\/p>\n","protected":false},"author":1,"featured_media":0,"parent":0,"menu_order":0,"comment_status":"closed","ping_status":"closed","template":"","meta":{"footnotes":""},"class_list":["post-5997","page","type-page","status-publish","hentry"],"_links":{"self":[{"href":"https:\/\/www.camminodonbosco.eu\/de\/wp-json\/wp\/v2\/pages\/5997","targetHints":{"allow":["GET"]}}],"collection":[{"href":"https:\/\/www.camminodonbosco.eu\/de\/wp-json\/wp\/v2\/pages"}],"about":[{"href":"https:\/\/www.camminodonbosco.eu\/de\/wp-json\/wp\/v2\/types\/page"}],"author":[{"embeddable":true,"href":"https:\/\/www.camminodonbosco.eu\/de\/wp-json\/wp\/v2\/users\/1"}],"replies":[{"embeddable":true,"href":"https:\/\/www.camminodonbosco.eu\/de\/wp-json\/wp\/v2\/comments?post=5997"}],"version-history":[{"count":0,"href":"https:\/\/www.camminodonbosco.eu\/de\/wp-json\/wp\/v2\/pages\/5997\/revisions"}],"wp:attachment":[{"href":"https:\/\/www.camminodonbosco.eu\/de\/wp-json\/wp\/v2\/media?parent=5997"}],"curies":[{"name":"wp","href":"https:\/\/api.w.org\/{rel}","templated":true}]}}