{"id":5999,"date":"2022-07-04T14:40:37","date_gmt":"2022-07-04T12:40:37","guid":{"rendered":"https:\/\/www.camminodonbosco.eu\/andezeno-ring\/"},"modified":"2024-02-23T15:21:42","modified_gmt":"2024-02-23T14:21:42","slug":"andezeno-ring","status":"publish","type":"page","link":"https:\/\/www.camminodonbosco.eu\/de\/andezeno-ring\/","title":{"rendered":"Andezeno-Ring"},"content":{"rendered":"\n<h2 class=\"wp-block-heading has-text-color\" style=\"color:#40a95a\">BRIC ANDIO-RING &#8211; BARBAROSSA-SCHLACHT<\/h2>\n\n<p><strong>Start und Ziel<\/strong> Parkplatz neben dem Sportplatz (Faiteria Stra\u00dfe)<br\/><strong>L\u00e4nge<\/strong> ca. 5,80 km <strong>H\u00f6henunterschied<\/strong> + 94 m <strong>Schwierigkeit<\/strong> der Route: einfach, leicht h\u00fcgelig<\/p>\n\n<p>Vom <strong>Parkplatz<\/strong> auf der Wiese neben dem Sportplatz nach links abbiegen, dann weiter links abbiegen in die Faiteria Region nach 240 m. Nachdem das Dorf durchquert wurde, wird die Stra\u00dfe zu einem Feldweg; den Wegweisern des Pfades 222 in Richtung <strong>Pilone San Carlo<\/strong> &#8211; Bric Andio folgen. Eine erste Abzweigung nach links ignorieren (Madonnenstatue) und nach 0,6 km ab dem Start nach links abbiegen und einem leicht ansteigenden Weg folgen. Nach 520 m die Abzweigung nach rechts ignorieren und nach weiteren 380 m den Pilone San Carlo erreichen. Hier links auf einen Pfad abbiegen, der um den H\u00fcgel herumf\u00fchrt und einen herrlichen Panoramablick auf das Dorf Airali di Chieri, Superga, Pavarolo und Montaldo T.se bietet. Der Pfad f\u00fchrt dann hinunter in Richtung Montaldo; nach 2 km ab dem Start nach rechts abbiegen (Sentiero 234), zwischen Eichen, Kirschb\u00e4umen, Walnussb\u00e4umen und Weinreben entlanggehen, dann nach 450 m nach rechts (<strong>1)<\/strong> auf den Sentiero 220 zum Friedhof von Andezeno &#8211; Kirche S. Giorgio abbiegen. Nach 100 m die Stra\u00dfe nach rechts ignorieren, dann nach 310 m nach rechts hochsteigen und einem Pfad folgen, der zur jahrhundertealten Eiche des <strong>Bric Andio<\/strong> f\u00fchrt (3,2 km vom Start entfernt). Auf dem gleichen Weg zur\u00fcckkehren, dann nach 200 m nach rechts in Richtung Andezeno abbiegen. Nach 460 m die Abzweigung nach rechts ignorieren und nach weiteren 340 m geradeaus weitergehen (sch\u00f6ne Aussicht auf Marentino, der Weg nach rechts f\u00fchrt zur\u00fcck zum Pilone San Carlo). Nach 4,65 km ab dem Start erreichet man den Friedhof von Andezeno und die <strong>romanische Kirche San Giorgio<\/strong>. Auf der asphaltierten Stra\u00dfe nach links bergab weitergehen, nach 250 m die Abzweigung nach rechts ignorieren (Richtung Lago di Arignano und Marentino) und geradeaus weitergehen. Nach weiteren 270 m, an einer Kapelle mit einer sch\u00f6nen h\u00f6lzernen Statue der Jungfrau Maria, nach rechts abbiegen in Richtung Faiteria. Nach 330 m nach links zum Ausgangspunkt abbiegen, der nach weiteren 300 m erreicht wird (5,80 km ab dem Start).            <\/p>\n\n<p>1.  <em>Von hier aus k\u00f6nnen Sie Montaldo T.se und den Cammino Don Bosco erreichen, indem Sie 860 m geradeaus zum Friedhof von Montaldo gehen und alle Abzweigungen nach rechts ignorieren. Vom Friedhof aus weitere 650 m geradeaus gehen, zuerst zur Kapelle von San Rocco, dann zum Piazza Fornace und schlie\u00dflich zur Stra\u00dfe, die von Montaldo nach Marentino f\u00fchrt (nach rechts auf dem Cammino Don Bosco).  <\/em><\/p>\n\n<p><em><br\/>Das jahrhundertealte Exemplar einer Eiche, die zu Beginn des 19. Jahrhunderts gepflanzt wurde, markiert die Grenze zwischen den Gebieten von Montaldo Torinese und Andezeno auf dem Gipfel des Bric Andio. An diesem Ort &#8211; laut m\u00fcndlicher \u00dcberlieferung &#8211; fand eine blutige Schlacht statt, als im Jahr 1158 Kaiser Friedrich Barbarossa diesen H\u00fcgel \u00fcberquerte, um das Gebiet von Chieri zu erobern. <\/em><\/p>\n\n<div style=\"height:100px\" aria-hidden=\"true\" class=\"wp-block-spacer\"><\/div>\n\n<h2 class=\"wp-block-heading has-text-color\" style=\"color:#d42ac6\">VILLA SIMEOM-RING<\/h2>\n\n<p><strong>Start und Ziel:<\/strong> Parkplatz Piazza Italia<br\/><strong>L\u00e4nge<\/strong> ca. 2,50 km H\u00f6henunterschied + 40 m <strong>Wanderweg<\/strong>, einfach mit leichtem Anstieg<br\/><strong>Wasser<\/strong>: SMAT-Wasserh\u00e4uschen in der Via Cesole<\/p>\n\n<p>Vom <strong>Parkplatz am Piazza Italia<\/strong> links in die Via Cesole abbiegen, an der SMAT-Wasserh\u00fctte vorbei. Weiter auf der Via Cesole f\u00fcr 650 m, dann kurz nach einer Reihe von Eichen links auf einen Feldweg abbiegen. Nach 170 m weiter leicht ansteigend links abbiegen, nach weiteren 210 m geradeaus weitergehen und die Abzweigung nach links ignorieren. Nach 170 m durch eine sch\u00f6ne Lichtung gehen, dann nach weiteren 230 m zum hinteren Tor der <strong>Villa Simeom<\/strong> gelangen. Entlang des Zauns des Anwesens f\u00fcr 330 m gehen (bemerkenswerte Exemplare von Hainbuchen), dann an der SP119 beim Pilone San Pancrazio bergab gehen. Links weitergehen, dabei auf den Verkehr achten, um schnell zum Parkplatz am Piazza Italia zur\u00fcckzukehren.<\/p>\n\n<div style=\"height:100px\" aria-hidden=\"true\" class=\"wp-block-spacer\"><\/div>\n\n<h2 class=\"wp-block-heading has-luminous-vivid-amber-color has-text-color\">SPAZIERGANG DURCH DIE ALTSTADT<\/h2>\n\n<p><strong>Start und Ziel:<\/strong> Parkplatz Piazza Italia<br\/><strong>L\u00e4nge<\/strong> ca. 1,80 km H\u00f6henunterschied + 45 m <strong>Wanderweg<\/strong>, einfach mit leichtem Anstieg<\/p>\n\n<p>Es gibt wenige \u00dcberreste des originalen mittelalterlichen Stadtbildes, das heute mit einigen kleinen Gassen die Altstadt auf dem H\u00fcgel bildet, die von <strong>Mauern aus dem 18<\/strong>. Jahrhundert umgeben ist. Bemerkenswert ist die Villa San Carlo, der Wohnsitz der Familie Villa, die im 18.<br\/>Jahrhundert wieder aufgebaut wurde. Vom <strong>Parkplatz Piazza Italia<\/strong> \u00fcberqueren Sie den Corso Vittorio Emanuele II, um in die Via Roma einzubiegen und 450 m hinauf bis zur Kreuzung mit der Via Cavour zu gehen. Links abbiegen, dann weiter auf der Via Balbiano bis zur <strong>Pfarrkirche San Giorgio Martire<\/strong> (Aussichtspunkt) gelangen. Dann weiter hinunter auf der Via Cavour bis zur Via Coppi und dann auf der Via Piovano, die zur\u00fcck zum Corso Vittorio Emanuele II f\u00fchrt.<\/p>\n\n<div style=\"height:100px\" aria-hidden=\"true\" class=\"wp-block-spacer\"><\/div>\n\n<figure class=\"wp-block-image size-full is-resized\"><img fetchpriority=\"high\" decoding=\"async\" src=\"https:\/\/www.camminodonbosco.eu\/wp-content\/uploads\/2022\/03\/ANELLO-5_Andezeno.jpg\" alt=\"\" class=\"wp-image-708\" style=\"width:1920px;height:1359px\" width=\"1920\" height=\"1359\" srcset=\"https:\/\/www.camminodonbosco.eu\/wp-content\/uploads\/2022\/03\/ANELLO-5_Andezeno.jpg 1920w, https:\/\/www.camminodonbosco.eu\/wp-content\/uploads\/2022\/03\/ANELLO-5_Andezeno-300x212.jpg 300w, https:\/\/www.camminodonbosco.eu\/wp-content\/uploads\/2022\/03\/ANELLO-5_Andezeno-1024x725.jpg 1024w, https:\/\/www.camminodonbosco.eu\/wp-content\/uploads\/2022\/03\/ANELLO-5_Andezeno-768x544.jpg 768w, https:\/\/www.camminodonbosco.eu\/wp-content\/uploads\/2022\/03\/ANELLO-5_Andezeno-1536x1087.jpg 1536w\" sizes=\"(max-width: 1920px) 100vw, 1920px\" \/><\/figure>\n","protected":false},"excerpt":{"rendered":"<p>BRIC ANDIO-RING &#8211; BARBAROSSA-SCHLACHT Start und Ziel Parkplatz neben dem Sportplatz (Faiteria Stra\u00dfe)L\u00e4nge ca. 5,80 km H\u00f6henunterschied + 94 m Schwierigkeit der Route: einfach, leicht h\u00fcgelig Vom Parkplatz auf der Wiese neben dem Sportplatz nach links abbiegen, dann weiter links abbiegen in die Faiteria Region nach 240 m. Nachdem das Dorf durchquert wurde, wird die [&hellip;]<\/p>\n","protected":false},"author":1,"featured_media":0,"parent":0,"menu_order":0,"comment_status":"closed","ping_status":"closed","template":"","meta":{"footnotes":""},"class_list":["post-5999","page","type-page","status-publish","hentry"],"_links":{"self":[{"href":"https:\/\/www.camminodonbosco.eu\/de\/wp-json\/wp\/v2\/pages\/5999","targetHints":{"allow":["GET"]}}],"collection":[{"href":"https:\/\/www.camminodonbosco.eu\/de\/wp-json\/wp\/v2\/pages"}],"about":[{"href":"https:\/\/www.camminodonbosco.eu\/de\/wp-json\/wp\/v2\/types\/page"}],"author":[{"embeddable":true,"href":"https:\/\/www.camminodonbosco.eu\/de\/wp-json\/wp\/v2\/users\/1"}],"replies":[{"embeddable":true,"href":"https:\/\/www.camminodonbosco.eu\/de\/wp-json\/wp\/v2\/comments?post=5999"}],"version-history":[{"count":0,"href":"https:\/\/www.camminodonbosco.eu\/de\/wp-json\/wp\/v2\/pages\/5999\/revisions"}],"wp:attachment":[{"href":"https:\/\/www.camminodonbosco.eu\/de\/wp-json\/wp\/v2\/media?parent=5999"}],"curies":[{"name":"wp","href":"https:\/\/api.w.org\/{rel}","templated":true}]}}