{"id":6003,"date":"2022-07-04T14:41:12","date_gmt":"2022-07-04T12:41:12","guid":{"rendered":"https:\/\/www.camminodonbosco.eu\/rundwanderungen-von-baldissero-torinese\/"},"modified":"2024-02-23T15:32:37","modified_gmt":"2024-02-23T14:32:37","slug":"rundwanderungen-von-baldissero-torinese","status":"publish","type":"page","link":"https:\/\/www.camminodonbosco.eu\/de\/rundwanderungen-von-baldissero-torinese\/","title":{"rendered":"Rundwanderungen von Baldissero Torinese"},"content":{"rendered":"\n<h2 class=\"has-luminous-vivid-amber-color has-text-color wp-block-heading\">RIVODORA-RUNDWANDERUNG (Kalkweg)<\/h2>\n\n<p><strong>Start und Ziel:<\/strong> Parkplatz neben dem Dorf Paluch<br\/><strong>L\u00e4nge<\/strong> ca. 8 km H\u00f6henunterschied +46 m <strong>Schwierigkeit<\/strong> der Route: anspruchsvoll mit schwierigen Abstiegen und exponierten Abschnitten an steilen H\u00e4ngen<br\/><strong>Wasser<\/strong>: 3 Brunnen an Rastpl\u00e4tzen entlang der Fu\u00dfg\u00e4ngerzone der SP4 in Richtung Superga<\/p>\n\n<div style=\"height:30px\" aria-hidden=\"true\" class=\"wp-block-spacer\"><\/div>\n\n<p>Vom <strong>Parkplatz neben dem Dorf Paluch<\/strong> links auf die SP4 in Richtung Superga abbiegen und auf dem Fu\u00dfweg etwa 1,5 km weitergehen, bis Sie rechts die asphaltierte Stra\u00dfe erreichen, die zum <strong>Agriturismo Ai Guiet<\/strong> f\u00fchrt. Nach 100 m rechts auf den Pfad 59 im Wald abbiegen. Nach 130 m \u00fcber einen unebenen Abschnitt unterhalb des Agriturismo hinweggehen und weiter durch den Wald aus Eichen, Ahorn, Kastanien und wilden Kirschb\u00e4umen f\u00fcr weitere 270 m gehen, dann rechts abbiegen. Etwa 1 km auf dem Weg mit Querentwicklung fortsetzen und dabei verschiedene durch Wasserl\u00e4ufe ausgewaschene Rillen \u00fcberwinden, die in den Rio Tabuss m\u00fcnden &#8211; <strong>dabei aufgrund der geringen Breite des Weges, der h\u00e4ufig rutschig ist, besonders vorsichtig sein<\/strong> &#8211; bis Sie auf den Rosmarinpfad treffen. Hier links abbiegen, in Richtung <strong>Bric Castl\u00e8tt<\/strong> hinabsteigen. Nach etwa 270 m die Spuren der Wasserf\u00fchrungen \u00fcberqueren (in der N\u00e4he der Ruinen des Castl\u00e8tt), einen weiteren gef\u00e4hrlichen Abschnitt \u00fcberwinden (geradeaus in Richtung Anstieg weitergehen), nach weiteren 540 m in Richtung Rivodora absteigen. Nach 4 km erreichen Sie die asphaltierte Stra\u00dfe, die von Tetti Ronchi zur <strong>Fraktion Rivodora<\/strong> f\u00fchrt (links abbiegen, um das Dorf zu erreichen; Wasserstelle in der N\u00e4he der Kirche). Die Stra\u00dfe \u00fcberqueren und den Pfad 54 (genannt &#8222;<strong>die Seife<\/strong>&#8222;, besonders rutschig nach Regenf\u00e4llen) entlang des Rio Dora im Rivodora-Tal nehmen. Nach 1,5 km die Abzweigung nach rechts ignorieren, auf dem Hauptweg weitere 180 m gehen, dann nach 130 m leicht ansteigend rechts abbiegen und nach 50 m die asphaltierte Stra\u00dfe \u00fcberqueren, um dann den Pfad 54 zu nehmen, der in Richtung Tetti Bertone ansteigt. Nach 200 m rechts abbiegen und weitere 400 m gehen. Schlie\u00dflich, erreichen Sie die <strong>Strada della Croce<\/strong> (Cammino Don Bosco) und biegen rechts ab. Nach 550 m links in die Bellavista-Stra\u00dfe abbiegen und dann nach 360 m rechts abbiegen. Etwa 500 m auf der SP4 weitergehen und dabei auf den Verkehr achten, bis Sie zum Ausgangspunkt zur\u00fcckkehren.<\/p>\n\n<div style=\"height:30px\" aria-hidden=\"true\" class=\"wp-block-spacer\"><\/div>\n\n<p><em>Auf dem Bric Castl\u00e8tt &#8211; auf dem H\u00fcgel von Superga &#8211; finden sich Spuren des Steinabbaus in den wei\u00dfen Steinbr\u00fcchen, aus denen der Branntkalk gewonnen wurde, der beim Bau der Basilika von Superga, der Kirche Santa Maria della Spina in Baldissero T.se und zahlreicher Geb\u00e4ude im Turin des 18. Jahrhunderts verwendet wurde. Das Regenwasser wurde eingeleitet und in die Wasserf\u00fchrungen geleitet, Steinbarrieren mit einer \u00d6ffnung in der Mitte, die verwendet wurden, um durch den Wasserfluss die wei\u00dfen Steine freizulegen. Die Steine wurden dann gesammelt und zwei Tage lang im Ofen gebrannt, bis sie eine goldene Farbe erreichten. Anschlie\u00dfend wurden sie geschmolzen, um Branntkalk zu erhalten.<\/em><\/p>\n\n<div style=\"height:100px\" aria-hidden=\"true\" class=\"wp-block-spacer\"><\/div>\n\n<h2 class=\"has-vivid-red-color has-text-color wp-block-heading\"><strong>TOETTO-RING<\/strong><\/h2>\n\n<p><strong>Start und Ziel<\/strong>: Parkplatz des Sportplatzes in Baldissero T.se &#8211; Via Cordova, 9 (283 m \u00fcber dem Meeresspiegel)<br\/><strong>L\u00e4nge<\/strong> ca. 8,50 km H\u00f6henunterschied +130 m <strong>Schwierigkeit<\/strong> der Route: einfach, leicht wellig<br\/><strong>Wasser<\/strong>: Brunnen im Giardino San Giuliano<\/p>\n\n<div style=\"height:30px\" aria-hidden=\"true\" class=\"wp-block-spacer\"><\/div>\n\n<p>Vom <strong>Parkplatz des Sportplatzes<\/strong> links auf die SP117 in Richtung Cordova abbiegen, den <strong>Giardino San Giuliano<\/strong> (Wasserstelle) passieren und den Gehweg nutzen, um nach 850 m rechts die Stra\u00dfe Toetto an der <strong>Kapelle Madonna della Delibera<\/strong> zu erreichen. Auf dem Feldweg etwa 780 m weitergehen, die Stra\u00dfe nach rechts ignorieren und weitere 600 m hinabgehen, um dann die asphaltierte Stra\u00dfe wieder aufzunehmen und nach 2,5 km die SP4 in Richtung Pavarolo in der N\u00e4he der  <strong>Kapelle Toetto zu kreuzen.<\/strong> Nach links abbiegen und 120 m auf den Verkehr achten, dann rechts in Richtung<strong> Tetti Valentino <\/strong>(Pfad 53) abbiegen. Nach 80 m links auf die Stra\u00dfe Valentino abbiegen, nach 300 m die Stra\u00dfe nach links ignorieren und auf dem Asphalt weitergehen (links sch\u00f6ne Aussicht auf die <strong>Fraktion Airali<\/strong> di Chieri), nach weiteren 450 m auf dem Feldweg in Richtung Airali (Panoramablick) weitergehen. An Tetti Quaglino vorbei (links Blick auf <strong>Bric Andio<\/strong>, Eiche des Barbarossa) und nach 650 m geradeaus auf der Stra\u00dfe Valentino weitergehen, die Abzweigung nach rechts ignorieren und ins Tal hinabsteigen. Nach weiteren 600 m links abbiegen und nach weiteren 160 m links abbiegen, um im Tal zu gehen. Die erste Abzweigung nach links nach 900 m ignorieren und dann die n\u00e4chste Abzweigung nach rechts zur Fraktion Airali nach weiteren 120 m ignorieren. Nach weiteren 200 m auf dem Asphalt abbiegen und dann direkt an der <strong>Kapelle von S. Rita<\/strong> nach rechts abbiegen. Zwischen Weinbergen, Wiesen und W\u00e4ldern aufsteigen (rechts sch\u00f6ne Aussicht auf Pavarolo, Montaldo T.se und Marentino), die Abzweigung nach rechts nach 650 m ignorieren. Nach 150 m auf der Stra\u00dfe Valentino nach rechts zur\u00fcckkehren (Pfad 53). Nach 350 m an der Kreuzung rechts abbiegen und dann sofort links auf die SP4 in Richtung Baldissero abbiegen, dann nach 720 m auf die SP117 in Richtung Cordova abbiegen und nach weiteren 300 m zum Ausgangspunkt zur\u00fcckkehren.         <\/p>\n\n<div style=\"height:100px\" aria-hidden=\"true\" class=\"wp-block-spacer\"><\/div>\n\n<figure class=\"wp-block-image size-full is-resized\"><img fetchpriority=\"high\" decoding=\"async\" src=\"https:\/\/www.camminodonbosco.eu\/wp-content\/uploads\/2022\/03\/ANELLO-4_Baldissero-T.se_.jpg\" alt=\"\" class=\"wp-image-707\" width=\"1920\" height=\"1361\" srcset=\"https:\/\/www.camminodonbosco.eu\/wp-content\/uploads\/2022\/03\/ANELLO-4_Baldissero-T.se_.jpg 1920w, https:\/\/www.camminodonbosco.eu\/wp-content\/uploads\/2022\/03\/ANELLO-4_Baldissero-T.se_-300x213.jpg 300w, https:\/\/www.camminodonbosco.eu\/wp-content\/uploads\/2022\/03\/ANELLO-4_Baldissero-T.se_-1024x726.jpg 1024w, https:\/\/www.camminodonbosco.eu\/wp-content\/uploads\/2022\/03\/ANELLO-4_Baldissero-T.se_-768x544.jpg 768w, https:\/\/www.camminodonbosco.eu\/wp-content\/uploads\/2022\/03\/ANELLO-4_Baldissero-T.se_-1536x1089.jpg 1536w\" sizes=\"(max-width: 1920px) 100vw, 1920px\" \/><\/figure>\n","protected":false},"excerpt":{"rendered":"<p>RIVODORA-RUNDWANDERUNG (Kalkweg) Start und Ziel: Parkplatz neben dem Dorf PaluchL\u00e4nge ca. 8 km H\u00f6henunterschied +46 m Schwierigkeit der Route: anspruchsvoll mit schwierigen Abstiegen und exponierten Abschnitten an steilen H\u00e4ngenWasser: 3 Brunnen an Rastpl\u00e4tzen entlang der Fu\u00dfg\u00e4ngerzone der SP4 in Richtung Superga Vom Parkplatz neben dem Dorf Paluch links auf die SP4 in Richtung Superga abbiegen [&hellip;]<\/p>\n","protected":false},"author":1,"featured_media":0,"parent":0,"menu_order":0,"comment_status":"closed","ping_status":"closed","template":"","meta":{"footnotes":""},"class_list":["post-6003","page","type-page","status-publish","hentry"],"_links":{"self":[{"href":"https:\/\/www.camminodonbosco.eu\/de\/wp-json\/wp\/v2\/pages\/6003","targetHints":{"allow":["GET"]}}],"collection":[{"href":"https:\/\/www.camminodonbosco.eu\/de\/wp-json\/wp\/v2\/pages"}],"about":[{"href":"https:\/\/www.camminodonbosco.eu\/de\/wp-json\/wp\/v2\/types\/page"}],"author":[{"embeddable":true,"href":"https:\/\/www.camminodonbosco.eu\/de\/wp-json\/wp\/v2\/users\/1"}],"replies":[{"embeddable":true,"href":"https:\/\/www.camminodonbosco.eu\/de\/wp-json\/wp\/v2\/comments?post=6003"}],"version-history":[{"count":0,"href":"https:\/\/www.camminodonbosco.eu\/de\/wp-json\/wp\/v2\/pages\/6003\/revisions"}],"wp:attachment":[{"href":"https:\/\/www.camminodonbosco.eu\/de\/wp-json\/wp\/v2\/media?parent=6003"}],"curies":[{"name":"wp","href":"https:\/\/api.w.org\/{rel}","templated":true}]}}