{"id":6005,"date":"2022-07-04T14:41:31","date_gmt":"2022-07-04T12:41:31","guid":{"rendered":"https:\/\/www.camminodonbosco.eu\/chieri-ring\/"},"modified":"2024-02-23T15:58:30","modified_gmt":"2024-02-23T14:58:30","slug":"chieri-ring","status":"publish","type":"page","link":"https:\/\/www.camminodonbosco.eu\/de\/chieri-ring\/","title":{"rendered":"Chieri-Ring"},"content":{"rendered":"\n<h2 class=\"has-vivid-green-cyan-color has-text-color wp-block-heading\">MADONNA DELLA SCALA RUNDWEG<\/h2>\n\n<p><strong>Start und Ziel<\/strong>: Strada del Verde (Kreuzung an der Viale Cappuccini, Parkm\u00f6glichkeiten vorhanden) &#8211; Chieri<br\/><strong>L\u00e4nge<\/strong>: 9,5 km &#8211; <strong>H\u00f6henunterschied<\/strong>: +181 m<br\/><strong>Schwierigkeitsgrad<\/strong>: Wanderweg von eben bis h\u00fcgelig<br\/><strong>Wasser<\/strong>: Brunnen im \u00f6ffentlichen Park &#8211; Ortsteil Madonna della Scala<\/p>\n\n<div style=\"height:30px\" aria-hidden=\"true\" class=\"wp-block-spacer\"><\/div>\n\n<p>Folgen Sie der <strong>Strada del Verde<\/strong> und biegen Sie nach etwa 370 m links in einen von einer Schranke begrenzten Weg ab. Nach weiteren 180 m nach rechts abbiegen, in der N\u00e4he einer Eiche, und folgen Sie einem Feldweg, der zwischen den Feldern verl\u00e4uft. Nach 380 m \u00fcberqueren Sie eine H\u00fctte neben einem Weinberg und biegen dann nach 70 m links ab (<strong>Via dei Tigli<\/strong>) neben einer H\u00fctte. Nachdem Sie eine majest\u00e4tische Eiche passiert haben, biegen Sie rechts neben dem Zaun eines Hauses ab, \u00fcberqueren eine Schranke und gehen bergab. Nach 150 m nach rechts auf die Strada del Chiaventone abbiegen, gehen Sie am ehemaligen Kloster vorbei und erreichen nach etwa 750 m eine Gabelung. Biegen Sie links auf die <strong>Strada del Vibernone<\/strong> ab, ignorieren Sie den n\u00e4chsten Weg nach links und biegen Sie nach etwa 300 m links auf die <strong>Strada della Molina<\/strong> ab und dann nach weiteren 200 m rechts in der N\u00e4he der Villa Rasero. Gehen Sie weiter, bis Sie die <strong>Via Madonna della Scala<\/strong> erreichen (3,5 km vom Startpunkt entfernt, in der N\u00e4he eines \u00f6ffentlichen Parks). Biegen Sie rechts ab und \u00fcberqueren Sie <strong>Madonna della Scala<\/strong>, achten Sie auf den Verkehr, links vorbei an der sch\u00f6nen <strong>Kirche Santa Maria della Scala<\/strong> und biegen Sie dann auf einen Feldweg ab (Schild zum Restaurant Establo) nach etwa 500 m ab der Kreuzung. Biegen Sie nach etwa 600 m rechts ab, kurz nach dem Restaurant (ehemaliges Kloster), entlang des Zauns desselben, um auf einen schmalen Pfad entlang eines Feldes zu gelangen, der bald zu einem bequemen Feldweg wird. Nach etwa 880 m biegen Sie rechts auf einen Weg in der N\u00e4he des <strong>Meandro San Felice<\/strong> ab (5,5 km vom Startpunkt entfernt). An der SP 123 biegen Sie rechts ab und gehen Sie etwa 600 m entlang der Mauer der <strong>Villa Passatempo<\/strong>, achten Sie auf den Verkehr, und biegen Sie dann links auf die <strong>Strada Tetti Rocco<\/strong> ab. Steigen Sie etwa 700 m bis zum Treffpunkt mit der <strong>Strada Tetti Marsino<\/strong>. Biegen Sie rechts ab (sch\u00f6ne Aussicht auf Villa Brea) und nach 700 m erreichen Sie die Gabelung, die Sie schon auf dem Hinweg \u00fcberquert haben. Bis hierher gehen Sie auf der Schotterstra\u00dfe der <strong>Strada del Chiaventone<\/strong> geradeaus weiter und biegen nach 450 m links ab und steigen entlang eines Pfads neben einem W\u00e4ldchen hinauf, der nach etwa 200 m auf die <strong>Via degli Tigli<\/strong> f\u00fchrt. Biegen Sie hier links ab, um nach 300 m die <strong>Viale Cappuccini<\/strong> zu erreichen. Folgen Sie dann rechts und achten Sie auf den starken Verkehr, um nach etwas mehr als 650 m wieder zum Ausgangspunkt zu gelangen.              <\/p>\n\n<div style=\"height:30px\" aria-hidden=\"true\" class=\"wp-block-spacer\"><\/div>\n\n<p><em>Die schlammigen und tonigen Flussablagerungen des <strong>San Felice-Meanders <\/strong>stammen aus dem fr\u00fchen Mittelpleistoz\u00e4n (entsprechend einem Zeitraum von vor etwa 781.000 Jahren) und sind ein Zeugnis der fluvialen Modellierung durch den antiken Flusslauf <strong>(paleo-Po),<\/strong>als dieser s\u00fcdlich der H\u00fcgel von Turin floss und ostw\u00e4rts durch die Erhebungen von Asti f\u00fchrte.<\/em><\/p>\n\n<div style=\"height:30px\" aria-hidden=\"true\" class=\"wp-block-spacer\"><\/div>\n\n<p><em>Die <strong>Villa Il Passatempo delle Dame di Verrua<\/strong> wurde gegen Ende des 17. Jahrhunderts erbaut. Das Geb\u00e4ude &#8211; umgeben von einem Jahrhunderte alten Park mit Alleen, die zwischen Eichen, Zypressen, Zedern und Wasserfl\u00e4chen verlaufen &#8211; offenbart in seinen harmonischen und strengen Linien den neoklassizistischen Geschmack der Zeit. Eine Treppe mit symmetrischen Rampen f\u00fchrt zur Hauptetage, von wo aus der Empfangssaal mit einem imposanten Marmorbecken, einem gro\u00dfen Kamin mit Keramiken aus den alten piemontesischen Manufakturen und einer majest\u00e4tischen h\u00f6lzernen Skulptur, die die Schlacht von Wien im Jahr 1683 darstellt, geschm\u00fcckt ist.<\/em><\/p>\n\n<div style=\"height:100px\" aria-hidden=\"true\" class=\"wp-block-spacer\"><\/div>\n\n<figure class=\"wp-block-image size-full is-resized\"><img fetchpriority=\"high\" decoding=\"async\" src=\"https:\/\/www.camminodonbosco.eu\/wp-content\/uploads\/2022\/03\/ANELLO-3_Chieri.jpg\" alt=\"\" class=\"wp-image-706\" width=\"1920\" height=\"1361\" srcset=\"https:\/\/www.camminodonbosco.eu\/wp-content\/uploads\/2022\/03\/ANELLO-3_Chieri.jpg 1920w, https:\/\/www.camminodonbosco.eu\/wp-content\/uploads\/2022\/03\/ANELLO-3_Chieri-300x213.jpg 300w, https:\/\/www.camminodonbosco.eu\/wp-content\/uploads\/2022\/03\/ANELLO-3_Chieri-1024x726.jpg 1024w, https:\/\/www.camminodonbosco.eu\/wp-content\/uploads\/2022\/03\/ANELLO-3_Chieri-768x544.jpg 768w, https:\/\/www.camminodonbosco.eu\/wp-content\/uploads\/2022\/03\/ANELLO-3_Chieri-1536x1089.jpg 1536w\" sizes=\"(max-width: 1920px) 100vw, 1920px\" \/><\/figure>\n\n<div style=\"height:100px\" aria-hidden=\"true\" class=\"wp-block-spacer\"><\/div>\n\n<h2 class=\"has-vivid-cyan-blue-color has-text-color wp-block-heading\">DIE SCHNECKE ERKUNDEN<br\/>SPAZIERGANG DURCH DIE KUNST, GESCHICHTE UND KULTUR VON CHIERI<\/h2>\n\n<p><strong>Start und Ziel<\/strong>: Parkplatz Piazza Europa &#8211; Chieri<br\/><strong>L\u00e4nge<\/strong>: 3,5 km<br\/><strong>Schwierigkeitsgrad<\/strong> f\u00fcr Touristen<\/p>\n\n<div style=\"height:50px\" aria-hidden=\"true\" class=\"wp-block-spacer\"><\/div>\n\n<p>Von der <strong>Piazza Europa<\/strong> ausgehend, entlang der Seite, die an der Mauer des Salesianischen Instituts San Luigi angrenzt, in Richtung der Mauerreste des alten <strong>Forte della Rocchetta<\/strong> gehen. Kurz vor den Bastionen den Fu\u00dfweg hinuntergehen, die Piazzetta Brigata Alpina Taurinense \u00fcberqueren und dann links in die Via Vittorio Emanuele II abbiegen. Die Kirche St. Margaretha, das Oratorium San Luigi und die Kapelle St. Croce auf der linken Seite passieren, um das <strong>Kloster San Domenico<\/strong> zu erreichen (Eingang zur Kirche \u00fcber die Via San Donato, Eingang zum Kloster \u00fcber die Via della Gualderia). Weiter auf der Via Vittorio Emanuele II gehen und nach 50 Metern rechts in die Via della Pace abbiegen, wo sich auf Hausnummer 8 das <strong>j\u00fcdische Ghetto<\/strong> befindet. Umkehren und auf der Via Vittorio Emanuele rechts abbiegen, um zun\u00e4chst zum ehemaligen Kloster <strong>San Filippo Neri<\/strong> zu gelangen (wo sich das <strong>Besucherzentrum Don Bosco<\/strong> und die <strong>StArt Gallery<\/strong> befinden) und zur angrenzenden barocken Kirche San Filippo, dann zum <strong>Arco di Piazza<\/strong>. Nach dem \u00dcberqueren des Bogens (<strong>Piazza Umberto I<\/strong>) rechts auf die Via Carlo Alberto abbiegen und den Platz <strong>Piazza Mazzini<\/strong> erreichen, dann links in die Via San Giorgio abbiegen. Kurz vor den beiden sch\u00f6nen Pal\u00e4sten, die sich zur Stra\u00dfe hin \u00f6ffnen (Palazzo Opesso und Palazzo Valfr\u00e8), rechts die Via Giacomo Nel hinaufgehen, um zur <strong>Kirche San Giorgio<\/strong> zu gelangen (1,950 km vom Startpunkt entfernt), die auf dem H\u00fcgel liegt, wo das mittelalterliche Castrum zur Verteidigung von Chieri stand. Links von der Kirche hinuntergehen und die Via San Giorgio bis zur Hausnummer 17 entlanggehen, dann eine Treppe hinuntergehen, die zur Via Diverio f\u00fchrt, dieser folgen bis zur <strong>Piazza Cavour<\/strong> (Kirche San Bernardino, Kirche Sant&#8217;Antonio). Den Platz und die Via Vittorio Emanuele II \u00fcberqueren und auf der Via Palazzo di Citt\u00e0 weitergehen. Vor dem Rathaus links in die Via Cottolengo abbiegen, die Via Balbo \u00fcberqueren und den <strong>Domplatz<\/strong> (<strong>Dom und Baptisterium<\/strong> &#8211; 2,9 km vom Startpunkt entfernt) erreichen. Nachdem Sie den <strong>Glockenturm<\/strong> passiert haben, biegen Sie in die Via XX Settembre ein, dann biegen Sie in die Via San Domenico ein und erreichen Sie den Piazza Umberto I. Nachdem Sie den Bogen passiert haben, gehen Sie weiter auf der Via Vittorio Emanuele II bis zum Kloster San Domenico. Dann gehen Sie geradeaus weiter und biegen dann rechts in die Via Roma ein. Kurz vor dem Kreisverkehr links abbiegen, um zur\u00fcck zum Piazza Europa zu gelangen.<\/p>\n\n<div style=\"height:30px\" aria-hidden=\"true\" class=\"wp-block-spacer\"><\/div>\n\n<p><em><strong>StArt gallery<\/strong> (via V. Emanuele II 63, Chieri)<br\/>Die StArt Gallery, die sich im ehemaligen Kloster San Filippo befindet und bald er\u00f6ffnet wird, ist eine permanente Ausstellung, die die Geschichte von Chieri nachzeichnet: die antike Geschichte, das Mittelalter und die Stadt im 15. Jahrhundert, das 16. Jahrhundert, den Barock und die Gesellschaft des 18. Jahrhunderts, die moderne \u00c4ra und die Textilindustrie.<\/em><\/p>\n\n<div style=\"height:100px\" aria-hidden=\"true\" class=\"wp-block-spacer\"><\/div>\n\n<figure class=\"wp-block-image size-full is-resized\"><img decoding=\"async\" src=\"https:\/\/www.camminodonbosco.eu\/wp-content\/uploads\/2022\/07\/Cartina-escursione-CHIERI.jpg\" alt=\"\" class=\"wp-image-1356\" width=\"1280\" height=\"878\" srcset=\"https:\/\/www.camminodonbosco.eu\/wp-content\/uploads\/2022\/07\/Cartina-escursione-CHIERI.jpg 1280w, https:\/\/www.camminodonbosco.eu\/wp-content\/uploads\/2022\/07\/Cartina-escursione-CHIERI-300x206.jpg 300w, https:\/\/www.camminodonbosco.eu\/wp-content\/uploads\/2022\/07\/Cartina-escursione-CHIERI-1024x702.jpg 1024w, https:\/\/www.camminodonbosco.eu\/wp-content\/uploads\/2022\/07\/Cartina-escursione-CHIERI-768x527.jpg 768w\" sizes=\"(max-width: 1280px) 100vw, 1280px\" \/><\/figure>\n","protected":false},"excerpt":{"rendered":"<p>MADONNA DELLA SCALA RUNDWEG Start und Ziel: Strada del Verde (Kreuzung an der Viale Cappuccini, Parkm\u00f6glichkeiten vorhanden) &#8211; ChieriL\u00e4nge: 9,5 km &#8211; H\u00f6henunterschied: +181 mSchwierigkeitsgrad: Wanderweg von eben bis h\u00fcgeligWasser: Brunnen im \u00f6ffentlichen Park &#8211; Ortsteil Madonna della Scala Folgen Sie der Strada del Verde und biegen Sie nach etwa 370 m links in einen [&hellip;]<\/p>\n","protected":false},"author":1,"featured_media":0,"parent":0,"menu_order":0,"comment_status":"closed","ping_status":"closed","template":"","meta":{"footnotes":""},"class_list":["post-6005","page","type-page","status-publish","hentry"],"_links":{"self":[{"href":"https:\/\/www.camminodonbosco.eu\/de\/wp-json\/wp\/v2\/pages\/6005","targetHints":{"allow":["GET"]}}],"collection":[{"href":"https:\/\/www.camminodonbosco.eu\/de\/wp-json\/wp\/v2\/pages"}],"about":[{"href":"https:\/\/www.camminodonbosco.eu\/de\/wp-json\/wp\/v2\/types\/page"}],"author":[{"embeddable":true,"href":"https:\/\/www.camminodonbosco.eu\/de\/wp-json\/wp\/v2\/users\/1"}],"replies":[{"embeddable":true,"href":"https:\/\/www.camminodonbosco.eu\/de\/wp-json\/wp\/v2\/comments?post=6005"}],"version-history":[{"count":0,"href":"https:\/\/www.camminodonbosco.eu\/de\/wp-json\/wp\/v2\/pages\/6005\/revisions"}],"wp:attachment":[{"href":"https:\/\/www.camminodonbosco.eu\/de\/wp-json\/wp\/v2\/media?parent=6005"}],"curies":[{"name":"wp","href":"https:\/\/api.w.org\/{rel}","templated":true}]}}