{"id":6014,"date":"2022-07-04T14:42:18","date_gmt":"2022-07-04T12:42:18","guid":{"rendered":"https:\/\/www.camminodonbosco.eu\/der-ring-von-marentino-montaldo-torinese-und-pavarolo\/"},"modified":"2024-02-23T16:31:13","modified_gmt":"2024-02-23T15:31:13","slug":"der-ring-von-marentino-montaldo-torinese-und-pavarolo","status":"publish","type":"page","link":"https:\/\/www.camminodonbosco.eu\/de\/der-ring-von-marentino-montaldo-torinese-und-pavarolo\/","title":{"rendered":"Der Ring von Marentino, Montaldo Torinese und Pavarolo"},"content":{"rendered":"\n<h2 class=\"wp-block-heading has-vivid-red-color has-text-color\">PAVAROLO-MONTALDO TORINESE-MARENTINO-PAVAROLO RUNDWEG<\/h2>\n\n<p><strong>Start und Ziel<\/strong>: Pavarolo, Parkplatz in der Via Maestra<br\/><strong>L\u00e4nge<\/strong>: 12,40 km &#8211; <strong>H\u00f6henunterschied<\/strong>: +134 m <strong>Wanderweg-Schwierigkeitsgrad<\/strong>: H\u00fcgeliges Gel\u00e4nde<br\/><strong>Wasserstellen<\/strong> in Pavarolo: SMAT-H\u00fctte in der Via Maestra und Springbrunnen auf dem San Defendente-Platz. In Montaldo T.se: SMAT-H\u00fctte auf dem Superga-Platz und Springbrunnen auf dem Fornace-Platz. In Marentino: SMAT-H\u00fctte auf dem Giardino-Platz<\/p>\n\n<div style=\"height:30px\" aria-hidden=\"true\" class=\"wp-block-spacer\"><\/div>\n\n<p>Beginnen Sie in <strong>Pavarolo<\/strong> auf dem <strong>Parkplatz in der Via Maestra<\/strong> neben der Treppe des Turms und folgen Sie dem Cammino Don Bosco: Halten Sie sich links, biegen Sie an der ersten Kreuzung links ab, um nach rechts (300 m vom Turm entfernt) die Via Generale Zavattaro entlang zu gehen. Wenn Sie die SP122 erreichen, biegen Sie links ab &#8211; achten Sie auf den Verkehr -, um sie nach etwa 50 m in der N\u00e4he eines Gewerbegebiets zu \u00fcberqueren, und gehen Sie dann fast sofort auf der Stra\u00dfe, die sie \u00fcberquert, nach rechts ab &#8211; folgen Sie ihr f\u00fcr etwa 150 m -, dann nach links in der N\u00e4he des letzten Geb\u00e4udes. Lassen Sie die Struktur links liegen und gehen Sie etwa 700 m auf einem Feldweg, der sich allm\u00e4hlich halbkreisf\u00f6rmig nach <strong>Montaldo T.se<\/strong> hinaufschl\u00e4ngelt. Wenn Sie auf den Asphalt gelangen, biegen Sie rechts zur Piazza Superga ab (SMAT-Wasserpumpe), gehen Sie geradeaus f\u00fcr etwa 300 m, bis Sie die Stra\u00dfe nach Marentino &#8211; ignorieren Sie sie nach links -, \u00fcberqueren. Gehen Sie hier geradeaus \u00fcber die <strong>Piazza Fornace<\/strong> in Richtung Friedhof auf dem Weg 233. Nach 350 m k\u00f6nnen Sie ein monumentales Exemplar einer <em>Sophora<\/em> in der N\u00e4he einer Votiv-S\u00e4ule bewundern. Nach weiteren 300 m rechts auf einem Feldweg bergab in Richtung des Friedhofs abbiegen. Ignorieren Sie die n\u00e4chsten beiden Abzweigungen nach rechts und links und biegen Sie nach 460 m links in der N\u00e4he eines Weihepfahls (<strong>1<\/strong>) ab, um nach weiteren 400 m die Stra\u00dfe Montaldo-Marentino zu erreichen. Biegen Sie rechts ab und folgen Sie dem Talboden f\u00fcr 1.200 m, \u00fcberqueren Sie das Sportfeld, um entlang der Stra\u00dfe Pozzetto nach <strong>Marentino<\/strong> zu gelangen, und betreten Sie das Dorf in der N\u00e4he von <strong>Casa Zuccala<\/strong>. Biegen Sie hier links ab (SMAT-Wasserpumpe), um weitere 400 m auf der SP98 geradeaus zu gehen und passieren Sie das Experimentelle Bienenhaus, um die <strong>Kirche S. Maria dei Morti<\/strong> zu erreichen. Gehen Sie weitere 200 m geradeaus und biegen Sie dann links in Richtung <strong>Tetti Ottone<\/strong> an einer Eisernen Kreuzung ab. Biegen Sie an der n\u00e4chsten Gabelung rechts ab und gehen Sie 1,55 km auf dem Weg 210 weiter, ignorieren Sie die Abzweigung nach Tetti Ottone nach links und gehen Sie geradeaus weiter. Nach 150 m ignorieren Sie erneut die Abzweigung nach links (Weg 232 zur\u00fcck nach Montaldo T.se) und gehen Sie geradeaus weiter, bis Sie nach 400 m             <strong>Tetti Trinit\u00e0<\/strong> in Montaldo T.se erreichen. Biegen Sie hier auf der Asphaltstra\u00dfe links ab und gehen Sie 180 m bergauf und &#8211; nachdem Sie den Platz passiert haben &#8211; biegen Sie rechts auf den Weg 230 in Richtung <strong>Tetti Gaffolo<\/strong> ab. Gehen Sie 250 m geradeaus, ignorieren Sie die erste Abzweigung nach rechts, und biegen Sie dann neben einem Wohnhaus rechts ab. Nach 230 m in Tetti Gaffolo rechts auf dem Weg 230 halten. Nach einem kurzen St\u00fcck auf Asphalt f\u00fchrt der grasbewachsene Weg nach 780 m nach <strong>Tetti Vernai<\/strong>. Halten Sie sichVotiv-Saeule hier rechts und dann links nach 300 m, gehen Sie weitere 430 m bis zum Gewerbegebiet von Montaldo. Biegen Sie rechts ab, \u00fcberqueren Sie nach 150 m die SP122 und biegen Sie links ab &#8211; achten Sie auf den Verkehr &#8211; und nach 50 m rechts ab, um die Via Generale Zavattaro hinaufzugehen, und biegen Sie dann rechts auf die SP224 ab. Nach 220 m (SMAT-H\u00fctte) biegen Sie rechts in die Via Rubino ein und gehen Sie geradeaus (ignorieren Sie nach 200 m die Abzweigung nach rechts zum Cammino Don Bosco in Richtung Bardassano) auf einem sch\u00f6nen Fu\u00dfweg, der zum Ausgangspunkt f\u00fchrt.      <\/p>\n\n<div style=\"height:100px\" aria-hidden=\"true\" class=\"wp-block-spacer\"><\/div>\n\n<h2 class=\"wp-block-heading has-vivid-green-cyan-color has-text-color\">(1) VARIANTE DES BRIC ANDIO<\/h2>\n\n<p><strong>Um Marentino zu erreichen<\/strong> (mit dieser Route wird die Strecke um mehr als 1,5 km verl\u00e4ngert). Gehen Sie geradeaus in der N\u00e4he der Votiv-S\u00e4ule weiter. Nach 280 m geradeaus gehen, den Weg nach links ignorieren, und nach weiteren 80 m geradeaus gehen (an einem Pfosten f\u00fcr eine Gasleitung vorbei), und dann weiter geradeaus gehen (300 m), ignorieren Sie den Weg nach rechts, bis Sie nach weiteren 300 m auf den Weg nach rechts treffen, der zum Bric Andio f\u00fchrt. Folgen Sie <strong>dem Pfad, um das alte,<\/strong> im fr\u00fchen 19. Jahrhundert gepflanzte Eichenexemplar zu erreichen, das die Grenze zwischen den Gebieten von Montaldo Torinese und Andezeno markiert, auf dem Gipfel des <strong>Bric Andio<\/strong>. An diesem Ort &#8211; laut m\u00fcndlicher \u00dcberlieferung &#8211; fand eine blutige Schlacht statt, als Kaiser <strong>Friedrich Barbarossa<\/strong> im Jahr 1158 \u00fcber diesen H\u00fcgel zog, um das Gebiet von Chieri zu erobern.     <\/p>\n\n<p>Kehren Sie auf dem Weg, den sie gekommen sind zur\u00fcck, gehen Sie geradeaus und ignorieren Sie die n\u00e4chsten beiden Spuren nach links. Nach 150 m die Stra\u00dfe nach rechts ignorieren und geradeaus weitergehen. Gehen Sie weitere 50 m, ignorieren Sie dann wiederum nach 300 m die Abzweigung nach rechts (Weg 232, der zur\u00fcck nach Montaldo T.se f\u00fchrt), und gehen Sie geradeaus weiter. Gehen Sie 400 m nach rechts in die Via Marentino, bis Sie zum SMAT-Punkt gelangen.       <\/p>\n\n<div style=\"height:100px\" aria-hidden=\"true\" class=\"wp-block-spacer\"><\/div>\n\n<figure class=\"wp-block-image size-full is-resized\"><img fetchpriority=\"high\" decoding=\"async\" src=\"https:\/\/www.camminodonbosco.eu\/wp-content\/uploads\/2022\/03\/ANELLO-6_Marentino-Montaldo-Pavarolo.jpg\" alt=\"\" class=\"wp-image-709\" style=\"width:1920px;height:2034px\" width=\"1920\" height=\"2034\" srcset=\"https:\/\/www.camminodonbosco.eu\/wp-content\/uploads\/2022\/03\/ANELLO-6_Marentino-Montaldo-Pavarolo.jpg 1920w, https:\/\/www.camminodonbosco.eu\/wp-content\/uploads\/2022\/03\/ANELLO-6_Marentino-Montaldo-Pavarolo-283x300.jpg 283w, https:\/\/www.camminodonbosco.eu\/wp-content\/uploads\/2022\/03\/ANELLO-6_Marentino-Montaldo-Pavarolo-967x1024.jpg 967w, https:\/\/www.camminodonbosco.eu\/wp-content\/uploads\/2022\/03\/ANELLO-6_Marentino-Montaldo-Pavarolo-768x814.jpg 768w, https:\/\/www.camminodonbosco.eu\/wp-content\/uploads\/2022\/03\/ANELLO-6_Marentino-Montaldo-Pavarolo-1450x1536.jpg 1450w\" sizes=\"(max-width: 1920px) 100vw, 1920px\" \/><\/figure>\n","protected":false},"excerpt":{"rendered":"<p>PAVAROLO-MONTALDO TORINESE-MARENTINO-PAVAROLO RUNDWEG Start und Ziel: Pavarolo, Parkplatz in der Via MaestraL\u00e4nge: 12,40 km &#8211; H\u00f6henunterschied: +134 m Wanderweg-Schwierigkeitsgrad: H\u00fcgeliges Gel\u00e4ndeWasserstellen in Pavarolo: SMAT-H\u00fctte in der Via Maestra und Springbrunnen auf dem San Defendente-Platz. In Montaldo T.se: SMAT-H\u00fctte auf dem Superga-Platz und Springbrunnen auf dem Fornace-Platz. In Marentino: SMAT-H\u00fctte auf dem Giardino-Platz Beginnen Sie in [&hellip;]<\/p>\n","protected":false},"author":1,"featured_media":0,"parent":0,"menu_order":0,"comment_status":"closed","ping_status":"closed","template":"","meta":{"footnotes":""},"class_list":["post-6014","page","type-page","status-publish","hentry"],"_links":{"self":[{"href":"https:\/\/www.camminodonbosco.eu\/de\/wp-json\/wp\/v2\/pages\/6014","targetHints":{"allow":["GET"]}}],"collection":[{"href":"https:\/\/www.camminodonbosco.eu\/de\/wp-json\/wp\/v2\/pages"}],"about":[{"href":"https:\/\/www.camminodonbosco.eu\/de\/wp-json\/wp\/v2\/types\/page"}],"author":[{"embeddable":true,"href":"https:\/\/www.camminodonbosco.eu\/de\/wp-json\/wp\/v2\/users\/1"}],"replies":[{"embeddable":true,"href":"https:\/\/www.camminodonbosco.eu\/de\/wp-json\/wp\/v2\/comments?post=6014"}],"version-history":[{"count":0,"href":"https:\/\/www.camminodonbosco.eu\/de\/wp-json\/wp\/v2\/pages\/6014\/revisions"}],"wp:attachment":[{"href":"https:\/\/www.camminodonbosco.eu\/de\/wp-json\/wp\/v2\/media?parent=6014"}],"curies":[{"name":"wp","href":"https:\/\/api.w.org\/{rel}","templated":true}]}}