{"id":6018,"date":"2022-07-04T14:42:43","date_gmt":"2022-07-04T12:42:43","guid":{"rendered":"https:\/\/www.camminodonbosco.eu\/pecetto-torinese-rundweg\/"},"modified":"2024-02-23T16:55:40","modified_gmt":"2024-02-23T15:55:40","slug":"pecetto-torinese-rundweg","status":"publish","type":"page","link":"https:\/\/www.camminodonbosco.eu\/de\/pecetto-torinese-rundweg\/","title":{"rendered":"Pecetto Torinese Rundweg"},"content":{"rendered":"\n<h2 class=\"wp-block-heading\">RING A, B UND C<\/h2>\n\n<p><strong>Start und Ziel:<\/strong> AgricooPecetto &#8211; Sabena Stra\u00dfe, 78 &#8211; Pecetto T.se (f\u00fcr Navigation: Virana Stra\u00dfe eingeben)<br\/><strong>Wanderweg-Schwierigkeitsgrad<\/strong>: Leicht, von flach bis h\u00fcgelig<br\/><strong>Wasserstellen<\/strong>: Agricoopecetto, H2O-H\u00e4uschen in der N\u00e4he des Friedhofs und Springbrunnen auf dem Roma-Platz und dem S. Pietro-Platz in Pecetto<\/p>\n\n<div style=\"height:100px\" aria-hidden=\"true\" class=\"wp-block-spacer\"><\/div>\n\n<h2 class=\"has-vivid-green-cyan-color has-text-color wp-block-heading\">RUNDWEG A ODER PALEOPO RUNDWEG<\/h2>\n\n<p><strong>L\u00e4nge<\/strong>: ca. 7,5 km &#8211; <strong>H\u00f6henunterschied<\/strong>: +131 m<\/p>\n\n<div style=\"height:30px\" aria-hidden=\"true\" class=\"wp-block-spacer\"><\/div>\n\n<p>Von <strong>AgricooPecetto<\/strong> rechts auf die Virana Stra\u00dfe abbiegen und nach 150 m erneut rechts abbiegen. Der Stra\u00dfe folgen, die nach 100 m nach links abbiegt, um dann nach weiteren 130 m die SP125 zu erreichen. Vorsichtig die Stra\u00dfe \u00fcberqueren und auf der <strong>Stra\u00dfe della Ciattalina<\/strong> weitergehen. Nach \u00dcberquerung einer kleinen Br\u00fccke sofort rechts abbiegen und dem Feldweg (<strong>Cammino Don Bosco<\/strong>) f\u00fcr 300 m folgen, dann nach 100 m links und anschlie\u00dfend nach rechts abbiegen. Etwa 500 m langsam bergauf gehen (erst Schotterstra\u00dfe, dann Asphalt), um in der N\u00e4he einer Baumschule die <strong>Via San Felice<\/strong> zu erreichen. Links abbiegen (Vorsicht, starker Verkehr) und nach 200 m rechts auf die <strong>Via Solairano<\/strong> abbiegen. Weiter aufw\u00e4rts gehen, bis nach 550 m die <strong>Via del Podio<\/strong> erreicht wird. Nach rechts abbiegen und 1,2 km lang geradeaus weitergehen, dann kurz vor der Kreuzung mit der Stra\u00dfe della Moglia auf Schotterstra\u00dfe nach rechts abbiegen. Etwa 200 m auf dieser Stra\u00dfe weitergehen, eine kleine Br\u00fccke \u00fcberqueren und die SP125 \u00fcberqueren. Die Kirche umrunden und vorsichtig bergauf auf der <strong>Stra\u00dfe Tetti Marsino<\/strong> weitergehen (wir sind 3,8 km vom Startpunkt entfernt, Panoramablick auf Villa Brea). Nach links an der Cascina Matin\u00e8 vorbei und 800 m auf dem Feldweg weitergehen. Dann an der Kreuzung (1) rechts auf die <strong>Stra\u00dfe Tetti Rocco<\/strong> abbiegen (herrlicher Blick auf die Ebene und die Alpen), weitere 800 m entlang der Mauer von <strong>Villa Passatempo<\/strong> bis zur Kreuzung mit der SP123. Nach rechts f\u00fcr 600 m weitergehen (Achtung, starker Verkehr), dann auf Schotterstra\u00dfe nach links abbiegen (an der Eckmauer der Villa Passatempo) nach 6 km vom Startpunkt entfernt. Dem Pfad folgen und in das             <strong>Tal von Vaiors<\/strong> (links <strong>Meandro San Felice,<\/strong>Blick auf Pecetto und den H\u00fcgel von Turin und das Kloster) und die Abzweigung nach links ignorieren, um geradeaus weiterzugehen und nach 500 m den <strong>Rio Vajors <\/strong>zu durchqueren. Kurz darauf nach rechts aufsteigen, um eine Wiese zu \u00fcberqueren und den Weg wieder aufzunehmen. Immer geradeaus zwischen Obstg\u00e4rten (Kirschen, Aprikosen, Pflaumen, \u00c4pfel, Feigen), Gew\u00e4chsh\u00e4usern und Bienenst\u00f6cken weitergehen und (700 m von der Furt entfernt) auf die Sabena Stra\u00dfe gelangen. Rechts abbiegen und nach 200 m AgricooPecetto erreichen, nachdem Sie 7,5 km zur\u00fcckgelegt haben.  <\/p>\n\n<div style=\"height:30px\" aria-hidden=\"true\" class=\"wp-block-spacer\"><\/div>\n\n<p><em>Die schlammigen und tonigen Flussablagerungen des <strong>Meandro San Felice stammen<\/strong> aus dem fr\u00fchen Mittelpleistoz\u00e4n (etwa vor 781.000 Jahren) und sind eine Spur der Flussformung durch den alten Flusslauf<strong>(paleo-Po),<\/strong>als dieser s\u00fcdlich des Turiner H\u00fcgels und dann \u00f6stlich durch die Erhebungen von Asti verlief.<\/em><\/p>\n\n<div style=\"height:30px\" aria-hidden=\"true\" class=\"wp-block-spacer\"><\/div>\n\n<p><em>Der <strong>Rio Vajors<\/strong> verdankt seinen Namen (Abstammung von &#8222;Ij ri dj&#8217;\u00f2ss&#8220;, was auf Piemontesisch &#8222;rio delle ossa&#8220; bedeutet) der gro\u00dfen Anzahl von angioinischen Soldaten, die 1345 in der N\u00e4he dieses Flusses w\u00e4hrend der Schlacht von Gemenario gefallen sind, die zwischen dem Markgrafen von Monferrato und Robert d&#8217;Anjou stattfand.<\/em><\/p>\n\n<div style=\"height:30px\" aria-hidden=\"true\" class=\"wp-block-spacer\"><\/div>\n\n<p><em>Die Villa <strong>Il Passatempo delle Dame di Verrua<\/strong> wurde Ende des 17. Jahrhunderts erbaut. Das Geb\u00e4ude &#8211; umgeben von einem jahrhundertealten Park mit Alleen, die zwischen Eichen, Zypressen, Zedern und Wasserfl\u00e4chen f\u00fchren &#8211; zeigt in seinen harmonischen und strengen Linien den neoklassizistischen Geschmack der Epoche. Eine Treppe mit symmetrischen Rampen f\u00fchrt zum Hauptsaal, der mit einem imposanten Marmorbecken, einem gro\u00dfen Kamin mit Keramik aus den antiken piemontesischen Manufakturen und einer majest\u00e4tischen h\u00f6lzernen Skulptur, die die Schlacht von Wien von 1683 darstellt, geschm\u00fcckt ist.  <\/em><\/p>\n\n<div style=\"height:100px\" aria-hidden=\"true\" class=\"wp-block-spacer\"><\/div>\n\n<h2 class=\"has-vivid-cyan-blue-color has-text-color wp-block-heading\">RUNDWEG B<\/h2>\n\n<p><strong>L\u00e4nge<\/strong>: ca. 8,75 km &#8211; <strong>H\u00f6henunterschied<\/strong>: +190 m &#8211; Wanderweg-Schwierigkeitsgrad: Leicht<\/p>\n\n<p>Folgen Sie der Beschreibung von Anello A bis zur Kreuzung (1) auf der <strong>Stra\u00dfe Tetti Rocco<\/strong> und gehen Sie dann geradeaus f\u00fcr 650 m weiter bis zur Kreuzung mit der <strong>Stra\u00dfe del Vibernone<\/strong>, biegen Sie rechts ab. Gehen Sie f\u00fcr 1,1 km weiter, ignorieren Sie die Abzweigung zur Stra\u00dfe Molino und erreichen Sie die SP123. Biegen Sie links ab und folgen Sie der SP f\u00fcr 280 m (Achtung, starker Verkehr), dann biegen Sie am Abzweig (2) auf Schotterstra\u00dfe am Establo-Schild f\u00fcr 500 m ab und \u00fcberqueren das Geb\u00e4ude, dann 400 m weiter, \u00fcberqueren den Rio Vajors und erreichen eine Gabelung. Biegen Sie hier links ab und ignorieren Sie die Landstra\u00dfe zum Nussgarten. Steigen Sie bis zur flachen Schotterstra\u00dfe der <strong>Bricco-Stra\u00dfe<\/strong> (<strong>Blu Way<\/strong>) auf. Nach 130 m erreichen Sie die <strong>Sabena Stra\u00dfe<\/strong>, biegen Sie rechts ab und gelangen nach 4,15 km von der Kreuzung (1) und 8,75 km vom Startpunkt entfernt zu <strong>AgricooPecetto<\/strong>.     <\/p>\n\n<div style=\"height:100px\" aria-hidden=\"true\" class=\"wp-block-spacer\"><\/div>\n\n<h2 class=\"has-luminous-vivid-amber-color has-text-color wp-block-heading\">RUNDWEG C<\/h2>\n\n<p><strong>L\u00e4nge<\/strong>: ca. 10,90 km &#8211; <strong>H\u00f6henunterschied<\/strong>: +190 m &#8211; Wanderweg-Schwierigkeitsgrad: Leicht<\/p>\n\n<p>Folgen Sie der Beschreibung vonRundweg B bis zur Kreuzung (2), dann noch weitere 330 m auf der SP123 bis zum Ortsteil <strong>Madonna della Scala<\/strong>. Biegen Sie rechts auf die <strong>Cassano-Stra\u00dfe<\/strong> ab und ignorieren Sie die Abzweigung nach links (Pignani-Stra\u00dfe), um nach 670 m auf den Feldweg (Pfad Nr. 260) zu gelangen. Gehen Sie 1,15 km weiter (sch\u00f6ne Panoramaaussichten), bis Sie die <strong>Sabena Stra\u00dfe<\/strong> erreichen, und gelangen Sie nach weiteren 680 m zu <strong>AgricooPecetto<\/strong>.   <\/p>\n\n<div style=\"height:100px\" aria-hidden=\"true\" class=\"wp-block-spacer\"><\/div>\n\n<h2 class=\"has-vivid-red-color has-text-color wp-block-heading\">WEG D \u2013 ARCH\u00c4OLOGISCHER WEG VOM BRIC SAN VITER<\/h2>\n\n<p><strong>Start und Ziel<\/strong>: Kapelle von San Grato &#8211; Via Circonvallazione, 2 &#8211; Pecetto T.se<br\/><strong>L\u00e4nge<\/strong>: ca. 5 km &#8211; <strong>H\u00f6henunterschied<\/strong>: +206 m &#8211; Wanderweg-Schwierigkeitsgrad: Leicht<\/p>\n\n<div style=\"height:30px\" aria-hidden=\"true\" class=\"wp-block-spacer\"><\/div>\n\n<p>Folgen Sie dem Cammino Don Bosco von der <strong>Kapelle von San Grato<\/strong> aus zuerst entlang der <strong>Via Eremo<\/strong> und dann der <strong>Via Allason<\/strong>. Nach etwa 900 m an der Kreuzung der Via Allason 9\/82 rechts auf der <strong>Stra\u00dfe della Vetta<\/strong> den Wegmarkierungen des Sentiero 32 folgen. Nach einem ersten steilen Abschnitt auf der Stra\u00dfe betritt der Pfad den Wald zwischen Kastanien, Robinien, Eichen und Ahornen, bis er die &#8222;<em><strong>Pera del Tesor<\/strong><\/em>&#8220; erreicht, einen gro\u00dfen Felsen, der mehr als einen Meter \u00fcber dem Boden aufragt und fr\u00fcher als H\u00fcter eines Schatzes und als Fruchtbarkeitssymbol angesehen wurde. Gleich nach einem Weggabelung nach rechts auf dem Kamm (Wegmarkierung Sentiero 32), dann am n\u00e4chsten Abzweig wieder rechts und sofort links (Informationstafeln zum arch\u00e4ologischen Ort). Den Wald aus Kastanien und Eichen hinaufsteigen bis zur weiten Spitze des <strong>Bric San Viter<\/strong> (<strong>arch\u00e4ologischer Ort von<\/strong> <em><strong>Monspheratus<\/strong><\/em>).    <\/p>\n\n<p>R\u00fcckkehr zur Kapelle S. Grato auf dem gleichen Weg.<\/p>\n\n<div style=\"height:30px\" aria-hidden=\"true\" class=\"wp-block-spacer\"><\/div>\n\n<p><em>Im <strong>arch\u00e4ologischen Ort Monspheratus oder Bric San Viter,<\/strong>der der keltisch-ligurischen Bev\u00f6lkerung der Taurini zugeschrieben wird, wurden keramische, steinerne und metallene Funde gefunden &#8211; teilweise ausgestellt im Museum f\u00fcr Antiquit\u00e4ten in Turin &#8211; die den verschiedenen Lebensphasen des Ortes zugeordnet werden k\u00f6nnen, von der Eisenzeit (V-III Jahrhundert v. Chr.) bis ins sp\u00e4te Mittelalter. Die Bodenschichtung hat gezeigt, wie in den \u00fcbereinander liegenden <strong>Schichten pr\u00e4historische, r\u00f6mische und mittelalterliche Ebenen<\/strong> unterschieden werden k\u00f6nnen. Die Funde aus den verschiedenen &#8222;Lebensphasen&#8220; des Ortes haben die vorherigen Ablagerungen nicht ver\u00e4ndert.  <\/em><\/p>\n\n<div style=\"height:100px\" aria-hidden=\"true\" class=\"wp-block-spacer\"><\/div>\n\n<figure class=\"wp-block-image size-full is-resized\"><img fetchpriority=\"high\" decoding=\"async\" src=\"https:\/\/www.camminodonbosco.eu\/wp-content\/uploads\/2022\/03\/ANELLO-2_Pecetto-T.se_.jpg\" alt=\"\" class=\"wp-image-705\" width=\"1920\" height=\"1360\" srcset=\"https:\/\/www.camminodonbosco.eu\/wp-content\/uploads\/2022\/03\/ANELLO-2_Pecetto-T.se_.jpg 1920w, https:\/\/www.camminodonbosco.eu\/wp-content\/uploads\/2022\/03\/ANELLO-2_Pecetto-T.se_-300x213.jpg 300w, https:\/\/www.camminodonbosco.eu\/wp-content\/uploads\/2022\/03\/ANELLO-2_Pecetto-T.se_-1024x725.jpg 1024w, https:\/\/www.camminodonbosco.eu\/wp-content\/uploads\/2022\/03\/ANELLO-2_Pecetto-T.se_-768x544.jpg 768w, https:\/\/www.camminodonbosco.eu\/wp-content\/uploads\/2022\/03\/ANELLO-2_Pecetto-T.se_-1536x1088.jpg 1536w\" sizes=\"(max-width: 1920px) 100vw, 1920px\" \/><\/figure>\n","protected":false},"excerpt":{"rendered":"<p>RING A, B UND C Start und Ziel: AgricooPecetto &#8211; Sabena Stra\u00dfe, 78 &#8211; Pecetto T.se (f\u00fcr Navigation: Virana Stra\u00dfe eingeben)Wanderweg-Schwierigkeitsgrad: Leicht, von flach bis h\u00fcgeligWasserstellen: Agricoopecetto, H2O-H\u00e4uschen in der N\u00e4he des Friedhofs und Springbrunnen auf dem Roma-Platz und dem S. Pietro-Platz in Pecetto RUNDWEG A ODER PALEOPO RUNDWEG L\u00e4nge: ca. 7,5 km &#8211; H\u00f6henunterschied: [&hellip;]<\/p>\n","protected":false},"author":1,"featured_media":0,"parent":0,"menu_order":0,"comment_status":"closed","ping_status":"closed","template":"","meta":{"footnotes":""},"class_list":["post-6018","page","type-page","status-publish","hentry"],"_links":{"self":[{"href":"https:\/\/www.camminodonbosco.eu\/de\/wp-json\/wp\/v2\/pages\/6018","targetHints":{"allow":["GET"]}}],"collection":[{"href":"https:\/\/www.camminodonbosco.eu\/de\/wp-json\/wp\/v2\/pages"}],"about":[{"href":"https:\/\/www.camminodonbosco.eu\/de\/wp-json\/wp\/v2\/types\/page"}],"author":[{"embeddable":true,"href":"https:\/\/www.camminodonbosco.eu\/de\/wp-json\/wp\/v2\/users\/1"}],"replies":[{"embeddable":true,"href":"https:\/\/www.camminodonbosco.eu\/de\/wp-json\/wp\/v2\/comments?post=6018"}],"version-history":[{"count":0,"href":"https:\/\/www.camminodonbosco.eu\/de\/wp-json\/wp\/v2\/pages\/6018\/revisions"}],"wp:attachment":[{"href":"https:\/\/www.camminodonbosco.eu\/de\/wp-json\/wp\/v2\/media?parent=6018"}],"curies":[{"name":"wp","href":"https:\/\/api.w.org\/{rel}","templated":true}]}}