{"id":6020,"date":"2022-07-04T14:43:02","date_gmt":"2022-07-04T12:43:02","guid":{"rendered":"https:\/\/www.camminodonbosco.eu\/pino-torinese-rundwege\/"},"modified":"2024-02-23T17:06:27","modified_gmt":"2024-02-23T16:06:27","slug":"pino-torinese-rundwege","status":"publish","type":"page","link":"https:\/\/www.camminodonbosco.eu\/de\/pino-torinese-rundwege\/","title":{"rendered":"Pino Torinese Rundwege"},"content":{"rendered":"\n<h2 class=\"wp-block-heading has-vivid-red-color has-text-color\">MONTE AMAN RUNDWEG<\/h2>\n\n<p><strong>Start und Ziel<\/strong>: Parkplatz am Rathausplatz<br\/><strong>L\u00e4nge<\/strong> ca. 10,50 km <strong>H\u00f6henunterschied<\/strong>: +362 m <strong>Wanderweg-Schwierigkeitsgrad<\/strong> mit steilen Abschnitten<\/p>\n\n<div style=\"height:30px\" aria-hidden=\"true\" class=\"wp-block-spacer\"><\/div>\n\n<p>Vom <strong>Parkplatz am Piazza Italia<\/strong> links abbiegen und nach 50 m rechts die Treppen der <strong>Galleria Le Scalette<\/strong> hinaufsteigen zur <strong>Via Roma<\/strong>. Weiter 400 m bergauf entlang der <strong>Via Martini<\/strong> gehen. Hier links abbiegen (rechts erreicht man bald die <strong>Kirche Santissima Annunziata<\/strong>, mit einem jahrhundertealten Zypressenbaum, <strong>herrlicher Aussichtspunkt<\/strong>) und nach 270 m in der N\u00e4he einer Kapelle rechts in die <strong>Via Maria Cristina<\/strong> abbiegen. Nach 280 m, erreicht man den Friedhof und das Ferrero-Gebiet, links die <strong>Via Montosolo<\/strong> hinaufgehen. Nach 150 m bergab, dann nach weiteren 60 m an einem Tor vorbei und den GTC-Pfad nehmen. Nach 390 m links bergab weitergehen und nach 230 m die <strong>Panoramastra\u00dfe<\/strong> \u00fcberqueren (nur f\u00fcr Motorr\u00e4der verboten, auf den Verkehr achten). Nach links abbiegen und dann nach 140 m gelangt man auf einen Feldweg. Weiter 880 m geradeaus gehen (Abzweig links ignorieren)zum Brunassa-Weg. Links abbiegen, dann nach weiteren 50 m geradeaus, kurz danach den <strong>Bric Brunassa<\/strong> (540 m \u00fcber dem Meeresspiegel) und dann am Panoramastra\u00dfe zu erreichen. Weiter nach links f\u00fcr 250 m gehen, am <strong>Abenteuerpark Tre Querce<\/strong> vorbeigehen und zu <strong>einem Rastplatz<\/strong> mit Tischen, Toiletten, Trinkwasser und schattigem Bereich gelangen. Am Ende des Rastplatzes den Pfad links nehmen; nach 60 m an der Abzweig wieder links gehen. Nach 170 m geradeaus weitergehen, die Abzweigung links ignorieren und weitere 600 m bis zum <strong>Alleenweg<\/strong> gehen. Links halten, dann nach 180 m rechts abbiegen (sch\u00f6ne Aussicht auf Superga) und nach 510 m gelangt man erneut auf die Panoramastra\u00dfe. 340 m weiter nach links gehen, dann \u00fcberqueren und rechts auf den bergabf\u00fchrenden Pfad neben der asphaltierten Stra\u00dfe, die zum Wohngebiet des <strong>Monte Aman<\/strong> f\u00fchrt, abbiegen. Nach 130 m die Abzweigung links ignorieren, nach weiteren 220 m links abbiegen und den Anstieg vermeiden. Sofort nachdem man die Panoramastra\u00dfe \u00fcberquert hat, links halten und nach weiteren 210 m links auf den Weg 44 des <strong>Mont Cervet<\/strong> abbiegen. Nach 440 m rechts abbiegen und nach 130 m den <strong>Kiosk-Bereich<\/strong> erreichen. In der N\u00e4he ein <strong>Panoramablick<\/strong> mit einer Fahnenstange. Kurz bevor man den asphaltierten Anstieg zum Aussichtspunkt erreicht, den Pfad rechts hinuntergehen. Nach 80 m die Panoramastra\u00dfe \u00fcberqueren und 230 m auf dem Pfad bergab gehen, die Abzweigung rechts ignorieren und nach weiteren 30 m rechts abbiegen. Nach 150 m links abbiegen und nach 200 m erreicht man eine gro\u00dfe Wiese. Die Wiese \u00fcberqueren und auf der Fortsetzung des Pfades links halten. Nach 130 m <strong>rechts den Fluss<\/strong> ins Tal \u00fcberqueren, dann sofort nach der Steigung in den Wald auf einen nicht deutlich sichtbaren Pfad nach rechts abbiegen. 600 m weiter gehen und dann links auf den GTC-Pfad in der N\u00e4he einer gro\u00dfen Wiese abbiegen. Nach 400 m rechts halten, am Tor vorbei und man erreicht den <strong>Parkplatz des Ferrero-Gebiets<\/strong>. Nachdem dem Friedhof, links in die <strong>Via Maria Cristina<\/strong> abbiegen und nach 230 m rechts halten.                          Nach 350 m die <strong>Via Roma<\/strong> \u00fcberqueren und die Treppen der <strong>Galleria Le Scalette<\/strong> (Via Roma Nr. 50) zum Ausgangspunkt hinuntergehen.<\/p>\n\n<div style=\"height:100px\" aria-hidden=\"true\" class=\"wp-block-spacer\"><\/div>\n\n<h2 class=\"wp-block-heading has-vivid-cyan-blue-color has-text-color\">PARCO ASTRONOMICO INFINI-TO RUNDWEG<\/h2>\n\n<p><strong>Start und Ziel<\/strong>: Parkplatz in der Via Pietra del Gallo<br\/><strong>L\u00e4nge<\/strong> ca. 3,85 km <strong>H\u00f6henunterschied<\/strong>: +128 m <strong>Wanderweg-Schwierigkeitsgrad<\/strong> mit steilen Abschnitten<\/p>\n\n<div style=\"height:30px\" aria-hidden=\"true\" class=\"wp-block-spacer\"><\/div>\n\n<p>Vom <strong>kleinen Parkplatz in der Via Pietra del Gallo<\/strong> (Koordinaten 45.03942897053443, 7.767341355682237) starten. Nach 690 m den steigenden Weg ignorieren und geradeaus auf der <strong>Via Pietra del Gallo<\/strong> weitergehen. Nach 1,30 km geradeaus weitergehen und den rechts abbiegenden Weg ignorieren. Bei 1,45 km die <strong>Eremo-Stra\u00dfe<\/strong> einschlagen (links trifft man auf den Cammino Don Bosco). Zur\u00fcck auf den eigenen Schritten bei 1,60 km dem steigenden Weg links folgen. Bei 1,86 km dem Weg links folgen, dann bei 2,33 km dem rechts abzweigenden Weg ignorieren und geradeaus den absteigenden Weg nehmen. Bei 2,33 km dem rechts abzweigenden Weg ignorieren und weiter geradeaus gehen.     <\/p>\n\n<p>Bei 2,60 km dem linken Pfad folgen und bald darauf (2,72 km) den Parkplatz des <strong>Parco Astronomico<\/strong> erreichen (rechts ein nicht mehr funktionierender Aufzug). Bei 2,95 km, nach Verlassen des Parkplatzes, die <strong>Via Osservatorio<\/strong> hinuntergehen. Bei 3,30 km rechts abbiegen und auf der <strong>Via Pietra del Gallo<\/strong> weitergehen. Bei 3,50 km rechts auf der Via Pietra del Gallo weitergehen. Bei 3,70 km rechts auf der Via Pietra del Gallo bleiben, zur\u00fcck zum Ausgangspunkt.     <\/p>\n\n<div style=\"height:100px\" aria-hidden=\"true\" class=\"wp-block-spacer\"><\/div>\n\n<figure class=\"wp-block-image size-full is-resized\"><img fetchpriority=\"high\" decoding=\"async\" src=\"https:\/\/www.camminodonbosco.eu\/wp-content\/uploads\/2022\/03\/ANELLO-7_Pino-T.se_.jpg\" alt=\"\" class=\"wp-image-710\" style=\"width:1920px;height:1361px\" width=\"1920\" height=\"1361\" srcset=\"https:\/\/www.camminodonbosco.eu\/wp-content\/uploads\/2022\/03\/ANELLO-7_Pino-T.se_.jpg 1920w, https:\/\/www.camminodonbosco.eu\/wp-content\/uploads\/2022\/03\/ANELLO-7_Pino-T.se_-300x213.jpg 300w, https:\/\/www.camminodonbosco.eu\/wp-content\/uploads\/2022\/03\/ANELLO-7_Pino-T.se_-1024x726.jpg 1024w, https:\/\/www.camminodonbosco.eu\/wp-content\/uploads\/2022\/03\/ANELLO-7_Pino-T.se_-768x544.jpg 768w, https:\/\/www.camminodonbosco.eu\/wp-content\/uploads\/2022\/03\/ANELLO-7_Pino-T.se_-1536x1089.jpg 1536w\" sizes=\"(max-width: 1920px) 100vw, 1920px\" \/><\/figure>\n","protected":false},"excerpt":{"rendered":"<p>MONTE AMAN RUNDWEG Start und Ziel: Parkplatz am RathausplatzL\u00e4nge ca. 10,50 km H\u00f6henunterschied: +362 m Wanderweg-Schwierigkeitsgrad mit steilen Abschnitten Vom Parkplatz am Piazza Italia links abbiegen und nach 50 m rechts die Treppen der Galleria Le Scalette hinaufsteigen zur Via Roma. Weiter 400 m bergauf entlang der Via Martini gehen. Hier links abbiegen (rechts erreicht [&hellip;]<\/p>\n","protected":false},"author":1,"featured_media":0,"parent":0,"menu_order":0,"comment_status":"closed","ping_status":"closed","template":"","meta":{"footnotes":""},"class_list":["post-6020","page","type-page","status-publish","hentry"],"_links":{"self":[{"href":"https:\/\/www.camminodonbosco.eu\/de\/wp-json\/wp\/v2\/pages\/6020","targetHints":{"allow":["GET"]}}],"collection":[{"href":"https:\/\/www.camminodonbosco.eu\/de\/wp-json\/wp\/v2\/pages"}],"about":[{"href":"https:\/\/www.camminodonbosco.eu\/de\/wp-json\/wp\/v2\/types\/page"}],"author":[{"embeddable":true,"href":"https:\/\/www.camminodonbosco.eu\/de\/wp-json\/wp\/v2\/users\/1"}],"replies":[{"embeddable":true,"href":"https:\/\/www.camminodonbosco.eu\/de\/wp-json\/wp\/v2\/comments?post=6020"}],"version-history":[{"count":0,"href":"https:\/\/www.camminodonbosco.eu\/de\/wp-json\/wp\/v2\/pages\/6020\/revisions"}],"wp:attachment":[{"href":"https:\/\/www.camminodonbosco.eu\/de\/wp-json\/wp\/v2\/media?parent=6020"}],"curies":[{"name":"wp","href":"https:\/\/api.w.org\/{rel}","templated":true}]}}