{"id":6025,"date":"2022-07-04T14:43:20","date_gmt":"2022-07-04T12:43:20","guid":{"rendered":"https:\/\/www.camminodonbosco.eu\/riva-presso-chieri-rundweg\/"},"modified":"2024-02-23T17:14:43","modified_gmt":"2024-02-23T16:14:43","slug":"riva-presso-chieri-rundweg","status":"publish","type":"page","link":"https:\/\/www.camminodonbosco.eu\/de\/riva-presso-chieri-rundweg\/","title":{"rendered":"Riva presso Chieri Rundweg"},"content":{"rendered":"\n<p><strong>Start und Ziel:<\/strong> Parkplatz des Friedhofs von Chieri, bei Via Pirandello (283 m \u00fcber dem Meeresspiegel).<br\/><strong>L\u00e4nge<\/strong>: ca. 15 km H\u00f6henunterschied: +4 m. <strong>Wanderweg<\/strong> mit leichtem Gel\u00e4nde.<br\/><strong>Wasserstellen<\/strong>: In Chieri zwei Brunnen in der Via Buttigliera zwischen Friedhof und Schulen. Brunnen in S. Giovanni di Riva (Haus S. Domenico). SMAT Wasserstelle in Riva auf dem C. Emanuele Platz 3 und Brunnen vor Mulino della Torre<\/p>\n\n<div style=\"height:30px\" aria-hidden=\"true\" class=\"wp-block-spacer\"><\/div>\n\n<p>Vom Parkplatz des Friedhofs aus folgt man der <strong>Via Pirandello<\/strong> am Hundezentrum vorbei, dann links auf den Schotterweg, der zur <strong>Via Buttigliera<\/strong> f\u00fchrt. Biegen rechts abbiegen und bis zum Kreisverkehr gehen, den man nach 1,8 km erreicht. Die asphaltierte Stra\u00dfe \u00fcberqueren, und zwar links von <strong>Cascina Robbio<\/strong> (vorbei an Tiergehegen), man \u00fcberquert den Rio di Cesole und den Rio Moano und folgt dann rechts dem Asphalt (Abzweigung nach C.na Riviera ignorieren) neben gro\u00dfen Gehegen. Biegen Sie nach 400 m erneut rechts ab und folgen Sie dann geradeaus, bis Sie die SP121 Riva bei Chieri-Arignano in    <strong>S. Giovanni erreichen, <\/strong>etwa 4,2 km von C.na Robbio entfernt. Nachdem Sie zuerst die Provinzstra\u00dfe und dann die Ortschaft entlang der Via D. Bosco \u00fcberquert haben, gehen Sie fast 1 km weiter bis zum <strong>Geburtsort von S. Domenico Savio<\/strong> und zum <strong>Spiritualit\u00e4tszentrum<\/strong>. Von hier aus gehen Sie die <strong>Via della Grena<\/strong> entlang, \u00fcberqueren erneut die Provinzstra\u00dfe, folgen zuerst der <strong>Via dei Finelli<\/strong> und dann der <strong>Stra\u00dfe Rivassola<\/strong> zur gleichnamigen Cascina. Etwa 300 Meter nach der Cascina biegen Sie nach links und gehen weitere 700 Meter auf dem Feldweg, bis Sie auf eine Gabelung sto\u00dfen, die zur C.na Belvedere und zur Provinzstra\u00dfe f\u00fchrt.   <\/p>\n\n<p>Ignorieren Sie diese Abzweigung (*) und gehen Sie etwa 750 m geradeaus auf dem Weg zwischen den Feldern, dann biegen Sie bei einem Geb\u00e4ude links ab und erreichen kurz darauf (150 m) die Provinzstra\u00dfe. Biegen Sie hier rechts auf den Gehweg und gehen Sie weiter, und \u00fcberqueren Sie die <strong>Stra\u00dfe Padana inferiore<\/strong> am der Kreisverkehr nach Riva. <\/p>\n\n<div style=\"height:30px\" aria-hidden=\"true\" class=\"wp-block-spacer\"><\/div>\n\n<p><em>Der Weg zwischen den Feldern ab der Cascina Rivassola ist Teil eines Projektes der Gemeinde von Riva bei Chieri f\u00fcr die Schaffung einen botanischen Weg l\u00e4ngs dem ehemaligen Lauf des <strong>Rio Mulino del Castello<\/strong>Bei diesem Rio handelt es sich um einen k\u00fcnstlichen und teilweise erh\u00f6hten Wasserlauf, der Wasser vom Arignano-See zum Palazzo Grosso f\u00fchrte. Er diente der Bew\u00e4ssrung des Gartens des Palazzo und der Bedienung der M\u00fchlr\u00e4der.<\/em><\/p>\n\n<div style=\"height:30px\" aria-hidden=\"true\" class=\"wp-block-spacer\"><\/div>\n\n<p>Folgen Sie der <strong>Via V. Veneto<\/strong> und biegen Sie dann rechts in die <strong>Via T. Rossi di Montelera<\/strong>, unterhalb des <strong>Astense-Turms<\/strong> (XII Jh., so genannt, weil er nach Asti ausgerichtet ist). Gehen Sie von der <strong>Chiesa della Confraternita Santa Croce<\/strong> (XVIII Jh.) links und dann rechts in die <strong>Via della Confraternita<\/strong> bis zum Piazza dei Caduti und dann zum <strong>Piazza della Parrocchia<\/strong>, wo sich <strong>Palazzo Grosso<\/strong> befindet, der Sitz des historischen Rathauses und des <strong>Museums f\u00fcr Klanglandschaften<\/strong>. <\/p>\n\n<p>Folgen Sie dann dem Radweg links vom Palast, der \u00fcber eine 3 km lange asphaltierte Strecke zun\u00e4chst zur <strong>Torre-M\u00fchle<\/strong> (einer alten M\u00fchle aus dem 15. Jahrhundert) und dann nach Chieri f\u00fchrt. Am Ende des Radwegs biegen Sie links ab und folgen dem rosafarbenen Radweg (neben COOP), gehen geradeaus am Kreisverkehr (<strong>Via Polesina<\/strong>) vorbei, \u00fcberqueren Sie die Kreisverkehr der Via A. Moro und folgen Sie dann dem grauen Radweg von Corso Matteotti bis zur Ampel. Biegen Sie rechts ab, zur\u00fcck zum Friedhof, den Sie nach etwa 1,3 km vom Ende des Riva-Chieri-Radwegs erreichen.  <\/p>\n\n<p>(*) Wenn der Weg nicht begehbar ist, biegen Sie nach C.na Belvedere ab und gehen dann rechts auf der SP121 nach Riva, wobei Sie auf den starken Verkehr achten m\u00fcssen.<\/p>\n\n<div style=\"height:100px\" aria-hidden=\"true\" class=\"wp-block-spacer\"><\/div>\n\n<figure class=\"wp-block-image size-full is-resized\"><img fetchpriority=\"high\" decoding=\"async\" src=\"https:\/\/www.camminodonbosco.eu\/wp-content\/uploads\/2022\/03\/ANELLO-1_Riva-Presso-Chieri.jpg\" alt=\"\" class=\"wp-image-704\" width=\"1920\" height=\"1359\" srcset=\"https:\/\/www.camminodonbosco.eu\/wp-content\/uploads\/2022\/03\/ANELLO-1_Riva-Presso-Chieri.jpg 1920w, https:\/\/www.camminodonbosco.eu\/wp-content\/uploads\/2022\/03\/ANELLO-1_Riva-Presso-Chieri-300x212.jpg 300w, https:\/\/www.camminodonbosco.eu\/wp-content\/uploads\/2022\/03\/ANELLO-1_Riva-Presso-Chieri-1024x725.jpg 1024w, https:\/\/www.camminodonbosco.eu\/wp-content\/uploads\/2022\/03\/ANELLO-1_Riva-Presso-Chieri-768x544.jpg 768w, https:\/\/www.camminodonbosco.eu\/wp-content\/uploads\/2022\/03\/ANELLO-1_Riva-Presso-Chieri-1536x1087.jpg 1536w\" sizes=\"(max-width: 1920px) 100vw, 1920px\" \/><\/figure>\n","protected":false},"excerpt":{"rendered":"<p>Start und Ziel: Parkplatz des Friedhofs von Chieri, bei Via Pirandello (283 m \u00fcber dem Meeresspiegel).L\u00e4nge: ca. 15 km H\u00f6henunterschied: +4 m. Wanderweg mit leichtem Gel\u00e4nde.Wasserstellen: In Chieri zwei Brunnen in der Via Buttigliera zwischen Friedhof und Schulen. Brunnen in S. Giovanni di Riva (Haus S. Domenico). SMAT Wasserstelle in Riva auf dem C. Emanuele [&hellip;]<\/p>\n","protected":false},"author":1,"featured_media":0,"parent":0,"menu_order":0,"comment_status":"closed","ping_status":"closed","template":"","meta":{"footnotes":""},"class_list":["post-6025","page","type-page","status-publish","hentry"],"_links":{"self":[{"href":"https:\/\/www.camminodonbosco.eu\/de\/wp-json\/wp\/v2\/pages\/6025","targetHints":{"allow":["GET"]}}],"collection":[{"href":"https:\/\/www.camminodonbosco.eu\/de\/wp-json\/wp\/v2\/pages"}],"about":[{"href":"https:\/\/www.camminodonbosco.eu\/de\/wp-json\/wp\/v2\/types\/page"}],"author":[{"embeddable":true,"href":"https:\/\/www.camminodonbosco.eu\/de\/wp-json\/wp\/v2\/users\/1"}],"replies":[{"embeddable":true,"href":"https:\/\/www.camminodonbosco.eu\/de\/wp-json\/wp\/v2\/comments?post=6025"}],"version-history":[{"count":0,"href":"https:\/\/www.camminodonbosco.eu\/de\/wp-json\/wp\/v2\/pages\/6025\/revisions"}],"wp:attachment":[{"href":"https:\/\/www.camminodonbosco.eu\/de\/wp-json\/wp\/v2\/media?parent=6025"}],"curies":[{"name":"wp","href":"https:\/\/api.w.org\/{rel}","templated":true}]}}