{"id":6029,"date":"2022-07-04T14:43:39","date_gmt":"2022-07-04T12:43:39","guid":{"rendered":"https:\/\/www.camminodonbosco.eu\/rundwege-von-sciolze\/"},"modified":"2024-02-23T17:20:22","modified_gmt":"2024-02-23T16:20:22","slug":"rundwege-von-sciolze","status":"publish","type":"page","link":"https:\/\/www.camminodonbosco.eu\/de\/rundwege-von-sciolze\/","title":{"rendered":"Rundwege von Sciolze"},"content":{"rendered":"\n<h2 class=\"has-vivid-red-color has-text-color wp-block-heading\">RUNDWEG COLLE FAGNOUR<\/h2>\n\n<p><strong>Start und Ziel<\/strong>: Friedhofs-Parkplatz<br\/><strong>L\u00e4nge<\/strong>: 4,00 km <strong>H\u00f6henunterschied<\/strong>: +114 m Schwierigkeit: Einfacher Weg, leicht h\u00fcgelig<\/p>\n\n<div style=\"height:30px\" aria-hidden=\"true\" class=\"wp-block-spacer\"><\/div>\n\n<p>Vom <strong>Friedhofsparkplatz<\/strong> aus nach rechts auf die SP118 in Richtung Bardassano abbiegen. Weiter 540 m geradeaus gehen, die Abzweigung nach Montaldo T.se links ignorieren und nach 160 m nach links zum <strong>Colle Fagnour<\/strong> abbiegen (Kapelle Santa Lucia, Panoramablick). Nach 190 m zur\u00fcckgehen, bis zur SP118, dann rechts abbiegen und 110 m weitergehen, bevor es links nach Tetti Garrone geht. Nach 340 m links abbiegen, 170 m durch die Ortschaft gehen und dann auf dem Pfad 180 m weitergehen, bis die SP4 erreicht ist. Dort links abbiegen und 250 m weitergehen, dann rechts auf eine sch\u00f6ne Panoramastra\u00dfe mit Blick auf das Dorf Sciolze abbiegen (Wegweiser <strong>Collina Serra<\/strong>). Nach 520 m auf dem Pfad weitergehen und 430 m absteigen, bis die Stra\u00dfe della Bocchetta in der N\u00e4he der <strong>Kapelle Sant&#8217;Antonio<\/strong> erreicht ist (unterhalb der Kapelle sind die Sedimentschichten, sogenannte &#8222;<em><strong>Sabbioni<\/strong><\/em><strong>&#8222;<\/strong>, zu beachten). Nach 100 m links auf die Stra\u00dfe in Richtung Sciolze neben dem Sportplatz abbiegen. Nach 500 m geradeaus den H\u00fcgel weitere 250 m hinaufgehen, bis die SP118 erreicht ist. Links abbiegen, und nach 150 m zum Ausgangspunkt zur\u00fcckkehren.        <\/p>\n\n<div style=\"height:100px\" aria-hidden=\"true\" class=\"wp-block-spacer\"><\/div>\n\n<h2 class=\"has-vivid-cyan-blue-color has-text-color wp-block-heading\">RUNDWEG DER CAPPELLA TARPUSSANO<\/h2>\n\n<p><strong>Start und Ziel<\/strong>: Friedhofsparkplatz<br\/><strong>L\u00e4nge<\/strong>: 2,50 km H\u00f6henunterschied: +60 m <strong>Schwierigkeit<\/strong>: Wanderweg, einfach<\/p>\n\n<div style=\"height:30px\" aria-hidden=\"true\" class=\"wp-block-spacer\"><\/div>\n\n<p>Vom <strong>Friedhofsparkplatz<\/strong> aus nach rechts auf die SP118 in Richtung Bardassano abbiegen. Weiter 380 m geradeaus gehen, die Abzweigung nach Montaldo T.se links ignorieren und nach <strong>Tetti Sachero<\/strong> rechts abbiegen. Nach 650 m rechts bleiben und dann nach 90 m links abbiegen und eine gro\u00dfe Wiese \u00fcberqueren bis zur <strong>Kapelle Tarpussano<\/strong>, eine Adels-Kapelle mit einer kleinen Veranda, ideal f\u00fcr eine Pause (Panoramablick). Den gleichen Weg zur\u00fcckgehen, nach weniger als 100 m links abbiegen, und das <strong>Gebiet Garavaglia<\/strong> \u00fcberqueren, und nach 460 m die Stra\u00dfe von Gassino nach Sciolze \u00fcberqueren. Rechts den H\u00fcgel hinauf 550 m gehen, auf den Verkehr achten, bis die SP118 erreicht ist. Dort rechts abbiegen und 180 m zur\u00fcck zum Ausgangspunkt gehen.     <\/p>\n\n<div style=\"height:100px\" aria-hidden=\"true\" class=\"wp-block-spacer\"><\/div>\n\n<h2 class=\"has-luminous-vivid-amber-color has-text-color wp-block-heading\">SPAZIERGANG IN DER ALTSTADT<\/h2>\n\n<p><strong>Start und Ziel<\/strong>: SMAT Wasserhaus &#8211; Via Aie 2<br\/><strong>L\u00e4nge<\/strong>: 0,80 km H\u00f6henunterschied: +35 m <strong>Schwierigkeit<\/strong>: Einfacher Weg<\/p>\n\n<div style=\"height:30px\" aria-hidden=\"true\" class=\"wp-block-spacer\"><\/div>\n\n<p>Vom Wasserhaus aus \u00fcber die <strong>Via Roma<\/strong> gehen, und die <strong>Via Umberto I<\/strong> nehmen und vom <strong>Piazza Vittorio Veneto<\/strong> und zum <strong>Piazza Sismonda<\/strong> (Kirche San Giovanni Battista) gehen. Von dort aus die <strong>Via General Sacchero<\/strong> hinuntergehen, dann rechts abbiegen und zum Ausgangspunkt zur\u00fcckkehren. <\/p>\n\n<div style=\"height:100px\" aria-hidden=\"true\" class=\"wp-block-spacer\"><\/div>\n\n<figure class=\"wp-block-image size-full is-resized\"><img fetchpriority=\"high\" decoding=\"async\" src=\"https:\/\/www.camminodonbosco.eu\/wp-content\/uploads\/2022\/03\/ANELLO-8_Sciolze.jpg\" alt=\"\" class=\"wp-image-711\" width=\"1920\" height=\"1360\" srcset=\"https:\/\/www.camminodonbosco.eu\/wp-content\/uploads\/2022\/03\/ANELLO-8_Sciolze.jpg 1920w, https:\/\/www.camminodonbosco.eu\/wp-content\/uploads\/2022\/03\/ANELLO-8_Sciolze-300x213.jpg 300w, https:\/\/www.camminodonbosco.eu\/wp-content\/uploads\/2022\/03\/ANELLO-8_Sciolze-1024x725.jpg 1024w, https:\/\/www.camminodonbosco.eu\/wp-content\/uploads\/2022\/03\/ANELLO-8_Sciolze-768x544.jpg 768w, https:\/\/www.camminodonbosco.eu\/wp-content\/uploads\/2022\/03\/ANELLO-8_Sciolze-1536x1088.jpg 1536w\" sizes=\"(max-width: 1920px) 100vw, 1920px\" \/><\/figure>\n","protected":false},"excerpt":{"rendered":"<p>RUNDWEG COLLE FAGNOUR Start und Ziel: Friedhofs-ParkplatzL\u00e4nge: 4,00 km H\u00f6henunterschied: +114 m Schwierigkeit: Einfacher Weg, leicht h\u00fcgelig Vom Friedhofsparkplatz aus nach rechts auf die SP118 in Richtung Bardassano abbiegen. Weiter 540 m geradeaus gehen, die Abzweigung nach Montaldo T.se links ignorieren und nach 160 m nach links zum Colle Fagnour abbiegen (Kapelle Santa Lucia, Panoramablick). [&hellip;]<\/p>\n","protected":false},"author":1,"featured_media":0,"parent":0,"menu_order":0,"comment_status":"closed","ping_status":"closed","template":"","meta":{"footnotes":""},"class_list":["post-6029","page","type-page","status-publish","hentry"],"_links":{"self":[{"href":"https:\/\/www.camminodonbosco.eu\/de\/wp-json\/wp\/v2\/pages\/6029","targetHints":{"allow":["GET"]}}],"collection":[{"href":"https:\/\/www.camminodonbosco.eu\/de\/wp-json\/wp\/v2\/pages"}],"about":[{"href":"https:\/\/www.camminodonbosco.eu\/de\/wp-json\/wp\/v2\/types\/page"}],"author":[{"embeddable":true,"href":"https:\/\/www.camminodonbosco.eu\/de\/wp-json\/wp\/v2\/users\/1"}],"replies":[{"embeddable":true,"href":"https:\/\/www.camminodonbosco.eu\/de\/wp-json\/wp\/v2\/comments?post=6029"}],"version-history":[{"count":0,"href":"https:\/\/www.camminodonbosco.eu\/de\/wp-json\/wp\/v2\/pages\/6029\/revisions"}],"wp:attachment":[{"href":"https:\/\/www.camminodonbosco.eu\/de\/wp-json\/wp\/v2\/media?parent=6029"}],"curies":[{"name":"wp","href":"https:\/\/api.w.org\/{rel}","templated":true}]}}