{"id":6033,"date":"2022-07-14T16:06:13","date_gmt":"2022-07-14T14:06:13","guid":{"rendered":"https:\/\/www.camminodonbosco.eu\/arignano\/"},"modified":"2024-02-24T11:51:43","modified_gmt":"2024-02-24T10:51:43","slug":"arignano","status":"publish","type":"page","link":"https:\/\/www.camminodonbosco.eu\/de\/arignano\/","title":{"rendered":"Arignano"},"content":{"rendered":"\n<p><strong>Arignano<\/strong> hat \u00fcber 1000 Einwohner und liegt 23 km von Turin entfernt. Seine Urspr\u00fcnge gehen bis zum Jahr 1000. Es wurde bis zum 18. Jahrhundert von Chieri unterworfen<em><strong>.<\/strong><\/em><\/p>\n\n<div style=\"height:30px\" aria-hidden=\"true\" class=\"wp-block-spacer\"><\/div>\n\n<h2 class=\"wp-block-heading\">Sehensw\u00fcrdigkeiten<\/h2>\n\n<p>Das <strong>obere Schloss<\/strong> oder <strong>Rocca<\/strong> di Arignano wurde im 13. Jahrhundert wieder aufgebaut und bewahrt einen Teil des antiken Bergfrieds, einen quadratischen Turm und die <strong>Villa der Familie Costa<\/strong> (18. Jahrhundert) mit reichen Fresken (18. Jahrhundert). Das <strong>untere Schloss<\/strong> (15. Jahrhundert), k\u00fcrzlich restauriert und von einem Park umgeben.<\/p>\n\n<p>Die <strong>barocke Kirche von der Himmelfahrt<\/strong> (1781) mit einem Hauptschiff und zwei Seitenschiffen.<\/p>\n\n<div style=\"height:30px\" aria-hidden=\"true\" class=\"wp-block-spacer\"><\/div>\n\n<h2 class=\"wp-block-heading\">See von Arignano<\/h2>\n\n<p>Ein k\u00fcnstlicher Stausee von etwa 0,3 km<sup>2<\/sup>an der Grenze zwischen den Gemeinden Arignano und Marentino, stellt den gr\u00f6\u00dften Wasserspiegel in den H\u00fcgeln von Turin dar. Er wurde ab 1840 durch Graf Paolo Remigio Costa als Wassersammelbecken f\u00fcr die Bew\u00e4sserung der umliegenden Felder, zur Eisproduktion im Winter, als Fischreservoir und zur Versorgung der beiden M\u00fchlen unterhalb des Damms geschaffen. Der See wird von einigen kleinen B\u00e4chen aus dem H\u00fcgelgebiet gespeist. An der Westk\u00fcste wollten die Grafen Costa eine Insel schaffen, auf der heute einige gro\u00dfe B\u00e4ume wachsen. Der See von Arignano ist heute haupts\u00e4chlich ein wichtiges Feuchtgebiet, das sowohl sesshafte als auch Wander-Vogelarten beherbergt. Neben zahlreichen Vogelarten bietet das Becken und seine Ufer auch Lebensraum f\u00fcr Reptilien, Amphibien und Insekten, die f\u00fcr Feuchtgebiete typisch sind, wie beispielsweise Libellen.<\/p>\n\n<div style=\"height:30px\" aria-hidden=\"true\" class=\"wp-block-spacer\"><\/div>\n","protected":false},"excerpt":{"rendered":"<p>Arignano hat \u00fcber 1000 Einwohner und liegt 23 km von Turin entfernt. Seine Urspr\u00fcnge gehen bis zum Jahr 1000. Es wurde bis zum 18. Jahrhundert von Chieri unterworfen. Sehensw\u00fcrdigkeiten Das obere Schloss oder Rocca di Arignano wurde im 13. Jahrhundert wieder aufgebaut und bewahrt einen Teil des antiken Bergfrieds, einen quadratischen Turm und die Villa [&hellip;]<\/p>\n","protected":false},"author":1,"featured_media":0,"parent":0,"menu_order":0,"comment_status":"closed","ping_status":"closed","template":"","meta":{"footnotes":""},"class_list":["post-6033","page","type-page","status-publish","hentry"],"_links":{"self":[{"href":"https:\/\/www.camminodonbosco.eu\/de\/wp-json\/wp\/v2\/pages\/6033","targetHints":{"allow":["GET"]}}],"collection":[{"href":"https:\/\/www.camminodonbosco.eu\/de\/wp-json\/wp\/v2\/pages"}],"about":[{"href":"https:\/\/www.camminodonbosco.eu\/de\/wp-json\/wp\/v2\/types\/page"}],"author":[{"embeddable":true,"href":"https:\/\/www.camminodonbosco.eu\/de\/wp-json\/wp\/v2\/users\/1"}],"replies":[{"embeddable":true,"href":"https:\/\/www.camminodonbosco.eu\/de\/wp-json\/wp\/v2\/comments?post=6033"}],"version-history":[{"count":0,"href":"https:\/\/www.camminodonbosco.eu\/de\/wp-json\/wp\/v2\/pages\/6033\/revisions"}],"wp:attachment":[{"href":"https:\/\/www.camminodonbosco.eu\/de\/wp-json\/wp\/v2\/media?parent=6033"}],"curies":[{"name":"wp","href":"https:\/\/api.w.org\/{rel}","templated":true}]}}