{"id":6037,"date":"2022-07-08T10:56:33","date_gmt":"2022-07-08T08:56:33","guid":{"rendered":"https:\/\/www.camminodonbosco.eu\/cambiano\/"},"modified":"2024-02-24T12:04:38","modified_gmt":"2024-02-24T11:04:38","slug":"cambiano","status":"publish","type":"page","link":"https:\/\/www.camminodonbosco.eu\/de\/cambiano\/","title":{"rendered":"Cambiano"},"content":{"rendered":"\n<p><strong>Cambiano<\/strong> hat \u00fcber 5.900 Einwohner und ist 21 km von Turin entfernt. Das Dorf hat alte Wurzeln. Die Entdeckung von Resten eines antiken r\u00f6mischen Geb\u00e4udes und einiger Bronzem\u00fcnzen legt nahe, dass die Gegend bereits im 3. Jahrhundert n. Chr. besiedelt war. Im Mittelalter war seine Geschichte eng mit der von Chieri verbunden und unterstand ab 1347 den Savoyen-Acaja. Im 14. Jahrhundert wurde das <strong>Ricetto<\/strong> erbaut, eine mittelalterliche Befestigung mit zwei Toren, von denen eines noch sichtbar ist. Zwischen dem 15. und 16. Jahrhundert erweiterten die Savoyer ihre Herrschaft, aber im Laufe der Jahrhunderte gab es zahlreiche Zerst\u00f6rungen, die durch die Pest von 1630 verschlimmert wurden. Besetzt von den Franzosen nach 1640, wurde es dem Napoleonischen Reich angegliedert und kehrte 1815 zu den Savoyern zur\u00fcck. Abgesehen von der Pest im Jahr 1630 war das Gebiet von Cambiano in diesen Jahren Schauplatz blutiger Auseinandersetzungen. Die Nachfolgekriege folgten, und w\u00e4hrend des Drei\u00dfigj\u00e4hrigen Krieges, nach dem Sieg in der Schlacht nahe <em>La Rotta<\/em> di Moncalieri-Villastellone, pl\u00fcnderten franz\u00f6sische Truppen alle benachbarten D\u00f6rfer und schlugen in Cambiano ihr Lager auf. In den darauffolgenden Jahren wechselte das Gebiet von Cambiano mehrmals den Besitzer: Markgrafen, Gr\u00e4finnen und Ritter folgten einander. w\u00e4hrend des napoleonischen Reiches wurde es wieder Franz\u00f6sisch. 1815 ging es wieder zu den Savoyern zur\u00fcck. Mit der Gr\u00fcndung des K\u00f6nigreichs Italien erlebte Cambiano eine Phase des Wachstums, wobei die Bev\u00f6lkerung stetig zunahm, da viele Arbeiter aufgrund der Besch\u00e4ftigungsm\u00f6glichkeiten in der <strong>Textilindustrie<\/strong> und den <strong>Ziegelbrennereien<\/strong> Arbeit fanden.<\/p>\n\n<div style=\"height:30px\" aria-hidden=\"true\" class=\"wp-block-spacer\"><\/div>\n\n<h2 class=\"wp-block-heading\">Sehensw\u00fcrdigkeiten<\/h2>\n\n<p> Die <strong>Pfarrkirche<\/strong> Santi Vincenzo e Anastasio, im 17. Jahrhundert, mit einer Fassade von 1740 nach einem Entwurf von Vittone wieder aufgebaut. Der <strong>Torbogen des alten Ricetto<\/strong> (auch als &#8222;<em>Porta stellina<\/em>&#8220; bekannt, stammt aus dem 13. Jahrhundert und erm\u00f6glichte den Zugang zum <em>Platz,<\/em>der heutigen Via Compajre, der einzigen breiten Stra\u00dfe innerhalb der Mauern). Das Geb\u00e4ude der <strong>&#8222;Societ\u00e0 Operaia di Mutuo Soccorso&#8220;<\/strong> (Geburtsort des Malers und Senators des K\u00f6nigreichs Italien Giacomo Grosso), der <strong>Gemeinderatssaal des Rathauses,<\/strong>mit Werken der cambianischen K\u00fcnstler Giacomo Grosso, Lorenzo Vergnano und Onorio Mosso sowie zeitgen\u00f6ssischen K\u00fcnstlern wie Ferruccio d&#8217;Angelo, Giovanni Borgarello und Cesario Carena, und der <strong>Friedhof<\/strong> mit der <strong>Grabmal-Skulptur <\/strong> &#8222;Bert Nevissano&#8220; von Lorenzo Vergnano<\/p>\n\n<div style=\"height:30px\" aria-hidden=\"true\" class=\"wp-block-spacer\"><\/div>\n\n<p><strong>Rad- und Fu\u00dfg\u00e4ngerweg Cambiano-Pecetto Torinese.<\/strong> Der Rad- und Fu\u00dfg\u00e4ngerweg, der Cambiano mit der Ortschaft Madonna della Scala verbindet und von dort aus \u00fcber eine Verbindung nach Pecetto f\u00fchrt, ist Teil der Strecken von &#8222;Pistaaa: La Blue Way Piemontese&#8220;, einem Radweg, der in der Region Turiner H\u00fcgel, Chierese, Pianalto und Basso Monferrato durch Wege mit geringem Fahrzeugverkehr verschiedene D\u00f6rfer verbindet. Die Wegweiser liefern Informationen \u00fcber das Gebiet \u00fcber die App &#8222;<em>Pistaaa<\/em>&#8222;, die kostenlos auf Android- oder IOS-Handys heruntergeladen werden kann, und enthalten Bilder des &#8222;Terzo Paradiso&#8220; von Michelangelo Pistoletto, die von lokalen K\u00fcnstlern erstellt wurden. Das Projekt des Rad- und Fu\u00dfwegs wurde von der Sozialf\u00f6rderungsvereinigung Ci\u00f2CheVale in Zusammenarbeit mit 21 Gemeindeverwaltungen realisiert. <\/p>\n\n<div style=\"height:30px\" aria-hidden=\"true\" class=\"wp-block-spacer\"><\/div>\n\n<p><strong>MunLab &#8211; Ecomuseo dell&#8217;argilla (Oekomuseum f\u00fcr Ton). <\/strong>Das Museum, das 2001 zur Vermittlung der der Tonverarbeitung gegr\u00fcndet wurde, befindet sich in den R\u00e4umen eines Jahrhunderte alten Industriegeb\u00e4udes. Es betreibt Forschung, Bildungsarbeit und Wertsch\u00e4tzung des lokalen Wissens und des Landschaftsdesigns, der Umweltthemen sowie der Kunst, die mit der Landschaft und der Erde verbunden ist. Es arbeitet zusammen mit Universit\u00e4ten, k\u00fcnstlerischen und kulturellen Institutionen, bietet Praktika, Abschlussarbeiten und Weiterbildungs- und Forschungskurse. Die Bildungsabteilung bietet seit 20 Jahren fortlaufend aktualisierte Programme an; sie sind das Ergebnis einer interaktiven Planung zwischen verschiedenen Fachleuten. Seit 2007 ist Munlab Teil des Netzwerks der Oekomuseen des Piemonts. Seit 2016 ist Munlab f\u00fcr die \u00d6ffentlichkeit mit einem Museumsrundgang und Workshops im Rahmen des Abonnements der Piemontesischen Museen (<a href=\"http:\/\/www.munlabtorino.it\">www.munlabtorino.it<\/a>) ge\u00f6ffnet.     <\/p>\n\n<div style=\"height:30px\" aria-hidden=\"true\" class=\"wp-block-spacer\"><\/div>\n\n<div class=\"wp-block-cover is-light\" style=\"min-height:100px;aspect-ratio:unset;\"><span aria-hidden=\"true\" class=\"wp-block-cover__background has-cyan-bluish-gray-background-color has-background-dim\"><\/span><div class=\"wp-block-cover__inner-container is-layout-flow wp-block-cover-is-layout-flow\">\n<h2 class=\"wp-block-heading\">Auf den Spuren von Don Bosco<\/h2>\n\n\n\n<p><\/p>\n\n\n\n<p><strong>Don Bosco in Cambiano<\/strong><\/p>\n\n\n\n<p>In seiner Jugend hatte Don Bosco Verbindungen zu Don Bartolomeo Dassano (1796-1854) aus Cambiano (To).Dieser war Pfarrer von Castelnuovo d&#8217;Asti von 1827 bis 1834. Als er im August 1859 eingeladen wurde, in Cambiano zu predigen, musste Giovanni Bosco seine Reise im Zug in Trofarello unterbrechen und zu Fu\u00df im Regen weitergehen. Im selben Zug reiste der Abgeordnete Tommaso Villa, der mit einer Kutsche weiterfuhr und ihn einlud, einzusteigen.<em>&#8222;Der Honorable Villa war von seiner Art und seiner Zur\u00fcckhaltung und Freundlichkeit im Gespr\u00e4ch beeindruckt, und als er in Cambiano ankam, fragte er ihn, ob er \u00fcbernachten oder noch am selben Abend zur\u00fcckkehren wolle. Als er erfuhr, dass er zur\u00fcckkehren musste, lud er ihn ein, sich zu einem bestimmten Zeitpunkt an einem bestimmten Ort zu treffen, um sein Fahrzeug zu nutzen. D. Bosco akzeptierte, bedankte sich und nachdem er gepredigt hatte, kam er p\u00fcnktlich zum vereinbarten Treffpunkt.&#8220;   <\/em>&#8222;.<\/p>\n<\/div><\/div>\n\n<p><\/p>\n\n<p><\/p>\n","protected":false},"excerpt":{"rendered":"<p>Cambiano hat \u00fcber 5.900 Einwohner und ist 21 km von Turin entfernt. Das Dorf hat alte Wurzeln. Die Entdeckung von Resten eines antiken r\u00f6mischen Geb\u00e4udes und einiger Bronzem\u00fcnzen legt nahe, dass die Gegend bereits im 3. Jahrhundert n. Chr. besiedelt war. Im Mittelalter war seine Geschichte eng mit der von Chieri verbunden und unterstand ab [&hellip;]<\/p>\n","protected":false},"author":1,"featured_media":0,"parent":0,"menu_order":0,"comment_status":"closed","ping_status":"closed","template":"","meta":{"footnotes":""},"class_list":["post-6037","page","type-page","status-publish","hentry"],"_links":{"self":[{"href":"https:\/\/www.camminodonbosco.eu\/de\/wp-json\/wp\/v2\/pages\/6037","targetHints":{"allow":["GET"]}}],"collection":[{"href":"https:\/\/www.camminodonbosco.eu\/de\/wp-json\/wp\/v2\/pages"}],"about":[{"href":"https:\/\/www.camminodonbosco.eu\/de\/wp-json\/wp\/v2\/types\/page"}],"author":[{"embeddable":true,"href":"https:\/\/www.camminodonbosco.eu\/de\/wp-json\/wp\/v2\/users\/1"}],"replies":[{"embeddable":true,"href":"https:\/\/www.camminodonbosco.eu\/de\/wp-json\/wp\/v2\/comments?post=6037"}],"version-history":[{"count":0,"href":"https:\/\/www.camminodonbosco.eu\/de\/wp-json\/wp\/v2\/pages\/6037\/revisions"}],"wp:attachment":[{"href":"https:\/\/www.camminodonbosco.eu\/de\/wp-json\/wp\/v2\/media?parent=6037"}],"curies":[{"name":"wp","href":"https:\/\/api.w.org\/{rel}","templated":true}]}}