{"id":6045,"date":"2022-07-08T10:56:53","date_gmt":"2022-07-08T08:56:53","guid":{"rendered":"https:\/\/www.camminodonbosco.eu\/chieri\/"},"modified":"2024-02-26T12:03:16","modified_gmt":"2024-02-26T11:03:16","slug":"chieri","status":"publish","type":"page","link":"https:\/\/www.camminodonbosco.eu\/de\/chieri\/","title":{"rendered":"Chieri"},"content":{"rendered":"\n<p><strong>Chieri<\/strong> hat \u00fcber 37.000 Einwohner und ist 16 km von Turin entfernt. Es hat eine mindestens zwei Jahrtausend alte Geschichte: Verschiedene arch\u00e4ologische Funde belegen, dass das Gebiet bereits in der Vorgeschichte (Bronze- und Eisenzeit) bewohnt war. Im 2. Jahrhundert v. Chr. gr\u00fcndeten die R\u00f6mer eine Kolonie namens &#8222;<em><strong>Carrea Potentia<\/strong><\/em>&#8222;, aber erst im 11. Jahrhundert, nach den Befestigungen, die der Bischof von Turin veranlasst hatte, etablierte sich Chieri zuerst als freie Kommune und wichtiger Handelsort. Seit 1046 im Besitz der Savoyer, wurde es 1155 <strong>vom Kaiser Friedrich Barbarossa zerst\u00f6rt<\/strong>, und dann aber unter der <strong>Herrschaft der Savoyer<\/strong> ab 1437 zu einer bl\u00fchenden Stadt. aufgrund der bedeutenden Adelsfamilien die dort lebten, als &#8222;<em><strong>Stadt der hundert T\u00fcrme<\/strong><\/em>&#8220; bekannt, war sie im 16. Jahrhundert wiederholt in die <strong>Kriege zwischen Frankreich und Spanien verwickelt<\/strong>. Im 17. Jahrhundert schrumpfte die Bev\u00f6lkerung wegen eine Pestepidemie auf die H\u00e4lfte. Dank des <strong>Handels und der Landwirtschaft<\/strong> (Hanf, Leinen und Fischzucht) erfuhr die Stadt eine schwunghafte wirtschaftlichen Entwicklung, die w\u00e4hrend der napoleonischen Herrschaft durch die Ansiedlung eines wichtigen <strong>Textilunternehmens<\/strong> und die anschlie\u00dfende Einf\u00fchrung der Baumwollverarbeitung verst\u00e4rkt wurde. Seitdem begann unter dem engen Einfluss der piemontesischen Textilindustrie eine wichtige wirtschaftliche und st\u00e4dtebauliche Entwicklung.       <\/p>\n\n<div style=\"height:30px\" aria-hidden=\"true\" class=\"wp-block-spacer\"><\/div>\n\n<h2 class=\"wp-block-heading\">Sehensw\u00fcrdigkeiten<\/h2>\n\n<p><strong>Die Altstadt mit ihrer charakteristischen schneckenf\u00f6rmigen Struktur.<\/strong>  <strong>Der Dom <\/strong>(Collegiata di Santa Maria della Scala), eine der gr\u00f6\u00dften Kirchen im Piemont, wurde zwischen 1405 und 1436 erbaut und beherbergt Gem\u00e4lde und Statuen, die sieben Jahrhunderte Geschichte umfassen, sowie ein au\u00dfergew\u00f6hnliche <strong>Taufkapelle<\/strong> mit Fresken, die die Passion Christi darstellen, und ein pr\u00e4chtiges Marmorportal. Die <strong>Kirche San Giorgio<\/strong>, von der aus man einen herrlichen Blick genie\u00dft, wurde 1037 erbaut und im Barockstil (1752) renoviert. Das <strong>Kloster San Domenico<\/strong> (14.-15. Jahrhundert) mit zahlreichen Patrizierkapellen beherbergt alte Sch\u00e4tze, darunter wertvolle Werke von Moncalvo. Die <strong>barocke Kirche San Filippo<\/strong> aus dem Jahr 1673. Das <strong>Santuario dell\u2018Annunziata<\/strong>, das auf das 15. Jahrhundert zur\u00fcckgeht und um das Fresko von 1469 errichtet wurde, dem wundert\u00e4tige Kr\u00e4fte zugeschrieben werden. Der <strong>Bogen auf der Piazza<\/strong>, eines der Stadtsymbole, wurde 1580 zu Ehren von dem Savoyer Emanuele Filiberto erbaut. Das <strong>Ghetto<\/strong> mit gotischen Fenstern, mit Geb\u00e4uden, urspr\u00fcnglich von bedeutenden \u00f6rtlichen Familien bewohnt, ab 1724 der israelitischen Gemeinde vorbehalten. Die beeindruckenden <strong>mittelalterlichen Pal\u00e4ste<\/strong>: Albussani, Balbiano, Brea, Bruni, Mercadillo, Opesso, Tana und Valfr\u00e8, um nur einige zu nennen.<\/p>\n\n<div style=\"height:30px\" aria-hidden=\"true\" class=\"wp-block-spacer\"><\/div>\n\n<h2 class=\"wp-block-heading\">Museen<\/h2>\n\n<p><strong>Casa Martini <\/strong>&#8211; Piazza Luigi Rossi, 2 Pessione &#8211; <a href=\"mailto:casamartini@bacardi.com\">casamartini@bacardi.com<\/a> <\/p>\n\n<p><strong>Centro Visite Don Bosco <\/strong>&#8211; Via V. Emanuele II, 63 &#8211; <a href=\"mailto:info@turismochieri.it\">info@turismochieri.it<\/a> <\/p>\n\n<p><strong>Imbiancheria del Vajro<\/strong> &#8211; Via Imbiancheria 12 &#8211; <a href=\"mailto:cultura@comune.chieri.to.it\">cultura@comune.chieri.to.it<\/a><\/p>\n\n<p><strong>MAC Mostra Archeologica Chieri <\/strong>&#8211; Via Palazzo di Citt\u00e0, 10 &#8211; <a href=\"mailto:cultura@comune.chieri.to.it\">cultura@comune.chieri.to.it<\/a><\/p>\n\n<p><strong>Museo del Tessile<\/strong> &#8211; Via Santa Chiara 11\/A &#8211; <a href=\"mailto:info@fmtessilchieri.org\">info@fmtessilchieri.org<\/a><\/p>\n\n<p><strong>Museo Etnografico Villa Brea <\/strong>-Villa Brea &#8211; Strada Pecetto, 14 &#8211; <a href=\"mailto:camsafa@camsafa.org\">camsafa@camsafa.org<\/a><\/p>\n","protected":false},"excerpt":{"rendered":"<p>Chieri hat \u00fcber 37.000 Einwohner und ist 16 km von Turin entfernt. Es hat eine mindestens zwei Jahrtausend alte Geschichte: Verschiedene arch\u00e4ologische Funde belegen, dass das Gebiet bereits in der Vorgeschichte (Bronze- und Eisenzeit) bewohnt war. Im 2. Jahrhundert v. Chr. gr\u00fcndeten die R\u00f6mer eine Kolonie namens &#8222;Carrea Potentia&#8222;, aber erst im 11. Jahrhundert, nach [&hellip;]<\/p>\n","protected":false},"author":1,"featured_media":0,"parent":0,"menu_order":0,"comment_status":"closed","ping_status":"closed","template":"","meta":{"footnotes":""},"class_list":["post-6045","page","type-page","status-publish","hentry"],"_links":{"self":[{"href":"https:\/\/www.camminodonbosco.eu\/de\/wp-json\/wp\/v2\/pages\/6045","targetHints":{"allow":["GET"]}}],"collection":[{"href":"https:\/\/www.camminodonbosco.eu\/de\/wp-json\/wp\/v2\/pages"}],"about":[{"href":"https:\/\/www.camminodonbosco.eu\/de\/wp-json\/wp\/v2\/types\/page"}],"author":[{"embeddable":true,"href":"https:\/\/www.camminodonbosco.eu\/de\/wp-json\/wp\/v2\/users\/1"}],"replies":[{"embeddable":true,"href":"https:\/\/www.camminodonbosco.eu\/de\/wp-json\/wp\/v2\/comments?post=6045"}],"version-history":[{"count":0,"href":"https:\/\/www.camminodonbosco.eu\/de\/wp-json\/wp\/v2\/pages\/6045\/revisions"}],"wp:attachment":[{"href":"https:\/\/www.camminodonbosco.eu\/de\/wp-json\/wp\/v2\/media?parent=6045"}],"curies":[{"name":"wp","href":"https:\/\/api.w.org\/{rel}","templated":true}]}}