{"id":6049,"date":"2022-07-08T10:57:21","date_gmt":"2022-07-08T08:57:21","guid":{"rendered":"https:\/\/www.camminodonbosco.eu\/cinzano\/"},"modified":"2024-02-24T12:47:19","modified_gmt":"2024-02-24T11:47:19","slug":"cinzano","status":"publish","type":"page","link":"https:\/\/www.camminodonbosco.eu\/de\/cinzano\/","title":{"rendered":"Cinzano"},"content":{"rendered":"\n<p><strong>Cinzano<\/strong> hat etwa 320 Einwohner und ist 35 km von Turin entfernt.<\/p>\n\n<p>Es liegt an den sanften T\u00e4lern des Monferrato und befindet sich im Gr\u00fcnen der Turiner H\u00fcgel: als das letzte Dorf in der Provinz Turin, auf einer H\u00f6he von 495 m \u00fcber dem Meeresspiegel, in einer offenen und nicht vom Wind beeinflussten Lage, genau im Zentrum des H\u00fcgelkamms, der von Superga bis zur Canonica di Vezzolano verl\u00e4uft.<\/p>\n\n<p>Die kleine historische Siedlung wird vom m\u00e4chtigen Schloss \u00fcberragt, das 1164 von Friedrich Barbarossa an die Markgrafen von Monferrato und sp\u00e4ter dem Markgrafen Della Chiesa geschenkt wurde. Am Hauptplatz, ein Panoramapunkt mit atemberaubender Aussicht, befindet sich die Pfarrkirche Sant&#8217;Antonio Abate aus dem 10. Jahrhundert.<\/p>\n\n<p>Es ist ein Ort sehr <strong>alter Herkunft<\/strong>, wie durch den Fund einer Pfeilspitze belegt, auf 2000 bis 3000 Jahre vor Christus datiert, und sp\u00e4ter von den R\u00f6mern besiedelt. In der <strong>r\u00f6mischen Zeit<\/strong> wurde das Gebiet von einer Stra\u00dfe durchquert, die <em><strong>Industria<\/strong><\/em> (heute Monteu da Po, ein arch\u00e4ologischer Bereich, der einen Besuch wert ist) mit <em><strong>Carreum Potentia<\/strong><\/em> (Chieri) verband. Von Friedrich Barbarossa dem Bischof von Chieri geschenkt, war es dann aufgrund seiner strategischen Lage lange umk\u00e4mpft: Von Chieri unterjocht, wechselte es verschiedene Signorie, bis es 1631 an das Herzogtum Savoyen ging. Anfang des 18. Jahrhunderts, w\u00e4hrend des Krieges zwischen Piemont und Frankreich, wurde es von den <strong>Franzosen besetzt<\/strong>. Einige Jahre nach der napoleonischen Invasion des Piemont (1796) wurde Cinzano die Hochburg der  <em><strong>christlichen Volksmasse<\/strong><\/em>, der pers\u00f6nlichen Armee des \u00f6sterreichischen Majors Branda de &#8218;Lucioni, rekrutiert aus der Bev\u00f6lkerung die die sich gegen die Franzosen erhoben hatte und 1799 mit anderen \u00e4hnlichen <em>Gruppen<\/em> (Biella, Chivasso, Ivrea, Santhi\u00e0 und Novara) die Besatzer besiegte und Turin besetzte.<\/p>\n\n<div style=\"height:30px\" aria-hidden=\"true\" class=\"wp-block-spacer\"><\/div>\n\n<h2 class=\"wp-block-heading\">Sehensw\u00fcrdigkeiten<\/h2>\n\n<p>Das <strong>Schloss<\/strong>, eine mittelalterliche Festung, die durch die Struktur der Mauern und T\u00fcrme belegt ist und jetzt als Residenz genutzt wird, mit einem gro\u00dfen Park. Zusammen mit der Pfarrkirche und anderen zugeh\u00f6rigen Geb\u00e4uden bildet es heute einen Teil, der vom Rest von Cinzano getrennt ist. Im Jahr 1872 erwarben die Markgrafen Della Chiesa, die fr\u00fcher Eigent\u00fcmer waren, das Schloss zur\u00fcck und restaurierten es im neomittelalterlichen Stil. Graf Ernesto di Sambuy, der zu dieser Zeit auch am Bau des mittelalterlichen Dorfes Valentino in Turin beteiligt war, wurde beauftragt, die Innenr\u00e4ume zu dekorieren und die G\u00e4rten zu gestalten. Dank dieser Arbeiten erlangte das Schloss wieder das Aussehen einer alten Festung. Der gro\u00dfe zentrale Turm mit quadratischer Basis, genannt &#8222;<strong>Salzturm<\/strong>&#8222;, und Teile der beiden Seitent\u00fcrme sind die einzigen noch erhaltenen Originalstrukturen. In der zweiten H\u00e4lfte des letzten Jahrhunderts wurde das Schloss, das durch Krieg und Vernachl\u00e4ssigung besch\u00e4digt wurde, verkauft und f\u00fcr Wohnzwecke restauriert.      <\/p>\n\n<p>Die <strong>Pfarrkirche Sant&#8217;Antonio Abate<\/strong> liegt auf einem H\u00fcgel, wo sich einst die alte Siedlung von Cinzano befand.<br\/>Das Pfarrhaus und das Pfarrtheater sind direkt mit den letzten Vorbauten des Schlosses verbunden: Die Fassade ist nach Westen ausgerichtet und hat einen cremefarbenen Putz. An den Seiten des Haupteingangs befinden sich zwei weitere Holzt\u00fcren, \u00fcber denen zwei Muschelfenster angebracht sind. <\/p>\n\n<p>\u00dcber dem zentralen Tor befindet sich eine Gedenktafel mit der Inschrift: &#8222;\u201cD.O.M.\/DIVO ANTONIO ABATI COMPATRONO DICATI\/ FANI HVIVIS PROSPECTUM\/ TEMPORUM INIURIA PENE LABENTEM\/ PUBLICO SUMPTU\/ CINTIANI COMMUNITAS ELEGANTER INSTAURAT\/ ANNO SALUTIS MDCCXCII\u201d.<\/p>\n\n<p>Das Innere des Geb\u00e4udes besteht aus einem einzigen Kirchenschiff mit Kreuzgew\u00f6lbe, an dem vier Seitenkapellen liegen.<\/p>\n","protected":false},"excerpt":{"rendered":"<p>Cinzano hat etwa 320 Einwohner und ist 35 km von Turin entfernt. Es liegt an den sanften T\u00e4lern des Monferrato und befindet sich im Gr\u00fcnen der Turiner H\u00fcgel: als das letzte Dorf in der Provinz Turin, auf einer H\u00f6he von 495 m \u00fcber dem Meeresspiegel, in einer offenen und nicht vom Wind beeinflussten Lage, genau [&hellip;]<\/p>\n","protected":false},"author":1,"featured_media":0,"parent":0,"menu_order":0,"comment_status":"closed","ping_status":"closed","template":"","meta":{"footnotes":""},"class_list":["post-6049","page","type-page","status-publish","hentry"],"_links":{"self":[{"href":"https:\/\/www.camminodonbosco.eu\/de\/wp-json\/wp\/v2\/pages\/6049","targetHints":{"allow":["GET"]}}],"collection":[{"href":"https:\/\/www.camminodonbosco.eu\/de\/wp-json\/wp\/v2\/pages"}],"about":[{"href":"https:\/\/www.camminodonbosco.eu\/de\/wp-json\/wp\/v2\/types\/page"}],"author":[{"embeddable":true,"href":"https:\/\/www.camminodonbosco.eu\/de\/wp-json\/wp\/v2\/users\/1"}],"replies":[{"embeddable":true,"href":"https:\/\/www.camminodonbosco.eu\/de\/wp-json\/wp\/v2\/comments?post=6049"}],"version-history":[{"count":0,"href":"https:\/\/www.camminodonbosco.eu\/de\/wp-json\/wp\/v2\/pages\/6049\/revisions"}],"wp:attachment":[{"href":"https:\/\/www.camminodonbosco.eu\/de\/wp-json\/wp\/v2\/media?parent=6049"}],"curies":[{"name":"wp","href":"https:\/\/api.w.org\/{rel}","templated":true}]}}