{"id":6059,"date":"2022-07-08T11:01:12","date_gmt":"2022-07-08T09:01:12","guid":{"rendered":"https:\/\/www.camminodonbosco.eu\/pecetto-torinese\/"},"modified":"2024-02-24T13:02:02","modified_gmt":"2024-02-24T12:02:02","slug":"pecetto-torinese","status":"publish","type":"page","link":"https:\/\/www.camminodonbosco.eu\/de\/pecetto-torinese\/","title":{"rendered":"Pecetto Torinese"},"content":{"rendered":"\n<p><strong>Pecetto Torinese<\/strong> hat etwa 4.000 Einwohner und liegt 11 km von Turin entfernt.<\/p>\n\n<p>Es ist eine Siedlung mit alter Herkunft, wie durch keltische Funde aus der Eisenzeit (Bric San Viter) und aus der r\u00f6mischen Zeit belegt. Die Gr\u00fcndung des Dorfes geht auf das 13. Jahrhundert zur\u00fcck, als es sich von Chieri abspaltete, unter dessen Herrschaft die Einwohner von Pecetto 1360 zur\u00fcckkehrten, bevor es an die Savoyer und verschiedene Lehensherren \u00fcberging. <\/p>\n\n<div style=\"height:30px\" aria-hidden=\"true\" class=\"wp-block-spacer\"><\/div>\n\n<h2 class=\"wp-block-heading\">Sehensw\u00fcrdigkeiten<\/h2>\n\n<p><strong>Die Kirche von San Sebastiano<\/strong>, die aus dem fr\u00fchen 13. Jahrhundert stammt und aus rotem Ziegelstein im Stil zwischen Gotik und Romanik gebaut ist, hat drei Schiffe, die von S\u00e4ulen getrennt sind, die durch B\u00f6gen miteinander verbunden sind. Bemerkenswert sind die Fresken aus dem 15. und 16. Jahrhundert, darunter die renommierte Geburt von Jacopino Longo (1508) sowie das Gem\u00e4lde der Madonna mit dem Kind zwischen den Heiligen Giuseppe, Sebastiano, Fabiano und Romualdo und in der Gew\u00f6lbedecke des dritten Schiffsbogens links vier Szenen der Legende des Wunders von Santo Domingo de La Calzada. <\/p>\n\n<p><strong>Die Kirche der Bruderschaft des Heiligen Namens Jesu und der Wei\u00dfen Bu\u00dfbr\u00fcder<\/strong> stammt aus der ersten H\u00e4lfte des 17. Jahrhunderts &#8211; ein einziges Schiff und ein rechteckiger Chor &#8211; und verdankt ihren Namen der Farbe des Gewandes, das die Geistlichen w\u00e4hrend der Zeremonien trugen. Beachtenswert sind die steinerne Eingangstreppe und die massive geschnitzte Holzt\u00fcr (1816). <\/p>\n\n<p><strong>Die barocke Pfarrkirche Santa Maria della Neve<\/strong>, entworfen von Bernardo Antonio Vittone (1739), hat entlang der Seitenw\u00e4nde 6 Alt\u00e4re und den eleganten Hauptaltar aus Marmor, der aus dem Einsiedelei der Kamaldoleser stammt, ebenso wie verschiedenen h\u00f6lzernen Skulpturen. Beeindruckend sind auch die Orgel von 1778 und bemerkenswerte Gem\u00e4lde, darunter das Altarbild von Vittorio Amedeo Raptus (1783) und das Gem\u00e4lde von Sant&#8217;Orsola. Schlie\u00dflich ist die Skulptur aus Pappmaschee der Schmerzensmutter aus dem 18. Jahrhundert erw\u00e4hnenswert.  <\/p>\n\n<p><strong>Eremo dei Camaldolesi:<\/strong> In der ersten H\u00e4lfte des 17. Jahrhunderts wurde eine gro\u00dfe Abtei des Ordens der Kamaldoleser errichtet, die eine bl\u00fchende Zeit erlebte, jedoch mit der Aufl\u00f6sung der religi\u00f6sen Einrichtungen durch Napoleon endete. Es folgten Jahrhunderte des allm\u00e4hlichen Verfalls. Heute beherbergt diese sch\u00f6ne Hochebene ein Seniorenzentrum, w\u00e4hrend der sogenannte Turm der M\u00fchle im Besitz des SERMIG ist.  <\/p>\n","protected":false},"excerpt":{"rendered":"<p>Pecetto Torinese hat etwa 4.000 Einwohner und liegt 11 km von Turin entfernt. Es ist eine Siedlung mit alter Herkunft, wie durch keltische Funde aus der Eisenzeit (Bric San Viter) und aus der r\u00f6mischen Zeit belegt. Die Gr\u00fcndung des Dorfes geht auf das 13. Jahrhundert zur\u00fcck, als es sich von Chieri abspaltete, unter dessen Herrschaft [&hellip;]<\/p>\n","protected":false},"author":1,"featured_media":0,"parent":0,"menu_order":0,"comment_status":"closed","ping_status":"closed","template":"","meta":{"footnotes":""},"class_list":["post-6059","page","type-page","status-publish","hentry"],"_links":{"self":[{"href":"https:\/\/www.camminodonbosco.eu\/de\/wp-json\/wp\/v2\/pages\/6059","targetHints":{"allow":["GET"]}}],"collection":[{"href":"https:\/\/www.camminodonbosco.eu\/de\/wp-json\/wp\/v2\/pages"}],"about":[{"href":"https:\/\/www.camminodonbosco.eu\/de\/wp-json\/wp\/v2\/types\/page"}],"author":[{"embeddable":true,"href":"https:\/\/www.camminodonbosco.eu\/de\/wp-json\/wp\/v2\/users\/1"}],"replies":[{"embeddable":true,"href":"https:\/\/www.camminodonbosco.eu\/de\/wp-json\/wp\/v2\/comments?post=6059"}],"version-history":[{"count":0,"href":"https:\/\/www.camminodonbosco.eu\/de\/wp-json\/wp\/v2\/pages\/6059\/revisions"}],"wp:attachment":[{"href":"https:\/\/www.camminodonbosco.eu\/de\/wp-json\/wp\/v2\/media?parent=6059"}],"curies":[{"name":"wp","href":"https:\/\/api.w.org\/{rel}","templated":true}]}}