{"id":6063,"date":"2022-07-08T11:01:35","date_gmt":"2022-07-08T09:01:35","guid":{"rendered":"https:\/\/www.camminodonbosco.eu\/pino-torinese\/"},"modified":"2024-02-24T13:06:15","modified_gmt":"2024-02-24T12:06:15","slug":"pino-torinese","status":"publish","type":"page","link":"https:\/\/www.camminodonbosco.eu\/de\/pino-torinese\/","title":{"rendered":"Pino Torinese"},"content":{"rendered":"\n<p><strong>Pino Torinese<\/strong> liegt 11 km von Turin entfernt und hat etwa 8.400 Einwohner, die sich auf das Stadtzentrum und verschiedene Ortsteile (Cento Croci, Monte Aman, San Felice, Strada dei Colli-Panoramica, Tetti Gilardi, Tetti Menzio, Tetti Miglioretti und Valle Ceppi) verteilen. Die Stadt liegt zwischen dem Montosolo-H\u00fcgel und <strong>dem<\/strong> <em><strong>Bric della Torre Rotonda<\/strong><\/em>, dem Sitz des astronomischen Observatoriums und des Museums Infini-To. Auf dem Montosolo-H\u00fcgel stand einst ein Schloss, das heute auf die \u00dcberreste eines viereckigen Turms reduziert ist.  <\/p>\n\n<p>Die erste Siedlung soll aus dem 3. bis 4. Jahrhundert n. Chr. stammen. Die ersten schriftlichen Aufzeichnungen datieren auf 996 und erw\u00e4hnen eine Kapelle, die von den Nonantola-M\u00f6nchen betreut wurde, sowie ein Landhaus auf dem Montosolo-H\u00fcgel. Die Savoyer befestigten dieses um 1250 und um diesen herum begann das Dorf zu wachsen. \u00c4hnlich wie die benachbarten Zentren durchlief Pino eine schwierige Zeit aufgrund von Kriegen gegen die Franzosen und wurde durch die Pestepidemien versch\u00e4rft, bis es endg\u00fcltig den Savoyern unterworfen war. Seitdem folgte es den historischen Ereignissen von Turin und entwickelte zun\u00e4chst eine vorwiegend landwirtschaftliche Wirtschaft, die durch die Sommer-&#8222;<em><strong>Weinberge<\/strong><\/em>&#8220; der Adelsfamilien bereichert wurde. Sp\u00e4ter entwickelte es eine gesch\u00e4tzte Wohnlage und bewahrte seine besonderen landschaftlichen Merkmale. Ein Teil des Gebiets liegt im <strong>Naturpark der Turiner H\u00fcgel<\/strong>. Seit 2016 ist das Gebiet als <strong>MAB UNESCO<\/strong> Biosph\u00e4renreservat anerkannt.      <\/p>\n\n<div style=\"height:30px\" aria-hidden=\"true\" class=\"wp-block-spacer\"><\/div>\n\n<h2 class=\"wp-block-heading\">Sehensw\u00fcrdigkeiten<\/h2>\n\n<p>Die <strong>Pfarrkirche Santissima Annunziata<\/strong> (um 1250) liegt in einer der h\u00f6chsten Gegenden von Pino Torinese (auf dem Vorplatz befinden sich eine hundertj\u00e4hrige Zypresse und ein au\u00dfergew\u00f6hnlicher Aussichtspunkt) sowie das <strong>Karmeliterkloster<\/strong>, beides beeindruckende Beispiele des piemontesischen Barock.<\/p>\n\n<p>Unter der Leitung der Karmeliter von 1490 bis zur napoleonischen Unterdr\u00fcckung von 1802 wurde die Kirche &#8211; in ihrer aktuellen Architektur mit dem angeschlossenen Kloster &#8211; in der zweiten H\u00e4lfte des 17. Jahrhunderts errichtet. Im Inneren befinden sich ein h\u00f6lzerner Chor aus dem 16. Jahrhundert und eine Vielzahl von Stuckarbeiten, die von denselben Handwerkern wie in der Reggia di Venaria Reale angefertigt wurden. Die Orgel von Vegezzi Bossi stammt aus dem Jahr 1858.<\/p>\n\n<p>Der <strong>Turm von Montosolo<\/strong> in der Ortschaft Torre Pino, wo der \u00e4lteste Kern des heutigen Pino Torinese erbaut wurde. Von mittelalterlichem Ursprung, befindet sich die Festung an strategischer Position (milit\u00e4risch, handelstechnisch und politisch) zwischen Turin und Chieri. Erbaut auf einem felsigen Untergrund in quadratischer Form, besteht der untere Teil aus Steinbl\u00f6cken, der Rest aus gro\u00dfen Ziegeln.  <\/p>\n\n<p>Das <strong>Castelvecchio<\/strong>, ein quadratisches und solides Geb\u00e4ude, dessen Fassade schlicht mit einem vom Kranzgesims getragenen Gesims versehen ist, ohne Zinnen, w\u00e4hrend die Ecken mehr f\u00fcr die Zierde als zur Verteidigung mit Schie\u00dfscharten oder Wacht\u00fcrmchen versehen sind. Im Inneren befindet sich im Erdgeschoss ein Saal im neomittelalterlichen Stil. Originell und datiert zwischen Ende des 17. und Anfang des 18. Jahrhunderts sind die Fresken des Treppenhauses. Ein \u00fcberdachter Gang verbindet das &#8222;Schloss&#8220; mit den Ch\u00f6ren der Kapelle, die sich zur Stra\u00dfe S. Felice \u00f6ffnet und reich an barocken Gem\u00e4lden ist.   <\/p>\n\n<p><strong>Das Astronomiezentrum Infini-TO<\/strong><\/p>\n\n<p>(Tel. 011 8118740 <a rel=\"noreferrer noopener\" href=\"http:\/\/www.planetarioditorino.it\/\" target=\"_blank\">www.planetarioditorino.it<\/a> \u2013 <a href=\"mailto:info@planetarioditorino.it\">info@planetarioditorino.it<\/a>).  <\/p>\n\n<p>Auf dem Colle della Torre Rotonda auf 620 m \u00fcber dem Meeresspiegel befinden sich das <strong>Planetarium von Turin<\/strong> und das <strong>Museum f\u00fcr Astronomie und Weltraum<\/strong> neben dem <strong>astronomischen Observatorium<\/strong>, das urspr\u00fcnglich im Zentrum von Turin und dann zwischen 1907 und 1912 nach Pino Torinese verlegt wurde. Das Planetarium befindet sich im Inneren des Museums und bietet 98 Pl\u00e4tze. Durch moderne, interaktive Ausstellungstechniken vermittelt es dem Publikum aktuelle Erkenntnisse \u00fcber das Universum. Neben der Museumssammlung k\u00f6nnen Besucher Vorstellungen im digitalen Planetarium erleben, an F\u00fchrungen teilnehmen, Vertiefungskurse besuchen und sich an wissenschaftlichen Experimenten in Laboren beteiligen.   <\/p>\n\n<p><strong>Das Museum f\u00fcr Landwirtschaft und materielle Kultur<\/strong><\/p>\n\n<p>(Piazzale Boglione, Valle Ceppi &#8211; Tel 333 2743291 <a href=\"about:blank\">muscovol@gmail.com<\/a>)<\/p>\n\n<p>Das Museum konzentriert sich auf den Wechsel der landwirtschaftlichen Jahreszeiten als Ausstellungskriterium und sammelt, restauriert und stellt Gegenst\u00e4nde aus, die zur lokalen Geschichte geh\u00f6ren. Es wird vom Forum del Volontariato &#8211; Sportello Scuola Volontariato betrieben. <\/p>\n\n<p>In der N\u00e4he des Museums befindet sich die <strong>Kirche Beata Vergine delle Grazie<\/strong>, die 1630 als votives Dankgebet f\u00fcr die Immunit\u00e4t gegen die Pest errichtet wurde. Dort wird ein wertvolles Altarbild aus dem Jahr 1752 aufbewahrt. <\/p>\n","protected":false},"excerpt":{"rendered":"<p>Pino Torinese liegt 11 km von Turin entfernt und hat etwa 8.400 Einwohner, die sich auf das Stadtzentrum und verschiedene Ortsteile (Cento Croci, Monte Aman, San Felice, Strada dei Colli-Panoramica, Tetti Gilardi, Tetti Menzio, Tetti Miglioretti und Valle Ceppi) verteilen. Die Stadt liegt zwischen dem Montosolo-H\u00fcgel und dem Bric della Torre Rotonda, dem Sitz des [&hellip;]<\/p>\n","protected":false},"author":1,"featured_media":0,"parent":0,"menu_order":0,"comment_status":"closed","ping_status":"closed","template":"","meta":{"footnotes":""},"class_list":["post-6063","page","type-page","status-publish","hentry"],"_links":{"self":[{"href":"https:\/\/www.camminodonbosco.eu\/de\/wp-json\/wp\/v2\/pages\/6063","targetHints":{"allow":["GET"]}}],"collection":[{"href":"https:\/\/www.camminodonbosco.eu\/de\/wp-json\/wp\/v2\/pages"}],"about":[{"href":"https:\/\/www.camminodonbosco.eu\/de\/wp-json\/wp\/v2\/types\/page"}],"author":[{"embeddable":true,"href":"https:\/\/www.camminodonbosco.eu\/de\/wp-json\/wp\/v2\/users\/1"}],"replies":[{"embeddable":true,"href":"https:\/\/www.camminodonbosco.eu\/de\/wp-json\/wp\/v2\/comments?post=6063"}],"version-history":[{"count":0,"href":"https:\/\/www.camminodonbosco.eu\/de\/wp-json\/wp\/v2\/pages\/6063\/revisions"}],"wp:attachment":[{"href":"https:\/\/www.camminodonbosco.eu\/de\/wp-json\/wp\/v2\/media?parent=6063"}],"curies":[{"name":"wp","href":"https:\/\/api.w.org\/{rel}","templated":true}]}}