{"id":6067,"date":"2022-07-08T11:02:31","date_gmt":"2022-07-08T09:02:31","guid":{"rendered":"https:\/\/www.camminodonbosco.eu\/pralormo\/"},"modified":"2024-02-24T13:09:34","modified_gmt":"2024-02-24T12:09:34","slug":"pralormo","status":"publish","type":"page","link":"https:\/\/www.camminodonbosco.eu\/de\/pralormo\/","title":{"rendered":"Pralormo"},"content":{"rendered":"\n<p><strong>Pralormo<\/strong> hat etwa 1.900 Einwohner und liegt 40 km von Turin entfernt, auf einem H\u00fcgel zwischen den Ausl\u00e4ufern des Pianalto und dem Beginn des Roero-Gebiets. Der Ortsname ist eine Kombination aus &#8222;<em>pratum<\/em>&#8220; und &#8222;ulmum&#8220;, abgeleitet von der langobardischen Tradition, B\u00e4ume (Ulmen, Eichen usw.) an symbolischen Orten der Siedlung zu pflanzen. Die ersten dokumentierten Aufzeichnungen gehen auf das Jahr 1065 zur\u00fcck, als der Ort namens <em>Predarolo<\/em> von Adelaide von Susa an den Bischof von Asti \u00fcbertragen wurde. In den folgenden Jahrhunderten wurde das Lehen mehrmals aufgeteilt, und verschiedene Herren, Lehensherren und Familien (Anterisio, Desaya, Gorzano, Pelletta, Roero und sp\u00e4ter nach dem Aussterben dieser Familien die Costa della Trinit\u00e0 und Polonghera, die Petrina, die Dal Pozzo di Voghera, die Ferrero della Marmora und die Beraudo) wechselten sich in der Herrschaft \u00fcber Pralormo ab. Zwei wichtige Pers\u00f6nlichkeiten in der Geschichte von Pralormo sind der Kardinal <strong>Giovanni Battista Roero<\/strong> und Graf Carlo Beraudo di Pralormo. Der erste war von 1727 bis 1744 Bischof von Acqui und wurde dann 1756 zum Kardinal ernannt, nachdem er zum Erzbischof von Turin ernannt worden war.     <br\/><strong>Graf Carlo Beraudo di Pralormo<\/strong>, der um 1830 das Lehen vereinigte, indem er die jeweiligen Besitzt\u00fcmer von Roero und La Marmora erwarb, spielte eine wichtige Rolle in der Geschichte der ersten H\u00e4lfte des 19. Jahrhunderts. Er begann seine Karriere in der sardischen Gesandtschaft in Berlin und Paris, wurde dann Ministerresident in Paris und Wien, war sp\u00e4ter Finanzminister und dann Innenminister des sardischen K\u00f6nigs Karl Albert. 1848 zum Senator ernannt, verhandelte er 1849 mit \u00d6sterreich den Frieden von Mailand.   <\/p>\n\n<div style=\"height:30px\" aria-hidden=\"true\" class=\"wp-block-spacer\"><\/div>\n\n<h2 class=\"wp-block-heading\">Sehensw\u00fcrdigkeiten<\/h2>\n\n<p>Die <strong>Pfarrkirche San Donato<\/strong> (1931) mit einem wertvollen Triptychon von Jacopino Longo (1546), das k\u00fcrzlich gestohlen wurde. Das mittelalterliche <strong>Schloss Beraudo di Pralormo<\/strong>, dessen Bau auf das 13. Jahrhundert zur\u00fcckgeht, mit dem Bauernhaus, dem herrlichen englischen Park, der im 19. Jahrhundert von Xavier Kurten, dem Hofarchitekten und Sch\u00f6pfer der wichtigsten G\u00e4rten der savoyischen Residenzen, entworfen wurde, dem Orangeriegeb\u00e4ude und dem Glas- und Eisen-Gew\u00e4chshaus. Seit 2000 ist der Park im April Gastgeber der Veranstaltung &#8222;<strong>Messer Tulipano<\/strong>&#8220; mit \u00fcber 100.000 Blumen, darunter Tulpen und Narzissen, die jedes Jahr den Fr\u00fchling begr\u00fc\u00dfen.<\/p>\n\n<p>Das <strong>Heiligtum der Madonna della Spina<\/strong> (1756), das sich in der N\u00e4he des <strong>Lago della Spina<\/strong> befindet, einem seit 1827 angelegten Bew\u00e4sserungsbecken, das an seiner breitesten Stelle etwa 1 km lang und 200 m breit ist.<br\/>Der Stausee, der immer noch das kleine Tal des Rio Torto blockiert, wurde auf Anordnung von Graf Carlo Beraudo di Pralormo und Marquis Carlo Emanuele Ferrero Della Marmora erbaut, um Regenwasser zur Bew\u00e4sserung zu sammeln.<\/p>\n\n<p><\/p>\n\n<p><\/p>\n\n<p> <\/p>\n","protected":false},"excerpt":{"rendered":"<p>Pralormo hat etwa 1.900 Einwohner und liegt 40 km von Turin entfernt, auf einem H\u00fcgel zwischen den Ausl\u00e4ufern des Pianalto und dem Beginn des Roero-Gebiets. Der Ortsname ist eine Kombination aus &#8222;pratum&#8220; und &#8222;ulmum&#8220;, abgeleitet von der langobardischen Tradition, B\u00e4ume (Ulmen, Eichen usw.) an symbolischen Orten der Siedlung zu pflanzen. Die ersten dokumentierten Aufzeichnungen gehen [&hellip;]<\/p>\n","protected":false},"author":1,"featured_media":0,"parent":0,"menu_order":0,"comment_status":"closed","ping_status":"closed","template":"","meta":{"footnotes":""},"class_list":["post-6067","page","type-page","status-publish","hentry"],"_links":{"self":[{"href":"https:\/\/www.camminodonbosco.eu\/de\/wp-json\/wp\/v2\/pages\/6067","targetHints":{"allow":["GET"]}}],"collection":[{"href":"https:\/\/www.camminodonbosco.eu\/de\/wp-json\/wp\/v2\/pages"}],"about":[{"href":"https:\/\/www.camminodonbosco.eu\/de\/wp-json\/wp\/v2\/types\/page"}],"author":[{"embeddable":true,"href":"https:\/\/www.camminodonbosco.eu\/de\/wp-json\/wp\/v2\/users\/1"}],"replies":[{"embeddable":true,"href":"https:\/\/www.camminodonbosco.eu\/de\/wp-json\/wp\/v2\/comments?post=6067"}],"version-history":[{"count":0,"href":"https:\/\/www.camminodonbosco.eu\/de\/wp-json\/wp\/v2\/pages\/6067\/revisions"}],"wp:attachment":[{"href":"https:\/\/www.camminodonbosco.eu\/de\/wp-json\/wp\/v2\/media?parent=6067"}],"curies":[{"name":"wp","href":"https:\/\/api.w.org\/{rel}","templated":true}]}}