{"id":6073,"date":"2022-07-08T11:03:33","date_gmt":"2022-07-08T09:03:33","guid":{"rendered":"https:\/\/www.camminodonbosco.eu\/santena\/"},"modified":"2024-02-24T13:13:26","modified_gmt":"2024-02-24T12:13:26","slug":"santena","status":"publish","type":"page","link":"https:\/\/www.camminodonbosco.eu\/de\/santena\/","title":{"rendered":"Santena"},"content":{"rendered":"\n<p><strong>Santena<\/strong> hat etwa 10.500 Einwohner und liegt 22 km von Turin entfernt. Es ist eine Siedlung mit antikem Ursprung, wie Funde aus den ersten Jahrhunderten der christlichen \u00c4ra belegen. Es war Gegenstand langer Auseinandersetzungen zwischen den Kanonikern von San Salvatore in Turin und der Gemeinde Chieri, ging 1351 an die Savoyer \u00fcber und wurde sp\u00e4ter von den Franzosen gepl\u00fcndert sowie von Pest und Hungersn\u00f6ten heimgesucht, bevor es wieder unter die Herrschaft des Hauses Savoyen kam. <\/p>\n\n<div style=\"height:30px\" aria-hidden=\"true\" class=\"wp-block-spacer\"><\/div>\n\n<h2 class=\"wp-block-heading\">Sehensw\u00fcrdigkeiten<\/h2>\n\n<p>Der <strong>Cavour-Komplex<\/strong>, bestehend aus dem Wohnsitz der Marquis Benso di Cavour, reich an historischen Erinnerungen, Bibliotheken, Archiven und Einrichtungen (18. Jahrhundert), dem englischen <strong>Park<\/strong> und der Kapelle, die das <strong>Grab des gro\u00dfen Staatsmannes Camillo Cavour<\/strong> beherbergt, wurde 1861 errichtet. Die alte <strong>Burg San Salva<\/strong> (13. Jahrhundert) mit quadratischem Grundriss und drei kleinen T\u00fcrmen, die auf einem H\u00fcgel errichtet wurde.<\/p>\n\n<p>Das <strong>Cavour-Denkmal<\/strong> (Museum, das dem piemontesischen Staatsmann und der Geschichte des Risorgimento gewidmet ist) &#8211; Piazza Visconti Venosta Nr. 2,<\/p>\n\n<p>Tel 011 597373 E-Mail <a href=\"mailto:info@fondazionecavour.it\">info@fondazionecavour.it<\/a><\/p>\n","protected":false},"excerpt":{"rendered":"<p>Santena hat etwa 10.500 Einwohner und liegt 22 km von Turin entfernt. Es ist eine Siedlung mit antikem Ursprung, wie Funde aus den ersten Jahrhunderten der christlichen \u00c4ra belegen. Es war Gegenstand langer Auseinandersetzungen zwischen den Kanonikern von San Salvatore in Turin und der Gemeinde Chieri, ging 1351 an die Savoyer \u00fcber und wurde sp\u00e4ter [&hellip;]<\/p>\n","protected":false},"author":1,"featured_media":0,"parent":0,"menu_order":0,"comment_status":"closed","ping_status":"closed","template":"","meta":{"footnotes":""},"class_list":["post-6073","page","type-page","status-publish","hentry"],"_links":{"self":[{"href":"https:\/\/www.camminodonbosco.eu\/de\/wp-json\/wp\/v2\/pages\/6073","targetHints":{"allow":["GET"]}}],"collection":[{"href":"https:\/\/www.camminodonbosco.eu\/de\/wp-json\/wp\/v2\/pages"}],"about":[{"href":"https:\/\/www.camminodonbosco.eu\/de\/wp-json\/wp\/v2\/types\/page"}],"author":[{"embeddable":true,"href":"https:\/\/www.camminodonbosco.eu\/de\/wp-json\/wp\/v2\/users\/1"}],"replies":[{"embeddable":true,"href":"https:\/\/www.camminodonbosco.eu\/de\/wp-json\/wp\/v2\/comments?post=6073"}],"version-history":[{"count":0,"href":"https:\/\/www.camminodonbosco.eu\/de\/wp-json\/wp\/v2\/pages\/6073\/revisions"}],"wp:attachment":[{"href":"https:\/\/www.camminodonbosco.eu\/de\/wp-json\/wp\/v2\/media?parent=6073"}],"curies":[{"name":"wp","href":"https:\/\/api.w.org\/{rel}","templated":true}]}}