{"id":6077,"date":"2022-07-08T11:04:07","date_gmt":"2022-07-08T09:04:07","guid":{"rendered":"https:\/\/www.camminodonbosco.eu\/sciolze\/"},"modified":"2024-02-24T13:20:12","modified_gmt":"2024-02-24T12:20:12","slug":"sciolze","status":"publish","type":"page","link":"https:\/\/www.camminodonbosco.eu\/de\/sciolze\/","title":{"rendered":"Sciolze"},"content":{"rendered":"\n<p><strong>Sciolze<\/strong> hat etwa 1.500 Einwohner und liegt 23 km von Turin entfernt. Der Ortsname scheint vom lateinischen gentilis &#8222;<em>Sulcius<\/em>&#8220; abzuleiten. Die ersten Spuren menschlicher Siedlungen in der H\u00fcgellandschaft von Sciolze &#8211; Steinwaffen, \u00c4xte, Pfeilspitzen &#8211; stammen aus der <strong>sp\u00e4ten Steinzeit<\/strong>. In der <strong>r\u00f6mischen Zeit<\/strong> besiedelt, wie durch arch\u00e4ologische Funde in der Region Castellaro belegt. Vor dem Jahr 1000 wurde das Gebiet der Abtei von Nonantola geschenkt, im Jahr 1034 ging es an die Grafen von Biandrate, wie aus Dokumenten hervorgeht, die in der Canonica di Vezzolano aufbewahrt werden. Im Mittelalter lag die Siedlung auf dem <strong>H\u00fcgel von Fagnour<\/strong>. Im 13. Jahrhundert wurde sie Teil der freien Gemeinde Chieri. Im Jahr 1312 ging das Lehen von Sciolze an die astigischen Grafen Roero \u00fcber, w\u00e4hrend es im Jahr 1631 an das Herzogtum Savoyen \u00fcbertragen wurde. Im Jahr 1706 wurde <strong>Sciolze von der franz\u00f6sischen Armee gepl\u00fcndert und teilweise zerst\u00f6rt<\/strong>, wobei der Kirchturm zerst\u00f6rt wurde. Im Jahr 1814, am Ende der napoleonischen Herrschaft, war es Hauptstadt des Bezirks, der Avuglione, Bardassano, Cinzano, Marentino, Montaldo und Vernone umfasste.        <\/p>\n\n<p>Im Jahr 1856 wurde ein j\u00e4hrlicher Jahrmarkt am ersten Mittwoch im Juni eingef\u00fchrt, der dann von 1864 auf den Tag nach dem Fest des San Rocco &#8211; dem 17. August &#8211; verlegt wurde, ein Datum, das bis heute beibehalten wurde.<\/p>\n\n<p>Im Laufe des 19. Jahrhunderts wurde Sciolze ein beliebter Ferienort f\u00fcr viele wohlhabende Familien aus Turin.<\/p>\n\n<div style=\"height:30px\" aria-hidden=\"true\" class=\"wp-block-spacer\"><\/div>\n\n<h2 class=\"wp-block-heading\">Sehensw\u00fcrdigkeiten<\/h2>\n\n<p>Die Siedlung von Sciolze wird von einem H\u00fcgel dominiert, auf dem im Mittelalter das <strong>Schloss von San Severino<\/strong> stand (einst ein Gerichtsort, an dem Todesurteile vollstreckt wurden), von dem nur noch einige Mauerreste \u00fcbrig sind, die heute in ein Herrenhaus umgewandelt wurden.<\/p>\n\n<p>Die alte <strong>Pfarrkirche San Giovanni Battista<\/strong> stammt aus dem 15. Jahrhundert und wurde bis 1774 umgebaut &#8211; dem Jahr der Weihe. Sie enth\u00e4lt den Hauptaltar aus Gassino-Stein, vier h\u00f6lzerne Skulpturen aus dem 18. Jahrhundert und ein Gem\u00e4lde, das die Taufe Jesu darstellt. In der N\u00e4he der Pfarrkirche befindet sich die Kirche der <strong>Bruderschaft des Heiligen Geistes<\/strong>, die um 1630 erbaut wurde.<\/p>\n\n<p>Vom Gipfel des <strong>Colle di Fagnour<\/strong> (480 m \u00fcber dem Meeresspiegel) &#8211; nur eine kurze Entfernung vom Ort in Richtung Bardassano &#8211; bietet sich ein <strong>herrlicher 360-Grad-Panoramablick<\/strong> auf den Monte Rosa, das Matterhorn, den Gran Paradiso, den Rocciamelone, den Monviso bis zu den Ligurischen Alpen und dem Anfang des Apennins. Den H\u00fcgel <strong>beherrscht die Kapelle von Santa Lucia<\/strong> &#8211; fr\u00fcher bekannt als Santa Maria &#8211; die bis zum 15. Jahrhundert die alte Pfarrkirche von Sciolze war (mit angrenzendem Friedhof), \u00fcberwacht von einem jahrhundertealten Mandelbaum. Im Inneren der Kirche wird der historische <strong>Stein mit Inschriften aufbewahrt<\/strong>, der urspr\u00fcnglich auf dem Vorplatz stand.<\/p>\n\n<p>Wenig weiter als der Colle Fagnour liegt das <strong>Palazzo<\/strong>, ein rustikales historisches Anwesen aus der zweiten H\u00e4lfte des 17. Jahrhunderts mit einem herrlichen Saal mit Fresken, einem Weinkeller aus dem 17. Jahrhundert und einem Garten, der das Palazzo zum &#8222;Rosenort&#8220; macht<a href=\"https:\/\/www.villailpalazzo.com\/\" data-type=\"URL\" data-id=\"https:\/\/www.villailpalazzo.com\/\" target=\"_blank\" rel=\"noreferrer noopener\">www.villailpalazzo.com<\/a>).<\/p>\n","protected":false},"excerpt":{"rendered":"<p>Sciolze hat etwa 1.500 Einwohner und liegt 23 km von Turin entfernt. Der Ortsname scheint vom lateinischen gentilis &#8222;Sulcius&#8220; abzuleiten. Die ersten Spuren menschlicher Siedlungen in der H\u00fcgellandschaft von Sciolze &#8211; Steinwaffen, \u00c4xte, Pfeilspitzen &#8211; stammen aus der sp\u00e4ten Steinzeit. In der r\u00f6mischen Zeit besiedelt, wie durch arch\u00e4ologische Funde in der Region Castellaro belegt. Vor [&hellip;]<\/p>\n","protected":false},"author":1,"featured_media":0,"parent":0,"menu_order":0,"comment_status":"closed","ping_status":"closed","template":"","meta":{"footnotes":""},"class_list":["post-6077","page","type-page","status-publish","hentry"],"_links":{"self":[{"href":"https:\/\/www.camminodonbosco.eu\/de\/wp-json\/wp\/v2\/pages\/6077","targetHints":{"allow":["GET"]}}],"collection":[{"href":"https:\/\/www.camminodonbosco.eu\/de\/wp-json\/wp\/v2\/pages"}],"about":[{"href":"https:\/\/www.camminodonbosco.eu\/de\/wp-json\/wp\/v2\/types\/page"}],"author":[{"embeddable":true,"href":"https:\/\/www.camminodonbosco.eu\/de\/wp-json\/wp\/v2\/users\/1"}],"replies":[{"embeddable":true,"href":"https:\/\/www.camminodonbosco.eu\/de\/wp-json\/wp\/v2\/comments?post=6077"}],"version-history":[{"count":0,"href":"https:\/\/www.camminodonbosco.eu\/de\/wp-json\/wp\/v2\/pages\/6077\/revisions"}],"wp:attachment":[{"href":"https:\/\/www.camminodonbosco.eu\/de\/wp-json\/wp\/v2\/media?parent=6077"}],"curies":[{"name":"wp","href":"https:\/\/api.w.org\/{rel}","templated":true}]}}