{"id":6081,"date":"2023-09-08T18:12:14","date_gmt":"2023-09-08T16:12:14","guid":{"rendered":"https:\/\/www.camminodonbosco.eu\/trofarello\/"},"modified":"2024-02-26T11:58:07","modified_gmt":"2024-02-26T10:58:07","slug":"trofarello","status":"publish","type":"page","link":"https:\/\/www.camminodonbosco.eu\/de\/trofarello\/","title":{"rendered":"Trofarello"},"content":{"rendered":"\n<p>Die mittelalterlichen Aufzeichnungen f\u00fchren zu Trofarellus, mit Varianten wie Troffarellus, Trufarellus, Tropharellus, die wahrscheinlich von &#8222;truffare&#8220; abstammen. Der Ortsname geh\u00f6rt zu jenen Ortsnamen, die auf betr\u00fcgerische oder r\u00e4uberische Aktivit\u00e4ten hinweisen und oft durch die isolierte Lage der Siedlung beg\u00fcnstigt wurden. Die Urspr\u00fcnge von Trofarello sind sehr alt, wie Funde aus der <a href=\"http:\/\/www.italiapedia.it\/neolitica_appr_2894_comune-di-trofarello_001-280\">neolithischen Zeit<\/a> sowie bronzene Fibeln aus dem 2. Jahrhundert v. Chr. und Grabbeigaben sowie \u00dcberreste von Mauern, die die r\u00f6mische Pr\u00e4senz in der Gegend bezeugen.   Gegen Ende des 10. Jahrhunderts wurde es Teil des Arduinischen Gebiets, aber mit der Macht der Bisch\u00f6fe wurde es dem Bischof von Turin geschenkt. Lange Zeit im Landkreis von Celle integriert, wurde es im 13. Jahrhundert an die Vagnone verlehnt, die sich der Gemeinde Chieri unterwarfen und von ihr investiert wurden. <\/p>\n\n<div style=\"height:30px\" aria-hidden=\"true\" class=\"wp-block-spacer\"><\/div>\n\n<h2 class=\"wp-block-heading\">Sehensw\u00fcrdigkeiten<\/h2>\n\n<p>Von gro\u00dfem historischem Interesse ist das <strong>Schloss<\/strong>, das wahrscheinlich im 10. Jahrhundert auf einem H\u00fcgel namens Castass (heute noch Castellaccio genannt) errichtet wurde und im 18. Jahrhundert zu einem Adelswohnsitz umgebaut wurde: Von ihm ist nur noch der Turm intakt. Im neunzehnten Jahrhundert geh\u00f6rte ein Teil des Schlosses dem <a href=\"http:\/\/www.italiapedia.it\/conte-camillo-benso-di-cavour_appr_2878_comune-di-trofarello_001-280\">Grafen Camillo Benso di Cavour<\/a>, der einige Ver\u00e4nderungen vornahm, wie die Hinzuf\u00fcgung des Parks.  Im Hauptgeb\u00e4ude befindet sich die Kapelle San Rocco aus der zweiten H\u00e4lfte des 18. Jahrhunderts, die nach einigen Quellen von <a href=\"http:\/\/www.italiapedia.it\/juvarra_appr_2759_comune-di-trofarello_001-280\">Juvarra<\/a> entworfen wurde.<\/p>\n\n<p>Auch bemerkenswert sind die alte <strong>Pfarrkirche der Heiligen Quiricus und Julitta<\/strong>, die 1907 auf den Ruinen einer alten Kirche der Augustiner-M\u00f6nche erbaut wurde, sowie die <strong>Kirche Santa Croce<\/strong> (1679) und die kleine <strong>Kirche San Giuseppe<\/strong>, die ebenfalls Anfang des 18. Jahrhunderts erbaut wurde. Andere erw\u00e4hnenswerte Geb\u00e4ude befinden sich im alten Landkreis von Celle: <strong>das Schloss von Rivera,<\/strong>das zu Beginn des 14. Jahrhunderts auf Anordnung der Gemeinde Chieri erbaut wurde, die Reste der alten Pieve von San Pietro di Celle und das <strong>Santuario della Madonna di Celle aus dem 18. Jahrhundert,<\/strong>mit einem sch\u00f6nen romanischen Glockenturm, an dessen Mauern das Taukreuz eingeschnitten ist &#8211; \u00e4hnlich dem griechischen Buchstaben Tau.<\/p>\n","protected":false},"excerpt":{"rendered":"<p>Die mittelalterlichen Aufzeichnungen f\u00fchren zu Trofarellus, mit Varianten wie Troffarellus, Trufarellus, Tropharellus, die wahrscheinlich von &#8222;truffare&#8220; abstammen. Der Ortsname geh\u00f6rt zu jenen Ortsnamen, die auf betr\u00fcgerische oder r\u00e4uberische Aktivit\u00e4ten hinweisen und oft durch die isolierte Lage der Siedlung beg\u00fcnstigt wurden. Die Urspr\u00fcnge von Trofarello sind sehr alt, wie Funde aus der neolithischen Zeit sowie bronzene [&hellip;]<\/p>\n","protected":false},"author":1,"featured_media":0,"parent":0,"menu_order":0,"comment_status":"closed","ping_status":"closed","template":"","meta":{"footnotes":""},"class_list":["post-6081","page","type-page","status-publish","hentry"],"_links":{"self":[{"href":"https:\/\/www.camminodonbosco.eu\/de\/wp-json\/wp\/v2\/pages\/6081","targetHints":{"allow":["GET"]}}],"collection":[{"href":"https:\/\/www.camminodonbosco.eu\/de\/wp-json\/wp\/v2\/pages"}],"about":[{"href":"https:\/\/www.camminodonbosco.eu\/de\/wp-json\/wp\/v2\/types\/page"}],"author":[{"embeddable":true,"href":"https:\/\/www.camminodonbosco.eu\/de\/wp-json\/wp\/v2\/users\/1"}],"replies":[{"embeddable":true,"href":"https:\/\/www.camminodonbosco.eu\/de\/wp-json\/wp\/v2\/comments?post=6081"}],"version-history":[{"count":0,"href":"https:\/\/www.camminodonbosco.eu\/de\/wp-json\/wp\/v2\/pages\/6081\/revisions"}],"wp:attachment":[{"href":"https:\/\/www.camminodonbosco.eu\/de\/wp-json\/wp\/v2\/media?parent=6081"}],"curies":[{"name":"wp","href":"https:\/\/api.w.org\/{rel}","templated":true}]}}