{"id":6085,"date":"2022-07-14T16:05:37","date_gmt":"2022-07-14T14:05:37","guid":{"rendered":"https:\/\/www.camminodonbosco.eu\/albugnano\/"},"modified":"2024-02-25T17:09:33","modified_gmt":"2024-02-25T16:09:33","slug":"albugnano","status":"publish","type":"page","link":"https:\/\/www.camminodonbosco.eu\/de\/albugnano\/","title":{"rendered":"Albugnano"},"content":{"rendered":"\n<p><strong>Albugnano<\/strong> hat \u00fcber 530 Einwohner und ist 34 km von Turin entfernt. Die Siedlung wurde von den Markgrafen von Monferrato befestigt, aber von ihren Mauern &#8211; die von den Franzosen zerst\u00f6rt wurden &#8211; sind keine Spuren mehr \u00fcbrig. Die Geschichte der Gemeinde war eng mit der des Kanonikats von Vezzolano verbunden, das Rechte auf das Gebiet beanspruchte, die allm\u00e4hlich an verschiedene Lehnsherren abgetreten wurden. Ab dem 17. Jahrhundert unter Savoyen, wurde das Dorf bis zum Jahr 1800 von den Kanonikern regiert, als Napoleon Bonaparte religi\u00f6sen Einrichtungen unterdr\u00fcckte.<\/p>\n\n<div style=\"height:30px\" aria-hidden=\"true\" class=\"wp-block-spacer\"><\/div>\n\n<h2 class=\"wp-block-heading\">Sehensw\u00fcrdigkeiten<\/h2>\n\n<p>Das <strong>Kanonikat von Vezzolano<\/strong>, ein religi\u00f6ser Komplex im romanischen Stil mit gotischen Elementen, z\u00e4hlt zu den bedeutendsten mittelalterlichen Monumenten im Piemont. Gemeinhin als <strong>Abtei von Vezzolano<\/strong> bekannt, handelt es sich zumindest in der zweiten H\u00e4lfte seiner Geschichte um ein <em>Kanonikat<\/em>, in dem Mitglieder des Weltklerus &#8211; also keine M\u00f6nche &#8211; gemeinsam lebten. Es wurde im 12. und 13. Jahrhundert erbaut und sp\u00e4ter umgebaut. Die <strong>Fassade<\/strong> hat eine dreigeschossige S\u00e4ulenordnungen: die ersten beiden werden von Architraven \u00fcberragt, die letzte von B\u00f6gen. Im Tympanon des Portals befindet sich eine Skulptur, die die Madonna auf dem Thron zwischen einem Engel und einem Gl\u00e4ubigen darstellt, w\u00e4hrend im zweiten Geschoss der S\u00e4ulen\u00f6ffnung der Erl\u00f6ser zwischen zwei Engeln ist. Die <strong>skulpturale Dekoration<\/strong> enth\u00e4lt authentische Meisterwerke wie die <strong>Figuren der Verk\u00fcndigung<\/strong> auf beiden Seiten des zentralen Fensters der Apsis. Das herausragendste skulpturale Element ist die <strong>gro\u00dfe Lettnerwand<\/strong>, ein mit Skulpturen in Hochrelief verziertes Trenngitter in der Mitte des Kirchenschiffs, das den Bereich f\u00fcr den Klerus vom Bereich der Gemeinde trennte. In der <strong>gemalten Dekoration des Kreuzgangs<\/strong> sind besonders die <em>Madonna auf dem Thron mit dem Kind<\/em>, <em>die Anbetung der K\u00f6nige<\/em> und der <em>Kontrast zwischen den drei Lebenden und den drei Toten interessant<\/em><\/p>\n\n<p>Die \u00d6ffnungs- und Empfangsdienste f\u00fcr Besucher der Kanonik von Vezzolano werden von Freiwilligen des Romanischen H\u00fcgelnetzwerks (associazione InCollina) bereitgestellt.<\/p>\n\n<p><strong>Die Kirche<\/strong> <strong>San Giacomo Maggiore<\/strong> (15. Jahrhundert), die Gem\u00e4lde von Guglielmo Caccia, genannt il Moncalvo, und ein Altaraufsatz der Solari beherbergt. Im Friedhof befindet sich die alte romanische Kirche San Pietro.<\/p>\n\n<p><\/p>\n","protected":false},"excerpt":{"rendered":"<p>Albugnano hat \u00fcber 530 Einwohner und ist 34 km von Turin entfernt. Die Siedlung wurde von den Markgrafen von Monferrato befestigt, aber von ihren Mauern &#8211; die von den Franzosen zerst\u00f6rt wurden &#8211; sind keine Spuren mehr \u00fcbrig. Die Geschichte der Gemeinde war eng mit der des Kanonikats von Vezzolano verbunden, das Rechte auf das [&hellip;]<\/p>\n","protected":false},"author":1,"featured_media":0,"parent":0,"menu_order":0,"comment_status":"closed","ping_status":"closed","template":"","meta":{"footnotes":""},"class_list":["post-6085","page","type-page","status-publish","hentry"],"_links":{"self":[{"href":"https:\/\/www.camminodonbosco.eu\/de\/wp-json\/wp\/v2\/pages\/6085","targetHints":{"allow":["GET"]}}],"collection":[{"href":"https:\/\/www.camminodonbosco.eu\/de\/wp-json\/wp\/v2\/pages"}],"about":[{"href":"https:\/\/www.camminodonbosco.eu\/de\/wp-json\/wp\/v2\/types\/page"}],"author":[{"embeddable":true,"href":"https:\/\/www.camminodonbosco.eu\/de\/wp-json\/wp\/v2\/users\/1"}],"replies":[{"embeddable":true,"href":"https:\/\/www.camminodonbosco.eu\/de\/wp-json\/wp\/v2\/comments?post=6085"}],"version-history":[{"count":0,"href":"https:\/\/www.camminodonbosco.eu\/de\/wp-json\/wp\/v2\/pages\/6085\/revisions"}],"wp:attachment":[{"href":"https:\/\/www.camminodonbosco.eu\/de\/wp-json\/wp\/v2\/media?parent=6085"}],"curies":[{"name":"wp","href":"https:\/\/api.w.org\/{rel}","templated":true}]}}