{"id":6093,"date":"2022-07-08T10:55:42","date_gmt":"2022-07-08T08:55:42","guid":{"rendered":"https:\/\/www.camminodonbosco.eu\/baldissero-torinese\/"},"modified":"2024-02-24T17:15:29","modified_gmt":"2024-02-24T16:15:29","slug":"baldissero-torinese","status":"publish","type":"page","link":"https:\/\/www.camminodonbosco.eu\/de\/baldissero-torinese\/","title":{"rendered":"Baldissero Torinese"},"content":{"rendered":"\n<p><strong>Baldissero Torinese<\/strong> hat \u00fcber 3.700 Einwohner und ist 14 km von Turin entfernt.<\/p>\n\n<p>Die erste, uralte Siedlung wird auf den aktuellen <em><strong>Bric Paluch<\/strong><\/em> zur\u00fcckgef\u00fchrt, zuvor als <em>Malloch<\/em> und sp\u00e4ter als <em>Albacherio<\/em> oder <em>Alba Cherii<\/em> bekannt. Im Mittelalter von der Ordensgemeinschaft S. Leonardo beherrscht, wurde sie zerst\u00f6rt und die Bewohner verteilten sich nach Superga, Rivodora und dem heutigen historischen Zentrum, wo ein Schloss entstand, dessen Position der aktuellen Kirche S. Maria della Spina entsprach. Im Lehensgebiet, zuerst Chieri unterworfen und ab 1694 eine freie Gemeinde, folgten die Dynastien der Benso und der Grafen Fontanella.  <\/p>\n\n<p>Heutzutage besteht das Dorf aus verschiedenen Ortsteilen mit eigener Kapelle (San Quirico, San Giuliano, San Grato, Toetto und Rivodora) und zahlreichen anderen Wohngebieten wie <strong>Tetti<\/strong> (Barbasso, Berruto, Chiapasso, Coggiola, Collo, Colombaro, Ghirone, None, Pietraforata, Piola, Ronchi und Valentino), die aus der Verbreitung der ersten Bev\u00f6lkerung in der Gegend des Bric Paluch hervorgingen, wobei unabh\u00e4ngige sozio-\u00f6konomische Gemeinschaften entstanden.<\/p>\n\n<div style=\"height:30px\" aria-hidden=\"true\" class=\"wp-block-spacer\"><\/div>\n\n<h2 class=\"wp-block-heading\">Sehensw\u00fcrdigkeiten<\/h2>\n\n<p>Die <strong>Pfarrkirche S. Maria della Spina<\/strong>, ein eindrucksvolles Beispiel piemontesischen Barocks mit einem achteckigen Grundriss, wurde ab 1717 erbaut &#8211; an der Stelle eines alten Schlosses &#8211; auf Veranlassung der Grafen Fontanella von Baldissero. Sie beherbergt zwei kostbare Werke aus dem Jahr 1660, ein h\u00f6lzernes Kruzifix und ein Gem\u00e4lde von S. Domenico und S. Chiara zu F\u00fc\u00dfen der Jungfrau mit dem Kind. Beachtenswert ist die Orgel auf der Empore mit 636 Pfeifen (1851). <\/p>\n\n<p>Die aus dem 17. Jahrhundert stammende <strong>Kapelle del Toetto<\/strong> &#8211; der Seligen Jungfrau der Gnaden geweiht &#8211; mit einem Gew\u00f6lbe aus dem 18. Jahrhundert mit Fresken.<\/p>\n\n<p>Der <strong>antike Brunnen der Gemeinschaft<\/strong>, mit der Form einer Sanduhr und mit einer einem Baldachin \u00e4hnliche Au\u00dfenstruktur ist \u00fcber 42 Meter tief, war bis 1959 die einzige Wasserquelle f\u00fcr das historische Zentrum von Baldissero.<\/p>\n\n<p>Die <strong>Quelle von San Genesio<\/strong>, mit klarem und frischem Wasser, in der N\u00e4he des Friedhofs von Rivodora.<\/p>\n","protected":false},"excerpt":{"rendered":"<p>Baldissero Torinese hat \u00fcber 3.700 Einwohner und ist 14 km von Turin entfernt. Die erste, uralte Siedlung wird auf den aktuellen Bric Paluch zur\u00fcckgef\u00fchrt, zuvor als Malloch und sp\u00e4ter als Albacherio oder Alba Cherii bekannt. Im Mittelalter von der Ordensgemeinschaft S. Leonardo beherrscht, wurde sie zerst\u00f6rt und die Bewohner verteilten sich nach Superga, Rivodora und [&hellip;]<\/p>\n","protected":false},"author":1,"featured_media":0,"parent":0,"menu_order":0,"comment_status":"closed","ping_status":"closed","template":"","meta":{"footnotes":""},"class_list":["post-6093","page","type-page","status-publish","hentry"],"_links":{"self":[{"href":"https:\/\/www.camminodonbosco.eu\/de\/wp-json\/wp\/v2\/pages\/6093","targetHints":{"allow":["GET"]}}],"collection":[{"href":"https:\/\/www.camminodonbosco.eu\/de\/wp-json\/wp\/v2\/pages"}],"about":[{"href":"https:\/\/www.camminodonbosco.eu\/de\/wp-json\/wp\/v2\/types\/page"}],"author":[{"embeddable":true,"href":"https:\/\/www.camminodonbosco.eu\/de\/wp-json\/wp\/v2\/users\/1"}],"replies":[{"embeddable":true,"href":"https:\/\/www.camminodonbosco.eu\/de\/wp-json\/wp\/v2\/comments?post=6093"}],"version-history":[{"count":0,"href":"https:\/\/www.camminodonbosco.eu\/de\/wp-json\/wp\/v2\/pages\/6093\/revisions"}],"wp:attachment":[{"href":"https:\/\/www.camminodonbosco.eu\/de\/wp-json\/wp\/v2\/media?parent=6093"}],"curies":[{"name":"wp","href":"https:\/\/api.w.org\/{rel}","templated":true}]}}