{"id":6101,"date":"2022-07-14T16:07:14","date_gmt":"2022-07-14T14:07:14","guid":{"rendered":"https:\/\/www.camminodonbosco.eu\/buttigliera-dasti\/"},"modified":"2024-02-24T17:18:12","modified_gmt":"2024-02-24T16:18:12","slug":"buttigliera-dasti","status":"publish","type":"page","link":"https:\/\/www.camminodonbosco.eu\/de\/buttigliera-dasti\/","title":{"rendered":"Buttigliera d\u2019Asti"},"content":{"rendered":"\n<p><strong>Buttigliera d&#8217;Asti<\/strong> hat \u00fcber 2600 Einwohner und ist 29 km von Turin entfernt.<\/p>\n\n<p>Im Jahr 1263 entriss die Stadt Asti das Schloss von Mercuriolo den Biandrate und gr\u00fcndete eine Siedlung namens &#8222;<em>Butiglaria<\/em>&#8220; in der N\u00e4he des Schlosses.<\/p>\n\n<div style=\"height:30px\" aria-hidden=\"true\" class=\"wp-block-spacer\"><\/div>\n\n<h2 class=\"wp-block-heading\">Sehensw\u00fcrdigkeiten<\/h2>\n\n<p>Die <strong>romanische Kirche S. Martino<\/strong>, die sich auf dem Friedhof befindet und seit 1034 dokumentiert ist, war die alte Pfarrkirche des Dorfes Mercuriolo. Ihre Fassade ist aus dem 19. Jahrhundert im Stil der Nachahmung des Romanik, aber im Inneren gibt es noch Spuren von Fresken aus dem 15. Jahrhundert. <\/p>\n\n<p>Die Pfarrkirche <strong>S. Biagio<\/strong> (erste H\u00e4lfte des 18. Jahrhunderts), die <strong>Kirche der Bruderschaft von S. Michele<\/strong> (1578), erbaut vom ber\u00fchmten Turiner Architekten Bernardo Antonio Vittone, und der <strong>Palazzo der Grafen Frejlino di Buttigliera<\/strong>, der im 18. Jahrhundert einen der wichtigsten botanischen G\u00e4rten des Piemonts hatte.<\/p>\n","protected":false},"excerpt":{"rendered":"<p>Buttigliera d&#8217;Asti hat \u00fcber 2600 Einwohner und ist 29 km von Turin entfernt. Im Jahr 1263 entriss die Stadt Asti das Schloss von Mercuriolo den Biandrate und gr\u00fcndete eine Siedlung namens &#8222;Butiglaria&#8220; in der N\u00e4he des Schlosses. Sehensw\u00fcrdigkeiten Die romanische Kirche S. Martino, die sich auf dem Friedhof befindet und seit 1034 dokumentiert ist, war [&hellip;]<\/p>\n","protected":false},"author":1,"featured_media":0,"parent":0,"menu_order":0,"comment_status":"closed","ping_status":"closed","template":"","meta":{"footnotes":""},"class_list":["post-6101","page","type-page","status-publish","hentry"],"_links":{"self":[{"href":"https:\/\/www.camminodonbosco.eu\/de\/wp-json\/wp\/v2\/pages\/6101","targetHints":{"allow":["GET"]}}],"collection":[{"href":"https:\/\/www.camminodonbosco.eu\/de\/wp-json\/wp\/v2\/pages"}],"about":[{"href":"https:\/\/www.camminodonbosco.eu\/de\/wp-json\/wp\/v2\/types\/page"}],"author":[{"embeddable":true,"href":"https:\/\/www.camminodonbosco.eu\/de\/wp-json\/wp\/v2\/users\/1"}],"replies":[{"embeddable":true,"href":"https:\/\/www.camminodonbosco.eu\/de\/wp-json\/wp\/v2\/comments?post=6101"}],"version-history":[{"count":0,"href":"https:\/\/www.camminodonbosco.eu\/de\/wp-json\/wp\/v2\/pages\/6101\/revisions"}],"wp:attachment":[{"href":"https:\/\/www.camminodonbosco.eu\/de\/wp-json\/wp\/v2\/media?parent=6101"}],"curies":[{"name":"wp","href":"https:\/\/api.w.org\/{rel}","templated":true}]}}