{"id":6109,"date":"2022-07-18T13:32:40","date_gmt":"2022-07-18T11:32:40","guid":{"rendered":"https:\/\/www.camminodonbosco.eu\/mombello-di-torino\/"},"modified":"2024-02-24T17:26:05","modified_gmt":"2024-02-24T16:26:05","slug":"mombello-di-torino","status":"publish","type":"page","link":"https:\/\/www.camminodonbosco.eu\/de\/mombello-di-torino\/","title":{"rendered":"Mombello di Torino"},"content":{"rendered":"\n<p><strong>Mombello di Torino<\/strong> hat etwa 400 Einwohner und liegt 27 km von Turin entfernt. Es ist seit dem 12. Jahrhundert dokumentiert und wurde fr\u00fcher als Monte della Frasca bezeichnet. Es geh\u00f6rte den Markgrafen von Monferrato, ging im 13. Jahrhundert an die Republik Chieri \u00fcber und fiel ein Jahrhundert sp\u00e4ter unter die Herrschaft der Savoyer. Danach wechselten verschiedene Lehensherren.   <\/p>\n\n<div style=\"height:20px\" aria-hidden=\"true\" class=\"wp-block-spacer\"><\/div>\n\n<h2 class=\"wp-block-heading\">Sehensw\u00fcrdigkeiten<\/h2>\n\n<p>Die <strong>Pfarrkirche<\/strong> im historischen Zentrum, reich an gut erhaltenen und restaurierten Adelsh\u00e4usern, ist S. Giovanni Battista gewidmet und daneben befindet sich der hohe Kirchturm mit einer Uhr. Die romanische Kapelle San Lorenzo, an der Grenze zur Ortschaft Barbaso in Moncucco T.se., von wo man einen einzigartigen Panoramablick hat.<\/p>\n","protected":false},"excerpt":{"rendered":"<p>Mombello di Torino hat etwa 400 Einwohner und liegt 27 km von Turin entfernt. Es ist seit dem 12. Jahrhundert dokumentiert und wurde fr\u00fcher als Monte della Frasca bezeichnet. Es geh\u00f6rte den Markgrafen von Monferrato, ging im 13. Jahrhundert an die Republik Chieri \u00fcber und fiel ein Jahrhundert sp\u00e4ter unter die Herrschaft der Savoyer. Danach [&hellip;]<\/p>\n","protected":false},"author":1,"featured_media":0,"parent":0,"menu_order":0,"comment_status":"closed","ping_status":"closed","template":"","meta":{"footnotes":""},"class_list":["post-6109","page","type-page","status-publish","hentry"],"_links":{"self":[{"href":"https:\/\/www.camminodonbosco.eu\/de\/wp-json\/wp\/v2\/pages\/6109","targetHints":{"allow":["GET"]}}],"collection":[{"href":"https:\/\/www.camminodonbosco.eu\/de\/wp-json\/wp\/v2\/pages"}],"about":[{"href":"https:\/\/www.camminodonbosco.eu\/de\/wp-json\/wp\/v2\/types\/page"}],"author":[{"embeddable":true,"href":"https:\/\/www.camminodonbosco.eu\/de\/wp-json\/wp\/v2\/users\/1"}],"replies":[{"embeddable":true,"href":"https:\/\/www.camminodonbosco.eu\/de\/wp-json\/wp\/v2\/comments?post=6109"}],"version-history":[{"count":0,"href":"https:\/\/www.camminodonbosco.eu\/de\/wp-json\/wp\/v2\/pages\/6109\/revisions"}],"wp:attachment":[{"href":"https:\/\/www.camminodonbosco.eu\/de\/wp-json\/wp\/v2\/media?parent=6109"}],"curies":[{"name":"wp","href":"https:\/\/api.w.org\/{rel}","templated":true}]}}