{"id":6117,"date":"2023-11-12T18:45:10","date_gmt":"2023-11-12T17:45:10","guid":{"rendered":"https:\/\/www.camminodonbosco.eu\/pino-dasti\/"},"modified":"2024-02-24T17:51:21","modified_gmt":"2024-02-24T16:51:21","slug":"pino-dasti","status":"publish","type":"page","link":"https:\/\/www.camminodonbosco.eu\/de\/pino-dasti\/","title":{"rendered":"Pino d&#8217;Asti"},"content":{"rendered":"\n<p>Fr\u00fcher Pino di <a href=\"https:\/\/it.wikipedia.org\/wiki\/Castelnuovo_Don_Bosco\">Castelnuovo<\/a> aufgrund seiner N\u00e4he zu letzterem, war Pino d\u2019Asti seit dem fr\u00fchen <a href=\"https:\/\/it.wikipedia.org\/wiki\/Alto_Medioevo\">Mittelalter Teil<\/a> der Grafschaft <a href=\"https:\/\/it.wikipedia.org\/wiki\/Monferrato\">Monferrato<\/a>. Es war ein Lehen der Herren von Cocconato f\u00fcr \u00fcber drei Jahrhunderte bis 1770, danach wechselten verschiedene Adelsfamilien wie die <a href=\"https:\/\/it.wikipedia.org\/w\/index.php?title=Freylino&amp;action=edit&amp;redlink=1\">Freylino<\/a>, Grafen von Pino und Buttigliera, Herren von Aramengo, und die <a href=\"https:\/\/it.wikipedia.org\/wiki\/Scozia\">Scozia<\/a>, die sich die feudalen Rechte gleichm\u00e4\u00dfig teilten, ab. Vom Geschlecht der Scozia ging das Schloss durch Vererbung an die Viani d\u2019Ovrano \u00fcber und schlie\u00dflich an die de Rege di Donato.<\/p>\n\n<div style=\"height:30px\" aria-hidden=\"true\" class=\"wp-block-spacer\"><\/div>\n\n<h2 class=\"wp-block-heading\">Sehensw\u00fcrdigkeiten<\/h2>\n\n<p>Die Burg, das auf dem Gipfel des H\u00fcgels liegt, stammt aus dem Mittelalter (13. Jahrhundert), wurde jedoch <a href=\"https:\/\/it.wikipedia.org\/wiki\/XVII_secolo\">im 17., 18.<\/a> und <a href=\"https:\/\/it.wikipedia.org\/wiki\/XX_secolo\">im 20. Jahrhundert<\/a> vollst\u00e4ndig restauriert, wobei der majest\u00e4tische runde Turm einst\u00fcrzte und k\u00fcrzlich neu verputzt wurde<\/p>\n\n<p>Die Pfarrkirche Madonna del Carmine, im <a href=\"https:\/\/it.wikipedia.org\/wiki\/Neogotico\">neugotischen<\/a> Stil, wurde <a href=\"https:\/\/it.wikipedia.org\/wiki\/1899\">1899<\/a> an der Stelle einer alten Kirche errichtet. Daneben erhebt sich der elegante <a href=\"https:\/\/it.wikipedia.org\/wiki\/Barocco\">barocke<\/a> Glockenturm im vittonischen Stil, mit Ziegeln im oberen Teil auf einem steinernen Sockel.<\/p>\n","protected":false},"excerpt":{"rendered":"<p>Fr\u00fcher Pino di Castelnuovo aufgrund seiner N\u00e4he zu letzterem, war Pino d\u2019Asti seit dem fr\u00fchen Mittelalter Teil der Grafschaft Monferrato. Es war ein Lehen der Herren von Cocconato f\u00fcr \u00fcber drei Jahrhunderte bis 1770, danach wechselten verschiedene Adelsfamilien wie die Freylino, Grafen von Pino und Buttigliera, Herren von Aramengo, und die Scozia, die sich die [&hellip;]<\/p>\n","protected":false},"author":1,"featured_media":0,"parent":0,"menu_order":0,"comment_status":"closed","ping_status":"closed","template":"","meta":{"footnotes":""},"class_list":["post-6117","page","type-page","status-publish","hentry"],"_links":{"self":[{"href":"https:\/\/www.camminodonbosco.eu\/de\/wp-json\/wp\/v2\/pages\/6117","targetHints":{"allow":["GET"]}}],"collection":[{"href":"https:\/\/www.camminodonbosco.eu\/de\/wp-json\/wp\/v2\/pages"}],"about":[{"href":"https:\/\/www.camminodonbosco.eu\/de\/wp-json\/wp\/v2\/types\/page"}],"author":[{"embeddable":true,"href":"https:\/\/www.camminodonbosco.eu\/de\/wp-json\/wp\/v2\/users\/1"}],"replies":[{"embeddable":true,"href":"https:\/\/www.camminodonbosco.eu\/de\/wp-json\/wp\/v2\/comments?post=6117"}],"version-history":[{"count":0,"href":"https:\/\/www.camminodonbosco.eu\/de\/wp-json\/wp\/v2\/pages\/6117\/revisions"}],"wp:attachment":[{"href":"https:\/\/www.camminodonbosco.eu\/de\/wp-json\/wp\/v2\/media?parent=6117"}],"curies":[{"name":"wp","href":"https:\/\/api.w.org\/{rel}","templated":true}]}}