{"id":6174,"date":"2022-07-20T10:12:47","date_gmt":"2022-07-20T08:12:47","guid":{"rendered":"https:\/\/www.camminodonbosco.eu\/cookie-policy\/"},"modified":"2024-02-25T12:41:24","modified_gmt":"2024-02-25T11:41:24","slug":"cookie-policy","status":"publish","type":"page","link":"https:\/\/www.camminodonbosco.eu\/de\/cookie-policy\/","title":{"rendered":"Cookie Policy"},"content":{"rendered":"\n<p>Dieses Dokument enth\u00e4lt Informationen \u00fcber die Technologien, die es dieser Website erm\u00f6glichen, die unten beschriebenen Zwecke zu erf\u00fcllen. Diese Technologien erm\u00f6glichen es dem f\u00fcr die Datenverarbeitung Verantwortlichen, Informationen zu sammeln und zu speichern (z. B. durch die Verwendung von Cookies) oder Ressourcen (z. B. durch die Ausf\u00fchrung eines Skripts) auf dem Ger\u00e4t des Nutzers zu verwenden, wenn der Nutzer mit dieser Website interagiert.<\/p>\n\n<p>Der Einfachheit halber werden diese Technologien in diesem Dokument kurz als &#8222;Tracking Tools&#8220; bezeichnet, es sei denn, es besteht Grund zur Differenzierung.<br\/>Obwohl Cookies sowohl in Web- als auch in mobilen Browsern verwendet werden k\u00f6nnen, w\u00e4re es beispielsweise unangemessen, \u00fcber Cookies im Zusammenhang mit mobilen Anwendungen zu sprechen, da es sich dabei um Tracking-Tools handelt, die das Vorhandensein eines Browsers erfordern. Aus diesem Grund wird der Begriff &#8222;Cookie&#8220; in diesem Dokument nur verwendet, um sich speziell auf diese besondere Art von Tracking-Tool zu beziehen.<\/p>\n\n<p>Einige der Zwecke, f\u00fcr die Tracking-Tools verwendet werden, k\u00f6nnen auch die Zustimmung des Nutzers erfordern. Wenn die Zustimmung erteilt wurde, kann sie jederzeit frei widerrufen werden, indem die Anweisungen in diesem Dokument befolgt werden.<\/p>\n\n<p>Diese Website verwendet Tracking-Tools, die direkt vom Eigent\u00fcmer betrieben werden (gemeinhin als Tracking-Tools der ersten Partei&#8220; bezeichnet), sowie Tracking-Tools, die von Dritten bereitgestellte Dienste erm\u00f6glichen (gemeinhin als Tracking-Tools von Dritten&#8220; bezeichnet). Sofern in diesem Dokument nicht anders angegeben, haben diese Dritten Zugang zu ihren jeweiligen Tracking-Tools.<br\/>Dauer und Ablauf von Cookies und anderen \u00e4hnlichen Tracking-Tools k\u00f6nnen variieren, je nachdem, was von dem f\u00fcr die Verarbeitung Verantwortlichen oder dem jeweiligen Drittanbieter festgelegt wurde. Einige von ihnen verfallen am Ende der Browser-Sitzung des Nutzers.<br\/>Zus\u00e4tzlich zu dem, was in der Beschreibung der einzelnen Kategorien unten angegeben ist, k\u00f6nnen die Nutzer detailliertere und aktuellere Informationen \u00fcber die Dauer sowie andere relevante Informationen &#8211; wie das Vorhandensein anderer Tracking-Tools &#8211; in den Datenschutzbestimmungen der jeweiligen Drittanbieter (\u00fcber die angegebenen Links) oder durch Kontaktaufnahme mit dem f\u00fcr die Verarbeitung Verantwortlichen erhalten.<\/p>\n\n<h3 class=\"wp-block-heading\">Aktivit\u00e4ten, die unbedingt erforderlich sind, um den Betrieb dieser Website und die Bereitstellung des Dienstes zu gew\u00e4hrleisten<\/h3>\n\n<p>Diese Website verwendet Cookies, die gemeinhin als &#8222;technische&#8220; oder \u00e4hnliche Tracking-Tools bezeichnet werden, um Aktivit\u00e4ten durchzuf\u00fchren, die unbedingt erforderlich sind, um den Betrieb oder die Bereitstellung des Dienstes zu gew\u00e4hrleisten.<\/p>\n\n<h3 class=\"wp-block-heading\">Andere Aktivit\u00e4ten, die den Einsatz von Tracking Tools beinhalten<\/h3>\n\n<h4 class=\"wp-block-heading\">Erfahrungen<\/h4>\n\n<p>Diese Website verwendet Tracking Tools, um die Qualit\u00e4t der Benutzererfahrung zu verbessern und Interaktionen mit externen Inhalten, Netzwerken und Plattformen zu erm\u00f6glichen.<\/p>\n\n<h3 class=\"wp-block-heading\">Anzeige von Inhalten von externen Plattformen<\/h3>\n\n<p>Diese Art von Dienst erm\u00f6glicht es Ihnen, Inhalte, die auf externen Plattformen gehostet werden, direkt von den Seiten dieser Website aus anzusehen und mit ihnen zu interagieren.<br\/>Diese Art von Dienst kann dennoch Daten zum Web-Traffic bez\u00fcglich der Seiten sammeln, auf denen der Dienst installiert ist, auch wenn die Benutzer ihn nicht verwenden.<\/p>\n\n<h4 class=\"wp-block-heading\">Google Fonts<\/h4>\n\n<p>Google Fonts ist ein Dienst zur Anzeige von Schriftstilen, der von Google LLC oder von Google Ireland Limited betrieben wird, je nachdem, wie der Verantwortliche die Datenverarbeitung verwaltet, und der es dieser Website erm\u00f6glicht, diese Inhalte in ihren eigenen Seiten zu integrieren.<\/p>\n\n<p>Verarbeitete pers\u00f6nliche Daten: Nutzungsdaten und Tracking-Tools.<\/p>\n\n<p>Ort der Verarbeitung: United States \u2013 <a href=\"https:\/\/policies.google.com\/privacy\" target=\"_blank\" rel=\"noreferrer noopener\">Privacy Policy<\/a>; Ireland\u2013 <a href=\"https:\/\/policies.google.com\/privacy\" target=\"_blank\" rel=\"noreferrer noopener\">Privacy Policy<\/a>.<\/p>\n\n<h4 class=\"wp-block-heading\">Widget Video YouTube<\/h4>\n\n<p>YouTube ist ein Videostreaming-Dienst, der von Google LLC oder Google Ireland Limited betrieben wird, je nachdem, wie der Verantwortliche die Datenverarbeitung handhabt. Dieser Dienst erm\u00f6glicht es dieser Website, solche Inhalte in ihren eigenen Seiten zu integrieren.<\/p>\n\n<p>Verarbeitete pers\u00f6nliche Daten: Nutzungsdaten und Tracking-Tools.<\/p>\n\n<p>Ort der Verarbeitung: United States \u2013 <a href=\"https:\/\/policies.google.com\/privacy\" target=\"_blank\" rel=\"noreferrer noopener\">Privacy Policy<\/a>; Ireland\u2013 <a href=\"https:\/\/policies.google.com\/privacy\" target=\"_blank\" rel=\"noreferrer noopener\">Privacy Policy<\/a>.<\/p>\n\n<p>Dauer der Lagerung:<\/p>\n\n<ul class=\"wp-block-list\">\n<li>PREF: 8 mesi<\/li>\n\n\n\n<li>VISITOR_INFO1_LIVE: 8 mesi<\/li>\n\n\n\n<li>YSC: Sitzungsdauer<\/li>\n<\/ul>\n\n<h3 class=\"wp-block-heading\"><a><\/a>Verwaltung der Pr\u00e4ferenzen und Erteilung oder Widerruf der Zustimmung<\/h3>\n\n<p>Es gibt mehrere M\u00f6glichkeiten, die Pr\u00e4ferenzen f\u00fcr Tracking Tools zu verwalten und gegebenenfalls die Zustimmung zu erteilen oder zu widerrufen:<\/p>\n\n<p>Die Nutzer k\u00f6nnen ihre Pr\u00e4ferenzen f\u00fcr Tracking-Tools direkt \u00fcber ihre Ger\u00e4teeinstellungen verwalten &#8211; so k\u00f6nnen sie beispielsweise die Verwendung oder Speicherung von Tracking-Tools verhindern.<\/p>\n\n<p>Wenn die Verwendung von Tracking-Tools von der Zustimmung abh\u00e4ngt, kann der Nutzer diese Zustimmung erteilen oder widerrufen, indem er seine Pr\u00e4ferenzen in der Cookie-Richtlinie festlegt oder indem er diese Pr\u00e4ferenzen \u00fcber das Datenschutz-Widget f\u00fcr die Zustimmungspr\u00e4ferenzen aktualisiert, falls vorhanden.<\/p>\n\n<p>Dank spezieller Funktionen des Browsers oder des Ger\u00e4ts ist es auch m\u00f6glich, zuvor gespeicherte Tracking-Tools zu entfernen, einschlie\u00dflich derjenigen, die zur Speicherung der urspr\u00fcnglich vom Nutzer ge\u00e4u\u00dferten Einwilligungspr\u00e4ferenzen verwendet wurden.<\/p>\n\n<p>Andere Tracking-Tools im lokalen Browser-Speicher k\u00f6nnen durch L\u00f6schen des Browserverlaufs entfernt werden.<\/p>\n\n<p>Was die Tracking-Tools von Dritten betrifft, so k\u00f6nnen die Nutzer ihre Pr\u00e4ferenzen \u00fcber den entsprechenden Opt-out-Link (falls vorhanden), \u00fcber die in der Datenschutzrichtlinie des Dritten beschriebenen Tools oder durch direkte Kontaktaufnahme mit dem Dritten verwalten.<\/p>\n\n<h4 class=\"wp-block-heading\">Einstellungen der Tracking Tools suchen<\/h4>\n\n<p>Informationen \u00fcber die Verwaltung von Cookies in den g\u00e4ngigsten Browsern finden die Nutzer beispielsweise unter den folgenden Adressen:<\/p>\n\n<ul class=\"wp-block-list\">\n<li><a href=\"https:\/\/support.google.com\/chrome\/answer\/95647?hl=it&amp;p=cpn_cookies\" target=\"_blank\" rel=\"noreferrer noopener\">Google Chrome<\/a><\/li>\n\n\n\n<li><a href=\"https:\/\/support.mozilla.org\/it\/kb\/Attivare%20e%20disattivare%20i%20cookie\" target=\"_blank\" rel=\"noreferrer noopener\">Mozilla Firefox<\/a><\/li>\n\n\n\n<li><a href=\"https:\/\/support.apple.com\/it-it\/guide\/safari\/manage-cookies-and-website-data-sfri11471\/\" target=\"_blank\" rel=\"noreferrer noopener\">Apple Safari<\/a><\/li>\n\n\n\n<li><a href=\"http:\/\/windows.microsoft.com\/it-it\/windows-vista\/block-or-allow-cookies\" target=\"_blank\" rel=\"noreferrer noopener\">Microsoft Internet Explorer<\/a><\/li>\n\n\n\n<li><a href=\"https:\/\/support.microsoft.com\/it-it\/help\/4027947\" target=\"_blank\" rel=\"noreferrer noopener\">Microsoft Edge<\/a><\/li>\n\n\n\n<li><a href=\"https:\/\/support.brave.com\/hc\/articles\/360022806212-How-do-I-use-Shields-while-browsing\" target=\"_blank\" rel=\"noreferrer noopener\">Brave<\/a><\/li>\n\n\n\n<li><a href=\"https:\/\/help.opera.com\/latest\/web-preferences\/#cookies\" target=\"_blank\" rel=\"noreferrer noopener\">Opera<\/a><\/li>\n<\/ul>\n\n<p>Die Nutzer k\u00f6nnen auch bestimmte Tracking-Tools f\u00fcr mobile Anwendungen verwalten, indem sie diese \u00fcber die entsprechenden Ger\u00e4teeinstellungen deaktivieren, z. B. \u00fcber die Einstellungen f\u00fcr mobile Werbung oder die Tracking-Einstellungen im Allgemeinen (die Nutzer k\u00f6nnen die entsprechenden Einstellungen in ihren Ger\u00e4teeinstellungen finden).<\/p>\n\n<h4 class=\"wp-block-heading\">Folgen der Weigerung, Tracking-Tools zu verwenden<\/h4>\n\n<p>Es steht den Nutzern frei zu entscheiden, ob sie die Verwendung von Tracking Tools zulassen wollen oder nicht. Bitte beachten Sie jedoch, dass die Tracking-Tools diese Website in die Lage versetzen, den Nutzern ein besseres Erlebnis und erweiterte Funktionen zu bieten (im Einklang mit den in diesem Dokument beschriebenen Zwecken). Wenn der Nutzer beschlie\u00dft, die Verwendung von Tracking-Tools zu blockieren, kann der f\u00fcr die Verarbeitung Verantwortliche daher m\u00f6glicherweise die entsprechenden Funktionen nicht zur Verf\u00fcgung stellen.<\/p>\n\n<h3 class=\"wp-block-heading\"><a><\/a>Der Datenverarbeiter<\/h3>\n\n<p>Associazione Sportiva Dilettantistica<br\/>NORDIC WALKING ANDRATE<br\/>Piazza Fraschetto<br\/>10010 &#8211; Andrate (TO)<\/p>\n\n<p><strong>E-Mail-Adresse des Verantwortlichen:<\/strong> info@camminodonbosco.eu<\/p>\n\n<p>Da die Verwendung von Tracking-Tools von Dritten auf dieser Website nicht vollst\u00e4ndig vom Eigent\u00fcmer kontrolliert werden kann, ist jeder spezifische Verweis auf Tracking-Tools von Dritten nur als Hinweis zu verstehen. F\u00fcr vollst\u00e4ndige Informationen werden die Nutzer gebeten, die Datenschutzrichtlinien der jeweiligen in diesem Dokument aufgef\u00fchrten Drittanbieterdienste zu konsultieren.<\/p>\n\n<p>In Anbetracht der objektiven Komplexit\u00e4t der Identifizierung von Tracking-Technologien werden die Nutzer gebeten, sich an den f\u00fcr die Verarbeitung Verantwortlichen zu wenden, wenn sie weitere Informationen \u00fcber die Verwendung solcher Technologien auf dieser Website erhalten m\u00f6chten.<\/p>\n\n<h3 class=\"wp-block-heading\">Definitionen und rechtliche Hinweise<\/h3>\n\n<h4 class=\"wp-block-heading\">Personenbezogene Daten (oder Daten)<\/h4>\n\n<p>Personenbezogene Daten sind alle Informationen, die direkt oder indirekt, auch in Verbindung mit anderen Informationen, einschlie\u00dflich einer pers\u00f6nlichen Identifikationsnummer, eine nat\u00fcrliche Person identifizierbar oder identifizierbar machen.<\/p>\n\n<h4 class=\"wp-block-heading\">Verwendungsdaten<\/h4>\n\n<p>Dabei handelt es sich um Informationen, die automatisch \u00fcber diese Website (einschlie\u00dflich der in diese Website integrierten Anwendungen Dritter) erfasst werden, darunter: IP-Adressen oder Dom\u00e4nennamen der Computer, die vom Benutzer verwendet werden, der eine Verbindung zu dieser Website herstellt, URI (Uniform Resource Identifier)-Notationsadressen, die Uhrzeit der Anfrage, die zur Weiterleitung der Anfrage an den Server verwendete Methode, die Gr\u00f6\u00dfe der als Antwort erhaltenen Datei, der Zahlencode, der den Status der Serverantwort angibt (erfolgreich, Fehler usw.), das Herkunftsland, die Merkmale des vom Besucher verwendeten Browsers und Betriebssystems, die verschiedenen zeitlichen Zusammenh\u00e4nge des Besuchs (z. B. die auf jeder Seite verbrachte Zeit) und Einzelheiten der vom Benutzer zur\u00fcckgelegten Strecke. ), das Herkunftsland, die Merkmale des vom Besucher verwendeten Browsers und Betriebssystems, die verschiedenen zeitlichen Aspekte des Besuchs (z. B. die auf jeder Seite verbrachte Zeit) und die Einzelheiten der innerhalb der Anwendung verfolgten Reiseroute, insbesondere die Reihenfolge der aufgerufenen Seiten, die Parameter des Betriebssystems und die IT-Umgebung des Nutzers.<\/p>\n\n<h4 class=\"wp-block-heading\">Benutzer<\/h4>\n\n<p>Die Person, die diese Website nutzt und die, sofern nicht anders angegeben, die betroffene Person ist.<\/p>\n\n<h4 class=\"wp-block-heading\">Interessiert<\/h4>\n\n<p>Die nat\u00fcrliche Person, auf die sich die personenbezogenen Daten beziehen.<\/p>\n\n<h4 class=\"wp-block-heading\">Bearbeiter (oder Manager)<\/h4>\n\n<p>Die nat\u00fcrliche Person, die juristische Person, die \u00f6ffentliche Verwaltung und jede andere Stelle, die personenbezogene Daten im Auftrag des f\u00fcr die Verarbeitung Verantwortlichen verarbeitet, wie in dieser Datenschutzrichtlinie dargelegt.<\/p>\n\n<h4 class=\"wp-block-heading\">Datenverantwortlicher (oder Eigent\u00fcmer)<\/h4>\n\n<p>Die nat\u00fcrliche oder juristische Person, Beh\u00f6rde, Dienststelle oder sonstige Einrichtung, die allein oder gemeinsam mit anderen \u00fcber die Zwecke und Mittel der Verarbeitung personenbezogener Daten sowie \u00fcber die eingesetzten Instrumente, einschlie\u00dflich der Sicherheitsma\u00dfnahmen im Zusammenhang mit dem Betrieb und der Nutzung dieser Website, entscheidet. Der f\u00fcr die Datenverarbeitung Verantwortliche ist, sofern nicht anders angegeben, der Eigent\u00fcmer dieser Website.<\/p>\n\n<h4 class=\"wp-block-heading\">Diese Website (oder diese Anwendung)<\/h4>\n\n<p>Das Hardware- oder Softwaretool, mit dem die personenbezogenen Daten der Nutzer gesammelt und verarbeitet werden.<\/p>\n\n<h4 class=\"wp-block-heading\">Dienst<\/h4>\n\n<p>Der von dieser Website angebotene Dienst, wie in den entsprechenden Bedingungen (falls vorhanden) auf dieser Website\/Anwendung definiert.<\/p>\n\n<h4 class=\"wp-block-heading\">Europ\u00e4ische Union (oder EU)<\/h4>\n\n<p>Sofern nicht anders angegeben, gilt jede Bezugnahme auf die Europ\u00e4ische Union in diesem Dokument als Bezugnahme auf alle derzeitigen Mitgliedstaaten der Europ\u00e4ischen Union und des Europ\u00e4ischen Wirtschaftsraums.<\/p>\n\n<h4 class=\"wp-block-heading\">Cookie<\/h4>\n\n<p>Cookies sind Tracking-Tools, die aus kleinen Datenmengen bestehen, die im Browser des Nutzers gespeichert werden.<\/p>\n\n<h4 class=\"wp-block-heading\">Tracking-Tool<\/h4>\n\n<p>Tracking-Tool bezeichnet jede Technologie &#8211; z. B. Cookies, eindeutige Kennungen, Web-Beacons, eingebettete Skripte, E-Tags und Fingerabdr\u00fccke -, die es erm\u00f6glicht, den Nutzer zu verfolgen, z. B. durch Erfassung oder Speicherung von Informationen auf dem Ger\u00e4t des Nutzers.<\/p>\n\n<hr class=\"wp-block-separator has-alpha-channel-opacity\"\/>\n\n<h4 class=\"wp-block-heading\">Rechtliche Hinweise<\/h4>\n\n<p>Sofern nicht anders angegeben, bezieht sich diese Datenschutzrichtlinie ausschlie\u00dflich auf diese Website.<\/p>\n\n<p>Letzte \u00c4nderung: 10. Januar 2024<\/p>\n","protected":false},"excerpt":{"rendered":"<p>Dieses Dokument enth\u00e4lt Informationen \u00fcber die Technologien, die es dieser Website erm\u00f6glichen, die unten beschriebenen Zwecke zu erf\u00fcllen. Diese Technologien erm\u00f6glichen es dem f\u00fcr die Datenverarbeitung Verantwortlichen, Informationen zu sammeln und zu speichern (z. B. durch die Verwendung von Cookies) oder Ressourcen (z. B. durch die Ausf\u00fchrung eines Skripts) auf dem Ger\u00e4t des Nutzers zu [&hellip;]<\/p>\n","protected":false},"author":1,"featured_media":0,"parent":0,"menu_order":0,"comment_status":"closed","ping_status":"closed","template":"","meta":{"footnotes":""},"class_list":["post-6174","page","type-page","status-publish","hentry"],"_links":{"self":[{"href":"https:\/\/www.camminodonbosco.eu\/de\/wp-json\/wp\/v2\/pages\/6174","targetHints":{"allow":["GET"]}}],"collection":[{"href":"https:\/\/www.camminodonbosco.eu\/de\/wp-json\/wp\/v2\/pages"}],"about":[{"href":"https:\/\/www.camminodonbosco.eu\/de\/wp-json\/wp\/v2\/types\/page"}],"author":[{"embeddable":true,"href":"https:\/\/www.camminodonbosco.eu\/de\/wp-json\/wp\/v2\/users\/1"}],"replies":[{"embeddable":true,"href":"https:\/\/www.camminodonbosco.eu\/de\/wp-json\/wp\/v2\/comments?post=6174"}],"version-history":[{"count":0,"href":"https:\/\/www.camminodonbosco.eu\/de\/wp-json\/wp\/v2\/pages\/6174\/revisions"}],"wp:attachment":[{"href":"https:\/\/www.camminodonbosco.eu\/de\/wp-json\/wp\/v2\/media?parent=6174"}],"curies":[{"name":"wp","href":"https:\/\/api.w.org\/{rel}","templated":true}]}}