{"id":5168,"date":"2022-06-08T11:54:54","date_gmt":"2022-06-08T09:54:54","guid":{"rendered":"https:\/\/www.camminodonbosco.eu\/camino-alto\/"},"modified":"2024-01-03T10:44:59","modified_gmt":"2024-01-03T09:44:59","slug":"camino-alto","status":"publish","type":"page","link":"https:\/\/www.camminodonbosco.eu\/es\/camino-alto\/","title":{"rendered":"Camino Alto"},"content":{"rendered":"\n<h1 class=\"wp-block-heading\">Etapa 1 [<a href=\"https:\/\/www.camminodonbosco.eu\/wp-content\/tracce_gpx\/CAT1.gpx\">descargar el archivo gpx CAT1<\/a>]<\/h1>\n\n<h2 class=\"wp-block-heading\"><a href=\"https:\/\/www.camminodonbosco.eu\/es\/desde-el-santuario-de-s-maria-ausiliatrice-hasta-la-basilica-de-superga\/\" data-type=\"URL\" data-id=\"https:\/\/www.camminodonbosco.eu\/dal-santuario-di-s-maria-ausiliatrice-alla-basilica-di-superga\/\" target=\"_blank\" rel=\"noreferrer noopener\">Desde el Santuario de S. Maria Ausiliatrice hasta la Bas\u00edlica de Superga<\/a><\/h2>\n\n<p><em>Un recorrido a trav\u00e9s de la historia de Tur\u00edn, desde donde naci\u00f3 el Camino hasta la Bas\u00edlica de Superga, caminando junto al r\u00edo Po.<\/em><\/p>\n\n<div style=\"height:20px\" aria-hidden=\"true\" class=\"wp-block-spacer\"><\/div>\n\n<h1 class=\"wp-block-heading\">Etapa 2 [<a href=\"https:\/\/www.camminodonbosco.eu\/wp-content\/tracce_gpx\/CAT2.gpx\">descargar el archivo gpx CAT2<\/a>]<\/h1>\n\n<h2 class=\"wp-block-heading\"><a href=\"https:\/\/www.camminodonbosco.eu\/es\/desde-la-basilica-de-superga-hasta-la-abadia-de-vezzolano\/\" data-type=\"URL\" data-id=\"https:\/\/www.camminodonbosco.eu\/dalla-basilica-di-superga-allabbazia-di-vezzolano\/\" target=\"_blank\" rel=\"noreferrer noopener\">Desde la Bas\u00edlica de Superga hasta la Abad\u00eda de Vezzolano<\/a><\/h2>\n\n<p><em>A lo largo del itinerario de Superga-Crea, entre bosques, vi\u00f1edos y castillos, pasando por Bardassano, Sciolze y Cinzano hasta llegar a uno de los monumentos medievales m\u00e1s importantes de Piamonte, la Abad\u00eda de Vezzolano.<\/em><\/p>\n\n<div style=\"height:20px\" aria-hidden=\"true\" class=\"wp-block-spacer\"><\/div>\n\n<h1 class=\"wp-block-heading\">Etapa 3 [<a href=\"https:\/\/www.camminodonbosco.eu\/wp-content\/tracce_gpx\/CAT3.gpx\">descargar el archivo gpx CAT3<\/a>]<\/h1>\n\n<h2 class=\"wp-block-heading\"><a href=\"https:\/\/www.camminodonbosco.eu\/es\/desde-la-abadia-de-vezzolano-hasta-el-colle-don-bosco\/\" data-type=\"URL\" data-id=\"https:\/\/www.camminodonbosco.eu\/dallabbazia-di-vezzolano-al-colle-don-bosco\/\" target=\"_blank\" rel=\"noreferrer noopener\">Desde la Abad\u00eda de Vezzolano hasta el Colle Don Bosco<\/a><\/h2>\n\n<p><em>Caminando entre vi\u00f1edos y bosques en las Tierras de los Santos, para luego atravesar Castelnuovo Don Bosco y llegar al Colle siguiendo el sendero de San Domenico Savio. Esta etapa es una de las m\u00e1s hermosas del Camino.<\/em><\/p>\n\n<div style=\"height:20px\" aria-hidden=\"true\" class=\"wp-block-spacer\"><\/div>\n\n<h1 class=\"wp-block-heading\">Etapa 3 \u2013 Variante [<a href=\"https:\/\/www.camminodonbosco.eu\/wp-content\/tracce_gpx\/CAT3V.gpx\">descargar el archivo gpx CAT3V<\/a>]<\/h1>\n\n<h2 class=\"wp-block-heading\"><a href=\"https:\/\/www.camminodonbosco.eu\/es\/desde-castelnuovo-don-bosco-hasta-colle-don-bosco\/\" data-type=\"URL\" data-id=\"https:\/\/www.camminodonbosco.eu\/da-castelnuovo-don-bosco-al-colle-don-bosco\/\" target=\"_blank\" rel=\"noreferrer noopener\">De Castelnuovo Don Bosco al Colle Don Bosco<\/a><\/h2>\n\n<p><em>Esta variante ofrece una alternativa para la segunda parte de la Etapa 3, acort\u00e1ndola considerablemente.<\/em><\/p>\n","protected":false},"excerpt":{"rendered":"<p>Etapa 1 [descargar el archivo gpx CAT1] Desde el Santuario de S. Maria Ausiliatrice hasta la Bas\u00edlica de Superga Un recorrido a trav\u00e9s de la historia de Tur\u00edn, desde donde naci\u00f3 el Camino hasta la Bas\u00edlica de Superga, caminando junto al r\u00edo Po. Etapa 2 [descargar el archivo gpx CAT2] Desde la Bas\u00edlica de Superga [&hellip;]<\/p>\n","protected":false},"author":1,"featured_media":0,"parent":0,"menu_order":0,"comment_status":"closed","ping_status":"closed","template":"","meta":{"footnotes":""},"class_list":["post-5168","page","type-page","status-publish","hentry"],"_links":{"self":[{"href":"https:\/\/www.camminodonbosco.eu\/es\/wp-json\/wp\/v2\/pages\/5168","targetHints":{"allow":["GET"]}}],"collection":[{"href":"https:\/\/www.camminodonbosco.eu\/es\/wp-json\/wp\/v2\/pages"}],"about":[{"href":"https:\/\/www.camminodonbosco.eu\/es\/wp-json\/wp\/v2\/types\/page"}],"author":[{"embeddable":true,"href":"https:\/\/www.camminodonbosco.eu\/es\/wp-json\/wp\/v2\/users\/1"}],"replies":[{"embeddable":true,"href":"https:\/\/www.camminodonbosco.eu\/es\/wp-json\/wp\/v2\/comments?post=5168"}],"version-history":[{"count":0,"href":"https:\/\/www.camminodonbosco.eu\/es\/wp-json\/wp\/v2\/pages\/5168\/revisions"}],"wp:attachment":[{"href":"https:\/\/www.camminodonbosco.eu\/es\/wp-json\/wp\/v2\/media?parent=5168"}],"curies":[{"name":"wp","href":"https:\/\/api.w.org\/{rel}","templated":true}]}}