{"id":5170,"date":"2022-06-30T15:04:13","date_gmt":"2022-06-30T13:04:13","guid":{"rendered":"https:\/\/www.camminodonbosco.eu\/desde-el-santuario-de-s-maria-ausiliatrice-hasta-la-basilica-de-superga\/"},"modified":"2024-01-03T11:04:01","modified_gmt":"2024-01-03T10:04:01","slug":"desde-el-santuario-de-s-maria-ausiliatrice-hasta-la-basilica-de-superga","status":"publish","type":"page","link":"https:\/\/www.camminodonbosco.eu\/es\/desde-el-santuario-de-s-maria-ausiliatrice-hasta-la-basilica-de-superga\/","title":{"rendered":"Desde el Santuario de S. Maria Ausiliatrice hasta la Bas\u00edlica de Superga"},"content":{"rendered":"\n<p><em>Un recorrido a trav\u00e9s de la historia de Tur\u00edn, desde donde naci\u00f3 el Camino hasta la Bas\u00edlica de Superga, caminando junto al r\u00edo Po.<\/em> <\/p>\n\n<div style=\"height:20px\" aria-hidden=\"true\" class=\"wp-block-spacer\"><\/div>\n\n<h2 class=\"wp-block-heading\">Notas t\u00e9cnicas<\/h2>\n\n<p><strong>Salida<\/strong>: Torino, piazza Maria Ausiliatrice (Santuario de Maria Ausiliatrice, 230 m) <br\/><strong>Llegada<\/strong>: Basilica di Superga (669 m) <br\/><strong>Longitud<\/strong>: 14,1 km <br\/><strong>Desnivel<\/strong>: 490 m <br\/><strong>Dificultad<\/strong>: excursi\u00f3n, ruta llana con una subida final hacia la bas\u00edlica <br\/><strong>Puntos de descanso<\/strong>: la ruta urbana ofrece innumerables opciones para comer y hacer compras (especialmente en el gran mercado de Porta Palazzo) hasta llegar a la Iglesia de la Madonna del Pilone en Lungo Po. A partir de aqu\u00ed, no hay tiendas cerca de la ruta hasta San Mauro, al comienzo de la subida hacia la bas\u00edlica y luego en Superga. <br\/><strong>Agua<\/strong>: hay numerosas fuentes en toda la ciudad y a lo largo del Lungo Po. La primera est\u00e1 a lo largo del r\u00edo, justo despu\u00e9s de girar desde el puente Vittorio Emanuele, y las \u00faltimas antes de las de Superga (a la izquierda de la bas\u00edlica, en la estaci\u00f3n del funicular y junto a la trattoria de la Societ\u00e0 di Mutuo Soccorso) se encuentran en la Reserva del Meisino, cerca del tabl\u00f3n y el Centro ecuestre. <\/p>\n\n<div style=\"height:20px\" aria-hidden=\"true\" class=\"wp-block-spacer\"><\/div>\n\n<h2 class=\"wp-block-heading\">Descripci\u00f3n<\/h2>\n\n<p>Descripci\u00f3n Desde el Santuario de Maria Ausiliatrice (A), dirigirse hacia corso Regina Margherita, girar a la izquierda y cruzar primero el Rond\u00f2 d&#8217;la forca, luego la plaza de la Repubblica (mercado de Porta Palazzo, cerca del Santuario della Consolata). Girar a la derecha en via XX Settembre (Porte Palatine), pasar por el Duomo di San Giovanni (S\u00e1bana Santa), luego cruzar la plaza Castello (Palazzo Reale y Palazzo Madama). Continuar por via Po (Mole Antonelliana) hasta llegar a la piazza Vittorio Veneto, luego cruzar el puente Vittorio Emanuele I (Iglesia della Gran Madre) y girar a la izquierda en corso Moncalieri, recorriendo el Lungo Po (B, girando a la derecha se contin\u00faa en la Ruta 1 Torino-Eremo del Cammino basso).   <\/p>\n\n<p>Continuar eligiendo las secciones de la ruta m\u00e1s cercanas al r\u00edo, en un paseo encantador entre \u00e1rboles centenarios, hasta llegar (pasando el hist\u00f3rico Motovelodromo, el monumento a Fausto Coppi y la Iglesia de la Madonna del Pilone) a la confluencia entre el Po y el Dora Riparia. Un poco m\u00e1s adelante, se ingresa en la Reserva Natural del Meisino: la ruta se aleja del curso del Po a lo largo de via Nietzsche bordeando el hip\u00f3dromo militar, para luego girar a la izquierda en el camino de tierra al final del cercado de este \u00faltimo y regresar al margen. Continuar por el hermoso sendero junto al Po, pasar por debajo de la imponente estructura del puente Lungo Stura Lazio y continuar bordeando amplios prados, a menudo utilizados como pastizales para reba\u00f1os, hasta el puente del Bajno, dedicado al ecologista Alexander Langer.   <\/p>\n\n<p>Girar a la derecha subiendo hacia la localidad hasta pasar un estacionamiento, luego cruzar corso Casale y comenzar la subida entre los robles hacia Superga a lo largo del Sendero n. 29, en un cartel informativo. Prestar atenci\u00f3n al terreno y a las pasarelas de madera, que pueden resbalar despu\u00e9s de las precipitaciones, as\u00ed como a los ciclistas, que suelen ser numerosos.   <\/p>\n\n<p>Continuar a lo largo de la secci\u00f3n plana junto al cercado del Instituto de Plantas de Madera (IPLA, Tenuta Millerose) para luego ingresar al bosque superando un camino ondulado. Continuar subiendo ignorando algunas desviaciones a la derecha hasta llegar a una pasarela de madera, luego llegar a un camino de tierra que bordea un amplio prado y desemboca en el puente Carossera, sobre el R\u00edo Costa Parigi. Subir junto al arroyo hasta llegar a un primer camino de tierra, girar a la izquierda para cruzar un segundo camino de tierra y luego girar a la derecha para seguir subiendo y encontrarse con un camino de tierra en plano, que se sigue en el descenso siguiente. Pasar un vado empedrado sobre el arroyo y volver a subir, llegando a un saliente. Un poco m\u00e1s adelante, dejar el camino de tierra para seguir un sendero a la derecha, subiendo por la cresta por un largo tramo (ignorando un sendero a la izquierda) hasta cruzarse con el Sendero n. 60. Ignorar el sendero a la derecha y continuar por la empinada subida, a veces escalonada, para llegar cerca de algunos edificios y luego, llegando a un cruce con se\u00f1ales del Camino, continuar recto por una ruta alternativa en un ascenso decidido o girar nuevamente a la derecha por un sendero m\u00e1s f\u00e1cil que lleva a un camino empedrado, pasando bajo el paso inferior del funicular de Superga, hasta llegar a la carretera vecinal del funicular. Continuar a la izquierda para llegar r\u00e1pidamente a la estaci\u00f3n del funicular y desde all\u00ed al paseo de la bas\u00edlica (C). Desde la plaza frente a la bas\u00edlica se puede disfrutar de una vista \u00fanica, desde la ciudad de Tur\u00edn hasta la cadena de los Alpes.        <\/p>\n\n<div style=\"height:30px\" aria-hidden=\"true\" class=\"wp-block-spacer\"><\/div>\n\n<div class=\"wp-block-cover is-light\"><span aria-hidden=\"true\" class=\"wp-block-cover__background has-cyan-bluish-gray-background-color has-background-dim\"><\/span><div class=\"wp-block-cover__inner-container is-layout-flow wp-block-cover-is-layout-flow\">\n<h2 class=\"wp-block-heading\">Caminando a trav\u00e9s de la historia de Tur\u00edn.<\/h2>\n\n\n\n<div class=\"wp-block-group is-layout-flow wp-block-group-is-layout-flow\">\n<p><strong>Santuario di Maria Ausiliatrice (siglo XIX) con el primer Oratorio Don Bosco<\/strong><\/p>\n\n\n\n<p>Est\u00e1n ubicados en el barrio Valdocco, donde el Santo fund\u00f3 el oratorio para ni\u00f1os pobres. La bas\u00edlica, deseada por Don Bosco y consagrada en 1846, alberga los restos de San Giovanni Bosco y San Domenico Savio. <\/p>\n\n\n\n<p><strong>Santuario della Consolata<\/strong> <strong>(siglos XVII-XIX)<\/strong><\/p>\n\n\n\n<p>El santuario, de origen muy antiguo, en su aspecto actual es obra de varios grandes arquitectos (Guarino Guarini, Filippo Juvarra y Carlo Ceppi); tiene una torre campanario rom\u00e1nica y guarda el famoso cuadro de la Madonna col Bambino.<\/p>\n\n\n\n<p><strong>Porte Palatine (siglo I)<\/strong><\/p>\n\n\n\n<p>Vestigios romanos que constitu\u00edan la puerta principal de <em>Augusta Taurinorum<\/em>, fundada por los romanos en el 27 a.C. como un puesto avanzado en la ruta hacia las Galias. Transformadas en la \u00e9poca medieval en un <em>castrum<\/em> con torres, ahora forman parte, junto con los restos del teatro romano, del Parque Arqueol\u00f3gico. <\/p>\n\n\n\n<p><strong>Duomo (siglo XV) y Capilla de la Sacra Sindone<\/strong><\/p>\n\n\n\n<p>La catedral, dedicada a San Juan Bautista, fue construida en estilo renacentista a partir de 1491 en el lugar donde se encontraban tres bas\u00edlicas paleocristianas. M\u00e1s tarde (1578) se ampli\u00f3 con la Capilla de la S\u00e1bana Santa, dise\u00f1ada por Guarini, para guardar el lienzo que envolvi\u00f3 el cuerpo de Cristo despu\u00e9s de la crucifixi\u00f3n. <\/p>\n\n\n\n<p><strong>Casaforte d&#8217;Acaja-Palazzo Madama (siglos XIII-XVIII)<\/strong><\/p>\n\n\n\n<p>Sede del Museo C\u00edvico de Arte Antiguo, representa siglos de historia turinesa que acompa\u00f1aron sus numerosas renovaciones, enriquecidas por las obras maestras de la fachada, la escalinata y el gran vest\u00edbulo, obra de Juvarra.<\/p>\n\n\n\n<p><strong>Mole Antonelliana (1889) y Museo nazionale del Cinema<\/strong><\/p>\n\n\n\n<p>La Mole, con sus 167,5 metros de altura, es un edificio de estilo arquitect\u00f3nico \u00fanico que alberga el Museo del Cine. Desde la cima, alcanzada con un r\u00e1pido ascensor, ofrece una vista extraordinaria de la ciudad y el paisaje circundante. <\/p>\n\n\n\n<p><strong>Chiesa della Gran Madre di Dio (siglo XIX)<\/strong><\/p>\n\n\n\n<p>Erecta para celebrar el regreso del rey Emanuele I de Saboya despu\u00e9s de la ca\u00edda de Napole\u00f3n. Una amplia escalinata da acceso al templo, de planta circular. <\/p>\n\n\n\n<p><strong>Riserva del Meisino<\/strong><\/p>\n\n\n\n<p>Es la reserva natural urbana m\u00e1s importante de Italia, con una rica avifauna que anida y migra en diferentes per\u00edodos del a\u00f1o.<\/p>\n\n\n\n<p><strong>Basilica di Superga<\/strong><\/p>\n\n\n\n<p>Joya del barroco erigida en 1717 por Vittorio Amedeo despu\u00e9s de la victoria sobre los franceses en 1706. Posibilidad de visitar los apartamentos y las tumbas reales. En la parte trasera del edificio se encuentra la losa que recuerda el tr\u00e1gico accidente en el que pereci\u00f3 el equipo del Grande Torino en 1949. (<a rel=\"noreferrer noopener\" href=\"http:\/\/www.basilicadisuperga.com\/\" data-type=\"URL\" data-id=\"http:\/\/www.basilicadisuperga.com\/\" target=\"_blank\">basilicadisuperga.com<\/a>)<\/p>\n<\/div>\n<\/div><\/div>\n\n<div style=\"height:30px\" aria-hidden=\"true\" class=\"wp-block-spacer\"><\/div>\n\n<div class=\"wp-block-cover is-light\"><span aria-hidden=\"true\" class=\"wp-block-cover__background has-cyan-bluish-gray-background-color has-background-dim\"><\/span><div class=\"wp-block-cover__inner-container is-layout-flow wp-block-cover-is-layout-flow\">\n<div class=\"wp-block-group is-layout-flow wp-block-group-is-layout-flow\">\n<div class=\"wp-block-group is-layout-flow wp-block-group-is-layout-flow\">\n<h2 class=\"wp-block-heading\">En los pasos de Don Bosco<\/h2>\n\n\n\n<div class=\"wp-block-group is-layout-flow wp-block-group-is-layout-flow\">\n<div class=\"wp-block-group is-layout-flow wp-block-group-is-layout-flow\">\n<p>Giovanni Bosco recibi\u00f3 el sacerdocio en 1841 en la Capilla del Arzobispado de Tur\u00edn. Celebr\u00f3 su primera misa en la Iglesia de San Francesco di Assisi y la segunda en el Santuario della Consolata. En noviembre de 1841, ingres\u00f3 al Convitto en Tur\u00edn, en un antiguo convento junto a la Iglesia de San Francesco di Assisi, donde sembr\u00f3 la semilla inicial del futuro oratorio durante un encuentro con un joven procedente del campo. Fue el comienzo de un extraordinario proyecto educativo para los j\u00f3venes sacados de la calle, que ha perdurado hasta nuestros d\u00edas dejando huellas importantes. Don Bosco reuni\u00f3 a su alrededor a todos los j\u00f3venes desfavorecidos de la zona, desde los peque\u00f1os limpiachimeneas hasta los exconvictos. En el d\u00eda de Pascua de 1846 encontr\u00f3 un cobertizo con un prado en Valdocco, dando as\u00ed vida al Oratorio: sus habilidades como acr\u00f3bata y payaso, as\u00ed como sus conocimientos pr\u00e1cticos, fueron fundamentales para ganarse la confianza de los chicos, quienes tambi\u00e9n participaron en los famosos paseos hacia las colinas. En 1854, Don Bosco fund\u00f3 la Sociedad Salesiana. En 1872, con Maria Domenica Mazzarello, fund\u00f3 el Instituto de las Hijas de Mar\u00eda Auxiliadora, con el prop\u00f3sito de educar a la juventud femenina. Don Bosco muri\u00f3 en Tur\u00edn el 31 de enero de 1888 y est\u00e1 enterrado en el Santuario de Maria Ausiliatrice. El Papa P\u00edo XI lo beatific\u00f3 y luego fue canonizado el 1 de abril de 1934, d\u00eda de Pascua.          <\/p>\n<\/div>\n<\/div>\n<\/div>\n\n\n\n<p><strong>Museo di Storia Naturale Don Bosco (viale Thovez 37, Torino)<\/strong> <\/p>\n\n\n\n<p>En la colina torinesa de Val Salice se encuentra el Instituto Salesiano Valsalice: construido por los Hermanos de las Escuelas Cristianas entre 1857 y 1861 como lugar de descanso del \u00abColegio de los nobles\u00bb, el edificio fue adquirido en 1872 por Don Bosco, por obediencia al funcionario eclesi\u00e1stico ordinario del lugar, quien lo convirti\u00f3 en 1887 en un internado filos\u00f3fico para sus cl\u00e9rigos con el nombre de \u00abSeminario de Misiones Extranjeras\u00bb. El tercer y cuarto piso del edificio albergan el Museo de Historia Natural Don Bosco, fundado por San Giovanni Bosco e inaugurado el 5 de julio de 1879, fruto de la actividad del can\u00f3nico turin\u00e9s y cooperador salesiano Gian Battista Giordano, quien reuni\u00f3 un importante patrimonio naturalista. El peque\u00f1o museo ofrece a los visitantes miles de muestras minerales, espec\u00edmenes petrogr\u00e1ficos, exposiciones bot\u00e1nicas, zool\u00f3gicas y arqueol\u00f3gicas. Tambi\u00e9n se encuentra la tumba de Don Bosco, donde los restos del sacerdote permanecieron hasta su beatificaci\u00f3n en 1929.   <\/p>\n<\/div>\n<\/div><\/div>\n\n<div style=\"height:30px\" aria-hidden=\"true\" class=\"wp-block-spacer\"><\/div>\n\n<h2 class=\"wp-block-heading\">Mapa<\/h2>\n\n<figure data-wp-context=\"{&quot;imageId&quot;:&quot;6a05ea7821361&quot;}\" data-wp-interactive=\"core\/image\" data-wp-key=\"6a05ea7821361\" class=\"wp-block-image size-full wp-lightbox-container\"><img fetchpriority=\"high\" decoding=\"async\" width=\"2437\" height=\"1190\" data-wp-class--hide=\"state.isContentHidden\" data-wp-class--show=\"state.isContentVisible\" data-wp-init=\"callbacks.setButtonStyles\" data-wp-on--click=\"actions.showLightbox\" data-wp-on--load=\"callbacks.setButtonStyles\" data-wp-on-window--resize=\"callbacks.setButtonStyles\" src=\"https:\/\/www.camminodonbosco.eu\/wp-content\/uploads\/2024\/01\/Tappa-1-Alto-Medio.jpg\" alt=\"\" class=\"wp-image-4969\" style=\"object-fit:cover\" srcset=\"https:\/\/www.camminodonbosco.eu\/wp-content\/uploads\/2024\/01\/Tappa-1-Alto-Medio.jpg 2437w, https:\/\/www.camminodonbosco.eu\/wp-content\/uploads\/2024\/01\/Tappa-1-Alto-Medio-300x146.jpg 300w, https:\/\/www.camminodonbosco.eu\/wp-content\/uploads\/2024\/01\/Tappa-1-Alto-Medio-1024x500.jpg 1024w, https:\/\/www.camminodonbosco.eu\/wp-content\/uploads\/2024\/01\/Tappa-1-Alto-Medio-768x375.jpg 768w, https:\/\/www.camminodonbosco.eu\/wp-content\/uploads\/2024\/01\/Tappa-1-Alto-Medio-1536x750.jpg 1536w, https:\/\/www.camminodonbosco.eu\/wp-content\/uploads\/2024\/01\/Tappa-1-Alto-Medio-2048x1000.jpg 2048w\" sizes=\"(max-width: 2437px) 100vw, 2437px\" \/><button\n\t\t\tclass=\"lightbox-trigger\"\n\t\t\ttype=\"button\"\n\t\t\taria-haspopup=\"dialog\"\n\t\t\taria-label=\"Agrandar\"\n\t\t\tdata-wp-init=\"callbacks.initTriggerButton\"\n\t\t\tdata-wp-on--click=\"actions.showLightbox\"\n\t\t\tdata-wp-style--right=\"state.imageButtonRight\"\n\t\t\tdata-wp-style--top=\"state.imageButtonTop\"\n\t\t>\n\t\t\t<svg xmlns=\"http:\/\/www.w3.org\/2000\/svg\" width=\"12\" height=\"12\" fill=\"none\" viewBox=\"0 0 12 12\">\n\t\t\t\t<path fill=\"#fff\" d=\"M2 0a2 2 0 0 0-2 2v2h1.5V2a.5.5 0 0 1 .5-.5h2V0H2Zm2 10.5H2a.5.5 0 0 1-.5-.5V8H0v2a2 2 0 0 0 2 2h2v-1.5ZM8 12v-1.5h2a.5.5 0 0 0 .5-.5V8H12v2a2 2 0 0 1-2 2H8Zm2-12a2 2 0 0 1 2 2v2h-1.5V2a.5.5 0 0 0-.5-.5H8V0h2Z\" \/>\n\t\t\t<\/svg>\n\t\t<\/button><\/figure>\n","protected":false},"excerpt":{"rendered":"<p>Un recorrido a trav\u00e9s de la historia de Tur\u00edn, desde donde naci\u00f3 el Camino hasta la Bas\u00edlica de Superga, caminando junto al r\u00edo Po. Notas t\u00e9cnicas Salida: Torino, piazza Maria Ausiliatrice (Santuario de Maria Ausiliatrice, 230 m) Llegada: Basilica di Superga (669 m) Longitud: 14,1 km Desnivel: 490 m Dificultad: excursi\u00f3n, ruta llana con una [&hellip;]<\/p>\n","protected":false},"author":1,"featured_media":0,"parent":0,"menu_order":0,"comment_status":"closed","ping_status":"closed","template":"","meta":{"footnotes":""},"class_list":["post-5170","page","type-page","status-publish","hentry"],"_links":{"self":[{"href":"https:\/\/www.camminodonbosco.eu\/es\/wp-json\/wp\/v2\/pages\/5170","targetHints":{"allow":["GET"]}}],"collection":[{"href":"https:\/\/www.camminodonbosco.eu\/es\/wp-json\/wp\/v2\/pages"}],"about":[{"href":"https:\/\/www.camminodonbosco.eu\/es\/wp-json\/wp\/v2\/types\/page"}],"author":[{"embeddable":true,"href":"https:\/\/www.camminodonbosco.eu\/es\/wp-json\/wp\/v2\/users\/1"}],"replies":[{"embeddable":true,"href":"https:\/\/www.camminodonbosco.eu\/es\/wp-json\/wp\/v2\/comments?post=5170"}],"version-history":[{"count":0,"href":"https:\/\/www.camminodonbosco.eu\/es\/wp-json\/wp\/v2\/pages\/5170\/revisions"}],"wp:attachment":[{"href":"https:\/\/www.camminodonbosco.eu\/es\/wp-json\/wp\/v2\/media?parent=5170"}],"curies":[{"name":"wp","href":"https:\/\/api.w.org\/{rel}","templated":true}]}}