{"id":5174,"date":"2022-06-30T15:08:36","date_gmt":"2022-06-30T13:08:36","guid":{"rendered":"https:\/\/www.camminodonbosco.eu\/desde-la-basilica-de-superga-hasta-la-abadia-de-vezzolano\/"},"modified":"2024-02-20T21:55:18","modified_gmt":"2024-02-20T20:55:18","slug":"desde-la-basilica-de-superga-hasta-la-abadia-de-vezzolano","status":"publish","type":"page","link":"https:\/\/www.camminodonbosco.eu\/es\/desde-la-basilica-de-superga-hasta-la-abadia-de-vezzolano\/","title":{"rendered":"Desde la Bas\u00edlica de Superga hasta la Abad\u00eda de Vezzolano"},"content":{"rendered":"\n<p><em>A lo largo del itinerario de Superga-Crea, entre bosques, vi\u00f1edos y castillos, pasando por Bardassano, Sciolze y Cinzano hasta llegar a uno de los monumentos medievales m\u00e1s importantes de Piamonte, la Abad\u00eda de Vezzolano.<\/em><\/p>\n\n<div style=\"height:20px\" aria-hidden=\"true\" class=\"wp-block-spacer\"><\/div>\n\n<h2 class=\"wp-block-heading\">Notas t\u00e9cnicas<\/h2>\n\n<p><strong>Salida<\/strong>: Basilica di Superga (669 m)<br\/><strong>Llegada<\/strong>: Abad\u00eda de Vezzolano (426 m)<br\/><strong>Longitud<\/strong>: 26,2 km<br\/><strong>Desnivel<\/strong>: 618 m<br\/><strong>Dificultad<\/strong>: senderismo, terreno ondulado<br\/><strong>Avituallamiento<\/strong>: despu\u00e9s de Superga no hay lugares de avituallamiento hasta Sciolze y luego en Albugnano<br\/><strong>Agua<\/strong>: fuentes en Superga y antes del Bric Paluc, en Baldissero T.se (3 fuentes en la ruta peatonal alternativa entre Superga y el Centro Paluc), luego en Sciolze (Casetta H2O bajo los tilos y fuente cerca de la plaza San Rocco) y en Cinzano (plaza Sant&#8217;Antonio)<\/p>\n\n<div style=\"height:20px\" aria-hidden=\"true\" class=\"wp-block-spacer\"><\/div>\n\n<h2 class=\"wp-block-heading\">Descripci\u00f3n<\/h2>\n\n<p>El recorrido comienza a la derecha de la Basilica di Superga (panel informativo), donde se toma un sendero que desciende al bosque hasta encontrarse con la SP4 Superga-Baldissero junto a la trattoria della Societ\u00e0 di Mutuo Soccorso. Gire a la izquierda, cruce el pueblo de Tetti Gioanin, ignore la carretera panor\u00e1mica de los Colli que sube a la derecha y contin\u00fae durante unos 700 m. Al final de una curva, tome el sendero a la derecha que se adentra en el bosque subiendo en una amplia curva a la izquierda, hasta encontrarse con un sendero a la derecha que conduce en poco tiempo al Bric del Duca. Baje hasta el \u00e1rea de descanso con la fuente y contin\u00fae por el sendero a la izquierda de la carretera panor\u00e1mica, que sube gradualmente al Bric San Giacomo. Desde aqu\u00ed, descienda por la carretera asfaltada del Palucco y rec\u00f3rrela durante 700 m, llegando a la carretera provincial hacia Baldissero en correspondencia con el Centro Paluc.     <\/p>\n\n<p><em>(Ruta alternativa en caso de mal tiempo: desde Superga hasta el Centro Paluc, recorra la ruta peatonal -longitud 1,9 km, \u00e1reas de descanso con 3 fuentes- junto a la carretera provincial).<\/em><\/p>\n\n<p>\u2022 Gire a la derecha y recorra la carretera provincial durante unos 400 m, luego gire a la izquierda hacia la carretera a Rivodora, contin\u00fae durante 300 m y finalmente gire a la derecha hacia la calle della Croce adentr\u00e1ndose en el bosque. Despu\u00e9s de pasar la \u00faltima casa, contin\u00fae durante 300 m hasta llegar a un cruce. Siga el camino de la derecha, contin\u00fae hacia la derecha en el siguiente cruce hasta llegar a la bifurcaci\u00f3n debajo del Bric della Croce (<strong>D<\/strong>, a unos 4,5 km de la Basilica di Superga). Suba a la izquierda <em>(descendiendo a la derecha hacia Baldissero en el Sendero n. 51 se sigue la Etapa 2 del Camino medio)<\/em> pasando la cresta, para luego descender a la derecha por un camino que llega a la SP117. Gire a la izquierda y contin\u00fae por el asfalto durante unos 350 m, hasta el cruce con el camino hacia Tetti Varetto; desde aqu\u00ed, tome a la derecha el sendero que desciende r\u00e1pidamente por el bosque, luego contin\u00fae a media ladera hasta llegar a la SP224 y gire a la izquierda. <em>(Ruta alternativa: en caso de deslizamientos en este \u00faltimo tramo, use la carretera asfaltada hacia Tetti Varetto, pase el pueblo y la Iglesia de San Defendente, encuentre la SP224 y gire a la izquierda para luego volver al trazado principal)<\/em>. Contin\u00fae hasta llegar despu\u00e9s de unos 500 m a una curva a la izquierda, donde la carretera comienza a descender: aqu\u00ed gire a la derecha para subir por la calle Val Villata hacia Bardassano y su castillo, que se alcanzan despu\u00e9s de m\u00e1s de 5 km desde el punto <strong>D<\/strong>. Despu\u00e9s de pasar el pueblo (sin fuentes ni tiendas), descienda hasta la carretera provincial Chieri-Castiglione, cr\u00facela y tome la SP118 hacia Sciolze, que est\u00e1 a unos 3,9 km de Bardassano. La carretera, inicialmente llana, sube r\u00e1pidamente para continuar por la cresta de la colina, pasar junto a la Capilla de Santa Luc\u00eda y descender a Sciolze. Al ingresar al pueblo, contin\u00fae en direcci\u00f3n a Cinzano a lo largo de las murallas del castillo y, despu\u00e9s de una corta bajada, comience a subir gradualmente entre prados y vi\u00f1edos. Las variedades de uva Freisa, Bonarda, Malvas\u00eda y Barbera encuentran en estas suaves y soleadas pendientes su <em>terroir<\/em> de elecci\u00f3n, produciendo vinos de alta calidad. Llegados al cruce de caminos \u00abLe Pere\u00bb, contin\u00faen caminando unos 750 m m\u00e1s, ignorando las primeras 2 desviaciones que llevan a granjas, antes de descender a la derecha por un camino entre los vi\u00f1edos, describiendo un amplio arco que lleva al punto <strong>V1<\/strong>            <em>(comienzo de la conexi\u00f3n <strong>V1-V2<\/strong> con la Etapa 2 del Camino medio. <em><em>Como alternativa, pueden acortar el camino para llegar a Cinzano siguiendo la carretera asfaltada, que es tortuosa con numerosas curvas estrechas, prestando atenci\u00f3n al tr\u00e1fico, por unos 1,9 km hasta cruzar el camino del Camino en la segunda desviaci\u00f3n a la derecha).<\/em><\/em><\/em>. A partir de aqu\u00ed, asciendan gradualmente a lo largo del Bric Castagneto por un c\u00f3modo camino de tierra (luego asfalto), pasando por Cascina Comollo, la Capilla de San Grato, Borgata Apr\u00e0 y la casa rural I Conti della Serva, que se encuentra a la derecha del camino. Aproximadamente 300 m despu\u00e9s de la Capilla, junto a Cascina Pastura, giren a la derecha siguiendo un sendero que pasa junto a un refugio canino y se dirige hacia Cinzano cerca de un bosquecillo de arces y robles; luego, suban gradualmente por el camino de tierra que lleva a la plaza de Sant&#8217;Antonio, cerca del castillo. Al salir del pueblo hacia Moncucco, tomen la via Roma y la carretera provincial hasta la Cappelletta di San Rocco, luego giren a la izquierda hacia Villa La Serra, sede del Agriturismo Cascina La Serra. Despu\u00e9s, desciendan por el camino de tierra junto al muro de la villa, luego por un sendero hasta llegar a una amplia pradera, al final de la cual giren a la izquierda para atravesar la aldea de Torrazza. Contin\u00faen por el asfalto, bajen por un camino que pasa por detr\u00e1s de una granja y luego asciendan hasta llegar a un hermoso vi\u00f1edo. Despu\u00e9s de una curva a la derecha, desciendan nuevamente hasta llegar a la SP Berzano-Moncucco en el punto <strong>E<\/strong> <em>(tambi\u00e9n es el comienzo de la conexi\u00f3n <strong>E-N<\/strong> con la Etapa 2 del Camino medio: girando a la derecha en la carretera provincial, contin\u00faan hacia Moncucco T.se y Cascina Moglia)<\/em>. Cruzada la SP y pasado el puente sobre el R\u00edo della Morra, suban hacia Vezzolano por una c\u00f3moda carretera asfaltada con amplios giros, que despu\u00e9s de pasar la casa rural La Perla conduce cerca de Cascina Betlemme. Aqu\u00ed, abandonen el asfalto pasando por detr\u00e1s de la granja para luego subir al Colle della Crocetta, pasando cerca de un estanque con un camino que ofrece vistas panor\u00e1micas realmente cautivadoras. Desde Crocetta, giren a la izquierda por un camino de tierra entre los vi\u00f1edos para llegar r\u00e1pidamente a la Abad\u00eda de Vezzolano en territorio de Albugnano, despu\u00e9s de aproximadamente 2,5 km desde el cruce <strong>E<\/strong>.        <\/p>\n\n<div style=\"height:20px\" aria-hidden=\"true\" class=\"wp-block-spacer\"><\/div>\n\n<div class=\"wp-block-cover is-light\"><span aria-hidden=\"true\" class=\"wp-block-cover__background has-cyan-bluish-gray-background-color has-background-dim\"><\/span><div class=\"wp-block-cover__inner-container is-layout-flow wp-block-cover-is-layout-flow\">\n<div class=\"wp-block-group is-layout-flow wp-block-group-is-layout-flow\">\n<h2 class=\"wp-block-heading\">En los pasos de Don Bosco<\/h2>\n\n\n\n<p><strong>Casa Comollo (Regione Apr\u00e0, Cinzano) <\/strong><\/p>\n\n\n\n<p>Durante sus estudios en Chieri, Giovanni Bosco entabl\u00f3 una s\u00f3lida amistad con Luigi Comollo, sobrino del p\u00e1rroco de Cinzano: este a menudo era maltratado por sus compa\u00f1eros, pero aceptaba con una sonrisa o una palabra de perd\u00f3n esas penas. Un d\u00eda, los dos amigos se encontraron en una colina cerca de Cinzano. Ante el deseo de Giovanni por un buen vino el pr\u00f3ximo a\u00f1o, Luigi respondi\u00f3: \u00abTu lo berrai\u00bb. \u00ab\u00bfE tu? \u00bfContinuerai a bere la tua solita acqua?\u00bb \u00abNo. Spero di bere un vino molto migliore\u00bb. Acosado, Luigi admiti\u00f3 que esperaba profundamente ir al Para\u00edso despu\u00e9s de su muerte. El 2 de abril de 1837, Luigi Comollo falleci\u00f3 a la edad de 22 a\u00f1os: la noche siguiente a su entierro, seg\u00fan el testimonio directo de Giovanni Bosco y sus compa\u00f1eros de habitaci\u00f3n, el amigo se les apareci\u00f3 como una luz que, en tres ocasiones consecutivas, dijo: \u00ab\u00a1Bosco! \u00a1Bosco! \u00a1Bosco! \u00a1Io sono salvo!\u00bb    <\/p>\n\n\n\n<p><strong>El olmo del zapatero de Albugnano y la fuente sulfurosa de Bardella<\/strong> <\/p>\n\n\n\n<p>En el llamado Belvedere de Albugnano (plaza de la Torre) a\u00fan se yergue un olmo hueco cuyas ramas ofrec\u00edan refugio a Don Bosco y sus chicos en las paradas durante los paseos; se conoce como \u00abel olmo del zapatero\u00bb porque dentro se ubicaba el peque\u00f1o taller de un artesano. La fuente sulfurosa de Bardella en Castelnuovo Don Bosco hoy est\u00e1 olvidada, pero durante todo el siglo XIX fue muy frecuentada por las propiedades terap\u00e9uticas de sus aguas. Vezzolano y Bardella fueron destinos de uno de los paseos de Don Bosco en octubre de 1857.  <\/p>\n\n\n\n<div style=\"height:30px\" aria-hidden=\"true\" class=\"wp-block-spacer\"><\/div>\n<\/div>\n\n\n\n<figure class=\"wp-block-gallery has-nested-images columns-default is-cropped wp-block-gallery-1 is-layout-flex wp-block-gallery-is-layout-flex\">\n<figure class=\"wp-block-image size-full\"><img fetchpriority=\"high\" decoding=\"async\" width=\"904\" height=\"768\" data-id=\"1966\" src=\"https:\/\/www.camminodonbosco.eu\/wp-content\/uploads\/2022\/07\/Lolmo-del-Ciabattino.jpg\" alt=\"\" class=\"wp-image-1966\" srcset=\"https:\/\/www.camminodonbosco.eu\/wp-content\/uploads\/2022\/07\/Lolmo-del-Ciabattino.jpg 904w, https:\/\/www.camminodonbosco.eu\/wp-content\/uploads\/2022\/07\/Lolmo-del-Ciabattino-300x255.jpg 300w, https:\/\/www.camminodonbosco.eu\/wp-content\/uploads\/2022\/07\/Lolmo-del-Ciabattino-768x652.jpg 768w\" sizes=\"(max-width: 904px) 100vw, 904px\" \/><\/figure>\n<\/figure>\n<\/div><\/div>\n\n<div style=\"height:20px\" aria-hidden=\"true\" class=\"wp-block-spacer\"><\/div>\n\n<h2 class=\"wp-block-heading\">Mapa<\/h2>\n\n<figure data-wp-context=\"{&quot;imageId&quot;:&quot;69f18db371429&quot;}\" data-wp-interactive=\"core\/image\" data-wp-key=\"69f18db371429\" class=\"wp-block-image size-full is-style-default wp-lightbox-container\"><img decoding=\"async\" width=\"2560\" height=\"628\" data-wp-class--hide=\"state.isContentHidden\" data-wp-class--show=\"state.isContentVisible\" data-wp-init=\"callbacks.setButtonStyles\" data-wp-on--click=\"actions.showLightbox\" data-wp-on--load=\"callbacks.setButtonStyles\" data-wp-on-window--resize=\"callbacks.setButtonStyles\" src=\"https:\/\/www.camminodonbosco.eu\/wp-content\/uploads\/2024\/01\/Tappa-2-Alto-scaled.jpg\" alt=\"\" class=\"wp-image-4986\" style=\"object-fit:cover\" srcset=\"https:\/\/www.camminodonbosco.eu\/wp-content\/uploads\/2024\/01\/Tappa-2-Alto-scaled.jpg 2560w, https:\/\/www.camminodonbosco.eu\/wp-content\/uploads\/2024\/01\/Tappa-2-Alto-300x74.jpg 300w, https:\/\/www.camminodonbosco.eu\/wp-content\/uploads\/2024\/01\/Tappa-2-Alto-1024x251.jpg 1024w, https:\/\/www.camminodonbosco.eu\/wp-content\/uploads\/2024\/01\/Tappa-2-Alto-768x188.jpg 768w, https:\/\/www.camminodonbosco.eu\/wp-content\/uploads\/2024\/01\/Tappa-2-Alto-1536x377.jpg 1536w, https:\/\/www.camminodonbosco.eu\/wp-content\/uploads\/2024\/01\/Tappa-2-Alto-2048x502.jpg 2048w\" sizes=\"(max-width: 2560px) 100vw, 2560px\" \/><button\n\t\t\tclass=\"lightbox-trigger\"\n\t\t\ttype=\"button\"\n\t\t\taria-haspopup=\"dialog\"\n\t\t\taria-label=\"Agrandar\"\n\t\t\tdata-wp-init=\"callbacks.initTriggerButton\"\n\t\t\tdata-wp-on--click=\"actions.showLightbox\"\n\t\t\tdata-wp-style--right=\"state.imageButtonRight\"\n\t\t\tdata-wp-style--top=\"state.imageButtonTop\"\n\t\t>\n\t\t\t<svg xmlns=\"http:\/\/www.w3.org\/2000\/svg\" width=\"12\" height=\"12\" fill=\"none\" viewBox=\"0 0 12 12\">\n\t\t\t\t<path fill=\"#fff\" d=\"M2 0a2 2 0 0 0-2 2v2h1.5V2a.5.5 0 0 1 .5-.5h2V0H2Zm2 10.5H2a.5.5 0 0 1-.5-.5V8H0v2a2 2 0 0 0 2 2h2v-1.5ZM8 12v-1.5h2a.5.5 0 0 0 .5-.5V8H12v2a2 2 0 0 1-2 2H8Zm2-12a2 2 0 0 1 2 2v2h-1.5V2a.5.5 0 0 0-.5-.5H8V0h2Z\" \/>\n\t\t\t<\/svg>\n\t\t<\/button><\/figure>\n","protected":false},"excerpt":{"rendered":"<p>A lo largo del itinerario de Superga-Crea, entre bosques, vi\u00f1edos y castillos, pasando por Bardassano, Sciolze y Cinzano hasta llegar a uno de los monumentos medievales m\u00e1s importantes de Piamonte, la Abad\u00eda de Vezzolano. Notas t\u00e9cnicas Salida: Basilica di Superga (669 m)Llegada: Abad\u00eda de Vezzolano (426 m)Longitud: 26,2 kmDesnivel: 618 mDificultad: senderismo, terreno onduladoAvituallamiento: despu\u00e9s [&hellip;]<\/p>\n","protected":false},"author":1,"featured_media":0,"parent":0,"menu_order":0,"comment_status":"closed","ping_status":"closed","template":"","meta":{"footnotes":""},"class_list":["post-5174","page","type-page","status-publish","hentry"],"_links":{"self":[{"href":"https:\/\/www.camminodonbosco.eu\/es\/wp-json\/wp\/v2\/pages\/5174","targetHints":{"allow":["GET"]}}],"collection":[{"href":"https:\/\/www.camminodonbosco.eu\/es\/wp-json\/wp\/v2\/pages"}],"about":[{"href":"https:\/\/www.camminodonbosco.eu\/es\/wp-json\/wp\/v2\/types\/page"}],"author":[{"embeddable":true,"href":"https:\/\/www.camminodonbosco.eu\/es\/wp-json\/wp\/v2\/users\/1"}],"replies":[{"embeddable":true,"href":"https:\/\/www.camminodonbosco.eu\/es\/wp-json\/wp\/v2\/comments?post=5174"}],"version-history":[{"count":0,"href":"https:\/\/www.camminodonbosco.eu\/es\/wp-json\/wp\/v2\/pages\/5174\/revisions"}],"wp:attachment":[{"href":"https:\/\/www.camminodonbosco.eu\/es\/wp-json\/wp\/v2\/media?parent=5174"}],"curies":[{"name":"wp","href":"https:\/\/api.w.org\/{rel}","templated":true}]}}