{"id":5182,"date":"2022-06-30T15:11:20","date_gmt":"2022-06-30T13:11:20","guid":{"rendered":"https:\/\/www.camminodonbosco.eu\/desde-castelnuovo-don-bosco-hasta-colle-don-bosco\/"},"modified":"2024-02-21T22:02:14","modified_gmt":"2024-02-21T21:02:14","slug":"desde-castelnuovo-don-bosco-hasta-colle-don-bosco","status":"publish","type":"page","link":"https:\/\/www.camminodonbosco.eu\/es\/desde-castelnuovo-don-bosco-hasta-colle-don-bosco\/","title":{"rendered":"Desde Castelnuovo Don Bosco hasta Colle Don Bosco"},"content":{"rendered":"\n<p><em>Esta variante ofrece una alternativa para la segunda parte de la Etapa 3, acort\u00e1ndola considerablemente.<\/em><\/p>\n\n<div style=\"height:20px\" aria-hidden=\"true\" class=\"wp-block-spacer\"><\/div>\n\n<h2 class=\"wp-block-heading\">Notas t\u00e9cnicas<\/h2>\n\n<p><strong>Salida<\/strong>: Castelnuovo Don Bosco, piazza Dante (245 m)<br\/><strong>Llegada<\/strong>: Colle Don Bosco (245 m)<br\/><strong>Longitud<\/strong>: 7,0 km<br\/><strong>Desnivel<\/strong>: 80 m<br\/><strong>Dificultad<\/strong>: senderismo, inicialmente ruta urbana, con posterior ascenso ligero y tramo final llano.<br\/><strong>Avituallamiento<\/strong>: despu\u00e9s de dejar Castelnuovo no hay posibilidad de abastecimiento.<br\/><strong>Agua<\/strong>: en Castelnuovo Don Bosco (Casetta H2O en piazza Italia, fuentes en via Monsignor Bertagna y en via Valdocco), Morialdo (Oasis de espiritualidad frente a la Iglesia de San Pietro) y 3 fuentes en Colle Don Bosco.<\/p>\n\n<div style=\"height:20px\" aria-hidden=\"true\" class=\"wp-block-spacer\"><\/div>\n\n<h2 class=\"wp-block-heading\">Descripci\u00f3n<\/h2>\n\n<p>Esta variante representa el camino m\u00e1s corto hacia Colle Don Bosco, pero tambi\u00e9n el menos atractivo. Desde piazza Dante (<strong>G<\/strong>) en direcci\u00f3n a Colle Don Bosco, se contin\u00faa siempre recto por via San Giovanni, dejando a la derecha la Cantina Sociale Terre dei Santi y a la izquierda la estaci\u00f3n de carabineros. Un poco m\u00e1s adelante, un camino peatonal protegido lleva a una gran rotonda. Aqu\u00ed, justo antes de las escuelas, es necesario cruzar, cambiando de direcci\u00f3n con un giro a la izquierda en \u00e1ngulo recto, y recorrer un corto tramo asfaltado com\u00fan al Sendero n. 101, prestando atenci\u00f3n al intenso tr\u00e1fico. Luego, aproximadamente a 1 km desde el inicio, girar a la derecha en un camino de tierra. Justo despu\u00e9s, en el primer cruce, abandonar el Sendero n. 101 para subir a la izquierda por un sendero inicialmente deteriorado y luego en mejores condiciones que atraviesa hermosos vi\u00f1edos cerca de las Cascine Genevratto, Becci y Gavotto, desembocando finalmente (despu\u00e9s de recorrer aproximadamente 1,8 km) en la llamada Strada del Papa, mejorada en 1988 para la visita del Papa Juan Pablo II. Aqu\u00ed girar a la derecha y seguir recto por un camino asfaltado durante 2,6 km hasta Morialdo (Iglesia de San Pietro con Oasis de espiritualidad, Casa de San Domenico Savio), para finalmente llegar al Colle (<strong>H<\/strong>) despu\u00e9s de recorrer otros 1,5 km.        <\/p>\n\n<div style=\"height:20px\" aria-hidden=\"true\" class=\"wp-block-spacer\"><\/div>\n\n<h2 class=\"wp-block-heading\">Mapa<\/h2>\n\n<figure data-wp-context=\"{&quot;imageId&quot;:&quot;69f18d66e52fa&quot;}\" data-wp-interactive=\"core\/image\" data-wp-key=\"69f18d66e52fa\" class=\"wp-block-image size-full wp-lightbox-container\"><img fetchpriority=\"high\" decoding=\"async\" width=\"1197\" height=\"2560\" data-wp-class--hide=\"state.isContentHidden\" data-wp-class--show=\"state.isContentVisible\" data-wp-init=\"callbacks.setButtonStyles\" data-wp-on--click=\"actions.showLightbox\" data-wp-on--load=\"callbacks.setButtonStyles\" data-wp-on-window--resize=\"callbacks.setButtonStyles\" src=\"https:\/\/www.camminodonbosco.eu\/wp-content\/uploads\/2024\/01\/Tappa-3-3Var-Alto-1-scaled.jpg\" alt=\"\" class=\"wp-image-4998\" style=\"object-fit:cover\" srcset=\"https:\/\/www.camminodonbosco.eu\/wp-content\/uploads\/2024\/01\/Tappa-3-3Var-Alto-1-scaled.jpg 1197w, https:\/\/www.camminodonbosco.eu\/wp-content\/uploads\/2024\/01\/Tappa-3-3Var-Alto-1-140x300.jpg 140w, https:\/\/www.camminodonbosco.eu\/wp-content\/uploads\/2024\/01\/Tappa-3-3Var-Alto-1-479x1024.jpg 479w, https:\/\/www.camminodonbosco.eu\/wp-content\/uploads\/2024\/01\/Tappa-3-3Var-Alto-1-768x1642.jpg 768w, https:\/\/www.camminodonbosco.eu\/wp-content\/uploads\/2024\/01\/Tappa-3-3Var-Alto-1-718x1536.jpg 718w, https:\/\/www.camminodonbosco.eu\/wp-content\/uploads\/2024\/01\/Tappa-3-3Var-Alto-1-958x2048.jpg 958w\" sizes=\"(max-width: 1197px) 100vw, 1197px\" \/><button\n\t\t\tclass=\"lightbox-trigger\"\n\t\t\ttype=\"button\"\n\t\t\taria-haspopup=\"dialog\"\n\t\t\taria-label=\"Agrandar\"\n\t\t\tdata-wp-init=\"callbacks.initTriggerButton\"\n\t\t\tdata-wp-on--click=\"actions.showLightbox\"\n\t\t\tdata-wp-style--right=\"state.imageButtonRight\"\n\t\t\tdata-wp-style--top=\"state.imageButtonTop\"\n\t\t>\n\t\t\t<svg xmlns=\"http:\/\/www.w3.org\/2000\/svg\" width=\"12\" height=\"12\" fill=\"none\" viewBox=\"0 0 12 12\">\n\t\t\t\t<path fill=\"#fff\" d=\"M2 0a2 2 0 0 0-2 2v2h1.5V2a.5.5 0 0 1 .5-.5h2V0H2Zm2 10.5H2a.5.5 0 0 1-.5-.5V8H0v2a2 2 0 0 0 2 2h2v-1.5ZM8 12v-1.5h2a.5.5 0 0 0 .5-.5V8H12v2a2 2 0 0 1-2 2H8Zm2-12a2 2 0 0 1 2 2v2h-1.5V2a.5.5 0 0 0-.5-.5H8V0h2Z\" \/>\n\t\t\t<\/svg>\n\t\t<\/button><\/figure>\n","protected":false},"excerpt":{"rendered":"<p>Esta variante ofrece una alternativa para la segunda parte de la Etapa 3, acort\u00e1ndola considerablemente. Notas t\u00e9cnicas Salida: Castelnuovo Don Bosco, piazza Dante (245 m)Llegada: Colle Don Bosco (245 m)Longitud: 7,0 kmDesnivel: 80 mDificultad: senderismo, inicialmente ruta urbana, con posterior ascenso ligero y tramo final llano.Avituallamiento: despu\u00e9s de dejar Castelnuovo no hay posibilidad de abastecimiento.Agua: [&hellip;]<\/p>\n","protected":false},"author":1,"featured_media":0,"parent":0,"menu_order":0,"comment_status":"closed","ping_status":"closed","template":"","meta":{"footnotes":""},"class_list":["post-5182","page","type-page","status-publish","hentry"],"_links":{"self":[{"href":"https:\/\/www.camminodonbosco.eu\/es\/wp-json\/wp\/v2\/pages\/5182","targetHints":{"allow":["GET"]}}],"collection":[{"href":"https:\/\/www.camminodonbosco.eu\/es\/wp-json\/wp\/v2\/pages"}],"about":[{"href":"https:\/\/www.camminodonbosco.eu\/es\/wp-json\/wp\/v2\/types\/page"}],"author":[{"embeddable":true,"href":"https:\/\/www.camminodonbosco.eu\/es\/wp-json\/wp\/v2\/users\/1"}],"replies":[{"embeddable":true,"href":"https:\/\/www.camminodonbosco.eu\/es\/wp-json\/wp\/v2\/comments?post=5182"}],"version-history":[{"count":0,"href":"https:\/\/www.camminodonbosco.eu\/es\/wp-json\/wp\/v2\/pages\/5182\/revisions"}],"wp:attachment":[{"href":"https:\/\/www.camminodonbosco.eu\/es\/wp-json\/wp\/v2\/media?parent=5182"}],"curies":[{"name":"wp","href":"https:\/\/api.w.org\/{rel}","templated":true}]}}