{"id":5184,"date":"2022-06-30T15:15:06","date_gmt":"2022-06-30T13:15:06","guid":{"rendered":"https:\/\/www.camminodonbosco.eu\/desde-la-basilica-de-superga-hasta-la-aldea-de-tetti-chiaffredo-en-arignano\/"},"modified":"2024-02-21T22:10:56","modified_gmt":"2024-02-21T21:10:56","slug":"desde-la-basilica-de-superga-hasta-la-aldea-de-tetti-chiaffredo-en-arignano","status":"publish","type":"page","link":"https:\/\/www.camminodonbosco.eu\/es\/desde-la-basilica-de-superga-hasta-la-aldea-de-tetti-chiaffredo-en-arignano\/","title":{"rendered":"Desde la Bas\u00edlica de Superga hasta la aldea de Tetti Chiaffredo en Arignano."},"content":{"rendered":"\n<p><em>De castillo en castillo, por el Lago de Arignano.<\/em><\/p>\n\n<div style=\"height:20px\" aria-hidden=\"true\" class=\"wp-block-spacer\"><\/div>\n\n<h2 class=\"wp-block-heading\">Notas t\u00e9cnicas<\/h2>\n\n<p><strong>Salida<\/strong>: Basilica di Superga (669 m)<br\/><strong>Llegada<\/strong>: Arignano, aldea Tetti Chiaffredo (345 m)<br\/><strong>Longitud<\/strong>: 20,2 km<br\/><strong>Desnivel<\/strong>: 317 m<br\/><strong>Dificultad<\/strong>: senderismo, terreno ondulado<br\/><strong>Puntos de descanso<\/strong>: posibilidad de descanso en Baldissero, Pavarolo y Marentino<br\/><strong>Agua<\/strong>: fuente en Superga y antes de Bric Paluc, luego en Baldissero (Giardino San Giuliano), Pavarolo (Casetta H2O en via Maestra, fuente en piazza San Defendente), Montaldo (Casetta H2O en piazza Superga, fuente en piazza Fornace) y Marentino (Casetta H2O en piazza Giardino y fuente en piazza ad Avuglione)<\/p>\n\n<div style=\"height:20px\" aria-hidden=\"true\" class=\"wp-block-spacer\"><\/div>\n\n<h2 class=\"wp-block-heading\">Descripci\u00f3n<\/h2>\n\n<p>Sigue la descripci\u00f3n de la Etapa 2 del Camino Alto para llegar al cruce debajo de Bric Croce (punto <strong>D<\/strong>). Aqu\u00ed gira a la derecha y desciende por el Sendero n. 51, cruzando una zona boscosa rica en robles y robledales, en un camino que en algunos tramos es dif\u00edcil y se vuelve especialmente resbaladizo en caso de lluvia. Despu\u00e9s de unos 300 m, el sendero contin\u00faa por un camino m\u00e1s f\u00e1cil entre \u00e1reas cultivadas, huertos y vi\u00f1edos. Ignora todas las desviaciones y contin\u00faa descendiendo hasta cruzar un peque\u00f1o vado cerca de algunas granjas. Sigue el camino, ahora llano, caminando junto a un arroyo, al lado de una colina a la izquierda donde destaca la hermosa Iglesia de San Giuliano. Contin\u00faa hasta la entrada de los terrenos deportivos de Baldissero Torinese, luego gira a la izquierda para llegar al \u00e1rea de estacionamiento; desde aqu\u00ed gira a la derecha en la carretera asfaltada que, despu\u00e9s de 300 m, pasa junto a un jard\u00edn p\u00fablico con fuente, cruza la SP4 hacia Pavarolo (aproximadamente 1,8 km desde el punto <strong>D<\/strong>). Gira a la izquierda (yendo a la derecha se llega al centro de Baldissero) y contin\u00faa durante 1,3 km hacia Pavarolo por la carretera asfaltada: pasa por la Capilla del Toetto y ignora todas las desviaciones, para finalmente girar a la izquierda en un camino debajo de la localidad de Pavarolo que lleva a un pilar votivo. Aqu\u00ed gira a la derecha para subir al pueblo, llegando a un hermoso camino peatonal que lleva al centro despu\u00e9s de 600 m de caminata. Llegando frente a la Torre, contin\u00faa a la derecha, gira a la izquierda en el primer cruce, luego (300 m desde la Torre) baja a la derecha por via Generale Zavattaro. Al llegar a la SP122, gira a la izquierda prestando mucha atenci\u00f3n al tr\u00e1fico, luego cr\u00fazala despu\u00e9s de unos 50 m cerca de un \u00e1rea artesanal y sigue el camino (via Bardassano) que la cruza. S\u00edguelo por unos 150 m, luego gira a la izquierda cerca del \u00faltimo almac\u00e9n, en un entorno muy degradado. Dejando la estructura a la izquierda, contin\u00faa por unos 700 m por un camino de tierra que, describiendo un semic\u00edrculo, sube gradualmente a Montaldo Torinese. Llegando al asfalto, gira a la derecha hacia piazza Superga, contin\u00faa recto durante unos 300 m, luego toma a la izquierda la carretera hacia Marentino. Contin\u00faa recto durante 2,4 km ignorando todas las desviaciones en esta ruta muy panor\u00e1mica que, dejando el campo deportivo a la derecha, sube a Marentino por la strada del Pozzetto, llegando al pueblo en Casa Zuccala. Gira a la izquierda y contin\u00faa recto durante 400 m pasando por el Apiario experimental, luego gira a la derecha en direcci\u00f3n a Avuglione justo despu\u00e9s de la Iglesia de Santa Mar\u00eda dei Morti. Cruza el pueblo (plaza con la \u00faltima fuente antes de llegar a Castelnuovo Don Bosco) y baja hacia el Lago de Arignano por la via Maddalena, pasando cerca del cementerio de Avuglione (Capilla de Santa Mar\u00eda Magdalena, de origen rom\u00e1nico). Al llegar a via Cascina Gambiana, sigue bajando por esta, ignorando algunas desviaciones, hasta llegar a un cruce. Toma el camino de tierra a la derecha (a la izquierda se va hacia la granja) en ligero descenso, luego gira nuevamente a la derecha antes del R\u00edo del Lago; contin\u00faa por el terreno llano junto al embalse, en su mayor parte cultivado, hasta la presa (aproximadamente 3,5 km desde Avuglione). Gira a la izquierda para llegar a la orilla de Arignano del lago, donde giras a la izquierda para pasar por Cascina Calcinera y luego subir a la derecha. Ignora una desviaci\u00f3n posterior a la derecha, contin\u00faa subiendo, primero entre bosques y luego entre vi\u00f1edos y prados ordenados con hermosas vistas panor\u00e1micas sobre un hermoso valle, hacia Cascina Rivolasso, cruzando, despu\u00e9s de 2 km desde la presa del lago, la SP Moncucco-Arignano en el punto                      <strong>V2<\/strong> <em>(donde comienza la conexi\u00f3n <strong>V1-V2<\/strong> con la Etapa 2 del Camino Alto).<\/em>. Girando a la derecha, ingresas al pueblo de Tetti Chiaffredo di Arignano.<\/p>\n\n<div style=\"height:20px\" aria-hidden=\"true\" class=\"wp-block-spacer\"><\/div>\n\n<div class=\"wp-block-cover is-light\" style=\"min-height:100px;aspect-ratio:unset;\"><span aria-hidden=\"true\" class=\"wp-block-cover__background has-cyan-bluish-gray-background-color has-background-dim\"><\/span><div class=\"wp-block-cover__inner-container is-layout-flow wp-block-cover-is-layout-flow\">\n<h2 class=\"wp-block-heading\">Siguiendo los pasos de Don Bosco<\/h2>\n\n\n\n<p><strong>Don Bosco en Montaldo T.se<\/strong><\/p>\n\n\n\n<p>Don Bosco, siendo un joven cl\u00e9rigo, estuvo en Montaldo Torinese en el Colegio de los Jesuitas (entonces ubicado en el castillo) durante las vacaciones de 1836, sirviendo como asistente de dormitorio y profesor de griego durante tres meses por indicaci\u00f3n de Don Cafasso. Aqu\u00ed tuvo la oportunidad de conocer a muchos j\u00f3venes de familias distinguidas y nobles, sin embargo, convenci\u00e9ndose de que no estaba destinado a ocuparse de personas de tales or\u00edgenes, aunque desde 1872, bajo la fuerte presi\u00f3n del entonces Arzobispo Mons. Lorenzo Gastaldi, tuvo que aceptar el Colegio de Valsalice. <\/p>\n<\/div><\/div>\n\n<div style=\"height:20px\" aria-hidden=\"true\" class=\"wp-block-spacer\"><\/div>\n\n<h2 class=\"wp-block-heading\">Mapa<\/h2>\n\n<figure class=\"wp-block-image size-large is-style-default\"><img fetchpriority=\"high\" decoding=\"async\" width=\"1024\" height=\"460\" src=\"https:\/\/www.camminodonbosco.eu\/wp-content\/uploads\/2024\/01\/Tappa-2-Medio-1024x460.jpg\" alt=\"\" class=\"wp-image-5004\" srcset=\"https:\/\/www.camminodonbosco.eu\/wp-content\/uploads\/2024\/01\/Tappa-2-Medio-1024x460.jpg 1024w, https:\/\/www.camminodonbosco.eu\/wp-content\/uploads\/2024\/01\/Tappa-2-Medio-300x135.jpg 300w, https:\/\/www.camminodonbosco.eu\/wp-content\/uploads\/2024\/01\/Tappa-2-Medio-768x345.jpg 768w, https:\/\/www.camminodonbosco.eu\/wp-content\/uploads\/2024\/01\/Tappa-2-Medio-1536x690.jpg 1536w, https:\/\/www.camminodonbosco.eu\/wp-content\/uploads\/2024\/01\/Tappa-2-Medio-2048x920.jpg 2048w\" sizes=\"(max-width: 1024px) 100vw, 1024px\" \/><\/figure>\n","protected":false},"excerpt":{"rendered":"<p>De castillo en castillo, por el Lago de Arignano. Notas t\u00e9cnicas Salida: Basilica di Superga (669 m)Llegada: Arignano, aldea Tetti Chiaffredo (345 m)Longitud: 20,2 kmDesnivel: 317 mDificultad: senderismo, terreno onduladoPuntos de descanso: posibilidad de descanso en Baldissero, Pavarolo y MarentinoAgua: fuente en Superga y antes de Bric Paluc, luego en Baldissero (Giardino San Giuliano), Pavarolo [&hellip;]<\/p>\n","protected":false},"author":1,"featured_media":0,"parent":0,"menu_order":0,"comment_status":"closed","ping_status":"closed","template":"","meta":{"footnotes":""},"class_list":["post-5184","page","type-page","status-publish","hentry"],"_links":{"self":[{"href":"https:\/\/www.camminodonbosco.eu\/es\/wp-json\/wp\/v2\/pages\/5184","targetHints":{"allow":["GET"]}}],"collection":[{"href":"https:\/\/www.camminodonbosco.eu\/es\/wp-json\/wp\/v2\/pages"}],"about":[{"href":"https:\/\/www.camminodonbosco.eu\/es\/wp-json\/wp\/v2\/types\/page"}],"author":[{"embeddable":true,"href":"https:\/\/www.camminodonbosco.eu\/es\/wp-json\/wp\/v2\/users\/1"}],"replies":[{"embeddable":true,"href":"https:\/\/www.camminodonbosco.eu\/es\/wp-json\/wp\/v2\/comments?post=5184"}],"version-history":[{"count":0,"href":"https:\/\/www.camminodonbosco.eu\/es\/wp-json\/wp\/v2\/pages\/5184\/revisions"}],"wp:attachment":[{"href":"https:\/\/www.camminodonbosco.eu\/es\/wp-json\/wp\/v2\/media?parent=5184"}],"curies":[{"name":"wp","href":"https:\/\/api.w.org\/{rel}","templated":true}]}}