{"id":5188,"date":"2022-06-30T15:16:08","date_gmt":"2022-06-30T13:16:08","guid":{"rendered":"https:\/\/www.camminodonbosco.eu\/desde-la-fraccion-tetti-chiaffedo-di-arignano-hasta-el-colle-don-bosco\/"},"modified":"2024-02-21T22:20:22","modified_gmt":"2024-02-21T21:20:22","slug":"desde-la-fraccion-tetti-chiaffedo-di-arignano-hasta-el-colle-don-bosco","status":"publish","type":"page","link":"https:\/\/www.camminodonbosco.eu\/es\/desde-la-fraccion-tetti-chiaffedo-di-arignano-hasta-el-colle-don-bosco\/","title":{"rendered":"Desde la fracci\u00f3n Tetti Chiaffedo di Arignano hasta el Colle Don Bosco"},"content":{"rendered":"\n<p><em>A trav\u00e9s de magn\u00edficos vi\u00f1edos y valles hasta el Colle Don Bosco, pasando por la Cascina Moglia y la fracci\u00f3n Serra di Buttigliera d\u2019Asti.<\/em><\/p>\n\n<div style=\"height:20px\" aria-hidden=\"true\" class=\"wp-block-spacer\"><\/div>\n\n<h2 class=\"wp-block-heading\">Notas T\u00e9cnicas<\/h2>\n\n<p><strong>Salida<\/strong>: Arignano, fracci\u00f3n Tetti Chiaffredo (345 m)<br\/><strong>Llegada<\/strong>: Colle Don Bosco (245 m)<br\/><strong>Longitud<\/strong>: 16,6 km<br\/><strong>Desnivel<\/strong>: 247 m<br\/><strong>Dificultad<\/strong>: excursi\u00f3n, recorrido ligeramente ondulado<br\/><strong>Puntos de descanso<\/strong>: no hay posibilidades de descanso<br\/><strong>Agua<\/strong>: 3 fuentes en Colle Don Bosco<\/p>\n\n<div style=\"height:20px\" aria-hidden=\"true\" class=\"wp-block-spacer\"><\/div>\n\n<h2 class=\"wp-block-heading\">Descripci\u00f3n<\/h2>\n\n<p>Cerca de la Cascina Rivolasso, en el punto <strong>V2<\/strong> atraviesa la SP Moncucco-Arignano y, a pocos metros, cerca de un hermoso vi\u00f1edo, toma un camino rural ligeramente descendente que lleva a un peque\u00f1o arroyo; desde aqu\u00ed se asciende constantemente hasta encontrarse con el camino rural que desde la fracci\u00f3n Barbaso conduce a Mombello di Torino<em>(girando a la derecha, con una desviaci\u00f3n de 200 m, se llega a la encantadora iglesia rom\u00e1nica de San Lorenzo, que merece una visita por su panorama).<\/em>). Cruzando el camino rural, se desciende nuevamente al valle siguiendo un arroyo; pasa por alto una primera desviaci\u00f3n a la derecha y toma la siguiente que, entre campos cultivados, lleva a la localidad de Moglia. El camino rural se convierte en asfalto y pronto se llega a la Cascina Moglia, despu\u00e9s de haber recorrido 3,3 km desde la Cascina Rivolasso. Con otros 400 m y girando a la derecha, se llega a cruzar en el punto <strong>N<\/strong> el camino de Don Bosco que viene de Moncucco T.se (<em>conexi\u00f3n <strong>E-N<\/strong><\/em>). Sigue recto sobre el asfalto hasta un ensanchamiento cerca de un cruce: contin\u00faa siempre recto por el camino que luego se convierte en un sendero entre los vi\u00f1edos. Este desemboca en una carretera que desciende hasta cruzar la SP32. Sigue recto en ascenso por el asfalto y luego gira a la izquierda para tomar, justo despu\u00e9s, cerca de una casa rural, un hermoso camino rural que pronto conduce entre magn\u00edficos vi\u00f1edos, con vistas panor\u00e1micas espectaculares. Sigue recto hasta llegar a otro camino rural (s\u00edguelo a la derecha, haciendo un amplio giro en sentido horario) que lleva a la iglesia rural de San Rocco y luego al pueblo de Lovencito di Moriondo T.se (capilla cementerial de origen rom\u00e1nico). Desde aqu\u00ed baja por la carretera principal asfaltada (o por un camino bastante empinado que se toma a la derecha justo al entrar en el pueblo) hasta cruzar y atravesar, despu\u00e9s de 4,4 km de camino desde la Cascina Moglia, la SP119 que va desde Moriondo Torinese hasta Castelnuovo Don Bosco. Sigue por el c\u00f3modo camino rural que, despu\u00e9s de algunos cientos de metros, gira a la izquierda hacia el pueblo de Castelnuovo cerca de la sede de la Cruz Roja, y luego retoma la direcci\u00f3n original hacia Buttigliera. Despu\u00e9s de recorrer poco m\u00e1s de 2 km, te encuentras con la carretera provincial que va desde Castelnuovo hasta Buttigliera d\u2019Asti. Gira a la derecha y, despu\u00e9s de unos cien metros en el asfalto, cruza la carretera provincial y toma un camino rural ligeramente descendente que sigue el curso del R\u00edo della Valle. Despu\u00e9s de aproximadamente 1,4 km desde la carretera provincial, desv\u00edate hacia un camino entre los campos cultivados y sube hacia la fracci\u00f3n Serra di Buttigliera d\u2019Asti, llegando a la carretera asfaltada en el cruce hacia Cascina di Serragrossa. Gira a la izquierda siguiendo el asfalto y atraviesa el pueblo hasta el \u00faltimo grupo de casas, donde giras de nuevo a la izquierda descendiendo entre amplios prados hacia un cruce cerca de un puente <em>(aqu\u00ed encuentras la parte final de la Etapa 3 del Camino bajo, que viene de Chieri).<\/em> Sigue a la izquierda siempre por un camino de tierra para llegar, despu\u00e9s de una corta subida, a la Cascina Mainito, ahora transformada en un centro ecuestre (Circolo Ippico il Gelso) despu\u00e9s de poco m\u00e1s de 2 km desde la Serra. Sigue durante unos 500 m por un camino primero empedrado y luego asfaltado hasta llegar a la SP33 hacia Capriglio. Gira a la izquierda y s\u00edguela por un corto tramo, manteni\u00e9ndote en el lado izquierdo para prestar la m\u00e1xima atenci\u00f3n al tr\u00e1fico y cruzarla en correspondencia con un pilar votivo para llegar a una puerta; ev\u00edtala a la derecha por un peque\u00f1o sendero en el borde de los campos que desemboca en un camino rural que sube r\u00e1pidamente al Colle(<strong>H<\/strong>).<\/p>\n\n<div style=\"height:20px\" aria-hidden=\"true\" class=\"wp-block-spacer\"><\/div>\n\n<div class=\"wp-block-cover is-light\" style=\"min-height:100px;aspect-ratio:unset;\"><span aria-hidden=\"true\" class=\"wp-block-cover__background has-cyan-bluish-gray-background-color has-background-dim\"><\/span><div class=\"wp-block-cover__inner-container is-layout-flow wp-block-cover-is-layout-flow\">\n<div class=\"wp-block-group is-layout-flow wp-block-group-is-layout-flow\">\n<h2 class=\"wp-block-heading\">Siguiendo los pasos de Don Bosco<\/h2>\n\n\n\n<p><strong>Cascina Moglia (Moncucco Torinese)<\/strong><br\/>Una caracter\u00edstica casa rural que desde febrero de 1827 hasta noviembre de 1829 alberg\u00f3 al joven Giovanni Bosco, contratado por la familia Moglia como ayudante de campo. Recientemente restaurada por los salesianos del primer Oratorio Don Bosco de Tur\u00edn (Valdocco), acogi\u00f3 con frecuencia, a la sombra de un centenario moral, a Don Bosco y a los chicos que lo segu\u00edan en sus famosas caminatas. <\/p>\n\n\n\n<div style=\"height:30px\" aria-hidden=\"true\" class=\"wp-block-spacer\"><\/div>\n<\/div>\n\n\n\n<figure class=\"wp-block-gallery has-nested-images columns-default is-cropped wp-block-gallery-1 is-layout-flex wp-block-gallery-is-layout-flex\">\n<figure class=\"wp-block-image size-full\"><img fetchpriority=\"high\" decoding=\"async\" width=\"1920\" height=\"1525\" data-id=\"1991\" src=\"https:\/\/www.camminodonbosco.eu\/wp-content\/uploads\/2022\/07\/Cascina-Moglia.jpg\" alt=\"\" class=\"wp-image-1991\" srcset=\"https:\/\/www.camminodonbosco.eu\/wp-content\/uploads\/2022\/07\/Cascina-Moglia.jpg 1920w, https:\/\/www.camminodonbosco.eu\/wp-content\/uploads\/2022\/07\/Cascina-Moglia-300x238.jpg 300w, https:\/\/www.camminodonbosco.eu\/wp-content\/uploads\/2022\/07\/Cascina-Moglia-1024x813.jpg 1024w, https:\/\/www.camminodonbosco.eu\/wp-content\/uploads\/2022\/07\/Cascina-Moglia-768x610.jpg 768w, https:\/\/www.camminodonbosco.eu\/wp-content\/uploads\/2022\/07\/Cascina-Moglia-1536x1220.jpg 1536w\" sizes=\"(max-width: 1920px) 100vw, 1920px\" \/><\/figure>\n<\/figure>\n<\/div><\/div>\n\n<div style=\"height:20px\" aria-hidden=\"true\" class=\"wp-block-spacer\"><\/div>\n\n<h2 class=\"wp-block-heading\">Mapa<\/h2>\n\n<figure data-wp-context=\"{&quot;imageId&quot;:&quot;69f2c882b38e4&quot;}\" data-wp-interactive=\"core\/image\" data-wp-key=\"69f2c882b38e4\" class=\"wp-block-image size-full wp-lightbox-container\"><img decoding=\"async\" width=\"2537\" height=\"2211\" data-wp-class--hide=\"state.isContentHidden\" data-wp-class--show=\"state.isContentVisible\" data-wp-init=\"callbacks.setButtonStyles\" data-wp-on--click=\"actions.showLightbox\" data-wp-on--load=\"callbacks.setButtonStyles\" data-wp-on-window--resize=\"callbacks.setButtonStyles\" src=\"https:\/\/www.camminodonbosco.eu\/wp-content\/uploads\/2024\/01\/Tappa-3-Medio.jpg\" alt=\"\" class=\"wp-image-5010\" style=\"object-fit:cover\" srcset=\"https:\/\/www.camminodonbosco.eu\/wp-content\/uploads\/2024\/01\/Tappa-3-Medio.jpg 2537w, https:\/\/www.camminodonbosco.eu\/wp-content\/uploads\/2024\/01\/Tappa-3-Medio-300x261.jpg 300w, https:\/\/www.camminodonbosco.eu\/wp-content\/uploads\/2024\/01\/Tappa-3-Medio-1024x892.jpg 1024w, https:\/\/www.camminodonbosco.eu\/wp-content\/uploads\/2024\/01\/Tappa-3-Medio-768x669.jpg 768w, https:\/\/www.camminodonbosco.eu\/wp-content\/uploads\/2024\/01\/Tappa-3-Medio-1536x1339.jpg 1536w, https:\/\/www.camminodonbosco.eu\/wp-content\/uploads\/2024\/01\/Tappa-3-Medio-2048x1785.jpg 2048w\" sizes=\"(max-width: 2537px) 100vw, 2537px\" \/><button\n\t\t\tclass=\"lightbox-trigger\"\n\t\t\ttype=\"button\"\n\t\t\taria-haspopup=\"dialog\"\n\t\t\taria-label=\"Agrandar\"\n\t\t\tdata-wp-init=\"callbacks.initTriggerButton\"\n\t\t\tdata-wp-on--click=\"actions.showLightbox\"\n\t\t\tdata-wp-style--right=\"state.imageButtonRight\"\n\t\t\tdata-wp-style--top=\"state.imageButtonTop\"\n\t\t>\n\t\t\t<svg xmlns=\"http:\/\/www.w3.org\/2000\/svg\" width=\"12\" height=\"12\" fill=\"none\" viewBox=\"0 0 12 12\">\n\t\t\t\t<path fill=\"#fff\" d=\"M2 0a2 2 0 0 0-2 2v2h1.5V2a.5.5 0 0 1 .5-.5h2V0H2Zm2 10.5H2a.5.5 0 0 1-.5-.5V8H0v2a2 2 0 0 0 2 2h2v-1.5ZM8 12v-1.5h2a.5.5 0 0 0 .5-.5V8H12v2a2 2 0 0 1-2 2H8Zm2-12a2 2 0 0 1 2 2v2h-1.5V2a.5.5 0 0 0-.5-.5H8V0h2Z\" \/>\n\t\t\t<\/svg>\n\t\t<\/button><\/figure>\n","protected":false},"excerpt":{"rendered":"<p>A trav\u00e9s de magn\u00edficos vi\u00f1edos y valles hasta el Colle Don Bosco, pasando por la Cascina Moglia y la fracci\u00f3n Serra di Buttigliera d\u2019Asti. Notas T\u00e9cnicas Salida: Arignano, fracci\u00f3n Tetti Chiaffredo (345 m)Llegada: Colle Don Bosco (245 m)Longitud: 16,6 kmDesnivel: 247 mDificultad: excursi\u00f3n, recorrido ligeramente onduladoPuntos de descanso: no hay posibilidades de descansoAgua: 3 fuentes [&hellip;]<\/p>\n","protected":false},"author":1,"featured_media":0,"parent":0,"menu_order":0,"comment_status":"closed","ping_status":"closed","template":"","meta":{"footnotes":""},"class_list":["post-5188","page","type-page","status-publish","hentry"],"_links":{"self":[{"href":"https:\/\/www.camminodonbosco.eu\/es\/wp-json\/wp\/v2\/pages\/5188","targetHints":{"allow":["GET"]}}],"collection":[{"href":"https:\/\/www.camminodonbosco.eu\/es\/wp-json\/wp\/v2\/pages"}],"about":[{"href":"https:\/\/www.camminodonbosco.eu\/es\/wp-json\/wp\/v2\/types\/page"}],"author":[{"embeddable":true,"href":"https:\/\/www.camminodonbosco.eu\/es\/wp-json\/wp\/v2\/users\/1"}],"replies":[{"embeddable":true,"href":"https:\/\/www.camminodonbosco.eu\/es\/wp-json\/wp\/v2\/comments?post=5188"}],"version-history":[{"count":0,"href":"https:\/\/www.camminodonbosco.eu\/es\/wp-json\/wp\/v2\/pages\/5188\/revisions"}],"wp:attachment":[{"href":"https:\/\/www.camminodonbosco.eu\/es\/wp-json\/wp\/v2\/media?parent=5188"}],"curies":[{"name":"wp","href":"https:\/\/api.w.org\/{rel}","templated":true}]}}