{"id":5208,"date":"2022-06-24T17:41:38","date_gmt":"2022-06-24T15:41:38","guid":{"rendered":"https:\/\/www.camminodonbosco.eu\/el-camino-medio\/"},"modified":"2024-01-03T17:51:32","modified_gmt":"2024-01-03T16:51:32","slug":"el-camino-medio","status":"publish","type":"page","link":"https:\/\/www.camminodonbosco.eu\/es\/el-camino-medio\/","title":{"rendered":"El Camino Medio"},"content":{"rendered":"\n<h1 class=\"wp-block-heading\">Etapa 1 [<a href=\"https:\/\/www.camminodonbosco.eu\/wp-content\/tracce_gpx\/CMT1.gpx\">descarga la ruta gpx CMT1<\/a>]<\/h1>\n\n<h2 class=\"wp-block-heading\"><a href=\"https:\/\/www.camminodonbosco.eu\/es\/desde-el-santuario-de-s-maria-ausiliatrice-hasta-la-basilica-de-superga\/\" data-type=\"URL\" data-id=\"https:\/\/www.camminodonbosco.eu\/dal-santuario-di-s-maria-ausiliatrice-alla-basilica-di-superga\/\" target=\"_blank\" rel=\"noreferrer noopener\">Desde el Santuario de S. Maria Ausiliatrice hasta la Bas\u00edlica de Superga<\/a><\/h2>\n\n<p><em>Coincide con la primera etapa del Camino Alto.<\/em><\/p>\n\n<div style=\"height:20px\" aria-hidden=\"true\" class=\"wp-block-spacer\"><\/div>\n\n<h1 class=\"wp-block-heading\">Etapa 2 [<a href=\"https:\/\/www.camminodonbosco.eu\/wp-content\/tracce_gpx\/CMT2.gpx\">descarga la ruta gpx CMT2<\/a>]<\/h1>\n\n<h2 class=\"wp-block-heading\"><a href=\"https:\/\/www.camminodonbosco.eu\/es\/desde-la-basilica-de-superga-hasta-la-aldea-de-tetti-chiaffredo-en-arignano\/\" data-type=\"URL\" data-id=\"https:\/\/www.camminodonbosco.eu\/dalla-basilica-di-superga-alla-frazione-tetti-chiaffredo-di-arignano\/\" target=\"_blank\" rel=\"noreferrer noopener\">Desde la Bas\u00edlica de Superga hasta la aldea de Tetti Chiaffredo en Arignano.<\/a><\/h2>\n\n<p><em>De castillo en castillo, por el Lago de Arignano.<\/em><\/p>\n\n<div style=\"height:20px\" aria-hidden=\"true\" class=\"wp-block-spacer\"><\/div>\n\n<h1 class=\"wp-block-heading\">Etapa 3 [<a href=\"https:\/\/www.camminodonbosco.eu\/wp-content\/tracce_gpx\/CMT3.gpx\">descarga la ruta gpx CMT3<\/a>]<\/h1>\n\n<h2 class=\"wp-block-heading\"><a href=\"https:\/\/www.camminodonbosco.eu\/es\/desde-la-fraccion-tetti-chiaffedo-di-arignano-hasta-el-colle-don-bosco\/\" data-type=\"URL\" data-id=\"https:\/\/www.camminodonbosco.eu\/dalla-frazione-tetti-chiaffedo-di-arignano-al-colle-don-bosco\/\" target=\"_blank\" rel=\"noreferrer noopener\">Desde la fracci\u00f3n Tetti Chiaffedo di Arignano hasta el Colle Don Bosco<\/a><\/h2>\n\n<p><em>A trav\u00e9s de magn\u00edficos vi\u00f1edos y valles hasta el Colle Don Bosco, pasando por la Cascina Moglia y la fracci\u00f3n Serra di Buttigliera d\u2019Asti.<\/em><\/p>\n","protected":false},"excerpt":{"rendered":"<p>Etapa 1 [descarga la ruta gpx CMT1] Desde el Santuario de S. Maria Ausiliatrice hasta la Bas\u00edlica de Superga Coincide con la primera etapa del Camino Alto. Etapa 2 [descarga la ruta gpx CMT2] Desde la Bas\u00edlica de Superga hasta la aldea de Tetti Chiaffredo en Arignano. De castillo en castillo, por el Lago de [&hellip;]<\/p>\n","protected":false},"author":1,"featured_media":0,"parent":0,"menu_order":0,"comment_status":"closed","ping_status":"closed","template":"","meta":{"footnotes":""},"class_list":["post-5208","page","type-page","status-publish","hentry"],"_links":{"self":[{"href":"https:\/\/www.camminodonbosco.eu\/es\/wp-json\/wp\/v2\/pages\/5208","targetHints":{"allow":["GET"]}}],"collection":[{"href":"https:\/\/www.camminodonbosco.eu\/es\/wp-json\/wp\/v2\/pages"}],"about":[{"href":"https:\/\/www.camminodonbosco.eu\/es\/wp-json\/wp\/v2\/types\/page"}],"author":[{"embeddable":true,"href":"https:\/\/www.camminodonbosco.eu\/es\/wp-json\/wp\/v2\/users\/1"}],"replies":[{"embeddable":true,"href":"https:\/\/www.camminodonbosco.eu\/es\/wp-json\/wp\/v2\/comments?post=5208"}],"version-history":[{"count":0,"href":"https:\/\/www.camminodonbosco.eu\/es\/wp-json\/wp\/v2\/pages\/5208\/revisions"}],"wp:attachment":[{"href":"https:\/\/www.camminodonbosco.eu\/es\/wp-json\/wp\/v2\/media?parent=5208"}],"curies":[{"name":"wp","href":"https:\/\/api.w.org\/{rel}","templated":true}]}}