{"id":5210,"date":"2022-06-24T17:42:33","date_gmt":"2022-06-24T15:42:33","guid":{"rendered":"https:\/\/www.camminodonbosco.eu\/el-camino-bajo\/"},"modified":"2024-01-03T17:58:12","modified_gmt":"2024-01-03T16:58:12","slug":"el-camino-bajo","status":"publish","type":"page","link":"https:\/\/www.camminodonbosco.eu\/es\/el-camino-bajo\/","title":{"rendered":"El Camino bajo"},"content":{"rendered":"\n<h1 class=\"wp-block-heading\">Etapa 1 [<a href=\"https:\/\/www.camminodonbosco.eu\/wp-content\/tracce_gpx\/CBT1.gpx\">descargar la ruta gpx CBT1<\/a>]<\/h1>\n\n<h2 class=\"wp-block-heading\"><a href=\"https:\/\/www.camminodonbosco.eu\/es\/desde-turin-hasta-el-eremo-dei-camaldolesi\/\" data-type=\"URL\" data-id=\"https:\/\/www.camminodonbosco.eu\/da-torino-alleremo-dei-camaldolesi\/\" target=\"_blank\" rel=\"noreferrer noopener\">Desde Tur\u00edn hasta el Eremo dei Camaldolesi<\/a><\/h2>\n\n<p><em>Se camina a lo largo del r\u00edo y luego a trav\u00e9s de los parques de la colina de Tur\u00edn.<\/em><\/p>\n\n<div style=\"height:20px\" aria-hidden=\"true\" class=\"wp-block-spacer\"><\/div>\n\n<h1 class=\"wp-block-heading\">Etapa 1 \u2013 Variante [<a href=\"https:\/\/www.camminodonbosco.eu\/wp-content\/tracce_gpx\/CBT1V.gpx\">descargar la ruta gpx CBT1V<\/a>]<\/h1>\n\n<h2 class=\"wp-block-heading\"><a href=\"https:\/\/www.camminodonbosco.eu\/es\/de-turin-a-pecetto-t-se\/\" data-type=\"URL\" data-id=\"https:\/\/www.camminodonbosco.eu\/da-torino-a-pecetto-t-se\/\" target=\"_blank\" rel=\"noreferrer noopener\">Desde Tur\u00edn hasta Pecetto T.se<\/a><\/h2>\n\n<p><em>Se camina a lo largo del r\u00edo y luego se llega a trav\u00e9s de la colina de Tur\u00edn al pueblo de las cerezas.<\/em><\/p>\n\n<div style=\"height:20px\" aria-hidden=\"true\" class=\"wp-block-spacer\"><\/div>\n\n<h1 class=\"wp-block-heading\">Etapa 2 [<a href=\"https:\/\/www.camminodonbosco.eu\/wp-content\/tracce_gpx\/CBT2.gpx\">descargar la ruta gpx CBT2<\/a>]<\/h1>\n\n<h2 class=\"wp-block-heading\"><a href=\"https:\/\/www.camminodonbosco.eu\/es\/desde-el-eremo-dei-camaldolesi-hasta-chieri\/\" data-type=\"URL\" data-id=\"https:\/\/www.camminodonbosco.eu\/dalleremo-dei-camaldolesi-a-chieri\/\" target=\"_blank\" rel=\"noreferrer noopener\">Desde el Eremo dei Camaldolesi hasta Chieri<\/a><\/h2>\n\n<p><em>Desde el Eremo dei Camaldolesi hasta el Duomo de Chieri, por el camino de las antiguas villas.<\/em><\/p>\n\n<div style=\"height:20px\" aria-hidden=\"true\" class=\"wp-block-spacer\"><\/div>\n\n<h1 class=\"wp-block-heading\">Etapa 2 \u2013 Variante [<a href=\"https:\/\/www.camminodonbosco.eu\/wp-content\/tracce_gpx\/CBT2V.gpx\">descargar la ruta gpx CBT2V<\/a>]<\/h1>\n\n<h2 class=\"wp-block-heading\"><a href=\"https:\/\/www.camminodonbosco.eu\/es\/desde-pecetto-t-se-hasta-chieri\/\" data-type=\"URL\" data-id=\"https:\/\/www.camminodonbosco.eu\/da-pecetto-t-se-a-chieri\/\" target=\"_blank\" rel=\"noreferrer noopener\">Desde Pecetto T.se hasta Chieri<\/a><\/h2>\n\n<p><em>Desde Pecetto T.se hasta el Duomo de Chieri, por el camino de las antiguas villas.<\/em><\/p>\n\n<div style=\"height:20px\" aria-hidden=\"true\" class=\"wp-block-spacer\"><\/div>\n\n<h1 class=\"wp-block-heading\">Etapa 3 [<a href=\"https:\/\/www.camminodonbosco.eu\/wp-content\/tracce_gpx\/CBT3.gpx\">descargar la ruta gpx CBT3<\/a>]<\/h1>\n\n<h2 class=\"wp-block-heading\"><a href=\"https:\/\/www.camminodonbosco.eu\/es\/desde-chieri-hasta-el-colle-don-bosco\/\" data-type=\"URL\" data-id=\"https:\/\/www.camminodonbosco.eu\/da-chieri-al-colle-don-bosco\/\" target=\"_blank\" rel=\"noreferrer noopener\">Desde Chieri hasta el Colle Don Bosco<\/a><\/h2>\n\n<p><em>Excursi\u00f3n hasta el Colle, pasando por la casa natal de San Domenico Savio y cruzando el campo entre Chieri, Riva presso Chieri y Buttigliera d\u2019Asti.<\/em><\/p>\n","protected":false},"excerpt":{"rendered":"<p>Etapa 1 [descargar la ruta gpx CBT1] Desde Tur\u00edn hasta el Eremo dei Camaldolesi Se camina a lo largo del r\u00edo y luego a trav\u00e9s de los parques de la colina de Tur\u00edn. Etapa 1 \u2013 Variante [descargar la ruta gpx CBT1V] Desde Tur\u00edn hasta Pecetto T.se Se camina a lo largo del r\u00edo y [&hellip;]<\/p>\n","protected":false},"author":1,"featured_media":0,"parent":0,"menu_order":0,"comment_status":"closed","ping_status":"closed","template":"","meta":{"footnotes":""},"class_list":["post-5210","page","type-page","status-publish","hentry"],"_links":{"self":[{"href":"https:\/\/www.camminodonbosco.eu\/es\/wp-json\/wp\/v2\/pages\/5210","targetHints":{"allow":["GET"]}}],"collection":[{"href":"https:\/\/www.camminodonbosco.eu\/es\/wp-json\/wp\/v2\/pages"}],"about":[{"href":"https:\/\/www.camminodonbosco.eu\/es\/wp-json\/wp\/v2\/types\/page"}],"author":[{"embeddable":true,"href":"https:\/\/www.camminodonbosco.eu\/es\/wp-json\/wp\/v2\/users\/1"}],"replies":[{"embeddable":true,"href":"https:\/\/www.camminodonbosco.eu\/es\/wp-json\/wp\/v2\/comments?post=5210"}],"version-history":[{"count":0,"href":"https:\/\/www.camminodonbosco.eu\/es\/wp-json\/wp\/v2\/pages\/5210\/revisions"}],"wp:attachment":[{"href":"https:\/\/www.camminodonbosco.eu\/es\/wp-json\/wp\/v2\/media?parent=5210"}],"curies":[{"name":"wp","href":"https:\/\/api.w.org\/{rel}","templated":true}]}}