{"id":5214,"date":"2022-06-30T15:18:33","date_gmt":"2022-06-30T13:18:33","guid":{"rendered":"https:\/\/www.camminodonbosco.eu\/desde-turin-hasta-el-eremo-dei-camaldolesi\/"},"modified":"2024-02-21T22:47:11","modified_gmt":"2024-02-21T21:47:11","slug":"desde-turin-hasta-el-eremo-dei-camaldolesi","status":"publish","type":"page","link":"https:\/\/www.camminodonbosco.eu\/es\/desde-turin-hasta-el-eremo-dei-camaldolesi\/","title":{"rendered":"Desde Tur\u00edn hasta el Eremo dei Camaldolesi"},"content":{"rendered":"\n<p><em>Se camina a lo largo del r\u00edo y luego a trav\u00e9s de los parques de la colina de Tur\u00edn.<\/em><\/p>\n\n<div style=\"height:20px\" aria-hidden=\"true\" class=\"wp-block-spacer\"><\/div>\n\n<h2 class=\"wp-block-heading\">Notas t\u00e9cnicas<\/h2>\n\n<p>Salida: Torino, piazza Maria Ausiliatrice (Santuario di Maria Ausiliatrice, 230 m)<br\/>Llegada: Eremo dei Camaldolesi (614 m)<br\/>Longitud: 12,1 km<br\/>Desnivel: 423 m<br\/>Dificultad: Excursi\u00f3n, con subidas intercaladas con tramos cortos planos.<br\/>Puntos de descanso: Hay muchas opciones de restaurantes y tiendas en la ciudad (especialmente en el gran mercado de Porta Palazzo) hasta el puente Isabella. Luego, con un breve desv\u00edo, en Colle della Maddalena. <br\/>Agua: Hay muchas fuentes en toda la ciudad, a lo largo del Lungo Po y en los parques.<\/p>\n\n<div style=\"height:20px\" aria-hidden=\"true\" class=\"wp-block-spacer\"><\/div>\n\n<h2 class=\"wp-block-heading\">Descripci\u00f3n<\/h2>\n\n<p>Para la descripci\u00f3n desde el Santuario di Maria Ausiliatrice (<strong>A<\/strong>) hasta el puente Vittorio Emanuele I (<strong>B<\/strong>), ver la ficha de Tappa 1 del Cammino alto. Despu\u00e9s de cruzar el puente, gira a la derecha en corso Moncalieri y camina a lo largo del Lungo Po con una hermosa vista panor\u00e1mica del Monte dei Cappuccini. Despu\u00e9s del puente Umberto I, desciende hacia el r\u00edo y atraviesa el parque dedicado a los ca\u00eddos en los campos nazis (un hermoso paseo arbolado) para luego volver al corso unos cien metros despu\u00e9s de ver el Borgo Medievale al otro lado del r\u00edo   <em>(alternativamente, sigue un camino sin marcas, cruza el puente Umberto I y gira a la izquierda en el Arco, recorre el Parco del Valentino pasando por el Jard\u00edn Bot\u00e1nico, el Castillo del Valentino, el Borgo Medievale y la Fontana dei Dodici Mesi, luego gira a la izquierda en el puente Isabella y otra vez a la izquierda en corso Moncalieri).<\/em>. Cruza la carretera en el sem\u00e1foro, gira a la izquierda y atraviesa la puerta de entrada al Parco Giacomo Leopardi. Sube por un camino bordeado de majestuosos pl\u00e1tanos hasta llegar a una meseta con juegos infantiles; a la derecha hay un sendero que conduce a otra zona de c\u00e9sped, desde donde sale un camino junto a una valla que conduce a la antigua carretera de San Vito. El camino pronto se convierte en un sendero junto a un arroyo que lleva a la carretera San Vito-Revigliasco. Contin\u00faa a la izquierda por la acera que bordea el Parco di San Vito hasta encontrarte (despu\u00e9s de aproximadamente 1,4 km desde la puerta del Parco Leopardi) con un sendero que te permite ingresar y poco despu\u00e9s desemboca en un camino que lleva a una amplia meseta con vista a Tur\u00edn. Toma finalmente el sendero que sube entre los prados hasta viale Seneca, luego gira a la izquierda y despu\u00e9s de unos pocos metros gira a la derecha hacia la carretera asfaltada hasta llegar a un ensanchamiento a la izquierda con un port\u00f3n peatonal (   <em>ruta alternativa: ignora el sendero que sube y contin\u00faa por la carretera asfaltada que conduce con escaleras al camino San Vito &#8211; Revigliasco, luego llega al punto panor\u00e1mico frente a la iglesia SS. Vito, Modesto e Crecenza y finalmente gira a la izquierda despu\u00e9s, contin\u00faa por la carretera asfaltada hasta el port\u00f3n peatonal<\/em>).\nSuperato il cancello, percorrere il sentiero che porta a un pianoro, da dove si prosegue a mezzacosta sulla strada vicinale dei Boschi (ignorando il sentiero a destra che scende alla Cascina Bert) fino al Quadrivio Raby, all\u2019ingresso del Parco della Maddalena.\nAttraversate le due strisce pedonali, inoltrarsi nel parco lungo il sentiero che passa accanto a una fontanella (ultima possibilit\u00e0 per rifornirsi di acqua) e raggiunge un bivio poco dopo la localit\u00e0 Fontana Fredda (circa 2,8 km di cammino dal Parco di San Vito).\nQui si svolta a sinistra, salendo fino a incrociare il Sentiero n.\n12 della Collina Torinese.\nProseguire a destra, salendo gradualmente e ignorando prima il bivio a destra verso il Colle della Maddalena e il Faro della Vittoria in corrispondenza del pannello informativo (     <strong>M<\/strong>) en el Anillo Verde<em> (Sendero GTC y Sendero n. 31, posible desv\u00edo para una pausa en el Colle della Maddalena)<\/em>, luego el sendero que desciende a la izquierda hacia la Cascina Mainero. La parte final del recorrido, de plano a ligeramente ondulado, puede volverse muy fangosa en caso de lluvia y desemboca en la carretera del Colle; aqu\u00ed, gire a la izquierda y, despu\u00e9s de recorrer 100 m, gire a la derecha, llegando r\u00e1pidamente a la Torre ( <strong>L<\/strong>) y al Eremo dei Camaldolesi (aproximadamente 2,2 km desde la entrada al Parque de la Maddalena).<\/p>\n\n<div style=\"height:20px\" aria-hidden=\"true\" class=\"wp-block-spacer\"><\/div>\n\n<div class=\"wp-block-cover is-light\"><span aria-hidden=\"true\" class=\"wp-block-cover__background has-cyan-bluish-gray-background-color has-background-dim\"><\/span><div class=\"wp-block-cover__inner-container is-layout-flow wp-block-cover-is-layout-flow\">\n<div class=\"wp-block-group is-layout-flow wp-block-group-is-layout-flow\">\n<h2 class=\"wp-block-heading\">Caminando a trav\u00e9s de la historia de Tur\u00edn.<\/h2>\n\n\n\n<p><strong>Monte dei Cappuccini<\/strong>: colina (284 m sobre el nivel del mar) que se encuentra sobre la Gran Madre, con una maravillosa vista panor\u00e1mica, donde se sit\u00faa la Iglesia de S. Maria del Monte, con el altar mayor dise\u00f1ado por los Castellamonte. El adyacente ex convento alberga el <strong>Museo Nacional de la Monta\u00f1a<\/strong>, que incluye un mirador con telescopio m\u00f3vil. <\/p>\n\n\n\n<p><strong>Parco del Valentino<\/strong>: sus or\u00edgenes se remontan a 1630, cuando un peque\u00f1o parque contiguo al Castillo Real fue gradualmente transformado en un \u00e1rea verde p\u00fablica hasta alcanzar una extensi\u00f3n de m\u00e1s de 46 hect\u00e1reas.<\/p>\n\n\n\n<p><strong>Orto Botanico<\/strong>: adyacente al Castillo del Valentino, fundado en el siglo XVIII, es un activo centro de investigaci\u00f3n con un bello edificio que alberga invernaderos y un naranjal.<\/p>\n\n\n\n<p><strong>Castello del Valentino<\/strong>: construido por los Castellamonte entre 1630 y 1660 para la Madama Reale Maria Cristina di Francia, como villa de esparcimiento y descanso. Consta de cuatro torreones y tiene forma de herradura, y fue despojado de sus magn\u00edficos muebles en la \u00e9poca napole\u00f3nica. Hoy en d\u00eda alberga la Facultad de Arquitectura.  <\/p>\n\n\n\n<p><strong>Borgo medioevale<\/strong>: reconstrucci\u00f3n fiel de un pueblo feudal del siglo XV, realizada en 1884 a lo largo del r\u00edo Po, con un puente levadizo que lleva al castillo rodeado de murallas con tiendas, una hermosa fuente de hierro forjado y un peque\u00f1o jard\u00edn bot\u00e1nico.<\/p>\n\n\n\n<div style=\"height:30px\" aria-hidden=\"true\" class=\"wp-block-spacer\"><\/div>\n\n\n\n<figure class=\"wp-block-gallery has-nested-images columns-default is-cropped wp-block-gallery-1 is-layout-flex wp-block-gallery-is-layout-flex\">\n<figure class=\"wp-block-image size-large\"><img fetchpriority=\"high\" decoding=\"async\" width=\"653\" height=\"396\" data-id=\"1998\" src=\"https:\/\/www.camminodonbosco.eu\/wp-content\/uploads\/2022\/07\/Borgo-medievale.jpg\" alt=\"\" class=\"wp-image-1998\" srcset=\"https:\/\/www.camminodonbosco.eu\/wp-content\/uploads\/2022\/07\/Borgo-medievale.jpg 653w, https:\/\/www.camminodonbosco.eu\/wp-content\/uploads\/2022\/07\/Borgo-medievale-300x182.jpg 300w\" sizes=\"(max-width: 653px) 100vw, 653px\" \/><\/figure>\n<\/figure>\n\n\n\n<div style=\"height:30px\" aria-hidden=\"true\" class=\"wp-block-spacer\"><\/div>\n\n\n\n<p><strong>Fontana dei 12 mesi<\/strong>: fuente circular, una representaci\u00f3n aleg\u00f3rica de los cuatro r\u00edos torineses (Po, Sangone, Dora Riparia y Stura) con doce estatuas femeninas que simbolizan los meses, construida para la Exposici\u00f3n Nacional Italiana de 1898.<\/p>\n\n\n\n<p><strong>Parco Giacomo Leopardi<\/strong>: majestuosos \u00e1rboles bordean los senderos de lo que una vez fue la finca de una de las numerosas villas con vi\u00f1edos construidas por las grandes familias nobles como residencias de verano y propiedades agr\u00edcolas. Justo despu\u00e9s de la entrada al parque, se pueden ver las entradas a los refugios antia\u00e9reos que datan de la Segunda Guerra Mundial. <\/p>\n\n\n\n<p><strong>Parco di S. Vito<\/strong>: \u00e1rea verde con amplios prados y magn\u00edficas vistas de la ciudad y los Alpes.<\/p>\n\n\n\n<p><strong>Parco della Maddalena<\/strong>: con sus 715 m, es el punto m\u00e1s alto de la colina de Tur\u00edn, donde domina la gran estatua de bronce del <strong>Faro della Vittoria<\/strong>. En una parte de este parque (Parco della Rimembranza), se plantaron miles de ejemplares de 400 especies diferentes de plantas en memoria de los ca\u00eddos de Tur\u00edn en la Primera Guerra Mundial. Junto a cada \u00e1rbol hay una placa con el nombre de un ca\u00eddo en la Gran Guerra.  <\/p>\n\n\n\n<p><strong>Eremo dei Camaldolesi<\/strong>: en la primera mitad del siglo XVII se construy\u00f3 una gran Abad\u00eda de la Orden de los monjes Camaldoleses, que vivi\u00f3 un per\u00edodo pr\u00f3spero, interrumpido por la supresi\u00f3n de las instituciones religiosas por orden de Napole\u00f3n. Siglos posteriores vieron diferentes cambios de propiedad, con un progresivo abandono. Hoy en d\u00eda, esta hermosa meseta alberga un centro para personas mayores, mientras que la llamada Torre del Molino se ha convertido en propiedad del SERMIG.  <\/p>\n<\/div>\n<\/div><\/div>\n\n<div style=\"height:20px\" aria-hidden=\"true\" class=\"wp-block-spacer\"><\/div>\n\n<h2 class=\"wp-block-heading\">Mapa<\/h2>\n\n<figure data-wp-context=\"{&quot;imageId&quot;:&quot;69f2b3ac4fcaa&quot;}\" data-wp-interactive=\"core\/image\" data-wp-key=\"69f2b3ac4fcaa\" class=\"wp-block-image size-full wp-lightbox-container\"><img decoding=\"async\" width=\"1729\" height=\"1814\" data-wp-class--hide=\"state.isContentHidden\" data-wp-class--show=\"state.isContentVisible\" data-wp-init=\"callbacks.setButtonStyles\" data-wp-on--click=\"actions.showLightbox\" data-wp-on--load=\"callbacks.setButtonStyles\" data-wp-on-window--resize=\"callbacks.setButtonStyles\" src=\"https:\/\/www.camminodonbosco.eu\/wp-content\/uploads\/2024\/01\/Tappa-1-Basso.jpg\" alt=\"\" class=\"wp-image-5016\" srcset=\"https:\/\/www.camminodonbosco.eu\/wp-content\/uploads\/2024\/01\/Tappa-1-Basso.jpg 1729w, https:\/\/www.camminodonbosco.eu\/wp-content\/uploads\/2024\/01\/Tappa-1-Basso-286x300.jpg 286w, https:\/\/www.camminodonbosco.eu\/wp-content\/uploads\/2024\/01\/Tappa-1-Basso-976x1024.jpg 976w, https:\/\/www.camminodonbosco.eu\/wp-content\/uploads\/2024\/01\/Tappa-1-Basso-768x806.jpg 768w, https:\/\/www.camminodonbosco.eu\/wp-content\/uploads\/2024\/01\/Tappa-1-Basso-1464x1536.jpg 1464w\" sizes=\"(max-width: 1729px) 100vw, 1729px\" \/><button\n\t\t\tclass=\"lightbox-trigger\"\n\t\t\ttype=\"button\"\n\t\t\taria-haspopup=\"dialog\"\n\t\t\taria-label=\"Agrandar\"\n\t\t\tdata-wp-init=\"callbacks.initTriggerButton\"\n\t\t\tdata-wp-on--click=\"actions.showLightbox\"\n\t\t\tdata-wp-style--right=\"state.imageButtonRight\"\n\t\t\tdata-wp-style--top=\"state.imageButtonTop\"\n\t\t>\n\t\t\t<svg xmlns=\"http:\/\/www.w3.org\/2000\/svg\" width=\"12\" height=\"12\" fill=\"none\" viewBox=\"0 0 12 12\">\n\t\t\t\t<path fill=\"#fff\" d=\"M2 0a2 2 0 0 0-2 2v2h1.5V2a.5.5 0 0 1 .5-.5h2V0H2Zm2 10.5H2a.5.5 0 0 1-.5-.5V8H0v2a2 2 0 0 0 2 2h2v-1.5ZM8 12v-1.5h2a.5.5 0 0 0 .5-.5V8H12v2a2 2 0 0 1-2 2H8Zm2-12a2 2 0 0 1 2 2v2h-1.5V2a.5.5 0 0 0-.5-.5H8V0h2Z\" \/>\n\t\t\t<\/svg>\n\t\t<\/button><\/figure>\n","protected":false},"excerpt":{"rendered":"<p>Se camina a lo largo del r\u00edo y luego a trav\u00e9s de los parques de la colina de Tur\u00edn. Notas t\u00e9cnicas Salida: Torino, piazza Maria Ausiliatrice (Santuario di Maria Ausiliatrice, 230 m)Llegada: Eremo dei Camaldolesi (614 m)Longitud: 12,1 kmDesnivel: 423 mDificultad: Excursi\u00f3n, con subidas intercaladas con tramos cortos planos.Puntos de descanso: Hay muchas opciones de [&hellip;]<\/p>\n","protected":false},"author":1,"featured_media":0,"parent":0,"menu_order":0,"comment_status":"closed","ping_status":"closed","template":"","meta":{"footnotes":""},"class_list":["post-5214","page","type-page","status-publish","hentry"],"_links":{"self":[{"href":"https:\/\/www.camminodonbosco.eu\/es\/wp-json\/wp\/v2\/pages\/5214","targetHints":{"allow":["GET"]}}],"collection":[{"href":"https:\/\/www.camminodonbosco.eu\/es\/wp-json\/wp\/v2\/pages"}],"about":[{"href":"https:\/\/www.camminodonbosco.eu\/es\/wp-json\/wp\/v2\/types\/page"}],"author":[{"embeddable":true,"href":"https:\/\/www.camminodonbosco.eu\/es\/wp-json\/wp\/v2\/users\/1"}],"replies":[{"embeddable":true,"href":"https:\/\/www.camminodonbosco.eu\/es\/wp-json\/wp\/v2\/comments?post=5214"}],"version-history":[{"count":0,"href":"https:\/\/www.camminodonbosco.eu\/es\/wp-json\/wp\/v2\/pages\/5214\/revisions"}],"wp:attachment":[{"href":"https:\/\/www.camminodonbosco.eu\/es\/wp-json\/wp\/v2\/media?parent=5214"}],"curies":[{"name":"wp","href":"https:\/\/api.w.org\/{rel}","templated":true}]}}