{"id":5236,"date":"2022-06-30T15:20:40","date_gmt":"2022-06-30T13:20:40","guid":{"rendered":"https:\/\/www.camminodonbosco.eu\/desde-el-eremo-dei-camaldolesi-hasta-chieri\/"},"modified":"2024-01-03T19:24:10","modified_gmt":"2024-01-03T18:24:10","slug":"desde-el-eremo-dei-camaldolesi-hasta-chieri","status":"publish","type":"page","link":"https:\/\/www.camminodonbosco.eu\/es\/desde-el-eremo-dei-camaldolesi-hasta-chieri\/","title":{"rendered":"Desde el Eremo dei Camaldolesi hasta Chieri"},"content":{"rendered":"\n<p><em>Desde el Eremo dei Camaldolesi hasta el Duomo de Chieri, por el camino de las antiguas villas.<\/em><\/p>\n\n\n\n<div style=\"height:20px\" aria-hidden=\"true\" class=\"wp-block-spacer\"><\/div>\n\n\n\n<h2 class=\"wp-block-heading\">Notas t\u00e9cnicas<\/h2>\n\n\n\n<p><strong>Salida<\/strong>: Eremo dei Camaldolesi (621 m)<br><strong>Llegada<\/strong>: Chieri, piazza del Duomo (283 m)<br><strong>Longitud<\/strong>: 12,2 km<br><strong>Desnivel<\/strong>: 135 m<br><strong>Dificultad<\/strong>: excursi\u00f3n, recorrido ligeramente ondulado<br><strong>Puntos de avituallamiento<\/strong>: no hay posibilidad de avituallamiento hasta Pino T.se y luego en Chieri<br><strong>Agua<\/strong>: en Pino T.se, fuentes en Piazza del Municipio y en Via dei Colli (\u00e1rea de picnic), en Chieri, fuentes en Via Tana, Piazza Duomo y en la Iglesia de S. Domenico<\/p>\n\n\n\n<div style=\"height:20px\" aria-hidden=\"true\" class=\"wp-block-spacer\"><\/div>\n\n\n\n<h2 class=\"wp-block-heading\">Descripci\u00f3n<\/h2>\n\n\n\n<p>Dejando atr\u00e1s la Torre (<strong>L<\/strong>) en direcci\u00f3n a Pino T.se, girar a la derecha por la carretera adyacente al estacionamiento del Eremo dei Camaldolesi, luego descender a lo largo de la antigua muralla y seguir recto ignorando el desv\u00edo a la derecha en el Sendero n. 32-GTC.  Dejar a la derecha la Cascina Margheria con sus hermosos pastos y llegar a la Strada dell&#8217;Eremo despu\u00e9s de aproximadamente 800 m de camino. Aqu\u00ed, girar a la derecha, siguiendo el asfalto por poco m\u00e1s de 400 m prestando atenci\u00f3n a los autos; ignorar el primer desv\u00edo a la izquierda (Strada Vicinale del Rosero) para girar a la izquierda en Strada Rio Martello. La carretera desciende ligeramente hasta llegar a la aldea de Tetti Rosero. Dejar a la izquierda la Capilla de San Michele, ignorar el desv\u00edo a la derecha en Strada Rosero y llegar al letrero indicador de Via Rosero que se sigue a la izquierda. Llegados al primer cruce, continuar a la derecha por un camino de tierra que sube hasta un amplio prado (Pian Mongino, punto panor\u00e1mico), para luego llegar a la SP Eremo-Pino T.se. Doblar a la derecha siguiendo la carretera provincial durante 200 m, luego bajar (despu\u00e9s de aproximadamente 2,1 km del cruce de Cascina Margheria) a la derecha en el otro lado del mismo prado, luego dirigirse hacia un \u00e1rbol aislado e ingresar a la izquierda al bosque, por el llamado Sentiero del Gallo (<em>Ruta alternativa: no bajar por el Sentiero del Gallo, siguiendo a la izquierda el sendero n. 40 que sube hacia Pino T.se, ignorando el desv\u00edo a la derecha que lleva al Observatorio Astron\u00f3mico, luego llegar al poblado de Pino y continuar a la derecha por la Strada S. Felice, hasta cruzar Via Podio<\/em>). Continuar ligeramente en descenso hasta las primeras casas del pueblo de Pino, llegando a Strada S. Felice. Girar a la izquierda, recorrer 200 m y luego girar a la derecha en Via Podio. Seguir recto por esta calle, que atraviesa la cresta de la colina, en ligero descenso, con hermosas vistas panor\u00e1micas en ambos lados: Pecetto T.se a la derecha, Pavarolo, Montaldo T.se y Marentino a la izquierda. Pasada la Capilla del Podio, se contin\u00faa hasta el fondo del valle pasando junto a un hermoso vi\u00f1edo e ignorando todas las desviaciones (aproximadamente a 450 m r\u00edo abajo desde la capilla llega a la derecha el recorrido de la variante de esta etapa). Aqu\u00ed, junto a un peque\u00f1o estanque, girar a la izquierda por el camino de tierra de Strada Moglia, pasar la entrada a Villa Moglia, y despu\u00e9s de 200 m girar a la izquierda en Strada Vallero Superiore. La calle sube y permite admirar desde arriba el complejo de Villa Moglia. Pasar Villa Bruno (aproximadamente a 2,5 km de la Capilla del Podio) y llegar con un tramo asfaltado a un cruce detr\u00e1s del Instituto Bonafous (800 m desde Villa Bruno). Aqu\u00ed seguir recto por el camino de tierra (hermosa vista de Chieri a la izquierda), ignorar el descenso a la izquierda para continuar por Strada della Luigina. Pasar Villa Luigina y Villa Brea, cruzar la SP124 Pecetto T.se-Chieri (aproximadamente a 1,5 km del Instituto Bonafous). Girar a la izquierda y, prestando atenci\u00f3n al tr\u00e1fico (algunos tramos carecen de aceras), entrar en Chieri siguiendo Viale Cappuccini y luego Via Tana, hasta llegar a Piazza del Duomo (I) (a 1,5 km del cruce con la carretera provincial).          <\/p>\n\n\n\n<div style=\"height:20px\" aria-hidden=\"true\" class=\"wp-block-spacer\"><\/div>\n\n\n\n<div class=\"wp-block-cover is-light\"><span aria-hidden=\"true\" class=\"wp-block-cover__background has-cyan-bluish-gray-background-color has-background-dim\"><\/span><div class=\"wp-block-cover__inner-container is-layout-flow wp-block-cover-is-layout-flow\">\n<div class=\"wp-block-group is-layout-flow wp-block-group-is-layout-flow\">\n<h2 class=\"wp-block-heading\">Siguiendo los pasos de Don Bosco<\/h2>\n\n\n\n<p><strong>Don Bosco en Chieri <\/strong><\/p>\n\n\n\n<p>En noviembre de 1831, Giovanni Bosco se traslad\u00f3 a Chieri para asistir a escuelas p\u00fablicas y m\u00e1s tarde al Seminario, aloj\u00e1ndose en la casa de Lucia Matta y trabajando como aprendiz, camarero y cuidador de caballos. Fueron a\u00f1os de sacrificio, pero tambi\u00e9n fundamentales para su formaci\u00f3n: lleg\u00f3 como un chico campesino de diecis\u00e9is a\u00f1os y se march\u00f3 con veintis\u00e9is, siendo ya un sacerdote espiritualmente s\u00f3lido y preparado. Aqu\u00ed fund\u00f3 con otros j\u00f3venes la Sociedad de la Alegr\u00eda, con el prop\u00f3sito de acercar a la oraci\u00f3n y la misa a sus contempor\u00e1neos, utilizando tambi\u00e9n juegos de prestidigitaci\u00f3n y acrobacias de saltimbanquis. En Chieri continu\u00f3 sus estudios hasta octubre de 1835, luego pas\u00f3 los ex\u00e1menes en Tur\u00edn para tomar los h\u00e1bitos y entr\u00f3 en el Seminario de Chieri, donde complet\u00f3 sus estudios para convertirse en sacerdote. En la Iglesia de San Domenico, Don Bosco celebr\u00f3 su tercera misa despu\u00e9s de su ordenaci\u00f3n.     <\/p>\n\n\n\n<div style=\"height:30px\" aria-hidden=\"true\" class=\"wp-block-spacer\"><\/div>\n\n\n\n<p><strong>Centro de Visitantes Don Bosco <\/strong><\/p>\n\n\n\n<p>(via Vittorio Emanuele II 63, Chieri, tel. 011\/9428342-9428440, <a href=\"mailto:info@turismochieri.it\" target=\"_blank\" rel=\"noreferrer noopener\">info@turismochieri.it<\/a>) El Centro de Visitantes Don Bosco est\u00e1 completamente dedicado a la vida del santo, en particular a los a\u00f1os de su juventud pasados en Chieri, considerados fundamentales para su formaci\u00f3n religiosa y cultural. El recorrido del museo est\u00e1 ubicado en el primer piso del ex Seminario San Filippo en la Habitaci\u00f3n del Sue\u00f1o, el dormitorio donde Luigi Comollo, que muri\u00f3 prematuramente, le revel\u00f3 a Giovanni Bosco que se hab\u00eda salvado, y lleva al visitante a trav\u00e9s de cuatro espacios tem\u00e1ticos diferentes. El primero est\u00e1 dedicado a Chieri en el siglo XIX, con una descripci\u00f3n del contexto ciudadano en el que vivi\u00f3 el joven Bosco desde una perspectiva hist\u00f3rica, cultural, religiosa y social, mientras que el segundo profundiza en el entorno educativo y profesional en el que se form\u00f3 el santo. El tercer espacio aborda el tema de la amistad y la Sociedad de la Alegr\u00eda. La \u00faltima etapa est\u00e1 completamente dedicada a los a\u00f1os que Don Bosco pas\u00f3 en el seminario.    <\/p>\n\n\n\n<div style=\"height:30px\" aria-hidden=\"true\" class=\"wp-block-spacer\"><\/div>\n\n\n\n<p><strong>Itinerario Don Bosco en Chieri <\/strong><\/p>\n\n\n\n<p>(<a href=\"http:\/\/www.turismochieri.it\" data-type=\"URL\" data-id=\"www.turismochieri.it\">www.turismochieri.it<\/a>, tiempo de recorrido 2 horas y 30 minutos) El itinerario recorre todos los lugares vinculados a la figura de Giovanni Bosco (viale Fiume-vicolo Valimberti-piazza Cavour-via Palazzo di Citt\u00e0-via Vittorio Emanuele II n. 47-piazza Mazzini-ex Seminario Arcivescovile-Duomo-via della Pace-Chiesa di S.Domenico-Casa Morano).<\/p>\n\n\n\n<div style=\"height:30px\" aria-hidden=\"true\" class=\"wp-block-spacer\"><\/div>\n<\/div>\n\n\n\n<figure class=\"wp-block-gallery has-nested-images columns-default is-cropped wp-block-gallery-1 is-layout-flex wp-block-gallery-is-layout-flex\">\n<figure class=\"wp-block-image size-full\"><img fetchpriority=\"high\" decoding=\"async\" width=\"1966\" height=\"1075\" data-id=\"2052\" src=\"https:\/\/www.camminodonbosco.eu\/wp-content\/uploads\/2022\/07\/LOratorio-San-Luigi-a-Chieri.jpg\" alt=\"\" class=\"wp-image-2052\" srcset=\"https:\/\/www.camminodonbosco.eu\/wp-content\/uploads\/2022\/07\/LOratorio-San-Luigi-a-Chieri.jpg 1966w, https:\/\/www.camminodonbosco.eu\/wp-content\/uploads\/2022\/07\/LOratorio-San-Luigi-a-Chieri-300x164.jpg 300w, https:\/\/www.camminodonbosco.eu\/wp-content\/uploads\/2022\/07\/LOratorio-San-Luigi-a-Chieri-1024x560.jpg 1024w, https:\/\/www.camminodonbosco.eu\/wp-content\/uploads\/2022\/07\/LOratorio-San-Luigi-a-Chieri-768x420.jpg 768w, https:\/\/www.camminodonbosco.eu\/wp-content\/uploads\/2022\/07\/LOratorio-San-Luigi-a-Chieri-1536x840.jpg 1536w\" sizes=\"(max-width: 1966px) 100vw, 1966px\" \/><\/figure>\n<\/figure>\n\n\n\n<div style=\"height:30px\" aria-hidden=\"true\" class=\"wp-block-spacer\"><\/div>\n\n\n\n<p><strong>Don Bosco en Pino T.se<\/strong><\/p>\n\n\n\n<p>Adem\u00e1s de Don Bosco, el pueblo de Pino T.se vio pasar a San Giuseppe Agostino Benedetto Cottolengo, fundador de la Piccola Casa della Divina Provvidenza, quien en abril de 1842 pas\u00f3 por all\u00ed para morir en Chieri en casa de su t\u00edo, el can\u00f3nigo. Adem\u00e1s, entre 1856 y 1857, dos habitantes de Pino: Carlo Ghivarello y Giuseppe Lazzero, fueron de los primeros alumnos del futuro santo en Tur\u00edn y luego trabajaron en la futura P\u00eda Sociedad Salesiana. Y tambi\u00e9n, entre 1857 y 1870, fueron numerosas las paradas en Pino en el camino hacia Chieri durante los paseos oto\u00f1ales, siendo acogidos por la familia Ghivarello. Sin embargo, no est\u00e1n bien documentados los sermones de Don Bosco en la Iglesia parroquial de Pino, excepto el del 11 de junio de 1865, Fiesta de la Sant\u00edsima Trinidad.   <\/p>\n<\/div><\/div>\n\n\n\n<div style=\"height:20px\" aria-hidden=\"true\" class=\"wp-block-spacer\"><\/div>\n\n\n\n<h2 class=\"wp-block-heading\">Mapa<\/h2>\n\n\n\n<figure class=\"wp-block-image size-full\"><img decoding=\"async\" width=\"2560\" height=\"629\" src=\"https:\/\/www.camminodonbosco.eu\/wp-content\/uploads\/2024\/01\/Tappa-3-Basso-scaled.jpg\" alt=\"\" class=\"wp-image-5034\" srcset=\"https:\/\/www.camminodonbosco.eu\/wp-content\/uploads\/2024\/01\/Tappa-3-Basso-scaled.jpg 2560w, https:\/\/www.camminodonbosco.eu\/wp-content\/uploads\/2024\/01\/Tappa-3-Basso-300x74.jpg 300w, https:\/\/www.camminodonbosco.eu\/wp-content\/uploads\/2024\/01\/Tappa-3-Basso-1024x252.jpg 1024w, https:\/\/www.camminodonbosco.eu\/wp-content\/uploads\/2024\/01\/Tappa-3-Basso-768x189.jpg 768w, https:\/\/www.camminodonbosco.eu\/wp-content\/uploads\/2024\/01\/Tappa-3-Basso-1536x377.jpg 1536w, https:\/\/www.camminodonbosco.eu\/wp-content\/uploads\/2024\/01\/Tappa-3-Basso-2048x503.jpg 2048w\" sizes=\"(max-width: 2560px) 100vw, 2560px\" \/><\/figure>\n","protected":false},"excerpt":{"rendered":"<p>Desde el Eremo dei Camaldolesi hasta el Duomo de Chieri, por el camino de las antiguas villas. Notas t\u00e9cnicas Salida: Eremo dei Camaldolesi (621 m)Llegada: Chieri, piazza del Duomo (283 m)Longitud: 12,2 kmDesnivel: 135 mDificultad: excursi\u00f3n, recorrido ligeramente onduladoPuntos de avituallamiento: no hay posibilidad de avituallamiento hasta Pino T.se y luego en ChieriAgua: en Pino [&hellip;]<\/p>\n","protected":false},"author":1,"featured_media":0,"parent":0,"menu_order":0,"comment_status":"closed","ping_status":"closed","template":"","meta":{"footnotes":""},"class_list":["post-5236","page","type-page","status-publish","hentry"],"_links":{"self":[{"href":"https:\/\/www.camminodonbosco.eu\/es\/wp-json\/wp\/v2\/pages\/5236","targetHints":{"allow":["GET"]}}],"collection":[{"href":"https:\/\/www.camminodonbosco.eu\/es\/wp-json\/wp\/v2\/pages"}],"about":[{"href":"https:\/\/www.camminodonbosco.eu\/es\/wp-json\/wp\/v2\/types\/page"}],"author":[{"embeddable":true,"href":"https:\/\/www.camminodonbosco.eu\/es\/wp-json\/wp\/v2\/users\/1"}],"replies":[{"embeddable":true,"href":"https:\/\/www.camminodonbosco.eu\/es\/wp-json\/wp\/v2\/comments?post=5236"}],"version-history":[{"count":0,"href":"https:\/\/www.camminodonbosco.eu\/es\/wp-json\/wp\/v2\/pages\/5236\/revisions"}],"wp:attachment":[{"href":"https:\/\/www.camminodonbosco.eu\/es\/wp-json\/wp\/v2\/media?parent=5236"}],"curies":[{"name":"wp","href":"https:\/\/api.w.org\/{rel}","templated":true}]}}